{"id":1950,"date":"2022-02-12T14:15:42","date_gmt":"2022-02-12T12:15:42","guid":{"rendered":"http:\/\/gatewaypartners.eu\/br\/?page_id=1950"},"modified":"2023-09-22T09:19:42","modified_gmt":"2023-09-22T06:19:42","slug":"pesquisa-fornecedores","status":"publish","type":"page","link":"https:\/\/gatewaypartners.eu\/br\/servicos\/pesquisa-fornecedores\/","title":{"rendered":"Pesquisa de Fornecedores da Ind\u00fastria"},"content":{"rendered":"\r\n<h2 class=\"wp-block-heading\"><strong>Atra\u00e7\u00e3o de Fornecedores<br \/><\/strong><\/h2>\r\n\r\n\r\n\r\n<p>Ao longo da nossa experi\u00eancia, desenvolvemos contato pessoal e trabalhamos com mais de 10.000 produtores estrangeiros e locais nos setores de alimentos, metal, m\u00f3veis, t\u00eaxteis, madeira, medicina, TI, constru\u00e7\u00e3o e outros.<\/p>\r\n<p>Se procura <a href=\"https:\/\/gatewaypartners.eu\/br\/servicos\/export-intelligence\/\">potenciais fornecedores<\/a> e tem interesse em conhecer melhor as suas possibilidades e n\u00edvel de pre\u00e7os para qualquer tipo de produto ou servi\u00e7o que procura, basta preencher o formul\u00e1rio abaixo e apresentaremos a lista de fornecedores relevantes de acordo com a sua necessidades e requisitos e ajud\u00e1-lo a economizar tempo e dinheiro selecionando os melhores <a href=\"https:\/\/gatewaypartners.eu\/br\/servicos\/export-intelligence\/\">parceiros em potencial<\/a>.<\/p>\r\n\r\n\r\n\r\n<p><strong>N\u00f3s vamos:<\/strong><\/p>\r\n\r\n\r\n\r\n<ul class=\"wp-block-list\">\r\n<li>Identifique os fornecedores relevantes<\/li>\r\n<li>Apresente sua solicita\u00e7\u00e3o e requisitos a potenciais fornecedores no <a href=\"https:\/\/gatewaypartners.eu\/br\/servicos\/market-intelligence\/\">mercado-alvo<\/a>\u00a0<\/li>\r\n<li><a href=\"https:\/\/gatewaypartners.eu\/br\/servicos\/investment-attraction\/\">Marque uma reuni\u00e3o de neg\u00f3cios<\/a> com o fornecedor mais adequado e ajude voc\u00ea a entender as possibilidades de coopera\u00e7\u00e3o com ele<\/li>\r\n<li>O servi\u00e7o \u00e9 gratuito (j\u00e1 que cobramos uma comiss\u00e3o dos produtores)<\/li>\r\n<\/ul>\r\n\r\n\r\n\r\n<h3 class=\"wp-block-heading\"><strong>Preencha o formul\u00e1rio abaixo e entraremos em contato com voc\u00ea:<\/strong><\/h3>\r\n\r\n\r\n\r\n\r\n\n<div class=\"wpcf7 no-js\" id=\"wpcf7-f1987-o1\" lang=\"en-US\" dir=\"ltr\">\n<div class=\"screen-reader-response\"><p role=\"status\" aria-live=\"polite\" aria-atomic=\"true\"><\/p> <ul><\/ul><\/div>\n<form action=\"\/br\/wp-json\/wp\/v2\/pages\/1950#wpcf7-f1987-o1\" method=\"post\" class=\"wpcf7-form init\" aria-label=\"Contact form\" novalidate=\"novalidate\" data-status=\"init\">\n<div style=\"display: none;\">\n<input type=\"hidden\" name=\"_wpcf7\" value=\"1987\" \/>\n<input type=\"hidden\" name=\"_wpcf7_version\" value=\"5.7.4\" \/>\n<input type=\"hidden\" name=\"_wpcf7_locale\" value=\"en_US\" \/>\n<input type=\"hidden\" name=\"_wpcf7_unit_tag\" value=\"wpcf7-f1987-o1\" \/>\n<input type=\"hidden\" name=\"_wpcf7_container_post\" value=\"0\" \/>\n<input type=\"hidden\" name=\"_wpcf7_posted_data_hash\" value=\"\" \/>\n<\/div>\n<p><label> Nome da empresa (obrigat\u00f3rio)<br \/>\n<span class=\"wpcf7-form-control-wrap\" data-name=\"your-company\"><input size=\"40\" class=\"wpcf7-form-control wpcf7-text wpcf7-validates-as-required\" aria-required=\"true\" aria-invalid=\"false\" value=\"\" type=\"text\" name=\"your-company\" \/><\/span> <\/label>\n<\/p>\n<p><label> Site da empresa (obrigat\u00f3rio)<br \/>\n<span class=\"wpcf7-form-control-wrap\" data-name=\"your-website\"><input size=\"40\" class=\"wpcf7-form-control wpcf7-text wpcf7-validates-as-required\" aria-required=\"true\" aria-invalid=\"false\" value=\"\" type=\"text\" name=\"your-website\" \/><\/span> <\/label>\n<\/p>\n<p><label> Seu nome (obrigat\u00f3rio)<br \/>\n<span class=\"wpcf7-form-control-wrap\" data-name=\"your-name\"><input size=\"40\" class=\"wpcf7-form-control wpcf7-text wpcf7-validates-as-required\" aria-required=\"true\" aria-invalid=\"false\" value=\"\" type=\"text\" name=\"your-name\" \/><\/span> <\/label>\n<\/p>\n<p><label> Sua posi\u00e7\u00e3o (obrigat\u00f3rio)<br \/>\n<span class=\"wpcf7-form-control-wrap\" data-name=\"your-position\"><input size=\"40\" class=\"wpcf7-form-control wpcf7-text wpcf7-validates-as-required\" aria-required=\"true\" aria-invalid=\"false\" value=\"\" type=\"text\" name=\"your-position\" \/><\/span> <\/label>\n<\/p>\n<p><label> Seu e-mail (obrigat\u00f3rio)<br \/>\n<span class=\"wpcf7-form-control-wrap\" data-name=\"your-email\"><input size=\"40\" class=\"wpcf7-form-control wpcf7-text wpcf7-email wpcf7-validates-as-required wpcf7-validates-as-email\" aria-required=\"true\" aria-invalid=\"false\" value=\"\" type=\"email\" name=\"your-email\" \/><\/span> <\/label>\n<\/p>\n<p><label> Seu n\u00famero de telefone (obrigat\u00f3rio)<br \/>\n<span class=\"wpcf7-form-control-wrap\" data-name=\"your-number\"><input size=\"40\" class=\"wpcf7-form-control wpcf7-text wpcf7-validates-as-required\" aria-required=\"true\" aria-invalid=\"false\" value=\"\" type=\"text\" name=\"your-number\" \/><\/span> <\/label>\n<\/p>\n<p><label> Produto\/Servi\u00e7o que voc\u00ea procura (obrigat\u00f3rio)<br \/>\n<span class=\"wpcf7-form-control-wrap\" data-name=\"your-product\"><input size=\"40\" class=\"wpcf7-form-control wpcf7-text wpcf7-validates-as-required\" aria-required=\"true\" aria-invalid=\"false\" value=\"\" type=\"text\" name=\"your-product\" \/><\/span> <\/label>\n<\/p>\n<p><label> Mercado-alvo (obrigat\u00f3rio)<br \/>\n<span class=\"wpcf7-form-control-wrap\" data-name=\"your-market\"><input size=\"40\" class=\"wpcf7-form-control wpcf7-text wpcf7-validates-as-required\" aria-required=\"true\" aria-invalid=\"false\" value=\"\" type=\"text\" name=\"your-market\" \/><\/span> <\/label>\n<\/p>\n<p><label> Quantidades aproximadas de pedidos<br \/>\n<span class=\"wpcf7-form-control-wrap\" data-name=\"your-quantities\"><input size=\"40\" class=\"wpcf7-form-control wpcf7-text\" aria-invalid=\"false\" value=\"\" type=\"text\" name=\"your-quantities\" \/><\/span> <\/label>\n<\/p>\n<p><label> Certificados espec\u00edficos exigidos do fornecedor<br \/>\n<span class=\"wpcf7-form-control-wrap\" data-name=\"your-certificates\"><input size=\"40\" class=\"wpcf7-form-control wpcf7-text\" aria-invalid=\"false\" value=\"\" type=\"text\" name=\"your-certificates\" \/><\/span> <\/label>\n<\/p>\n<p><label> Requisitos para embalagem<br \/>\n<span class=\"wpcf7-form-control-wrap\" data-name=\"your-packaging\"><input size=\"40\" class=\"wpcf7-form-control wpcf7-text\" aria-invalid=\"false\" value=\"\" type=\"text\" name=\"your-packaging\" \/><\/span> <\/label>\n<\/p>\n<p><label> Condi\u00e7\u00f5es de entrega<br \/>\n<span class=\"wpcf7-form-control-wrap\" data-name=\"your-delivery\"><input size=\"40\" class=\"wpcf7-form-control wpcf7-text\" aria-invalid=\"false\" value=\"\" type=\"text\" name=\"your-delivery\" \/><\/span> <\/label>\n<\/p>\n<p><label> Condi\u00e7\u00f5es de pagamento<br \/>\n<span class=\"wpcf7-form-control-wrap\" data-name=\"your-payment\"><input size=\"40\" class=\"wpcf7-form-control wpcf7-text\" aria-invalid=\"false\" value=\"\" type=\"text\" name=\"your-payment\" \/><\/span> <\/label>\n<\/p>\n<p><label> Outros coment\u00e1rios\/perguntas<br \/>\n<span class=\"wpcf7-form-control-wrap\" data-name=\"your-comments\"><input size=\"40\" class=\"wpcf7-form-control wpcf7-text\" aria-invalid=\"false\" value=\"\" type=\"text\" name=\"your-comments\" \/><\/span> <\/label>\n<\/p>\n<p><label> Melhor maneira de entrar em contato com voc\u00ea (liga\u00e7\u00e3o\/e-mail)<br \/>\n<span class=\"wpcf7-form-control-wrap\" data-name=\"your-contact\"><input size=\"40\" class=\"wpcf7-form-control wpcf7-text\" aria-invalid=\"false\" value=\"\" type=\"text\" name=\"your-contact\" \/><\/span> <\/label>\n<\/p>\n<p><input class=\"wpcf7-form-control has-spinner wpcf7-submit\" type=\"submit\" value=\"Enviar\" \/>\n<\/p><div class=\"wpcf7-response-output\" aria-hidden=\"true\"><\/div>\n<\/form>\n<\/div>\n\n","protected":false},"excerpt":{"rendered":"<p>Identifique os fornecedores relevantes<br \/>\nAtra\u00e7\u00e3o de fornecedores<\/p>\n","protected":false},"author":3,"featured_media":1981,"parent":67,"menu_order":2,"comment_status":"closed","ping_status":"closed","template":"template-service.php","meta":{"inline_featured_image":false,"footnotes":""},"class_list":["post-1950","page","type-page","status-publish","has-post-thumbnail","hentry"],"acf":[],"yoast_head":"<!-- This site is optimized with the Yoast SEO plugin v20.2.1 - https:\/\/yoast.com\/wordpress\/plugins\/seo\/ -->\n<title>Supplier search | Gateway &amp; Partners<\/title>\n<meta name=\"description\" content=\"If you are looking for potential suppliers, fill the form below and we will introduce the list of relevant suppliers according to your needs and requirements.\" \/>\n<meta name=\"robots\" content=\"index, follow, max-snippet:-1, max-image-preview:large, max-video-preview:-1\" \/>\n<link rel=\"canonical\" href=\"https:\/\/gatewaypartners.eu\/br\/servicos\/pesquisa-fornecedores\/\" \/>\n<meta property=\"og:locale\" content=\"pt_BR\" \/>\n<meta property=\"og:type\" content=\"article\" \/>\n<meta property=\"og:title\" content=\"Supplier search | Gateway &amp; Partners\" \/>\n<meta property=\"og:description\" content=\"If you are looking for potential suppliers, fill the form below and we will introduce the list of relevant suppliers according to your needs and requirements.\" \/>\n<meta property=\"og:url\" content=\"https:\/\/gatewaypartners.eu\/br\/servicos\/pesquisa-fornecedores\/\" \/>\n<meta property=\"og:site_name\" content=\"Gateway &amp; Partners\" \/>\n<meta property=\"article:modified_time\" content=\"2023-09-22T06:19:42+00:00\" \/>\n<meta property=\"og:image\" content=\"https:\/\/gatewaypartners.eu\/br\/wp-content\/uploads\/sites\/10\/2020\/07\/patrick-robert-doyle-mBJ4PNZH_EE-unsplash_copy1-1.jpg\" \/>\n\t<meta property=\"og:image:width\" content=\"2048\" \/>\n\t<meta property=\"og:image:height\" content=\"1351\" \/>\n\t<meta property=\"og:image:type\" content=\"image\/jpeg\" \/>\n<meta name=\"twitter:card\" content=\"summary_large_image\" \/>\n<script type=\"application\/ld+json\" class=\"yoast-schema-graph\">{\"@context\":\"https:\/\/schema.org\",\"@graph\":[{\"@type\":\"WebPage\",\"@id\":\"https:\/\/gatewaypartners.eu\/br\/servicos\/pesquisa-fornecedores\/\",\"url\":\"https:\/\/gatewaypartners.eu\/br\/servicos\/pesquisa-fornecedores\/\",\"name\":\"Supplier search | Gateway & Partners\",\"isPartOf\":{\"@id\":\"https:\/\/gatewaypartners.eu\/br\/#website\"},\"datePublished\":\"2022-02-12T12:15:42+00:00\",\"dateModified\":\"2023-09-22T06:19:42+00:00\",\"description\":\"If you are looking for potential suppliers, fill the form below and we will introduce the list of relevant suppliers according to your needs and requirements.\",\"breadcrumb\":{\"@id\":\"https:\/\/gatewaypartners.eu\/br\/servicos\/pesquisa-fornecedores\/#breadcrumb\"},\"inLanguage\":\"pt-BR\",\"potentialAction\":[{\"@type\":\"ReadAction\",\"target\":[\"https:\/\/gatewaypartners.eu\/br\/servicos\/pesquisa-fornecedores\/\"]}]},{\"@type\":\"BreadcrumbList\",\"@id\":\"https:\/\/gatewaypartners.eu\/br\/servicos\/pesquisa-fornecedores\/#breadcrumb\",\"itemListElement\":[{\"@type\":\"ListItem\",\"position\":1,\"name\":\"Servi\u00e7os\",\"item\":\"https:\/\/gatewaypartners.eu\/br\/servicos\/\"},{\"@type\":\"ListItem\",\"position\":2,\"name\":\"Pesquisa de Fornecedores da Ind\u00fastria\"}]},{\"@type\":\"WebSite\",\"@id\":\"https:\/\/gatewaypartners.eu\/br\/#website\",\"url\":\"https:\/\/gatewaypartners.eu\/br\/\",\"name\":\"Gateway &amp; Partners\",\"description\":\"Your Export Powerhouse\",\"potentialAction\":[{\"@type\":\"SearchAction\",\"target\":{\"@type\":\"EntryPoint\",\"urlTemplate\":\"https:\/\/gatewaypartners.eu\/br\/?s={search_term_string}\"},\"query-input\":\"required name=search_term_string\"}],\"inLanguage\":\"pt-BR\"}]}<\/script>\n<!-- \/ Yoast SEO plugin. -->","yoast_head_json":{"title":"Supplier search | Gateway & Partners","description":"If you are looking for potential suppliers, fill the form below and we will introduce the list of relevant suppliers according to your needs and requirements.","robots":{"index":"index","follow":"follow","max-snippet":"max-snippet:-1","max-image-preview":"max-image-preview:large","max-video-preview":"max-video-preview:-1"},"canonical":"https:\/\/gatewaypartners.eu\/br\/servicos\/pesquisa-fornecedores\/","og_locale":"pt_BR","og_type":"article","og_title":"Supplier search | Gateway & Partners","og_description":"If you are looking for potential suppliers, fill the form below and we will introduce the list of relevant suppliers according to your needs and requirements.","og_url":"https:\/\/gatewaypartners.eu\/br\/servicos\/pesquisa-fornecedores\/","og_site_name":"Gateway &amp; Partners","article_modified_time":"2023-09-22T06:19:42+00:00","og_image":[{"width":2048,"height":1351,"url":"https:\/\/gatewaypartners.eu\/br\/wp-content\/uploads\/sites\/10\/2020\/07\/patrick-robert-doyle-mBJ4PNZH_EE-unsplash_copy1-1.jpg","type":"image\/jpeg"}],"twitter_card":"summary_large_image","schema":{"@context":"https:\/\/schema.org","@graph":[{"@type":"WebPage","@id":"https:\/\/gatewaypartners.eu\/br\/servicos\/pesquisa-fornecedores\/","url":"https:\/\/gatewaypartners.eu\/br\/servicos\/pesquisa-fornecedores\/","name":"Supplier search | Gateway & Partners","isPartOf":{"@id":"https:\/\/gatewaypartners.eu\/br\/#website"},"datePublished":"2022-02-12T12:15:42+00:00","dateModified":"2023-09-22T06:19:42+00:00","description":"If you are looking for potential suppliers, fill the form below and we will introduce the list of relevant suppliers according to your needs and requirements.","breadcrumb":{"@id":"https:\/\/gatewaypartners.eu\/br\/servicos\/pesquisa-fornecedores\/#breadcrumb"},"inLanguage":"pt-BR","potentialAction":[{"@type":"ReadAction","target":["https:\/\/gatewaypartners.eu\/br\/servicos\/pesquisa-fornecedores\/"]}]},{"@type":"BreadcrumbList","@id":"https:\/\/gatewaypartners.eu\/br\/servicos\/pesquisa-fornecedores\/#breadcrumb","itemListElement":[{"@type":"ListItem","position":1,"name":"Servi\u00e7os","item":"https:\/\/gatewaypartners.eu\/br\/servicos\/"},{"@type":"ListItem","position":2,"name":"Pesquisa de Fornecedores da Ind\u00fastria"}]},{"@type":"WebSite","@id":"https:\/\/gatewaypartners.eu\/br\/#website","url":"https:\/\/gatewaypartners.eu\/br\/","name":"Gateway &amp; Partners","description":"Your Export Powerhouse","potentialAction":[{"@type":"SearchAction","target":{"@type":"EntryPoint","urlTemplate":"https:\/\/gatewaypartners.eu\/br\/?s={search_term_string}"},"query-input":"required name=search_term_string"}],"inLanguage":"pt-BR"}]}},"_links":{"self":[{"href":"https:\/\/gatewaypartners.eu\/br\/wp-json\/wp\/v2\/pages\/1950","targetHints":{"allow":["GET"]}}],"collection":[{"href":"https:\/\/gatewaypartners.eu\/br\/wp-json\/wp\/v2\/pages"}],"about":[{"href":"https:\/\/gatewaypartners.eu\/br\/wp-json\/wp\/v2\/types\/page"}],"author":[{"embeddable":true,"href":"https:\/\/gatewaypartners.eu\/br\/wp-json\/wp\/v2\/users\/3"}],"replies":[{"embeddable":true,"href":"https:\/\/gatewaypartners.eu\/br\/wp-json\/wp\/v2\/comments?post=1950"}],"version-history":[{"count":46,"href":"https:\/\/gatewaypartners.eu\/br\/wp-json\/wp\/v2\/pages\/1950\/revisions"}],"predecessor-version":[{"id":2714,"href":"https:\/\/gatewaypartners.eu\/br\/wp-json\/wp\/v2\/pages\/1950\/revisions\/2714"}],"up":[{"embeddable":true,"href":"https:\/\/gatewaypartners.eu\/br\/wp-json\/wp\/v2\/pages\/67"}],"wp:featuredmedia":[{"embeddable":true,"href":"https:\/\/gatewaypartners.eu\/br\/wp-json\/wp\/v2\/media\/1981"}],"wp:attachment":[{"href":"https:\/\/gatewaypartners.eu\/br\/wp-json\/wp\/v2\/media?parent=1950"}],"curies":[{"name":"wp","href":"https:\/\/api.w.org\/{rel}","templated":true}]}}