{"id":2345,"date":"2022-09-19T10:18:41","date_gmt":"2022-09-19T07:18:41","guid":{"rendered":"http:\/\/gatewaypartners.eu\/br\/?page_id=2345"},"modified":"2023-09-13T16:54:33","modified_gmt":"2023-09-13T13:54:33","slug":"perguntas-frequentes","status":"publish","type":"page","link":"https:\/\/gatewaypartners.eu\/br\/perguntas-frequentes\/","title":{"rendered":"Perguntas Frequentes (FAQ)"},"content":{"rendered":"<ul style=\"list-style-type:none;>\n<li><input checked=\"checked\" type=\"checkbox\" \/><i><\/i><br \/>\n<h2>O que preciso saber antes de exportar?<\/h2>\n<p>Em primeiro lugar, deve come\u00e7ar por desenvolver uma estrat\u00e9gia de exporta\u00e7\u00e3o. Para isso voc\u00ea deve entender seu modelo de neg\u00f3cio, conhecer seu produto, definir seu cliente perfeito, pensar nos mercados-alvo de exporta\u00e7\u00e3o desejados. Se voc\u00ea tiver recursos humanos e financeiros suficientes, capacidade de produ\u00e7\u00e3o e um produto competitivo, estar\u00e1 no caminho da exporta\u00e7\u00e3o bem-sucedida. Dependendo do seu produto, as regulamenta\u00e7\u00f5es locais de importa\u00e7\u00e3o e as necessidades de certifica\u00e7\u00e3o espec\u00edficas para o produto ou servi\u00e7o devem ser revisadas.<\/li>\n<li><input checked=\"checked\" type=\"checkbox\" \/><i><\/i><br \/>\n<h2>Qual \u00e9 o primeiro passo para exportar?<\/h2>\n<p>Avalie o potencial de exporta\u00e7\u00e3o dos seus produtos ou servi\u00e7os, identifique e pesquise os mercados-alvo de exporta\u00e7\u00e3o desejados, considere a melhor estrat\u00e9gia de exporta\u00e7\u00e3o para entrada no mercado estrangeiro.<\/li>\n<li><input checked=\"checked\" type=\"checkbox\" \/><br \/>\n<i><\/i><\/p>\n<h2>Por que exportar \u00e9 importante para uma empresa?<\/h2>\n<p>A exporta\u00e7\u00e3o \u00e9 uma \u00f3tima forma de expandir as vendas da empresa e promover o crescimento mais r\u00e1pido do neg\u00f3cio. \u00c9 uma forma de acessar novos clientes, ampliar a produ\u00e7\u00e3o, criar mais empregos e gerar maior faturamento e renda.<\/li>\n<li>\n<input checked=\"checked\" type=\"checkbox\" \/><br \/>\n<i><\/i><\/p>\n<h2>Como posso vender nos mercados internacionais?<\/h2>\n<p>Existem diversas estrat\u00e9gias de entrada no mercado normalmente utilizadas para iniciar a exporta\u00e7\u00e3o para mercados estrangeiros \u2013 vendendo diretamente aos clientes; utilizar um representante no mercado-alvo; constru\u00e7\u00e3o de parceria estrat\u00e9gica com empresa local j\u00e1 atuante no mercado. Cabe ao seu modelo de neg\u00f3cio qual a estrat\u00e9gia mais adequada a aplicar.<\/li>\n<li><input checked=\"checked\" type=\"checkbox\" \/><br \/>\n<i><\/i><\/p>\n<h2>Como posso encontrar poss\u00edveis distribuidores\/importadores\/representantes de vendas\/compradores\/agentes estrangeiros?<\/h2>\n<p>Existem muitos bancos de dados dispon\u00edveis online que fornecem listas de empresas em todo o mundo. Alguns est\u00e3o dispon\u00edveis gratuitamente; no entanto, alguns exigem uma taxa. Outra op\u00e7\u00e3o \u00e9 realizar uma busca na internet sem utilizar bancos de dados. Fazer uma pesquisa online \u00e9 um processo demorado. Em muitos casos, as empresas encontram parceiros atrav\u00e9s da participa\u00e7\u00e3o em exposi\u00e7\u00f5es relacionadas com a ind\u00fastria, no entanto, \u00e9 um processo dispendioso.<br \/>\nCom 18 anos de experi\u00eancia em busca de parceiros e uma base de dados de mais de 70.000 contatos, a Gateway&#038;Partners oferece uma solu\u00e7\u00e3o para voc\u00ea economizar tempo e dinheiro. Contate-nos para saber como podemos ajudar.<\/li>\n<li><input checked=\"checked\" type=\"checkbox\" \/><br \/>\n<i><\/i><\/p>\n<h2>Como posso saber mais sobre o potencial de vendas do meu produto ou servi\u00e7o nos mercados internacionais?<\/h2>\n<p>Fazendo uma pesquisa de mercado sobre o setor em que voc\u00ea trabalha. Isso permitir\u00e1 que voc\u00ea entenda as tend\u00eancias do mercado, a situa\u00e7\u00e3o do setor em v\u00e1rios pa\u00edses e onde seu produto tem potencial para ser adaptado com sucesso pelos clientes locais.<\/li>\n<li><input checked=\"checked\" type=\"checkbox\" \/><br \/>\n<i><\/i><\/p>\n<h2>Como posso encontrar leads de vendas em mercados estrangeiros?<\/h2>\n<p>Depende da estrat\u00e9gia de entrada no mercado que voc\u00ea aplica para iniciar atividades de exporta\u00e7\u00e3o. Na maioria dos casos, \u00e9 necess\u00e1ria uma longa lista de empresas no mercado-alvo que sejam potenciais parceiros de coopera\u00e7\u00e3o adequados e chamadas n\u00e3o solicitadas para gerar leads de vendas.<\/li>\n<li><input checked=\"checked\" type=\"checkbox\" \/><br \/>\n<i><\/i><\/p>\n<h2>Quem devo contactar para discutir uma potencial coopera\u00e7\u00e3o numa empresa estrangeira?<\/h2>\n<p>Voc\u00ea deve sempre tentar chegar ao tomador de decis\u00e3o respons\u00e1vel pelas novas coopera\u00e7\u00f5es na empresa. Depende da organiza\u00e7\u00e3o interna de cada empresa qual respons\u00e1vel \u2013 o diretor, o gerente de compras ou outra pessoa.<\/li>\n<\/ul>\n<p><!--\n\n<div class=\"row\">\n\n\n<div class=\"col-md-4\"><\/div>\n\n\n\n\n<div class=\"col-md-4\">\n<a href=\"http:\/\/gatewaypartners.eu\/br\/contacts\/\"><button type=\"button\">If you have more questions contact US<\/button> <\/a>\n<\/div>\n\n\n\n\n<div class=\"col-md-4\"><\/div>\n\n\n<\/div>\n\n--><\/p>\n<div class=\"container page-content\">\n<div class=\"row\">\n<div class=\"col-sm-10 col-sm-offset-1 col-md-8 col-md-offset-2\">\n<button class=\"form-modal btn btn-primary btn-lg\" type=\"button\" data-toggle=\"modal\" data-target=\"#contact-form\">FA\u00c7A SUA PR\u00d3PRIA PERGUNTA<\/button>\n<\/div>\n<\/div>\n<\/div>\n<style>\nul li {\n  position: relative;\n  padding: 0;\n  margin: 0;\n  padding-bottom: 4px;\n  padding-top: 18px;\n  border-top: 1px dotted #dce7eb;\n}\nul li i {\n  position: absolute;\n  transform: translate(-6px, 0);\n  margin-top: 40px;\n  right: 0;\n}\nul li h2 {\n  margin-right:15px\n}\nul li i:before, ul li i:after {\n  content: \"\";\n  position: absolute;\n  background-color: #899A1B;;\n  width: 3px;\n  height: 9px;\n}\nul li i:before {\n  transform: translate(-2px, 0) rotate(45deg);\n}\nul li i:after {\n  transform: translate(2px, 0) rotate(-45deg);\n}\nul li input[type=checkbox] {\n  position: absolute;\n  cursor: pointer;\n  width: 100%;\n  height: 100%;\n  z-index: 1;\n  opacity: 0;\n}\nul li input[type=checkbox]:checked ~ p {\n  margin-top: 0;\n  max-height: 0;\n  opacity: 0;\n  transform: translate(0, 50%);\n}\nul li input[type=checkbox]:checked ~ i:before {\n  transform: translate(2px, 0) rotate(45deg);\n}\nul li input[type=checkbox]:checked ~ i:after {\n  transform: translate(-2px, 0) rotate(-45deg);\n}<\/p>\n<p>@keyframes flipdown {\n  0% {\n    opacity: 0;\n    transform-origin: top center;\n    transform: rotateX(-90deg);\n  }\n  5% {\n    opacity: 1;\n  }\n  80% {\n    transform: rotateX(8deg);\n  }\n  83% {\n    transform: rotateX(6deg);\n  }\n  92% {\n    transform: rotateX(-3deg);\n  }\n  100% {\n    transform-origin: top center;\n    transform: rotateX(0deg);\n  }\n}\n<\/style>\n","protected":false},"excerpt":{"rendered":"","protected":false},"author":3,"featured_media":0,"parent":0,"menu_order":0,"comment_status":"closed","ping_status":"closed","template":"","meta":{"inline_featured_image":false,"footnotes":""},"class_list":["post-2345","page","type-page","status-publish","hentry"],"acf":[],"yoast_head":"<!-- This site is optimized with the Yoast SEO plugin v20.2.1 - https:\/\/yoast.com\/wordpress\/plugins\/seo\/ -->\n<title>FAQ - Your Export Essentials (How to Start) | Gateway &amp; Partners<\/title>\n<meta name=\"robots\" content=\"index, follow, max-snippet:-1, max-image-preview:large, max-video-preview:-1\" \/>\n<link rel=\"canonical\" href=\"https:\/\/gatewaypartners.eu\/br\/perguntas-frequentes\/\" \/>\n<meta property=\"og:locale\" content=\"pt_BR\" \/>\n<meta property=\"og:type\" content=\"article\" \/>\n<meta property=\"og:title\" content=\"FAQ - Your Export Essentials (How to Start) | Gateway &amp; Partners\" \/>\n<meta property=\"og:url\" content=\"https:\/\/gatewaypartners.eu\/br\/perguntas-frequentes\/\" \/>\n<meta property=\"og:site_name\" content=\"Gateway &amp; Partners\" \/>\n<meta property=\"article:modified_time\" content=\"2023-09-13T13:54:33+00:00\" \/>\n<meta name=\"twitter:card\" content=\"summary_large_image\" \/>\n<script type=\"application\/ld+json\" class=\"yoast-schema-graph\">{\"@context\":\"https:\/\/schema.org\",\"@graph\":[{\"@type\":\"WebPage\",\"@id\":\"https:\/\/gatewaypartners.eu\/br\/perguntas-frequentes\/\",\"url\":\"https:\/\/gatewaypartners.eu\/br\/perguntas-frequentes\/\",\"name\":\"FAQ - Your Export Essentials (How to Start) | Gateway &amp; Partners\",\"isPartOf\":{\"@id\":\"https:\/\/gatewaypartners.eu\/br\/#website\"},\"datePublished\":\"2022-09-19T07:18:41+00:00\",\"dateModified\":\"2023-09-13T13:54:33+00:00\",\"inLanguage\":\"pt-BR\",\"potentialAction\":[{\"@type\":\"ReadAction\",\"target\":[\"https:\/\/gatewaypartners.eu\/br\/perguntas-frequentes\/\"]}]},{\"@type\":\"WebSite\",\"@id\":\"https:\/\/gatewaypartners.eu\/br\/#website\",\"url\":\"https:\/\/gatewaypartners.eu\/br\/\",\"name\":\"Gateway &amp; Partners\",\"description\":\"Your Export Powerhouse\",\"potentialAction\":[{\"@type\":\"SearchAction\",\"target\":{\"@type\":\"EntryPoint\",\"urlTemplate\":\"https:\/\/gatewaypartners.eu\/br\/?s={search_term_string}\"},\"query-input\":\"required name=search_term_string\"}],\"inLanguage\":\"pt-BR\"}]}<\/script>\n<!-- \/ Yoast SEO plugin. -->","yoast_head_json":{"title":"FAQ - Your Export Essentials (How to Start) | Gateway &amp; Partners","robots":{"index":"index","follow":"follow","max-snippet":"max-snippet:-1","max-image-preview":"max-image-preview:large","max-video-preview":"max-video-preview:-1"},"canonical":"https:\/\/gatewaypartners.eu\/br\/perguntas-frequentes\/","og_locale":"pt_BR","og_type":"article","og_title":"FAQ - Your Export Essentials (How to Start) | Gateway &amp; Partners","og_url":"https:\/\/gatewaypartners.eu\/br\/perguntas-frequentes\/","og_site_name":"Gateway &amp; Partners","article_modified_time":"2023-09-13T13:54:33+00:00","twitter_card":"summary_large_image","schema":{"@context":"https:\/\/schema.org","@graph":[{"@type":"WebPage","@id":"https:\/\/gatewaypartners.eu\/br\/perguntas-frequentes\/","url":"https:\/\/gatewaypartners.eu\/br\/perguntas-frequentes\/","name":"FAQ - Your Export Essentials (How to Start) | Gateway &amp; Partners","isPartOf":{"@id":"https:\/\/gatewaypartners.eu\/br\/#website"},"datePublished":"2022-09-19T07:18:41+00:00","dateModified":"2023-09-13T13:54:33+00:00","inLanguage":"pt-BR","potentialAction":[{"@type":"ReadAction","target":["https:\/\/gatewaypartners.eu\/br\/perguntas-frequentes\/"]}]},{"@type":"WebSite","@id":"https:\/\/gatewaypartners.eu\/br\/#website","url":"https:\/\/gatewaypartners.eu\/br\/","name":"Gateway &amp; Partners","description":"Your Export Powerhouse","potentialAction":[{"@type":"SearchAction","target":{"@type":"EntryPoint","urlTemplate":"https:\/\/gatewaypartners.eu\/br\/?s={search_term_string}"},"query-input":"required name=search_term_string"}],"inLanguage":"pt-BR"}]}},"_links":{"self":[{"href":"https:\/\/gatewaypartners.eu\/br\/wp-json\/wp\/v2\/pages\/2345","targetHints":{"allow":["GET"]}}],"collection":[{"href":"https:\/\/gatewaypartners.eu\/br\/wp-json\/wp\/v2\/pages"}],"about":[{"href":"https:\/\/gatewaypartners.eu\/br\/wp-json\/wp\/v2\/types\/page"}],"author":[{"embeddable":true,"href":"https:\/\/gatewaypartners.eu\/br\/wp-json\/wp\/v2\/users\/3"}],"replies":[{"embeddable":true,"href":"https:\/\/gatewaypartners.eu\/br\/wp-json\/wp\/v2\/comments?post=2345"}],"version-history":[{"count":100,"href":"https:\/\/gatewaypartners.eu\/br\/wp-json\/wp\/v2\/pages\/2345\/revisions"}],"predecessor-version":[{"id":2647,"href":"https:\/\/gatewaypartners.eu\/br\/wp-json\/wp\/v2\/pages\/2345\/revisions\/2647"}],"wp:attachment":[{"href":"https:\/\/gatewaypartners.eu\/br\/wp-json\/wp\/v2\/media?parent=2345"}],"curies":[{"name":"wp","href":"https:\/\/api.w.org\/{rel}","templated":true}]}}