{"id":622,"date":"2022-02-12T18:03:33","date_gmt":"2022-02-12T16:03:33","guid":{"rendered":"http:\/\/gatewaypartners.eu\/?page_id=622"},"modified":"2023-09-22T09:24:12","modified_gmt":"2023-09-22T06:24:12","slug":"export-education","status":"publish","type":"page","link":"https:\/\/gatewaypartners.eu\/br\/servicos\/export-education\/","title":{"rendered":"Educa\u00e7\u00e3o de Exporta\u00e7\u00e3o"},"content":{"rendered":"<h2><strong>Masterclass de Exporta\u00e7\u00e3o<\/strong><\/h2>\n<p>O <a href=\"https:\/\/gatewaypartners.eu\/br\/servicos\/market-intelligence\/\">desenvolvimento do mercado<\/a> internacional \u00e9, em ess\u00eancia, construir relacionamentos duradouros com os clientes em todos os mercados. Nossa masterclass de exporta\u00e7\u00e3o fornece todas as ferramentas para desenvolver e nutrir <a href=\"https:\/\/gatewaypartners.eu\/br\/servicos\/export-intelligence\/\">novos relacionamentos comerciais<\/a>. A Masterclass geralmente envolve 1-2 dias de treinamento para gerentes e diretores de vendas da empresa. Pode ser organizado como um curso aberto, mas tamb\u00e9m ministrado individualmente para um cliente.<\/p>\n<p>A Masterclass cobre um ou v\u00e1rios dos seguintes t\u00f3picos:<\/p>\n<ul>\n<li>Planejamento e Estrat\u00e9gia de Exporta\u00e7\u00e3o<\/li>\n<li>Marca e Marketing de Exporta\u00e7\u00e3o<\/li>\n<li>Vendas de exporta\u00e7\u00e3o e relacionamento com clientes<\/li>\n<\/ul>\n<h2><strong>Academia de Exporta\u00e7\u00e3o<\/strong><\/h2>\n<p>A academia de exporta\u00e7\u00e3o de cinco dias \u00e9 um programa de aprendizado intensivo para preparar os exportadores para o <a href=\"https:\/\/gatewaypartners.eu\/br\/servicos\/export-brand-development\/\">crescimento internacional<\/a>. Durante a academia, gerentes de exporta\u00e7\u00e3o e diretores de empresas aprendem com especialistas e exportadores de sucesso, analisam casos, realizam tarefas pr\u00e1ticas e discutem desafios individuais.<\/p>\n<p class=\"p1\">A Export Academy abrange os seguintes t\u00f3picos:<\/p>\n<ul>\n<li class=\"p2\">Desenvolver uma estrat\u00e9gia e um plano de exporta\u00e7\u00e3o bem-sucedidos<\/li>\n<li class=\"p2\"><a href=\"https:\/\/gatewaypartners.eu\/br\/servicos\/market-intelligence\/\">Pesquisa de mercado<\/a> e an\u00e1lise de propostas<\/li>\n<li class=\"p2\">Desenvolvimento e comercializa\u00e7\u00e3o de <a href=\"https:\/\/gatewaypartners.eu\/br\/servicos\/export-brand-development\/\">marcas de exporta\u00e7\u00e3o<\/a><\/li>\n<li class=\"p2\"><a href=\"https:\/\/gatewaypartners.eu\/br\/servicos\/export-intelligence\/\">Atra\u00e7\u00e3o de parceiros de vendas<\/a> e participa\u00e7\u00e3o em visitas comerciais<\/li>\n<li class=\"p2\">Desenvolvimento e negocia\u00e7\u00e3o de relacionamento com clientes<\/li>\n<li class=\"p2\">Praticidades de exporta\u00e7\u00e3o \u2013 log\u00edstica, tarifas, alf\u00e2ndega, rela\u00e7\u00f5es jur\u00eddicas e financiamento \u00e0 exporta\u00e7\u00e3o<\/li>\n<\/ul>\n<h2><strong>Manual de Exporta\u00e7\u00e3o<\/strong><\/h2>\n<p>A equipe da <a href=\"http:\/\/gatewaypartners.eu\/br\/\">Gateway &amp; Partners<\/a> desenvolveu diversos materiais educativos. O Export Handbook cobre os t\u00f3picos essenciais para empresas que crescem internacionalmente. O Manual de Exporta\u00e7\u00e3o \u00e9 um guia passo a passo para o desenvolvimento do mercado internacional.<\/p>\n","protected":false},"excerpt":{"rendered":"<p>Masterclass de exporta\u00e7\u00e3o<br \/>\nAcademia de Exporta\u00e7\u00e3o<br \/>\nManual de exporta\u00e7\u00e3o<\/p>\n","protected":false},"author":1,"featured_media":180,"parent":67,"menu_order":6,"comment_status":"closed","ping_status":"closed","template":"template-service.php","meta":{"inline_featured_image":false,"footnotes":""},"class_list":["post-622","page","type-page","status-publish","has-post-thumbnail","hentry"],"acf":[],"yoast_head":"<!-- This site is optimized with the Yoast SEO plugin v20.2.1 - https:\/\/yoast.com\/wordpress\/plugins\/seo\/ -->\n<title>Export Education | Gateway &amp; Partners<\/title>\n<meta name=\"description\" content=\"We offer Export Education services, including Export Masterclass, Export Academy and Export Handbook! Find out more in our export education here!\" \/>\n<meta name=\"robots\" content=\"index, follow, max-snippet:-1, max-image-preview:large, max-video-preview:-1\" \/>\n<link rel=\"canonical\" href=\"https:\/\/gatewaypartners.eu\/br\/servicos\/export-education\/\" \/>\n<meta property=\"og:locale\" content=\"pt_BR\" \/>\n<meta property=\"og:type\" content=\"article\" \/>\n<meta property=\"og:title\" content=\"Export Education | Gateway &amp; Partners\" \/>\n<meta property=\"og:description\" content=\"We offer Export Education services, including Export Masterclass, Export Academy and Export Handbook! Find out more in our export education here!\" \/>\n<meta property=\"og:url\" content=\"https:\/\/gatewaypartners.eu\/br\/servicos\/export-education\/\" \/>\n<meta property=\"og:site_name\" content=\"Gateway &amp; Partners\" \/>\n<meta property=\"article:modified_time\" content=\"2023-09-22T06:24:12+00:00\" \/>\n<meta property=\"og:image\" content=\"https:\/\/gatewaypartners.eu\/br\/wp-content\/uploads\/sites\/10\/2016\/11\/Export_education-treadmill-1028296.jpg\" \/>\n\t<meta property=\"og:image:width\" content=\"2048\" \/>\n\t<meta property=\"og:image:height\" content=\"1536\" \/>\n\t<meta property=\"og:image:type\" content=\"image\/jpeg\" \/>\n<meta name=\"twitter:card\" content=\"summary_large_image\" \/>\n<script type=\"application\/ld+json\" class=\"yoast-schema-graph\">{\"@context\":\"https:\/\/schema.org\",\"@graph\":[{\"@type\":\"WebPage\",\"@id\":\"https:\/\/gatewaypartners.eu\/br\/servicos\/export-education\/\",\"url\":\"https:\/\/gatewaypartners.eu\/br\/servicos\/export-education\/\",\"name\":\"Export Education | Gateway & Partners\",\"isPartOf\":{\"@id\":\"https:\/\/gatewaypartners.eu\/br\/#website\"},\"datePublished\":\"2022-02-12T16:03:33+00:00\",\"dateModified\":\"2023-09-22T06:24:12+00:00\",\"description\":\"We offer Export Education services, including Export Masterclass, Export Academy and Export Handbook! Find out more in our export education here!\",\"breadcrumb\":{\"@id\":\"https:\/\/gatewaypartners.eu\/br\/servicos\/export-education\/#breadcrumb\"},\"inLanguage\":\"pt-BR\",\"potentialAction\":[{\"@type\":\"ReadAction\",\"target\":[\"https:\/\/gatewaypartners.eu\/br\/servicos\/export-education\/\"]}]},{\"@type\":\"BreadcrumbList\",\"@id\":\"https:\/\/gatewaypartners.eu\/br\/servicos\/export-education\/#breadcrumb\",\"itemListElement\":[{\"@type\":\"ListItem\",\"position\":1,\"name\":\"Servi\u00e7os\",\"item\":\"https:\/\/gatewaypartners.eu\/br\/servicos\/\"},{\"@type\":\"ListItem\",\"position\":2,\"name\":\"Educa\u00e7\u00e3o de Exporta\u00e7\u00e3o\"}]},{\"@type\":\"WebSite\",\"@id\":\"https:\/\/gatewaypartners.eu\/br\/#website\",\"url\":\"https:\/\/gatewaypartners.eu\/br\/\",\"name\":\"Gateway &amp; Partners\",\"description\":\"Your Export Powerhouse\",\"potentialAction\":[{\"@type\":\"SearchAction\",\"target\":{\"@type\":\"EntryPoint\",\"urlTemplate\":\"https:\/\/gatewaypartners.eu\/br\/?s={search_term_string}\"},\"query-input\":\"required name=search_term_string\"}],\"inLanguage\":\"pt-BR\"}]}<\/script>\n<!-- \/ Yoast SEO plugin. -->","yoast_head_json":{"title":"Export Education | Gateway & Partners","description":"We offer Export Education services, including Export Masterclass, Export Academy and Export Handbook! Find out more in our export education here!","robots":{"index":"index","follow":"follow","max-snippet":"max-snippet:-1","max-image-preview":"max-image-preview:large","max-video-preview":"max-video-preview:-1"},"canonical":"https:\/\/gatewaypartners.eu\/br\/servicos\/export-education\/","og_locale":"pt_BR","og_type":"article","og_title":"Export Education | Gateway & Partners","og_description":"We offer Export Education services, including Export Masterclass, Export Academy and Export Handbook! Find out more in our export education here!","og_url":"https:\/\/gatewaypartners.eu\/br\/servicos\/export-education\/","og_site_name":"Gateway &amp; Partners","article_modified_time":"2023-09-22T06:24:12+00:00","og_image":[{"width":2048,"height":1536,"url":"https:\/\/gatewaypartners.eu\/br\/wp-content\/uploads\/sites\/10\/2016\/11\/Export_education-treadmill-1028296.jpg","type":"image\/jpeg"}],"twitter_card":"summary_large_image","schema":{"@context":"https:\/\/schema.org","@graph":[{"@type":"WebPage","@id":"https:\/\/gatewaypartners.eu\/br\/servicos\/export-education\/","url":"https:\/\/gatewaypartners.eu\/br\/servicos\/export-education\/","name":"Export Education | Gateway & Partners","isPartOf":{"@id":"https:\/\/gatewaypartners.eu\/br\/#website"},"datePublished":"2022-02-12T16:03:33+00:00","dateModified":"2023-09-22T06:24:12+00:00","description":"We offer Export Education services, including Export Masterclass, Export Academy and Export Handbook! Find out more in our export education here!","breadcrumb":{"@id":"https:\/\/gatewaypartners.eu\/br\/servicos\/export-education\/#breadcrumb"},"inLanguage":"pt-BR","potentialAction":[{"@type":"ReadAction","target":["https:\/\/gatewaypartners.eu\/br\/servicos\/export-education\/"]}]},{"@type":"BreadcrumbList","@id":"https:\/\/gatewaypartners.eu\/br\/servicos\/export-education\/#breadcrumb","itemListElement":[{"@type":"ListItem","position":1,"name":"Servi\u00e7os","item":"https:\/\/gatewaypartners.eu\/br\/servicos\/"},{"@type":"ListItem","position":2,"name":"Educa\u00e7\u00e3o de Exporta\u00e7\u00e3o"}]},{"@type":"WebSite","@id":"https:\/\/gatewaypartners.eu\/br\/#website","url":"https:\/\/gatewaypartners.eu\/br\/","name":"Gateway &amp; Partners","description":"Your Export Powerhouse","potentialAction":[{"@type":"SearchAction","target":{"@type":"EntryPoint","urlTemplate":"https:\/\/gatewaypartners.eu\/br\/?s={search_term_string}"},"query-input":"required name=search_term_string"}],"inLanguage":"pt-BR"}]}},"_links":{"self":[{"href":"https:\/\/gatewaypartners.eu\/br\/wp-json\/wp\/v2\/pages\/622","targetHints":{"allow":["GET"]}}],"collection":[{"href":"https:\/\/gatewaypartners.eu\/br\/wp-json\/wp\/v2\/pages"}],"about":[{"href":"https:\/\/gatewaypartners.eu\/br\/wp-json\/wp\/v2\/types\/page"}],"author":[{"embeddable":true,"href":"https:\/\/gatewaypartners.eu\/br\/wp-json\/wp\/v2\/users\/1"}],"replies":[{"embeddable":true,"href":"https:\/\/gatewaypartners.eu\/br\/wp-json\/wp\/v2\/comments?post=622"}],"version-history":[{"count":10,"href":"https:\/\/gatewaypartners.eu\/br\/wp-json\/wp\/v2\/pages\/622\/revisions"}],"predecessor-version":[{"id":2717,"href":"https:\/\/gatewaypartners.eu\/br\/wp-json\/wp\/v2\/pages\/622\/revisions\/2717"}],"up":[{"embeddable":true,"href":"https:\/\/gatewaypartners.eu\/br\/wp-json\/wp\/v2\/pages\/67"}],"wp:featuredmedia":[{"embeddable":true,"href":"https:\/\/gatewaypartners.eu\/br\/wp-json\/wp\/v2\/media\/180"}],"wp:attachment":[{"href":"https:\/\/gatewaypartners.eu\/br\/wp-json\/wp\/v2\/media?parent=622"}],"curies":[{"name":"wp","href":"https:\/\/api.w.org\/{rel}","templated":true}]}}