{"id":624,"date":"2022-02-18T01:04:54","date_gmt":"2022-02-17T23:04:54","guid":{"rendered":"http:\/\/gatewaypartners.eu\/?page_id=624"},"modified":"2023-09-22T09:22:38","modified_gmt":"2023-09-22T06:22:38","slug":"export-brand-development","status":"publish","type":"page","link":"https:\/\/gatewaypartners.eu\/br\/servicos\/export-brand-development\/","title":{"rendered":"Desenvolvimento da Marca no Exterior"},"content":{"rendered":"<h2><strong>Desenvolvimento da Marca<\/strong><\/h2>\n<p class=\"p1\">A primeira imagem \u00e9 importante n\u00e3o apenas nas rela\u00e7\u00f5es humanas, mas tamb\u00e9m nos <a href=\"https:\/\/gatewaypartners.eu\/br\/servicos\/investment-attraction\/\">neg\u00f3cios internacionais<\/a>. Ao crescer internacionalmente, as empresas muitas vezes enfrentam a necessidade de uma atualiza\u00e7\u00e3o de marca corporativa ou at\u00e9 mesmo o desenvolvimento de uma nova marca. Nossa equipe de especialistas, juntamente com designers internacionais, <a href=\"https:\/\/gatewaypartners.eu\/br\/servicos\/export-brand-development\/\">preparar\u00e1 sua marca<\/a> para os mercados internacionais.<\/p>\n<p><strong>N\u00f3s vamos:<\/strong><\/p>\n<ul>\n<li>\n<p class=\"p2\">Realizar auditoria de marca e identificar os fundamentos da sua marca<\/p>\n<\/li>\n<li>\n<p class=\"p2\">Visualizar a identidade da sua marca em gr\u00e1ficos &#8211; logotipo, cores, fontes<\/p>\n<\/li>\n<li>\n<p class=\"p2\">Preparar materiais de marketing essenciais<\/p>\n<\/li>\n<li>\n<p class=\"p2\">Guiar sua equipe atrav\u00e9s do uso da identidade corporativa<\/p>\n<\/li>\n<\/ul>\n<h2><strong>Design de Material de Marketing<\/strong><\/h2>\n<p class=\"p1\">Seja uma apresenta\u00e7\u00e3o de vendas, site, cat\u00e1logo, brochura ou portf\u00f3lio de produtos \u2013 desenvolvemos para nossos clientes todas as ferramentas de marketing necess\u00e1rias para estar pronto para neg\u00f3cios internacionais. Nossa equipe n\u00e3o apenas montar\u00e1 seu material de marketing, mas tamb\u00e9m ser\u00e1 sua equipe de design gr\u00e1fico continuamente.<\/p>\n<p class=\"p1\"><strong>N\u00f3s vamos:<\/strong><\/p>\n<ul>\n<li class=\"p1\">Criar seu site de exporta\u00e7\u00e3o \u2013 design moderno e informa\u00e7\u00f5es relevantes<\/li>\n<li class=\"p1\">Criar seus visuais de marketing \u2013 perfil, apresenta\u00e7\u00e3o de vendas, cat\u00e1logos de produtos e muito mais<\/li>\n<li class=\"p1\">Manuten\u00e7\u00e3o e atualiza\u00e7\u00e3o de seus visuais de marketing de forma cont\u00ednua<\/li>\n<\/ul>\n<h2><strong>Assist\u00eancia a Feiras Comerciais<\/strong><\/h2>\n<p class=\"p1\">As exposi\u00e7\u00f5es ainda s\u00e3o grandes espa\u00e7os de encontro para parceiros de neg\u00f3cios internacionais. Nossa equipe de consultores de mercado ir\u00e1 auxili\u00e1-lo na prepara\u00e7\u00e3o para uma feira internacional &#8211; desde o design de seu estande e desenvolvimento de seu conte\u00fado visual at\u00e9 o trabalho de prepara\u00e7\u00e3o antes da feira e assist\u00eancia durante a feira.<\/p>\n<p class=\"p1\"><strong>N\u00f3s vamos:<\/strong><\/p>\n<ul>\n<li class=\"p1\">Projetar seu estande e preparar seus visuais &#8211; apresenta\u00e7\u00f5es, brochuras, amostras e brindes<\/li>\n<li class=\"p1\">Convidar clientes existentes e novos para a feira e marcar <a href=\"https:\/\/gatewaypartners.eu\/br\/servicos\/export-intelligence\/\">reuni\u00f5es B2B<\/a><\/li>\n<li class=\"p1\">Auxiliar durante a feira \u2013 for\u00e7a de vendas adicional em seu estande<\/li>\n<li class=\"p1\">Suporte p\u00f3s-exposi\u00e7\u00e3o \u2013 comunica\u00e7\u00e3o e acompanhamento de <a href=\"https:\/\/gatewaypartners.eu\/br\/servicos\/export-intelligence\/\">leads de vendas<\/a><\/li>\n<\/ul>\n","protected":false},"excerpt":{"rendered":"<p>Desenvolvimento de marca<br \/>\nDesign de materiais de marketing<br \/>\nAssist\u00eancia a feiras<\/p>\n","protected":false},"author":1,"featured_media":179,"parent":67,"menu_order":4,"comment_status":"closed","ping_status":"closed","template":"template-service.php","meta":{"inline_featured_image":false,"footnotes":""},"class_list":["post-624","page","type-page","status-publish","has-post-thumbnail","hentry"],"acf":[],"yoast_head":"<!-- This site is optimized with the Yoast SEO plugin v20.2.1 - https:\/\/yoast.com\/wordpress\/plugins\/seo\/ -->\n<title>Export Brand Development | Gateway &amp; Partners<\/title>\n<meta name=\"description\" content=\"Our team will prepare your brand for international markets! We offer: Marketing Material Design, Trade Fair Assistance. Check out more here!\" \/>\n<meta name=\"robots\" content=\"index, follow, max-snippet:-1, max-image-preview:large, max-video-preview:-1\" \/>\n<link rel=\"canonical\" href=\"https:\/\/gatewaypartners.eu\/br\/servicos\/export-brand-development\/\" \/>\n<meta property=\"og:locale\" content=\"pt_BR\" \/>\n<meta property=\"og:type\" content=\"article\" \/>\n<meta property=\"og:title\" content=\"Export Brand Development | Gateway &amp; Partners\" \/>\n<meta property=\"og:description\" content=\"Our team will prepare your brand for international markets! We offer: Marketing Material Design, Trade Fair Assistance. Check out more here!\" \/>\n<meta property=\"og:url\" content=\"https:\/\/gatewaypartners.eu\/br\/servicos\/export-brand-development\/\" \/>\n<meta property=\"og:site_name\" content=\"Gateway &amp; Partners\" \/>\n<meta property=\"article:modified_time\" content=\"2023-09-22T06:22:38+00:00\" \/>\n<meta property=\"og:image\" content=\"https:\/\/gatewaypartners.eu\/br\/wp-content\/uploads\/sites\/10\/2016\/11\/Market_service-paris-1265956.jpg\" \/>\n\t<meta property=\"og:image:width\" content=\"2048\" \/>\n\t<meta property=\"og:image:height\" content=\"1365\" \/>\n\t<meta property=\"og:image:type\" content=\"image\/jpeg\" \/>\n<meta name=\"twitter:card\" content=\"summary_large_image\" \/>\n<script type=\"application\/ld+json\" class=\"yoast-schema-graph\">{\"@context\":\"https:\/\/schema.org\",\"@graph\":[{\"@type\":\"WebPage\",\"@id\":\"https:\/\/gatewaypartners.eu\/br\/servicos\/export-brand-development\/\",\"url\":\"https:\/\/gatewaypartners.eu\/br\/servicos\/export-brand-development\/\",\"name\":\"Export Brand Development | Gateway & Partners\",\"isPartOf\":{\"@id\":\"https:\/\/gatewaypartners.eu\/br\/#website\"},\"datePublished\":\"2022-02-17T23:04:54+00:00\",\"dateModified\":\"2023-09-22T06:22:38+00:00\",\"description\":\"Our team will prepare your brand for international markets! We offer: Marketing Material Design, Trade Fair Assistance. Check out more here!\",\"breadcrumb\":{\"@id\":\"https:\/\/gatewaypartners.eu\/br\/servicos\/export-brand-development\/#breadcrumb\"},\"inLanguage\":\"pt-BR\",\"potentialAction\":[{\"@type\":\"ReadAction\",\"target\":[\"https:\/\/gatewaypartners.eu\/br\/servicos\/export-brand-development\/\"]}]},{\"@type\":\"BreadcrumbList\",\"@id\":\"https:\/\/gatewaypartners.eu\/br\/servicos\/export-brand-development\/#breadcrumb\",\"itemListElement\":[{\"@type\":\"ListItem\",\"position\":1,\"name\":\"Servi\u00e7os\",\"item\":\"https:\/\/gatewaypartners.eu\/br\/servicos\/\"},{\"@type\":\"ListItem\",\"position\":2,\"name\":\"Desenvolvimento da Marca no Exterior\"}]},{\"@type\":\"WebSite\",\"@id\":\"https:\/\/gatewaypartners.eu\/br\/#website\",\"url\":\"https:\/\/gatewaypartners.eu\/br\/\",\"name\":\"Gateway &amp; Partners\",\"description\":\"Your Export Powerhouse\",\"potentialAction\":[{\"@type\":\"SearchAction\",\"target\":{\"@type\":\"EntryPoint\",\"urlTemplate\":\"https:\/\/gatewaypartners.eu\/br\/?s={search_term_string}\"},\"query-input\":\"required name=search_term_string\"}],\"inLanguage\":\"pt-BR\"}]}<\/script>\n<!-- \/ Yoast SEO plugin. -->","yoast_head_json":{"title":"Export Brand Development | Gateway & Partners","description":"Our team will prepare your brand for international markets! We offer: Marketing Material Design, Trade Fair Assistance. Check out more here!","robots":{"index":"index","follow":"follow","max-snippet":"max-snippet:-1","max-image-preview":"max-image-preview:large","max-video-preview":"max-video-preview:-1"},"canonical":"https:\/\/gatewaypartners.eu\/br\/servicos\/export-brand-development\/","og_locale":"pt_BR","og_type":"article","og_title":"Export Brand Development | Gateway & Partners","og_description":"Our team will prepare your brand for international markets! We offer: Marketing Material Design, Trade Fair Assistance. Check out more here!","og_url":"https:\/\/gatewaypartners.eu\/br\/servicos\/export-brand-development\/","og_site_name":"Gateway &amp; Partners","article_modified_time":"2023-09-22T06:22:38+00:00","og_image":[{"width":2048,"height":1365,"url":"https:\/\/gatewaypartners.eu\/br\/wp-content\/uploads\/sites\/10\/2016\/11\/Market_service-paris-1265956.jpg","type":"image\/jpeg"}],"twitter_card":"summary_large_image","schema":{"@context":"https:\/\/schema.org","@graph":[{"@type":"WebPage","@id":"https:\/\/gatewaypartners.eu\/br\/servicos\/export-brand-development\/","url":"https:\/\/gatewaypartners.eu\/br\/servicos\/export-brand-development\/","name":"Export Brand Development | Gateway & Partners","isPartOf":{"@id":"https:\/\/gatewaypartners.eu\/br\/#website"},"datePublished":"2022-02-17T23:04:54+00:00","dateModified":"2023-09-22T06:22:38+00:00","description":"Our team will prepare your brand for international markets! We offer: Marketing Material Design, Trade Fair Assistance. Check out more here!","breadcrumb":{"@id":"https:\/\/gatewaypartners.eu\/br\/servicos\/export-brand-development\/#breadcrumb"},"inLanguage":"pt-BR","potentialAction":[{"@type":"ReadAction","target":["https:\/\/gatewaypartners.eu\/br\/servicos\/export-brand-development\/"]}]},{"@type":"BreadcrumbList","@id":"https:\/\/gatewaypartners.eu\/br\/servicos\/export-brand-development\/#breadcrumb","itemListElement":[{"@type":"ListItem","position":1,"name":"Servi\u00e7os","item":"https:\/\/gatewaypartners.eu\/br\/servicos\/"},{"@type":"ListItem","position":2,"name":"Desenvolvimento da Marca no Exterior"}]},{"@type":"WebSite","@id":"https:\/\/gatewaypartners.eu\/br\/#website","url":"https:\/\/gatewaypartners.eu\/br\/","name":"Gateway &amp; Partners","description":"Your Export Powerhouse","potentialAction":[{"@type":"SearchAction","target":{"@type":"EntryPoint","urlTemplate":"https:\/\/gatewaypartners.eu\/br\/?s={search_term_string}"},"query-input":"required name=search_term_string"}],"inLanguage":"pt-BR"}]}},"_links":{"self":[{"href":"https:\/\/gatewaypartners.eu\/br\/wp-json\/wp\/v2\/pages\/624","targetHints":{"allow":["GET"]}}],"collection":[{"href":"https:\/\/gatewaypartners.eu\/br\/wp-json\/wp\/v2\/pages"}],"about":[{"href":"https:\/\/gatewaypartners.eu\/br\/wp-json\/wp\/v2\/types\/page"}],"author":[{"embeddable":true,"href":"https:\/\/gatewaypartners.eu\/br\/wp-json\/wp\/v2\/users\/1"}],"replies":[{"embeddable":true,"href":"https:\/\/gatewaypartners.eu\/br\/wp-json\/wp\/v2\/comments?post=624"}],"version-history":[{"count":12,"href":"https:\/\/gatewaypartners.eu\/br\/wp-json\/wp\/v2\/pages\/624\/revisions"}],"predecessor-version":[{"id":2716,"href":"https:\/\/gatewaypartners.eu\/br\/wp-json\/wp\/v2\/pages\/624\/revisions\/2716"}],"up":[{"embeddable":true,"href":"https:\/\/gatewaypartners.eu\/br\/wp-json\/wp\/v2\/pages\/67"}],"wp:featuredmedia":[{"embeddable":true,"href":"https:\/\/gatewaypartners.eu\/br\/wp-json\/wp\/v2\/media\/179"}],"wp:attachment":[{"href":"https:\/\/gatewaypartners.eu\/br\/wp-json\/wp\/v2\/media?parent=624"}],"curies":[{"name":"wp","href":"https:\/\/api.w.org\/{rel}","templated":true}]}}