{"id":626,"date":"2022-02-18T16:06:16","date_gmt":"2022-02-18T14:06:16","guid":{"rendered":"http:\/\/gatewaypartners.eu\/?page_id=626"},"modified":"2023-09-22T09:20:45","modified_gmt":"2023-09-22T06:20:45","slug":"investment-attraction","status":"publish","type":"page","link":"https:\/\/gatewaypartners.eu\/br\/servicos\/investment-attraction\/","title":{"rendered":"Atra\u00e7\u00e3o de Investimentos"},"content":{"rendered":"<h2><strong>Estudo de Viabilidade<\/strong><\/h2>\n<p>Para atrair investidores, a primeira etapa \u00e9 realizar uma <a href=\"https:\/\/gatewaypartners.eu\/br\/servicos\/market-intelligence\/\">an\u00e1lise da \u00e1rea de investimento<\/a> com o objetivo de identificar vantagens competitivas, benef\u00edcios econ\u00f4micos dos investimentos, bem como especificar de que regi\u00e3o e setores os <a href=\"https:\/\/gatewaypartners.eu\/br\/servicos\/pesquisa-fornecedores\/\">investidores<\/a> podem ser origin\u00e1rios. Ap\u00f3s o estudo, a pr\u00f3xima etapa \u00e9 o desenvolvimento da oferta de investimento para estabelecer as bases para um processo de atra\u00e7\u00e3o de investimento tranquilo.<\/p>\n<p><strong>N\u00f3s vamos:<\/strong><\/p>\n<ul>\n<li>\n<p class=\"p1\">Reunir dados relevantes sobre o investimento com o objetivo de identificar vantagem competitiva<\/p>\n<\/li>\n<li>\n<p class=\"p1\">Preparar an\u00e1lise de retorno de custo de investimento com previs\u00e3o futura<\/p>\n<\/li>\n<li>\n<p class=\"p1\">Sugerir perfil de investidor \u2013 setor, regi\u00e3o, tamanho, segmento de neg\u00f3cio<\/p>\n<\/li>\n<li>\n<p class=\"p1\">Preparar recursos para o desenvolvimento da oferta de investimento<\/p>\n<\/li>\n<\/ul>\n<h2><strong>Desenvolvimento da Oferta de Investimento<\/strong><\/h2>\n<p class=\"p1\">Para atrair potenciais investidores, \u00e9 importante desenvolver uma proposta de alta qualidade que atraia o interesse em primeira inst\u00e2ncia, bem como especificar o <a href=\"https:\/\/gatewaypartners.eu\/br\/servicos\/market-intelligence\/\">potencial de neg\u00f3cios<\/a> do investimento.<\/p>\n<p class=\"p1\"><strong>N\u00f3s vamos:<\/strong><\/p>\n<ul>\n<li class=\"p2\">Reunir todas as informa\u00e7\u00f5es b\u00e1sicas necess\u00e1rias<\/li>\n<li class=\"p2\">Calcular todos os envolvimentos financeiros<\/li>\n<li class=\"p2\">Preparar a oferta de investimento<\/li>\n<\/ul>\n<h2><strong>Atra\u00e7\u00e3o de Investimentos<\/strong><\/h2>\n<p class=\"p1\">A atra\u00e7\u00e3o de investimentos est\u00e1 no topo da agenda de \u00f3rg\u00e3os do Estado, munic\u00edpios e entidades privadas. Durante nosso servi\u00e7o de atra\u00e7\u00e3o de investimentos iremos realizar an\u00e1lise da oferta de investimento, identificar o perfil do investidor e pa\u00eds, apresentar sua oferta aos potenciais investidores e potencializar as negocia\u00e7\u00f5es.<\/p>\n<p class=\"p1\"><strong>N\u00f3s vamos:<\/strong><\/p>\n<ul>\n<li class=\"p2\">Analisar a oferta de investimento, realizar an\u00e1lise de viabilidade e desenvolver oferta de investimento<\/li>\n<li class=\"p2\">Identificar potenciais investidores &#8211; setores, tamanho, perfil, pa\u00eds<\/li>\n<li class=\"p2\">Comunicar e apresentar sua oferta a potenciais investidores<\/li>\n<li class=\"p2\"><a href=\"https:\/\/gatewaypartners.eu\/br\/servicos\/export-intelligence\/\">Marcar reuni\u00f5es de investimento<\/a> entre os dois lados<\/li>\n<li class=\"p2\">Organizar visitas de investidores<\/li>\n<li class=\"p2\">Acompanhar e liderar a comunica\u00e7\u00e3o de investimento<\/li>\n<\/ul>\n","protected":false},"excerpt":{"rendered":"<p>Estudos de viabilidade<br \/>\nDesenvolvimento da Oferta de Investimento<br \/>\nAtra\u00e7\u00e3o de Investidores<\/p>\n","protected":false},"author":1,"featured_media":178,"parent":67,"menu_order":3,"comment_status":"closed","ping_status":"closed","template":"template-service.php","meta":{"inline_featured_image":false,"footnotes":""},"class_list":["post-626","page","type-page","status-publish","has-post-thumbnail","hentry"],"acf":[],"yoast_head":"<!-- This site is optimized with the Yoast SEO plugin v20.2.1 - https:\/\/yoast.com\/wordpress\/plugins\/seo\/ -->\n<title>Investment Attraction | Gateway &amp; Partners<\/title>\n<meta name=\"description\" content=\"We offer Investment Atrraction services, including Feasibility Study, Investment Offer Development and Investment Attraction. See full service description here!\" \/>\n<meta name=\"robots\" content=\"index, follow, max-snippet:-1, max-image-preview:large, max-video-preview:-1\" \/>\n<link rel=\"canonical\" href=\"https:\/\/gatewaypartners.eu\/br\/servicos\/investment-attraction\/\" \/>\n<meta property=\"og:locale\" content=\"pt_BR\" \/>\n<meta property=\"og:type\" content=\"article\" \/>\n<meta property=\"og:title\" content=\"Investment Attraction | Gateway &amp; Partners\" \/>\n<meta property=\"og:description\" content=\"We offer Investment Atrraction services, including Feasibility Study, Investment Offer Development and Investment Attraction. See full service description here!\" \/>\n<meta property=\"og:url\" content=\"https:\/\/gatewaypartners.eu\/br\/servicos\/investment-attraction\/\" \/>\n<meta property=\"og:site_name\" content=\"Gateway &amp; Partners\" \/>\n<meta property=\"article:modified_time\" content=\"2023-09-22T06:20:45+00:00\" \/>\n<meta property=\"og:image\" content=\"https:\/\/gatewaypartners.eu\/br\/wp-content\/uploads\/sites\/10\/2016\/11\/Investment_attraction-train-1747216.jpg\" \/>\n\t<meta property=\"og:image:width\" content=\"2048\" \/>\n\t<meta property=\"og:image:height\" content=\"1153\" \/>\n\t<meta property=\"og:image:type\" content=\"image\/jpeg\" \/>\n<meta name=\"twitter:card\" content=\"summary_large_image\" \/>\n<script type=\"application\/ld+json\" class=\"yoast-schema-graph\">{\"@context\":\"https:\/\/schema.org\",\"@graph\":[{\"@type\":\"WebPage\",\"@id\":\"https:\/\/gatewaypartners.eu\/br\/servicos\/investment-attraction\/\",\"url\":\"https:\/\/gatewaypartners.eu\/br\/servicos\/investment-attraction\/\",\"name\":\"Investment Attraction | Gateway & Partners\",\"isPartOf\":{\"@id\":\"https:\/\/gatewaypartners.eu\/br\/#website\"},\"datePublished\":\"2022-02-18T14:06:16+00:00\",\"dateModified\":\"2023-09-22T06:20:45+00:00\",\"description\":\"We offer Investment Atrraction services, including Feasibility Study, Investment Offer Development and Investment Attraction. See full service description here!\",\"breadcrumb\":{\"@id\":\"https:\/\/gatewaypartners.eu\/br\/servicos\/investment-attraction\/#breadcrumb\"},\"inLanguage\":\"pt-BR\",\"potentialAction\":[{\"@type\":\"ReadAction\",\"target\":[\"https:\/\/gatewaypartners.eu\/br\/servicos\/investment-attraction\/\"]}]},{\"@type\":\"BreadcrumbList\",\"@id\":\"https:\/\/gatewaypartners.eu\/br\/servicos\/investment-attraction\/#breadcrumb\",\"itemListElement\":[{\"@type\":\"ListItem\",\"position\":1,\"name\":\"Servi\u00e7os\",\"item\":\"https:\/\/gatewaypartners.eu\/br\/servicos\/\"},{\"@type\":\"ListItem\",\"position\":2,\"name\":\"Atra\u00e7\u00e3o de Investimentos\"}]},{\"@type\":\"WebSite\",\"@id\":\"https:\/\/gatewaypartners.eu\/br\/#website\",\"url\":\"https:\/\/gatewaypartners.eu\/br\/\",\"name\":\"Gateway &amp; Partners\",\"description\":\"Your Export Powerhouse\",\"potentialAction\":[{\"@type\":\"SearchAction\",\"target\":{\"@type\":\"EntryPoint\",\"urlTemplate\":\"https:\/\/gatewaypartners.eu\/br\/?s={search_term_string}\"},\"query-input\":\"required name=search_term_string\"}],\"inLanguage\":\"pt-BR\"}]}<\/script>\n<!-- \/ Yoast SEO plugin. -->","yoast_head_json":{"title":"Investment Attraction | Gateway & Partners","description":"We offer Investment Atrraction services, including Feasibility Study, Investment Offer Development and Investment Attraction. See full service description here!","robots":{"index":"index","follow":"follow","max-snippet":"max-snippet:-1","max-image-preview":"max-image-preview:large","max-video-preview":"max-video-preview:-1"},"canonical":"https:\/\/gatewaypartners.eu\/br\/servicos\/investment-attraction\/","og_locale":"pt_BR","og_type":"article","og_title":"Investment Attraction | Gateway & Partners","og_description":"We offer Investment Atrraction services, including Feasibility Study, Investment Offer Development and Investment Attraction. See full service description here!","og_url":"https:\/\/gatewaypartners.eu\/br\/servicos\/investment-attraction\/","og_site_name":"Gateway &amp; Partners","article_modified_time":"2023-09-22T06:20:45+00:00","og_image":[{"width":2048,"height":1153,"url":"https:\/\/gatewaypartners.eu\/br\/wp-content\/uploads\/sites\/10\/2016\/11\/Investment_attraction-train-1747216.jpg","type":"image\/jpeg"}],"twitter_card":"summary_large_image","schema":{"@context":"https:\/\/schema.org","@graph":[{"@type":"WebPage","@id":"https:\/\/gatewaypartners.eu\/br\/servicos\/investment-attraction\/","url":"https:\/\/gatewaypartners.eu\/br\/servicos\/investment-attraction\/","name":"Investment Attraction | Gateway & Partners","isPartOf":{"@id":"https:\/\/gatewaypartners.eu\/br\/#website"},"datePublished":"2022-02-18T14:06:16+00:00","dateModified":"2023-09-22T06:20:45+00:00","description":"We offer Investment Atrraction services, including Feasibility Study, Investment Offer Development and Investment Attraction. See full service description here!","breadcrumb":{"@id":"https:\/\/gatewaypartners.eu\/br\/servicos\/investment-attraction\/#breadcrumb"},"inLanguage":"pt-BR","potentialAction":[{"@type":"ReadAction","target":["https:\/\/gatewaypartners.eu\/br\/servicos\/investment-attraction\/"]}]},{"@type":"BreadcrumbList","@id":"https:\/\/gatewaypartners.eu\/br\/servicos\/investment-attraction\/#breadcrumb","itemListElement":[{"@type":"ListItem","position":1,"name":"Servi\u00e7os","item":"https:\/\/gatewaypartners.eu\/br\/servicos\/"},{"@type":"ListItem","position":2,"name":"Atra\u00e7\u00e3o de Investimentos"}]},{"@type":"WebSite","@id":"https:\/\/gatewaypartners.eu\/br\/#website","url":"https:\/\/gatewaypartners.eu\/br\/","name":"Gateway &amp; Partners","description":"Your Export Powerhouse","potentialAction":[{"@type":"SearchAction","target":{"@type":"EntryPoint","urlTemplate":"https:\/\/gatewaypartners.eu\/br\/?s={search_term_string}"},"query-input":"required name=search_term_string"}],"inLanguage":"pt-BR"}]}},"_links":{"self":[{"href":"https:\/\/gatewaypartners.eu\/br\/wp-json\/wp\/v2\/pages\/626","targetHints":{"allow":["GET"]}}],"collection":[{"href":"https:\/\/gatewaypartners.eu\/br\/wp-json\/wp\/v2\/pages"}],"about":[{"href":"https:\/\/gatewaypartners.eu\/br\/wp-json\/wp\/v2\/types\/page"}],"author":[{"embeddable":true,"href":"https:\/\/gatewaypartners.eu\/br\/wp-json\/wp\/v2\/users\/1"}],"replies":[{"embeddable":true,"href":"https:\/\/gatewaypartners.eu\/br\/wp-json\/wp\/v2\/comments?post=626"}],"version-history":[{"count":10,"href":"https:\/\/gatewaypartners.eu\/br\/wp-json\/wp\/v2\/pages\/626\/revisions"}],"predecessor-version":[{"id":2715,"href":"https:\/\/gatewaypartners.eu\/br\/wp-json\/wp\/v2\/pages\/626\/revisions\/2715"}],"up":[{"embeddable":true,"href":"https:\/\/gatewaypartners.eu\/br\/wp-json\/wp\/v2\/pages\/67"}],"wp:featuredmedia":[{"embeddable":true,"href":"https:\/\/gatewaypartners.eu\/br\/wp-json\/wp\/v2\/media\/178"}],"wp:attachment":[{"href":"https:\/\/gatewaypartners.eu\/br\/wp-json\/wp\/v2\/media?parent=626"}],"curies":[{"name":"wp","href":"https:\/\/api.w.org\/{rel}","templated":true}]}}