{"id":628,"date":"2022-02-18T13:07:37","date_gmt":"2022-02-18T11:07:37","guid":{"rendered":"http:\/\/gatewaypartners.eu\/?page_id=628"},"modified":"2023-09-22T09:18:36","modified_gmt":"2023-09-22T06:18:36","slug":"market-intelligence","status":"publish","type":"page","link":"https:\/\/gatewaypartners.eu\/br\/servicos\/market-intelligence\/","title":{"rendered":"Market Intelligence"},"content":{"rendered":"<h2><strong>Pesquisa e An\u00e1lise de Mercado<\/strong><\/h2>\n<p>Os projetos de <a href=\"https:\/\/gatewaypartners.eu\/br\/servicos\/export-brand-development\/\">pesquisa de mercado<\/a> apoiam as empresas com insights de mercado espec\u00edficos, vitais para sua tomada de decis\u00e3o e estrat\u00e9gia:<\/p>\n<p><strong>N\u00f3s vamos:<\/strong><\/p>\n<ul>\n<li>\n<p class=\"p1\">Criar uma vis\u00e3o geral do mercado, descobrir os principais impulsionadores e tend\u00eancias econ\u00f4micas<\/p>\n<\/li>\n<li>\n<p class=\"p1\">Estimar o tamanho do mercado, analisar dados de importa\u00e7\u00e3o versus produ\u00e7\u00e3o local e participa\u00e7\u00f5es de mercado<\/p>\n<\/li>\n<li>\n<p class=\"p1\">Analisar desenvolvimentos espec\u00edficos da ind\u00fastria e concorr\u00eancia<\/p>\n<\/li>\n<li>\n<p class=\"p1\">Prestar servi\u00e7o de Segmenta\u00e7\u00e3o e Posicionamento<\/p>\n<\/li>\n<li>\n<p class=\"p1\"><a href=\"https:\/\/gatewaypartners.eu\/br\/servicos\/export-intelligence\/\">Identificar canais de vendas<\/a> no mercado e clientes-chave<\/p>\n<\/li>\n<li>\n<p class=\"p1\">Realizar entrevistas com especialistas, analisar dados estat\u00edsticos e coletar informa\u00e7\u00f5es de v\u00e1rias fontes<\/p>\n<\/li>\n<li>\n<p class=\"p1\">Comparar v\u00e1rios mercados e sugerir os de maior potenciais<\/p>\n<\/li>\n<li>\n<p class=\"p1\">Desenvolver relat\u00f3rios de mercado com visualiza\u00e7\u00e3o profissional e resumo em formato de apresenta\u00e7\u00e3o<\/p>\n<\/li>\n<\/ul>\n<h2><strong>Pesquisas Qualitativas e Quantitativas com Clientes e Benchmarking de Concorrentes<\/strong><\/h2>\n<p class=\"p1\">Este servi\u00e7o ajuda voc\u00ea a entender como seus clientes valorizam seu servi\u00e7o, comparar sua oferta com a concorr\u00eancia e identificar as necessidades de clientes em potencial.<\/p>\n<p class=\"p1\"><strong>N\u00f3s vamos:<\/strong><\/p>\n<ul>\n<li class=\"p1\">Entrevistar seus <a href=\"https:\/\/gatewaypartners.eu\/br\/servicos\/pesquisa-fornecedores\/\">clientes em potencial<\/a> para <a href=\"https:\/\/gatewaypartners.eu\/br\/servicos\/export-brand-development\/\">entender as necessidades do mercado<\/a> e sua adequa\u00e7\u00e3o usando as metodologias Focus groups, Face a face, CATI ou CAPI.<\/li>\n<li class=\"p1\">Realizar entrevistas com seus clientes existentes para identificar seus pontos fortes e \u00e1reas de melhoria<\/li>\n<li class=\"p1\">Comparar sua oferta com a concorr\u00eancia existente<\/li>\n<li class=\"p1\">Recomendar desenvolvimentos para atender \u00e0s necessidades dos clientes existentes e novos<\/li>\n<\/ul>\n<h2><strong>Monitoramento de Leads de Mercado e Vendas<\/strong><\/h2>\n<p class=\"p1\">Reunimos novos <a href=\"https:\/\/gatewaypartners.eu\/br\/servicos\/export-intelligence\/\">insights de mercado<\/a> sobre os principais desenvolvimentos de seus clientes, concorrentes e tend\u00eancias da ind\u00fastria em seus mercados estrat\u00e9gicos. Assim, ajudando voc\u00ea a se manter atualizado, tomar decis\u00f5es estrat\u00e9gicas e agir.<\/p>\n<p class=\"p1\"><strong>N\u00f3s vamos:<\/strong><\/p>\n<ul>\n<li class=\"p1\">Identificar quais informa\u00e7\u00f5es s\u00e3o relevantes para voc\u00ea monitorar continuamente \u2013 mensalmente, trimestralmente ou anualmente<\/li>\n<li class=\"p1\">Reunir informa\u00e7\u00f5es de fontes locais em v\u00e1rios mercados<\/li>\n<li class=\"p1\">Resumir e fornecer informa\u00e7\u00f5es comerciais relevantes para voc\u00ea em um formato compacto<\/li>\n<\/ul>\n","protected":false},"excerpt":{"rendered":"<p>Pesquisa de mercado e vis\u00e3o geral<br \/>\nPesquisas Qualitativas e Quantitativas com Clientes e Benchmarking de Concorrentes<br \/>\nMonitoramento de Leads de Mercado e Vendas<\/p>\n","protected":false},"author":1,"featured_media":177,"parent":67,"menu_order":2,"comment_status":"closed","ping_status":"closed","template":"template-service.php","meta":{"inline_featured_image":false,"footnotes":""},"class_list":["post-628","page","type-page","status-publish","has-post-thumbnail","hentry"],"acf":[],"yoast_head":"<!-- This site is optimized with the Yoast SEO plugin v20.2.1 - https:\/\/yoast.com\/wordpress\/plugins\/seo\/ -->\n<title>Market Intelligence | Gateway &amp; Partners<\/title>\n<meta name=\"description\" content=\"We offer Market Intelligence services, including Market Research and Analysis, Qualitative and Quantitative Customer Surveys, Market and Sales Lead Monitoring.\" \/>\n<meta name=\"robots\" content=\"index, follow, max-snippet:-1, max-image-preview:large, max-video-preview:-1\" \/>\n<link rel=\"canonical\" href=\"https:\/\/gatewaypartners.eu\/br\/servicos\/market-intelligence\/\" \/>\n<meta property=\"og:locale\" content=\"pt_BR\" \/>\n<meta property=\"og:type\" content=\"article\" \/>\n<meta property=\"og:title\" content=\"Market Intelligence | Gateway &amp; Partners\" \/>\n<meta property=\"og:description\" content=\"We offer Market Intelligence services, including Market Research and Analysis, Qualitative and Quantitative Customer Surveys, Market and Sales Lead Monitoring.\" \/>\n<meta property=\"og:url\" content=\"https:\/\/gatewaypartners.eu\/br\/servicos\/market-intelligence\/\" \/>\n<meta property=\"og:site_name\" content=\"Gateway &amp; Partners\" \/>\n<meta property=\"article:modified_time\" content=\"2023-09-22T06:18:36+00:00\" \/>\n<meta property=\"og:image\" content=\"https:\/\/gatewaypartners.eu\/br\/wp-content\/uploads\/sites\/10\/2016\/11\/Market_intelligence-airport-1640407.jpg\" \/>\n\t<meta property=\"og:image:width\" content=\"2048\" \/>\n\t<meta property=\"og:image:height\" content=\"1536\" \/>\n\t<meta property=\"og:image:type\" content=\"image\/jpeg\" \/>\n<meta name=\"twitter:card\" content=\"summary_large_image\" \/>\n<script type=\"application\/ld+json\" class=\"yoast-schema-graph\">{\"@context\":\"https:\/\/schema.org\",\"@graph\":[{\"@type\":\"WebPage\",\"@id\":\"https:\/\/gatewaypartners.eu\/br\/servicos\/market-intelligence\/\",\"url\":\"https:\/\/gatewaypartners.eu\/br\/servicos\/market-intelligence\/\",\"name\":\"Market Intelligence | Gateway & Partners\",\"isPartOf\":{\"@id\":\"https:\/\/gatewaypartners.eu\/br\/#website\"},\"datePublished\":\"2022-02-18T11:07:37+00:00\",\"dateModified\":\"2023-09-22T06:18:36+00:00\",\"description\":\"We offer Market Intelligence services, including Market Research and Analysis, Qualitative and Quantitative Customer Surveys, Market and Sales Lead Monitoring.\",\"breadcrumb\":{\"@id\":\"https:\/\/gatewaypartners.eu\/br\/servicos\/market-intelligence\/#breadcrumb\"},\"inLanguage\":\"pt-BR\",\"potentialAction\":[{\"@type\":\"ReadAction\",\"target\":[\"https:\/\/gatewaypartners.eu\/br\/servicos\/market-intelligence\/\"]}]},{\"@type\":\"BreadcrumbList\",\"@id\":\"https:\/\/gatewaypartners.eu\/br\/servicos\/market-intelligence\/#breadcrumb\",\"itemListElement\":[{\"@type\":\"ListItem\",\"position\":1,\"name\":\"Servi\u00e7os\",\"item\":\"https:\/\/gatewaypartners.eu\/br\/servicos\/\"},{\"@type\":\"ListItem\",\"position\":2,\"name\":\"Market Intelligence\"}]},{\"@type\":\"WebSite\",\"@id\":\"https:\/\/gatewaypartners.eu\/br\/#website\",\"url\":\"https:\/\/gatewaypartners.eu\/br\/\",\"name\":\"Gateway &amp; Partners\",\"description\":\"Your Export Powerhouse\",\"potentialAction\":[{\"@type\":\"SearchAction\",\"target\":{\"@type\":\"EntryPoint\",\"urlTemplate\":\"https:\/\/gatewaypartners.eu\/br\/?s={search_term_string}\"},\"query-input\":\"required name=search_term_string\"}],\"inLanguage\":\"pt-BR\"}]}<\/script>\n<!-- \/ Yoast SEO plugin. -->","yoast_head_json":{"title":"Market Intelligence | Gateway & Partners","description":"We offer Market Intelligence services, including Market Research and Analysis, Qualitative and Quantitative Customer Surveys, Market and Sales Lead Monitoring.","robots":{"index":"index","follow":"follow","max-snippet":"max-snippet:-1","max-image-preview":"max-image-preview:large","max-video-preview":"max-video-preview:-1"},"canonical":"https:\/\/gatewaypartners.eu\/br\/servicos\/market-intelligence\/","og_locale":"pt_BR","og_type":"article","og_title":"Market Intelligence | Gateway & Partners","og_description":"We offer Market Intelligence services, including Market Research and Analysis, Qualitative and Quantitative Customer Surveys, Market and Sales Lead Monitoring.","og_url":"https:\/\/gatewaypartners.eu\/br\/servicos\/market-intelligence\/","og_site_name":"Gateway &amp; Partners","article_modified_time":"2023-09-22T06:18:36+00:00","og_image":[{"width":2048,"height":1536,"url":"https:\/\/gatewaypartners.eu\/br\/wp-content\/uploads\/sites\/10\/2016\/11\/Market_intelligence-airport-1640407.jpg","type":"image\/jpeg"}],"twitter_card":"summary_large_image","schema":{"@context":"https:\/\/schema.org","@graph":[{"@type":"WebPage","@id":"https:\/\/gatewaypartners.eu\/br\/servicos\/market-intelligence\/","url":"https:\/\/gatewaypartners.eu\/br\/servicos\/market-intelligence\/","name":"Market Intelligence | Gateway & Partners","isPartOf":{"@id":"https:\/\/gatewaypartners.eu\/br\/#website"},"datePublished":"2022-02-18T11:07:37+00:00","dateModified":"2023-09-22T06:18:36+00:00","description":"We offer Market Intelligence services, including Market Research and Analysis, Qualitative and Quantitative Customer Surveys, Market and Sales Lead Monitoring.","breadcrumb":{"@id":"https:\/\/gatewaypartners.eu\/br\/servicos\/market-intelligence\/#breadcrumb"},"inLanguage":"pt-BR","potentialAction":[{"@type":"ReadAction","target":["https:\/\/gatewaypartners.eu\/br\/servicos\/market-intelligence\/"]}]},{"@type":"BreadcrumbList","@id":"https:\/\/gatewaypartners.eu\/br\/servicos\/market-intelligence\/#breadcrumb","itemListElement":[{"@type":"ListItem","position":1,"name":"Servi\u00e7os","item":"https:\/\/gatewaypartners.eu\/br\/servicos\/"},{"@type":"ListItem","position":2,"name":"Market Intelligence"}]},{"@type":"WebSite","@id":"https:\/\/gatewaypartners.eu\/br\/#website","url":"https:\/\/gatewaypartners.eu\/br\/","name":"Gateway &amp; Partners","description":"Your Export Powerhouse","potentialAction":[{"@type":"SearchAction","target":{"@type":"EntryPoint","urlTemplate":"https:\/\/gatewaypartners.eu\/br\/?s={search_term_string}"},"query-input":"required name=search_term_string"}],"inLanguage":"pt-BR"}]}},"_links":{"self":[{"href":"https:\/\/gatewaypartners.eu\/br\/wp-json\/wp\/v2\/pages\/628","targetHints":{"allow":["GET"]}}],"collection":[{"href":"https:\/\/gatewaypartners.eu\/br\/wp-json\/wp\/v2\/pages"}],"about":[{"href":"https:\/\/gatewaypartners.eu\/br\/wp-json\/wp\/v2\/types\/page"}],"author":[{"embeddable":true,"href":"https:\/\/gatewaypartners.eu\/br\/wp-json\/wp\/v2\/users\/1"}],"replies":[{"embeddable":true,"href":"https:\/\/gatewaypartners.eu\/br\/wp-json\/wp\/v2\/comments?post=628"}],"version-history":[{"count":18,"href":"https:\/\/gatewaypartners.eu\/br\/wp-json\/wp\/v2\/pages\/628\/revisions"}],"predecessor-version":[{"id":2713,"href":"https:\/\/gatewaypartners.eu\/br\/wp-json\/wp\/v2\/pages\/628\/revisions\/2713"}],"up":[{"embeddable":true,"href":"https:\/\/gatewaypartners.eu\/br\/wp-json\/wp\/v2\/pages\/67"}],"wp:featuredmedia":[{"embeddable":true,"href":"https:\/\/gatewaypartners.eu\/br\/wp-json\/wp\/v2\/media\/177"}],"wp:attachment":[{"href":"https:\/\/gatewaypartners.eu\/br\/wp-json\/wp\/v2\/media?parent=628"}],"curies":[{"name":"wp","href":"https:\/\/api.w.org\/{rel}","templated":true}]}}