{"id":630,"date":"2022-02-18T12:08:40","date_gmt":"2022-02-18T10:08:40","guid":{"rendered":"http:\/\/gatewaypartners.eu\/?page_id=630"},"modified":"2023-09-22T09:17:08","modified_gmt":"2023-09-22T06:17:08","slug":"export-intelligence","status":"publish","type":"page","link":"https:\/\/gatewaypartners.eu\/br\/servicos\/export-intelligence\/","title":{"rendered":"Export Intelligence"},"content":{"rendered":"<h2><strong>Atra\u00e7\u00e3o de parceiros de vendas<\/strong><\/h2>\n<p class=\"p1\">Apresentaremos sua empresa a parceiros em potencial em seus <a href=\"https:\/\/gatewaypartners.eu\/br\/servicos\/market-intelligence\/\">mercados-alvo<\/a>, identificaremos leads de vendas e marcaremos reuni\u00f5es de vendas.<\/p>\n<p><strong>N\u00f3s vamos:<\/strong><\/p>\n<ul>\n<li>\n<p class=\"p1\">Identificar os canais de vendas certos<\/p>\n<\/li>\n<li>\n<p class=\"p1\">Apresentar seu produto a potenciais parceiros e clientes no mercado-alvo<\/p>\n<\/li>\n<li>\n<p class=\"p1\">Organizar reuni\u00f5es de neg\u00f3cios com <a href=\"https:\/\/gatewaypartners.eu\/br\/servicos\/pesquisa-fornecedores\/\">potenciais parceiros de vendas<\/a> e clientes no mercado<\/p>\n<\/li>\n<li>\n<p class=\"p1\">Organizar todos os preparativos pr\u00e1ticos para uma excelente visita<\/p>\n<\/li>\n<\/ul>\n<h2><strong>Eventos B2B Match-making<\/strong><\/h2>\n<p class=\"p1\">Organizamos eventos de matchmaking para grupos de empresas interessadas em <a href=\"https:\/\/gatewaypartners.eu\/br\/servicos\/export-brand-development\/\">desenvolver novas parcerias de exporta\u00e7\u00e3o<\/a>.<\/p>\n<p class=\"p1\"><strong>N\u00f3s vamos:<\/strong><\/p>\n<ul>\n<li>\n<p class=\"p1\">Organizar um evento de matchmaking B2B para um grupo de empresas<\/p>\n<\/li>\n<li>\n<p class=\"p1\">Organizar <a href=\"https:\/\/gatewaypartners.eu\/br\/servicos\/market-intelligence\/\">reuni\u00f5es de vendas<\/a> individuais para os participantes<\/p>\n<\/li>\n<li>\n<p class=\"p1\">Realizar um semin\u00e1rio ou visita de estudo no mercado-alvo<\/p>\n<\/li>\n<li>\n<p class=\"p1\">Organizar todos os preparativos pr\u00e1ticos para uma excelente visita<\/p>\n<\/li>\n<\/ul>\n<h2><strong>Gerenciamento de exporta\u00e7\u00e3o<\/strong><\/h2>\n<p class=\"p1\">Durante o servi\u00e7o de gerenciamento de exporta\u00e7\u00e3o, atuaremos como seus gerentes externos de vendas de exporta\u00e7\u00e3o.<\/p>\n<p class=\"p1\"><strong>N\u00f3s vamos:<\/strong><\/p>\n<ul>\n<li class=\"p1\">Trabalhar com o <a href=\"https:\/\/gatewaypartners.eu\/br\/servicos\/export-education\/\">desenvolvimento de suas vendas de exporta\u00e7\u00e3o<\/a> de forma cont\u00ednua<\/li>\n<li class=\"p1\">Desenvolver relacionamento com o cliente, incluindo responsabilidade pela comunica\u00e7\u00e3o e negocia\u00e7\u00f5es sobre pre\u00e7os e prazos de entrega<\/li>\n<li class=\"p1\">Desenvolver novos produtos para mercados de exporta\u00e7\u00e3o junto com voc\u00ea<\/li>\n<\/ul>\n","protected":false},"excerpt":{"rendered":"<p>Parceiros de vendas e atra\u00e7\u00e3o de clientes<br \/>\nEventos B2B Match-making<br \/>\nGerenciamento de exporta\u00e7\u00e3o<\/p>\n","protected":false},"author":1,"featured_media":197,"parent":67,"menu_order":1,"comment_status":"closed","ping_status":"closed","template":"template-service.php","meta":{"inline_featured_image":false,"footnotes":""},"class_list":["post-630","page","type-page","status-publish","has-post-thumbnail","hentry"],"acf":[],"yoast_head":"<!-- This site is optimized with the Yoast SEO plugin v20.2.1 - https:\/\/yoast.com\/wordpress\/plugins\/seo\/ -->\n<title>Export Management | Gateway &amp; Partners<\/title>\n<meta name=\"description\" content=\"We will introduce your product to potential partners and clients, organize match making events, work with your export sales development. See full services here!\" \/>\n<meta name=\"robots\" content=\"index, follow, max-snippet:-1, max-image-preview:large, max-video-preview:-1\" \/>\n<link rel=\"canonical\" href=\"https:\/\/gatewaypartners.eu\/br\/servicos\/export-intelligence\/\" \/>\n<meta property=\"og:locale\" content=\"pt_BR\" \/>\n<meta property=\"og:type\" content=\"article\" \/>\n<meta property=\"og:title\" content=\"Export Management | Gateway &amp; Partners\" \/>\n<meta property=\"og:description\" content=\"We will introduce your product to potential partners and clients, organize match making events, work with your export sales development. See full services here!\" \/>\n<meta property=\"og:url\" content=\"https:\/\/gatewaypartners.eu\/br\/servicos\/export-intelligence\/\" \/>\n<meta property=\"og:site_name\" content=\"Gateway &amp; Partners\" \/>\n<meta property=\"article:modified_time\" content=\"2023-09-22T06:17:08+00:00\" \/>\n<meta property=\"og:image\" content=\"https:\/\/gatewaypartners.eu\/br\/wp-content\/uploads\/sites\/10\/2016\/11\/Export_intelligence_airport-1497690_1920.jpg\" \/>\n\t<meta property=\"og:image:width\" content=\"1920\" \/>\n\t<meta property=\"og:image:height\" content=\"1285\" \/>\n\t<meta property=\"og:image:type\" content=\"image\/jpeg\" \/>\n<meta name=\"twitter:card\" content=\"summary_large_image\" \/>\n<script type=\"application\/ld+json\" class=\"yoast-schema-graph\">{\"@context\":\"https:\/\/schema.org\",\"@graph\":[{\"@type\":\"WebPage\",\"@id\":\"https:\/\/gatewaypartners.eu\/br\/servicos\/export-intelligence\/\",\"url\":\"https:\/\/gatewaypartners.eu\/br\/servicos\/export-intelligence\/\",\"name\":\"Export Management | Gateway & Partners\",\"isPartOf\":{\"@id\":\"https:\/\/gatewaypartners.eu\/br\/#website\"},\"datePublished\":\"2022-02-18T10:08:40+00:00\",\"dateModified\":\"2023-09-22T06:17:08+00:00\",\"description\":\"We will introduce your product to potential partners and clients, organize match making events, work with your export sales development. See full services here!\",\"breadcrumb\":{\"@id\":\"https:\/\/gatewaypartners.eu\/br\/servicos\/export-intelligence\/#breadcrumb\"},\"inLanguage\":\"pt-BR\",\"potentialAction\":[{\"@type\":\"ReadAction\",\"target\":[\"https:\/\/gatewaypartners.eu\/br\/servicos\/export-intelligence\/\"]}]},{\"@type\":\"BreadcrumbList\",\"@id\":\"https:\/\/gatewaypartners.eu\/br\/servicos\/export-intelligence\/#breadcrumb\",\"itemListElement\":[{\"@type\":\"ListItem\",\"position\":1,\"name\":\"Servi\u00e7os\",\"item\":\"https:\/\/gatewaypartners.eu\/br\/servicos\/\"},{\"@type\":\"ListItem\",\"position\":2,\"name\":\"Export Intelligence\"}]},{\"@type\":\"WebSite\",\"@id\":\"https:\/\/gatewaypartners.eu\/br\/#website\",\"url\":\"https:\/\/gatewaypartners.eu\/br\/\",\"name\":\"Gateway &amp; Partners\",\"description\":\"Your Export Powerhouse\",\"potentialAction\":[{\"@type\":\"SearchAction\",\"target\":{\"@type\":\"EntryPoint\",\"urlTemplate\":\"https:\/\/gatewaypartners.eu\/br\/?s={search_term_string}\"},\"query-input\":\"required name=search_term_string\"}],\"inLanguage\":\"pt-BR\"}]}<\/script>\n<!-- \/ Yoast SEO plugin. -->","yoast_head_json":{"title":"Export Management | Gateway & Partners","description":"We will introduce your product to potential partners and clients, organize match making events, work with your export sales development. See full services here!","robots":{"index":"index","follow":"follow","max-snippet":"max-snippet:-1","max-image-preview":"max-image-preview:large","max-video-preview":"max-video-preview:-1"},"canonical":"https:\/\/gatewaypartners.eu\/br\/servicos\/export-intelligence\/","og_locale":"pt_BR","og_type":"article","og_title":"Export Management | Gateway & Partners","og_description":"We will introduce your product to potential partners and clients, organize match making events, work with your export sales development. See full services here!","og_url":"https:\/\/gatewaypartners.eu\/br\/servicos\/export-intelligence\/","og_site_name":"Gateway &amp; Partners","article_modified_time":"2023-09-22T06:17:08+00:00","og_image":[{"width":1920,"height":1285,"url":"https:\/\/gatewaypartners.eu\/br\/wp-content\/uploads\/sites\/10\/2016\/11\/Export_intelligence_airport-1497690_1920.jpg","type":"image\/jpeg"}],"twitter_card":"summary_large_image","schema":{"@context":"https:\/\/schema.org","@graph":[{"@type":"WebPage","@id":"https:\/\/gatewaypartners.eu\/br\/servicos\/export-intelligence\/","url":"https:\/\/gatewaypartners.eu\/br\/servicos\/export-intelligence\/","name":"Export Management | Gateway & Partners","isPartOf":{"@id":"https:\/\/gatewaypartners.eu\/br\/#website"},"datePublished":"2022-02-18T10:08:40+00:00","dateModified":"2023-09-22T06:17:08+00:00","description":"We will introduce your product to potential partners and clients, organize match making events, work with your export sales development. See full services here!","breadcrumb":{"@id":"https:\/\/gatewaypartners.eu\/br\/servicos\/export-intelligence\/#breadcrumb"},"inLanguage":"pt-BR","potentialAction":[{"@type":"ReadAction","target":["https:\/\/gatewaypartners.eu\/br\/servicos\/export-intelligence\/"]}]},{"@type":"BreadcrumbList","@id":"https:\/\/gatewaypartners.eu\/br\/servicos\/export-intelligence\/#breadcrumb","itemListElement":[{"@type":"ListItem","position":1,"name":"Servi\u00e7os","item":"https:\/\/gatewaypartners.eu\/br\/servicos\/"},{"@type":"ListItem","position":2,"name":"Export Intelligence"}]},{"@type":"WebSite","@id":"https:\/\/gatewaypartners.eu\/br\/#website","url":"https:\/\/gatewaypartners.eu\/br\/","name":"Gateway &amp; Partners","description":"Your Export Powerhouse","potentialAction":[{"@type":"SearchAction","target":{"@type":"EntryPoint","urlTemplate":"https:\/\/gatewaypartners.eu\/br\/?s={search_term_string}"},"query-input":"required name=search_term_string"}],"inLanguage":"pt-BR"}]}},"_links":{"self":[{"href":"https:\/\/gatewaypartners.eu\/br\/wp-json\/wp\/v2\/pages\/630","targetHints":{"allow":["GET"]}}],"collection":[{"href":"https:\/\/gatewaypartners.eu\/br\/wp-json\/wp\/v2\/pages"}],"about":[{"href":"https:\/\/gatewaypartners.eu\/br\/wp-json\/wp\/v2\/types\/page"}],"author":[{"embeddable":true,"href":"https:\/\/gatewaypartners.eu\/br\/wp-json\/wp\/v2\/users\/1"}],"replies":[{"embeddable":true,"href":"https:\/\/gatewaypartners.eu\/br\/wp-json\/wp\/v2\/comments?post=630"}],"version-history":[{"count":13,"href":"https:\/\/gatewaypartners.eu\/br\/wp-json\/wp\/v2\/pages\/630\/revisions"}],"predecessor-version":[{"id":2712,"href":"https:\/\/gatewaypartners.eu\/br\/wp-json\/wp\/v2\/pages\/630\/revisions\/2712"}],"up":[{"embeddable":true,"href":"https:\/\/gatewaypartners.eu\/br\/wp-json\/wp\/v2\/pages\/67"}],"wp:featuredmedia":[{"embeddable":true,"href":"https:\/\/gatewaypartners.eu\/br\/wp-json\/wp\/v2\/media\/197"}],"wp:attachment":[{"href":"https:\/\/gatewaypartners.eu\/br\/wp-json\/wp\/v2\/media?parent=630"}],"curies":[{"name":"wp","href":"https:\/\/api.w.org\/{rel}","templated":true}]}}