{"id":632,"date":"2017-02-18T00:17:57","date_gmt":"2017-02-17T22:17:57","guid":{"rendered":"http:\/\/gatewaypartners.eu\/?page_id=632"},"modified":"2023-09-13T11:39:13","modified_gmt":"2023-09-13T08:39:13","slug":"design-estilo-roupas","status":"publish","type":"page","link":"https:\/\/gatewaypartners.eu\/br\/insdustrias\/design-estilo-roupas\/","title":{"rendered":"Design, Estilo de vida e Roupas"},"content":{"rendered":"","protected":false},"excerpt":{"rendered":"<p>As empresas criativas geralmente s\u00e3o pequenas e focadas na cria\u00e7\u00e3o de produtos maravilhosos. Nossa equipe tem o prazer de ajudar essas empresas a desenvolver vendas internacionalmente e apresentar coisas mais legais para o mundo!<\/p>\n","protected":false},"author":1,"featured_media":190,"parent":69,"menu_order":9,"comment_status":"closed","ping_status":"closed","template":"template-industry.php","meta":{"inline_featured_image":false,"footnotes":""},"class_list":["post-632","page","type-page","status-publish","has-post-thumbnail","hentry"],"acf":[],"yoast_head":"<!-- This site is optimized with the Yoast SEO plugin v20.2.1 - https:\/\/yoast.com\/wordpress\/plugins\/seo\/ -->\n<title>Design, Lifestyle &amp; Clothing | Gateway &amp; Partners<\/title>\n<meta name=\"description\" content=\"Our team is happy to help small businesses develop international sales. Find out what our Design, Lifestyle and Clothing clients have to say about us!\" \/>\n<meta name=\"robots\" content=\"index, follow, max-snippet:-1, max-image-preview:large, max-video-preview:-1\" \/>\n<link rel=\"canonical\" href=\"https:\/\/gatewaypartners.eu\/br\/insdustrias\/design-estilo-roupas\/\" \/>\n<meta property=\"og:locale\" content=\"pt_BR\" \/>\n<meta property=\"og:type\" content=\"article\" \/>\n<meta property=\"og:title\" content=\"Design, Lifestyle &amp; Clothing | Gateway &amp; Partners\" \/>\n<meta property=\"og:description\" content=\"Our team is happy to help small businesses develop international sales. Find out what our Design, Lifestyle and Clothing clients have to say about us!\" \/>\n<meta property=\"og:url\" content=\"https:\/\/gatewaypartners.eu\/br\/insdustrias\/design-estilo-roupas\/\" \/>\n<meta property=\"og:site_name\" content=\"Gateway &amp; Partners\" \/>\n<meta property=\"article:modified_time\" content=\"2023-09-13T08:39:13+00:00\" \/>\n<meta property=\"og:image\" content=\"https:\/\/gatewaypartners.eu\/br\/wp-content\/uploads\/sites\/10\/2016\/11\/Design-thread-931889_1920.jpg\" \/>\n\t<meta property=\"og:image:width\" content=\"1920\" \/>\n\t<meta property=\"og:image:height\" content=\"1439\" \/>\n\t<meta property=\"og:image:type\" content=\"image\/jpeg\" \/>\n<meta name=\"twitter:card\" content=\"summary_large_image\" \/>\n<script type=\"application\/ld+json\" class=\"yoast-schema-graph\">{\"@context\":\"https:\/\/schema.org\",\"@graph\":[{\"@type\":\"WebPage\",\"@id\":\"https:\/\/gatewaypartners.eu\/br\/insdustrias\/design-estilo-roupas\/\",\"url\":\"https:\/\/gatewaypartners.eu\/br\/insdustrias\/design-estilo-roupas\/\",\"name\":\"Design, Lifestyle & Clothing | Gateway & Partners\",\"isPartOf\":{\"@id\":\"https:\/\/gatewaypartners.eu\/br\/#website\"},\"datePublished\":\"2017-02-17T22:17:57+00:00\",\"dateModified\":\"2023-09-13T08:39:13+00:00\",\"description\":\"Our team is happy to help small businesses develop international sales. Find out what our Design, Lifestyle and Clothing clients have to say about us!\",\"breadcrumb\":{\"@id\":\"https:\/\/gatewaypartners.eu\/br\/insdustrias\/design-estilo-roupas\/#breadcrumb\"},\"inLanguage\":\"pt-BR\",\"potentialAction\":[{\"@type\":\"ReadAction\",\"target\":[\"https:\/\/gatewaypartners.eu\/br\/insdustrias\/design-estilo-roupas\/\"]}]},{\"@type\":\"BreadcrumbList\",\"@id\":\"https:\/\/gatewaypartners.eu\/br\/insdustrias\/design-estilo-roupas\/#breadcrumb\",\"itemListElement\":[{\"@type\":\"ListItem\",\"position\":1,\"name\":\"Insd\u00fastrias\",\"item\":\"https:\/\/gatewaypartners.eu\/br\/insdustrias\/\"},{\"@type\":\"ListItem\",\"position\":2,\"name\":\"Design, Estilo de vida e Roupas\"}]},{\"@type\":\"WebSite\",\"@id\":\"https:\/\/gatewaypartners.eu\/br\/#website\",\"url\":\"https:\/\/gatewaypartners.eu\/br\/\",\"name\":\"Gateway &amp; Partners\",\"description\":\"Your Export Powerhouse\",\"potentialAction\":[{\"@type\":\"SearchAction\",\"target\":{\"@type\":\"EntryPoint\",\"urlTemplate\":\"https:\/\/gatewaypartners.eu\/br\/?s={search_term_string}\"},\"query-input\":\"required name=search_term_string\"}],\"inLanguage\":\"pt-BR\"}]}<\/script>\n<!-- \/ Yoast SEO plugin. -->","yoast_head_json":{"title":"Design, Lifestyle & Clothing | Gateway & Partners","description":"Our team is happy to help small businesses develop international sales. Find out what our Design, Lifestyle and Clothing clients have to say about us!","robots":{"index":"index","follow":"follow","max-snippet":"max-snippet:-1","max-image-preview":"max-image-preview:large","max-video-preview":"max-video-preview:-1"},"canonical":"https:\/\/gatewaypartners.eu\/br\/insdustrias\/design-estilo-roupas\/","og_locale":"pt_BR","og_type":"article","og_title":"Design, Lifestyle & Clothing | Gateway & Partners","og_description":"Our team is happy to help small businesses develop international sales. Find out what our Design, Lifestyle and Clothing clients have to say about us!","og_url":"https:\/\/gatewaypartners.eu\/br\/insdustrias\/design-estilo-roupas\/","og_site_name":"Gateway &amp; Partners","article_modified_time":"2023-09-13T08:39:13+00:00","og_image":[{"width":1920,"height":1439,"url":"https:\/\/gatewaypartners.eu\/br\/wp-content\/uploads\/sites\/10\/2016\/11\/Design-thread-931889_1920.jpg","type":"image\/jpeg"}],"twitter_card":"summary_large_image","schema":{"@context":"https:\/\/schema.org","@graph":[{"@type":"WebPage","@id":"https:\/\/gatewaypartners.eu\/br\/insdustrias\/design-estilo-roupas\/","url":"https:\/\/gatewaypartners.eu\/br\/insdustrias\/design-estilo-roupas\/","name":"Design, Lifestyle & Clothing | Gateway & Partners","isPartOf":{"@id":"https:\/\/gatewaypartners.eu\/br\/#website"},"datePublished":"2017-02-17T22:17:57+00:00","dateModified":"2023-09-13T08:39:13+00:00","description":"Our team is happy to help small businesses develop international sales. Find out what our Design, Lifestyle and Clothing clients have to say about us!","breadcrumb":{"@id":"https:\/\/gatewaypartners.eu\/br\/insdustrias\/design-estilo-roupas\/#breadcrumb"},"inLanguage":"pt-BR","potentialAction":[{"@type":"ReadAction","target":["https:\/\/gatewaypartners.eu\/br\/insdustrias\/design-estilo-roupas\/"]}]},{"@type":"BreadcrumbList","@id":"https:\/\/gatewaypartners.eu\/br\/insdustrias\/design-estilo-roupas\/#breadcrumb","itemListElement":[{"@type":"ListItem","position":1,"name":"Insd\u00fastrias","item":"https:\/\/gatewaypartners.eu\/br\/insdustrias\/"},{"@type":"ListItem","position":2,"name":"Design, Estilo de vida e Roupas"}]},{"@type":"WebSite","@id":"https:\/\/gatewaypartners.eu\/br\/#website","url":"https:\/\/gatewaypartners.eu\/br\/","name":"Gateway &amp; Partners","description":"Your Export Powerhouse","potentialAction":[{"@type":"SearchAction","target":{"@type":"EntryPoint","urlTemplate":"https:\/\/gatewaypartners.eu\/br\/?s={search_term_string}"},"query-input":"required name=search_term_string"}],"inLanguage":"pt-BR"}]}},"_links":{"self":[{"href":"https:\/\/gatewaypartners.eu\/br\/wp-json\/wp\/v2\/pages\/632","targetHints":{"allow":["GET"]}}],"collection":[{"href":"https:\/\/gatewaypartners.eu\/br\/wp-json\/wp\/v2\/pages"}],"about":[{"href":"https:\/\/gatewaypartners.eu\/br\/wp-json\/wp\/v2\/types\/page"}],"author":[{"embeddable":true,"href":"https:\/\/gatewaypartners.eu\/br\/wp-json\/wp\/v2\/users\/1"}],"replies":[{"embeddable":true,"href":"https:\/\/gatewaypartners.eu\/br\/wp-json\/wp\/v2\/comments?post=632"}],"version-history":[{"count":2,"href":"https:\/\/gatewaypartners.eu\/br\/wp-json\/wp\/v2\/pages\/632\/revisions"}],"predecessor-version":[{"id":2603,"href":"https:\/\/gatewaypartners.eu\/br\/wp-json\/wp\/v2\/pages\/632\/revisions\/2603"}],"up":[{"embeddable":true,"href":"https:\/\/gatewaypartners.eu\/br\/wp-json\/wp\/v2\/pages\/69"}],"wp:featuredmedia":[{"embeddable":true,"href":"https:\/\/gatewaypartners.eu\/br\/wp-json\/wp\/v2\/media\/190"}],"wp:attachment":[{"href":"https:\/\/gatewaypartners.eu\/br\/wp-json\/wp\/v2\/media?parent=632"}],"curies":[{"name":"wp","href":"https:\/\/api.w.org\/{rel}","templated":true}]}}