{"id":634,"date":"2017-02-18T00:20:42","date_gmt":"2017-02-17T22:20:42","guid":{"rendered":"http:\/\/gatewaypartners.eu\/?page_id=634"},"modified":"2023-09-13T11:40:12","modified_gmt":"2023-09-13T08:40:12","slug":"ti-teconologias","status":"publish","type":"page","link":"https:\/\/gatewaypartners.eu\/br\/insdustrias\/ti-teconologias\/","title":{"rendered":"TI e Teconologias"},"content":{"rendered":"","protected":false},"excerpt":{"rendered":"<p>Embora as empresas de TI operem digitalmente, as empresas de TI ainda precisam de parceiros e clientes B2B. Apoiamos empresas de tecnologia realizando pesquisas de mercado e encontrando-as para o desenvolvimento adequado e parceiros de neg\u00f3cios dos pa\u00edses n\u00f3rdicos \u00e0 \u00cdndia.<\/p>\n","protected":false},"author":1,"featured_media":199,"parent":69,"menu_order":8,"comment_status":"closed","ping_status":"closed","template":"template-industry.php","meta":{"inline_featured_image":false,"footnotes":""},"class_list":["post-634","page","type-page","status-publish","has-post-thumbnail","hentry"],"acf":[],"yoast_head":"<!-- This site is optimized with the Yoast SEO plugin v20.2.1 - https:\/\/yoast.com\/wordpress\/plugins\/seo\/ -->\n<title>IT &amp; Technologies | Gateway &amp; Partners<\/title>\n<meta name=\"description\" content=\"IT companies operate digitally, but they still need B2B partners and new customers. Find out what our IT customers say about us!\" \/>\n<meta name=\"robots\" content=\"index, follow, max-snippet:-1, max-image-preview:large, max-video-preview:-1\" \/>\n<link rel=\"canonical\" href=\"https:\/\/gatewaypartners.eu\/br\/insdustrias\/ti-teconologias\/\" \/>\n<meta property=\"og:locale\" content=\"pt_BR\" \/>\n<meta property=\"og:type\" content=\"article\" \/>\n<meta property=\"og:title\" content=\"IT &amp; Technologies | Gateway &amp; Partners\" \/>\n<meta property=\"og:description\" content=\"IT companies operate digitally, but they still need B2B partners and new customers. Find out what our IT customers say about us!\" \/>\n<meta property=\"og:url\" content=\"https:\/\/gatewaypartners.eu\/br\/insdustrias\/ti-teconologias\/\" \/>\n<meta property=\"og:site_name\" content=\"Gateway &amp; Partners\" \/>\n<meta property=\"article:modified_time\" content=\"2023-09-13T08:40:12+00:00\" \/>\n<meta property=\"og:image\" content=\"https:\/\/gatewaypartners.eu\/br\/wp-content\/uploads\/sites\/10\/2016\/11\/IT-mother-board-581597-3.jpg\" \/>\n\t<meta property=\"og:image:width\" content=\"2048\" \/>\n\t<meta property=\"og:image:height\" content=\"1536\" \/>\n\t<meta property=\"og:image:type\" content=\"image\/jpeg\" \/>\n<meta name=\"twitter:card\" content=\"summary_large_image\" \/>\n<script type=\"application\/ld+json\" class=\"yoast-schema-graph\">{\"@context\":\"https:\/\/schema.org\",\"@graph\":[{\"@type\":\"WebPage\",\"@id\":\"https:\/\/gatewaypartners.eu\/br\/insdustrias\/ti-teconologias\/\",\"url\":\"https:\/\/gatewaypartners.eu\/br\/insdustrias\/ti-teconologias\/\",\"name\":\"IT & Technologies | Gateway & Partners\",\"isPartOf\":{\"@id\":\"https:\/\/gatewaypartners.eu\/br\/#website\"},\"datePublished\":\"2017-02-17T22:20:42+00:00\",\"dateModified\":\"2023-09-13T08:40:12+00:00\",\"description\":\"IT companies operate digitally, but they still need B2B partners and new customers. Find out what our IT customers say about us!\",\"breadcrumb\":{\"@id\":\"https:\/\/gatewaypartners.eu\/br\/insdustrias\/ti-teconologias\/#breadcrumb\"},\"inLanguage\":\"pt-BR\",\"potentialAction\":[{\"@type\":\"ReadAction\",\"target\":[\"https:\/\/gatewaypartners.eu\/br\/insdustrias\/ti-teconologias\/\"]}]},{\"@type\":\"BreadcrumbList\",\"@id\":\"https:\/\/gatewaypartners.eu\/br\/insdustrias\/ti-teconologias\/#breadcrumb\",\"itemListElement\":[{\"@type\":\"ListItem\",\"position\":1,\"name\":\"Insd\u00fastrias\",\"item\":\"https:\/\/gatewaypartners.eu\/br\/insdustrias\/\"},{\"@type\":\"ListItem\",\"position\":2,\"name\":\"TI e Teconologias\"}]},{\"@type\":\"WebSite\",\"@id\":\"https:\/\/gatewaypartners.eu\/br\/#website\",\"url\":\"https:\/\/gatewaypartners.eu\/br\/\",\"name\":\"Gateway &amp; Partners\",\"description\":\"Your Export Powerhouse\",\"potentialAction\":[{\"@type\":\"SearchAction\",\"target\":{\"@type\":\"EntryPoint\",\"urlTemplate\":\"https:\/\/gatewaypartners.eu\/br\/?s={search_term_string}\"},\"query-input\":\"required name=search_term_string\"}],\"inLanguage\":\"pt-BR\"}]}<\/script>\n<!-- \/ Yoast SEO plugin. -->","yoast_head_json":{"title":"IT & Technologies | Gateway & Partners","description":"IT companies operate digitally, but they still need B2B partners and new customers. Find out what our IT customers say about us!","robots":{"index":"index","follow":"follow","max-snippet":"max-snippet:-1","max-image-preview":"max-image-preview:large","max-video-preview":"max-video-preview:-1"},"canonical":"https:\/\/gatewaypartners.eu\/br\/insdustrias\/ti-teconologias\/","og_locale":"pt_BR","og_type":"article","og_title":"IT & Technologies | Gateway & Partners","og_description":"IT companies operate digitally, but they still need B2B partners and new customers. Find out what our IT customers say about us!","og_url":"https:\/\/gatewaypartners.eu\/br\/insdustrias\/ti-teconologias\/","og_site_name":"Gateway &amp; Partners","article_modified_time":"2023-09-13T08:40:12+00:00","og_image":[{"width":2048,"height":1536,"url":"https:\/\/gatewaypartners.eu\/br\/wp-content\/uploads\/sites\/10\/2016\/11\/IT-mother-board-581597-3.jpg","type":"image\/jpeg"}],"twitter_card":"summary_large_image","schema":{"@context":"https:\/\/schema.org","@graph":[{"@type":"WebPage","@id":"https:\/\/gatewaypartners.eu\/br\/insdustrias\/ti-teconologias\/","url":"https:\/\/gatewaypartners.eu\/br\/insdustrias\/ti-teconologias\/","name":"IT & Technologies | Gateway & Partners","isPartOf":{"@id":"https:\/\/gatewaypartners.eu\/br\/#website"},"datePublished":"2017-02-17T22:20:42+00:00","dateModified":"2023-09-13T08:40:12+00:00","description":"IT companies operate digitally, but they still need B2B partners and new customers. Find out what our IT customers say about us!","breadcrumb":{"@id":"https:\/\/gatewaypartners.eu\/br\/insdustrias\/ti-teconologias\/#breadcrumb"},"inLanguage":"pt-BR","potentialAction":[{"@type":"ReadAction","target":["https:\/\/gatewaypartners.eu\/br\/insdustrias\/ti-teconologias\/"]}]},{"@type":"BreadcrumbList","@id":"https:\/\/gatewaypartners.eu\/br\/insdustrias\/ti-teconologias\/#breadcrumb","itemListElement":[{"@type":"ListItem","position":1,"name":"Insd\u00fastrias","item":"https:\/\/gatewaypartners.eu\/br\/insdustrias\/"},{"@type":"ListItem","position":2,"name":"TI e Teconologias"}]},{"@type":"WebSite","@id":"https:\/\/gatewaypartners.eu\/br\/#website","url":"https:\/\/gatewaypartners.eu\/br\/","name":"Gateway &amp; Partners","description":"Your Export Powerhouse","potentialAction":[{"@type":"SearchAction","target":{"@type":"EntryPoint","urlTemplate":"https:\/\/gatewaypartners.eu\/br\/?s={search_term_string}"},"query-input":"required name=search_term_string"}],"inLanguage":"pt-BR"}]}},"_links":{"self":[{"href":"https:\/\/gatewaypartners.eu\/br\/wp-json\/wp\/v2\/pages\/634","targetHints":{"allow":["GET"]}}],"collection":[{"href":"https:\/\/gatewaypartners.eu\/br\/wp-json\/wp\/v2\/pages"}],"about":[{"href":"https:\/\/gatewaypartners.eu\/br\/wp-json\/wp\/v2\/types\/page"}],"author":[{"embeddable":true,"href":"https:\/\/gatewaypartners.eu\/br\/wp-json\/wp\/v2\/users\/1"}],"replies":[{"embeddable":true,"href":"https:\/\/gatewaypartners.eu\/br\/wp-json\/wp\/v2\/comments?post=634"}],"version-history":[{"count":2,"href":"https:\/\/gatewaypartners.eu\/br\/wp-json\/wp\/v2\/pages\/634\/revisions"}],"predecessor-version":[{"id":2604,"href":"https:\/\/gatewaypartners.eu\/br\/wp-json\/wp\/v2\/pages\/634\/revisions\/2604"}],"up":[{"embeddable":true,"href":"https:\/\/gatewaypartners.eu\/br\/wp-json\/wp\/v2\/pages\/69"}],"wp:featuredmedia":[{"embeddable":true,"href":"https:\/\/gatewaypartners.eu\/br\/wp-json\/wp\/v2\/media\/199"}],"wp:attachment":[{"href":"https:\/\/gatewaypartners.eu\/br\/wp-json\/wp\/v2\/media?parent=634"}],"curies":[{"name":"wp","href":"https:\/\/api.w.org\/{rel}","templated":true}]}}