{"id":638,"date":"2017-02-18T00:25:04","date_gmt":"2017-02-17T22:25:04","guid":{"rendered":"http:\/\/gatewaypartners.eu\/?page_id=638"},"modified":"2023-09-13T11:41:58","modified_gmt":"2023-09-13T08:41:58","slug":"moveis-processamento-madeira","status":"publish","type":"page","link":"https:\/\/gatewaypartners.eu\/br\/insdustrias\/moveis-processamento-madeira\/","title":{"rendered":"M\u00f3veis e Processamento de Madeira"},"content":{"rendered":"","protected":false},"excerpt":{"rendered":"<p>O ouro verde da regi\u00e3o n\u00f3rdica s\u00e3o as florestas e tudo o que voc\u00ea pode produzir a partir da madeira. Levamos exportadores individuais e grupos de empresas da ind\u00fastria de processamento de madeira para diversos mercados e geramos neg\u00f3cios para o setor.<\/p>\n","protected":false},"author":1,"featured_media":189,"parent":69,"menu_order":6,"comment_status":"closed","ping_status":"closed","template":"template-industry.php","meta":{"inline_featured_image":false,"footnotes":""},"class_list":["post-638","page","type-page","status-publish","has-post-thumbnail","hentry"],"acf":[],"yoast_head":"<!-- This site is optimized with the Yoast SEO plugin v20.2.1 - https:\/\/yoast.com\/wordpress\/plugins\/seo\/ -->\n<title>Furniture &amp; Wood Processing | Gateway &amp; Partners<\/title>\n<meta name=\"description\" content=\"We have successfully developed the wood industry for export to various markets. Take a look what our Furniture and Wood Processing customers say about us!\" \/>\n<meta name=\"robots\" content=\"index, follow, max-snippet:-1, max-image-preview:large, max-video-preview:-1\" \/>\n<link rel=\"canonical\" href=\"https:\/\/gatewaypartners.eu\/br\/insdustrias\/moveis-processamento-madeira\/\" \/>\n<meta property=\"og:locale\" content=\"pt_BR\" \/>\n<meta property=\"og:type\" content=\"article\" \/>\n<meta property=\"og:title\" content=\"Furniture &amp; Wood Processing | Gateway &amp; Partners\" \/>\n<meta property=\"og:description\" content=\"We have successfully developed the wood industry for export to various markets. Take a look what our Furniture and Wood Processing customers say about us!\" \/>\n<meta property=\"og:url\" content=\"https:\/\/gatewaypartners.eu\/br\/insdustrias\/moveis-processamento-madeira\/\" \/>\n<meta property=\"og:site_name\" content=\"Gateway &amp; Partners\" \/>\n<meta property=\"article:modified_time\" content=\"2023-09-13T08:41:58+00:00\" \/>\n<meta property=\"og:image\" content=\"https:\/\/gatewaypartners.eu\/br\/wp-content\/uploads\/sites\/10\/2016\/11\/Furniture-table-690661.jpg\" \/>\n\t<meta property=\"og:image:width\" content=\"2048\" \/>\n\t<meta property=\"og:image:height\" content=\"1360\" \/>\n\t<meta property=\"og:image:type\" content=\"image\/jpeg\" \/>\n<meta name=\"twitter:card\" content=\"summary_large_image\" \/>\n<script type=\"application\/ld+json\" class=\"yoast-schema-graph\">{\"@context\":\"https:\/\/schema.org\",\"@graph\":[{\"@type\":\"WebPage\",\"@id\":\"https:\/\/gatewaypartners.eu\/br\/insdustrias\/moveis-processamento-madeira\/\",\"url\":\"https:\/\/gatewaypartners.eu\/br\/insdustrias\/moveis-processamento-madeira\/\",\"name\":\"Furniture & Wood Processing | Gateway & Partners\",\"isPartOf\":{\"@id\":\"https:\/\/gatewaypartners.eu\/br\/#website\"},\"datePublished\":\"2017-02-17T22:25:04+00:00\",\"dateModified\":\"2023-09-13T08:41:58+00:00\",\"description\":\"We have successfully developed the wood industry for export to various markets. Take a look what our Furniture and Wood Processing customers say about us!\",\"breadcrumb\":{\"@id\":\"https:\/\/gatewaypartners.eu\/br\/insdustrias\/moveis-processamento-madeira\/#breadcrumb\"},\"inLanguage\":\"pt-BR\",\"potentialAction\":[{\"@type\":\"ReadAction\",\"target\":[\"https:\/\/gatewaypartners.eu\/br\/insdustrias\/moveis-processamento-madeira\/\"]}]},{\"@type\":\"BreadcrumbList\",\"@id\":\"https:\/\/gatewaypartners.eu\/br\/insdustrias\/moveis-processamento-madeira\/#breadcrumb\",\"itemListElement\":[{\"@type\":\"ListItem\",\"position\":1,\"name\":\"Insd\u00fastrias\",\"item\":\"https:\/\/gatewaypartners.eu\/br\/insdustrias\/\"},{\"@type\":\"ListItem\",\"position\":2,\"name\":\"M\u00f3veis e Processamento de Madeira\"}]},{\"@type\":\"WebSite\",\"@id\":\"https:\/\/gatewaypartners.eu\/br\/#website\",\"url\":\"https:\/\/gatewaypartners.eu\/br\/\",\"name\":\"Gateway &amp; Partners\",\"description\":\"Your Export Powerhouse\",\"potentialAction\":[{\"@type\":\"SearchAction\",\"target\":{\"@type\":\"EntryPoint\",\"urlTemplate\":\"https:\/\/gatewaypartners.eu\/br\/?s={search_term_string}\"},\"query-input\":\"required name=search_term_string\"}],\"inLanguage\":\"pt-BR\"}]}<\/script>\n<!-- \/ Yoast SEO plugin. -->","yoast_head_json":{"title":"Furniture & Wood Processing | Gateway & Partners","description":"We have successfully developed the wood industry for export to various markets. Take a look what our Furniture and Wood Processing customers say about us!","robots":{"index":"index","follow":"follow","max-snippet":"max-snippet:-1","max-image-preview":"max-image-preview:large","max-video-preview":"max-video-preview:-1"},"canonical":"https:\/\/gatewaypartners.eu\/br\/insdustrias\/moveis-processamento-madeira\/","og_locale":"pt_BR","og_type":"article","og_title":"Furniture & Wood Processing | Gateway & Partners","og_description":"We have successfully developed the wood industry for export to various markets. Take a look what our Furniture and Wood Processing customers say about us!","og_url":"https:\/\/gatewaypartners.eu\/br\/insdustrias\/moveis-processamento-madeira\/","og_site_name":"Gateway &amp; Partners","article_modified_time":"2023-09-13T08:41:58+00:00","og_image":[{"width":2048,"height":1360,"url":"https:\/\/gatewaypartners.eu\/br\/wp-content\/uploads\/sites\/10\/2016\/11\/Furniture-table-690661.jpg","type":"image\/jpeg"}],"twitter_card":"summary_large_image","schema":{"@context":"https:\/\/schema.org","@graph":[{"@type":"WebPage","@id":"https:\/\/gatewaypartners.eu\/br\/insdustrias\/moveis-processamento-madeira\/","url":"https:\/\/gatewaypartners.eu\/br\/insdustrias\/moveis-processamento-madeira\/","name":"Furniture & Wood Processing | Gateway & Partners","isPartOf":{"@id":"https:\/\/gatewaypartners.eu\/br\/#website"},"datePublished":"2017-02-17T22:25:04+00:00","dateModified":"2023-09-13T08:41:58+00:00","description":"We have successfully developed the wood industry for export to various markets. Take a look what our Furniture and Wood Processing customers say about us!","breadcrumb":{"@id":"https:\/\/gatewaypartners.eu\/br\/insdustrias\/moveis-processamento-madeira\/#breadcrumb"},"inLanguage":"pt-BR","potentialAction":[{"@type":"ReadAction","target":["https:\/\/gatewaypartners.eu\/br\/insdustrias\/moveis-processamento-madeira\/"]}]},{"@type":"BreadcrumbList","@id":"https:\/\/gatewaypartners.eu\/br\/insdustrias\/moveis-processamento-madeira\/#breadcrumb","itemListElement":[{"@type":"ListItem","position":1,"name":"Insd\u00fastrias","item":"https:\/\/gatewaypartners.eu\/br\/insdustrias\/"},{"@type":"ListItem","position":2,"name":"M\u00f3veis e Processamento de Madeira"}]},{"@type":"WebSite","@id":"https:\/\/gatewaypartners.eu\/br\/#website","url":"https:\/\/gatewaypartners.eu\/br\/","name":"Gateway &amp; Partners","description":"Your Export Powerhouse","potentialAction":[{"@type":"SearchAction","target":{"@type":"EntryPoint","urlTemplate":"https:\/\/gatewaypartners.eu\/br\/?s={search_term_string}"},"query-input":"required name=search_term_string"}],"inLanguage":"pt-BR"}]}},"_links":{"self":[{"href":"https:\/\/gatewaypartners.eu\/br\/wp-json\/wp\/v2\/pages\/638","targetHints":{"allow":["GET"]}}],"collection":[{"href":"https:\/\/gatewaypartners.eu\/br\/wp-json\/wp\/v2\/pages"}],"about":[{"href":"https:\/\/gatewaypartners.eu\/br\/wp-json\/wp\/v2\/types\/page"}],"author":[{"embeddable":true,"href":"https:\/\/gatewaypartners.eu\/br\/wp-json\/wp\/v2\/users\/1"}],"replies":[{"embeddable":true,"href":"https:\/\/gatewaypartners.eu\/br\/wp-json\/wp\/v2\/comments?post=638"}],"version-history":[{"count":4,"href":"https:\/\/gatewaypartners.eu\/br\/wp-json\/wp\/v2\/pages\/638\/revisions"}],"predecessor-version":[{"id":2607,"href":"https:\/\/gatewaypartners.eu\/br\/wp-json\/wp\/v2\/pages\/638\/revisions\/2607"}],"up":[{"embeddable":true,"href":"https:\/\/gatewaypartners.eu\/br\/wp-json\/wp\/v2\/pages\/69"}],"wp:featuredmedia":[{"embeddable":true,"href":"https:\/\/gatewaypartners.eu\/br\/wp-json\/wp\/v2\/media\/189"}],"wp:attachment":[{"href":"https:\/\/gatewaypartners.eu\/br\/wp-json\/wp\/v2\/media?parent=638"}],"curies":[{"name":"wp","href":"https:\/\/api.w.org\/{rel}","templated":true}]}}