{"id":640,"date":"2017-02-18T00:28:07","date_gmt":"2017-02-17T22:28:07","guid":{"rendered":"http:\/\/gatewaypartners.eu\/?page_id=640"},"modified":"2023-09-13T11:43:50","modified_gmt":"2023-09-13T08:43:50","slug":"construcao-materiais-construcao","status":"publish","type":"page","link":"https:\/\/gatewaypartners.eu\/br\/insdustrias\/construcao-materiais-construcao\/","title":{"rendered":"Constru\u00e7\u00e3o e Materiais de Constru\u00e7\u00e3o"},"content":{"rendered":"","protected":false},"excerpt":{"rendered":"<p>A popula\u00e7\u00e3o est\u00e1 crescendo e as pessoas precisam de bons espa\u00e7os para viver. Nossos servi\u00e7os ajudam empresas de m\u00e9dio porte a entrar em contato com subempreiteiros maiores ou promotores imobili\u00e1rios e ajudam a construir novas casas na Escandin\u00e1via ou em toda a Europa.<\/p>\n","protected":false},"author":1,"featured_media":203,"parent":69,"menu_order":4,"comment_status":"closed","ping_status":"closed","template":"template-industry.php","meta":{"inline_featured_image":false,"footnotes":""},"class_list":["post-640","page","type-page","status-publish","has-post-thumbnail","hentry"],"acf":[],"yoast_head":"<!-- This site is optimized with the Yoast SEO plugin v20.2.1 - https:\/\/yoast.com\/wordpress\/plugins\/seo\/ -->\n<title>Construction &amp; Construction Materials | Gateway &amp; Partners<\/title>\n<meta name=\"description\" content=\"Our services help medium companies to get in touch with larger subcontractors and help to build new homes. See what our clients say about working with us.\" \/>\n<meta name=\"robots\" content=\"index, follow, max-snippet:-1, max-image-preview:large, max-video-preview:-1\" \/>\n<link rel=\"canonical\" href=\"https:\/\/gatewaypartners.eu\/br\/insdustrias\/construcao-materiais-construcao\/\" \/>\n<meta property=\"og:locale\" content=\"pt_BR\" \/>\n<meta property=\"og:type\" content=\"article\" \/>\n<meta property=\"og:title\" content=\"Construction &amp; Construction Materials | Gateway &amp; Partners\" \/>\n<meta property=\"og:description\" content=\"Our services help medium companies to get in touch with larger subcontractors and help to build new homes. See what our clients say about working with us.\" \/>\n<meta property=\"og:url\" content=\"https:\/\/gatewaypartners.eu\/br\/insdustrias\/construcao-materiais-construcao\/\" \/>\n<meta property=\"og:site_name\" content=\"Gateway &amp; Partners\" \/>\n<meta property=\"article:modified_time\" content=\"2023-09-13T08:43:50+00:00\" \/>\n<meta property=\"og:image\" content=\"https:\/\/gatewaypartners.eu\/br\/wp-content\/uploads\/sites\/10\/2016\/11\/Construction-architecture-1210672-1.jpg\" \/>\n\t<meta property=\"og:image:width\" content=\"2048\" \/>\n\t<meta property=\"og:image:height\" content=\"1536\" \/>\n\t<meta property=\"og:image:type\" content=\"image\/jpeg\" \/>\n<meta name=\"twitter:card\" content=\"summary_large_image\" \/>\n<script type=\"application\/ld+json\" class=\"yoast-schema-graph\">{\"@context\":\"https:\/\/schema.org\",\"@graph\":[{\"@type\":\"WebPage\",\"@id\":\"https:\/\/gatewaypartners.eu\/br\/insdustrias\/construcao-materiais-construcao\/\",\"url\":\"https:\/\/gatewaypartners.eu\/br\/insdustrias\/construcao-materiais-construcao\/\",\"name\":\"Construction & Construction Materials | Gateway & Partners\",\"isPartOf\":{\"@id\":\"https:\/\/gatewaypartners.eu\/br\/#website\"},\"datePublished\":\"2017-02-17T22:28:07+00:00\",\"dateModified\":\"2023-09-13T08:43:50+00:00\",\"description\":\"Our services help medium companies to get in touch with larger subcontractors and help to build new homes. See what our clients say about working with us.\",\"breadcrumb\":{\"@id\":\"https:\/\/gatewaypartners.eu\/br\/insdustrias\/construcao-materiais-construcao\/#breadcrumb\"},\"inLanguage\":\"pt-BR\",\"potentialAction\":[{\"@type\":\"ReadAction\",\"target\":[\"https:\/\/gatewaypartners.eu\/br\/insdustrias\/construcao-materiais-construcao\/\"]}]},{\"@type\":\"BreadcrumbList\",\"@id\":\"https:\/\/gatewaypartners.eu\/br\/insdustrias\/construcao-materiais-construcao\/#breadcrumb\",\"itemListElement\":[{\"@type\":\"ListItem\",\"position\":1,\"name\":\"Insd\u00fastrias\",\"item\":\"https:\/\/gatewaypartners.eu\/br\/insdustrias\/\"},{\"@type\":\"ListItem\",\"position\":2,\"name\":\"Constru\u00e7\u00e3o e Materiais de Constru\u00e7\u00e3o\"}]},{\"@type\":\"WebSite\",\"@id\":\"https:\/\/gatewaypartners.eu\/br\/#website\",\"url\":\"https:\/\/gatewaypartners.eu\/br\/\",\"name\":\"Gateway &amp; Partners\",\"description\":\"Your Export Powerhouse\",\"potentialAction\":[{\"@type\":\"SearchAction\",\"target\":{\"@type\":\"EntryPoint\",\"urlTemplate\":\"https:\/\/gatewaypartners.eu\/br\/?s={search_term_string}\"},\"query-input\":\"required name=search_term_string\"}],\"inLanguage\":\"pt-BR\"}]}<\/script>\n<!-- \/ Yoast SEO plugin. -->","yoast_head_json":{"title":"Construction & Construction Materials | Gateway & Partners","description":"Our services help medium companies to get in touch with larger subcontractors and help to build new homes. See what our clients say about working with us.","robots":{"index":"index","follow":"follow","max-snippet":"max-snippet:-1","max-image-preview":"max-image-preview:large","max-video-preview":"max-video-preview:-1"},"canonical":"https:\/\/gatewaypartners.eu\/br\/insdustrias\/construcao-materiais-construcao\/","og_locale":"pt_BR","og_type":"article","og_title":"Construction & Construction Materials | Gateway & Partners","og_description":"Our services help medium companies to get in touch with larger subcontractors and help to build new homes. See what our clients say about working with us.","og_url":"https:\/\/gatewaypartners.eu\/br\/insdustrias\/construcao-materiais-construcao\/","og_site_name":"Gateway &amp; Partners","article_modified_time":"2023-09-13T08:43:50+00:00","og_image":[{"width":2048,"height":1536,"url":"https:\/\/gatewaypartners.eu\/br\/wp-content\/uploads\/sites\/10\/2016\/11\/Construction-architecture-1210672-1.jpg","type":"image\/jpeg"}],"twitter_card":"summary_large_image","schema":{"@context":"https:\/\/schema.org","@graph":[{"@type":"WebPage","@id":"https:\/\/gatewaypartners.eu\/br\/insdustrias\/construcao-materiais-construcao\/","url":"https:\/\/gatewaypartners.eu\/br\/insdustrias\/construcao-materiais-construcao\/","name":"Construction & Construction Materials | Gateway & Partners","isPartOf":{"@id":"https:\/\/gatewaypartners.eu\/br\/#website"},"datePublished":"2017-02-17T22:28:07+00:00","dateModified":"2023-09-13T08:43:50+00:00","description":"Our services help medium companies to get in touch with larger subcontractors and help to build new homes. See what our clients say about working with us.","breadcrumb":{"@id":"https:\/\/gatewaypartners.eu\/br\/insdustrias\/construcao-materiais-construcao\/#breadcrumb"},"inLanguage":"pt-BR","potentialAction":[{"@type":"ReadAction","target":["https:\/\/gatewaypartners.eu\/br\/insdustrias\/construcao-materiais-construcao\/"]}]},{"@type":"BreadcrumbList","@id":"https:\/\/gatewaypartners.eu\/br\/insdustrias\/construcao-materiais-construcao\/#breadcrumb","itemListElement":[{"@type":"ListItem","position":1,"name":"Insd\u00fastrias","item":"https:\/\/gatewaypartners.eu\/br\/insdustrias\/"},{"@type":"ListItem","position":2,"name":"Constru\u00e7\u00e3o e Materiais de Constru\u00e7\u00e3o"}]},{"@type":"WebSite","@id":"https:\/\/gatewaypartners.eu\/br\/#website","url":"https:\/\/gatewaypartners.eu\/br\/","name":"Gateway &amp; Partners","description":"Your Export Powerhouse","potentialAction":[{"@type":"SearchAction","target":{"@type":"EntryPoint","urlTemplate":"https:\/\/gatewaypartners.eu\/br\/?s={search_term_string}"},"query-input":"required name=search_term_string"}],"inLanguage":"pt-BR"}]}},"_links":{"self":[{"href":"https:\/\/gatewaypartners.eu\/br\/wp-json\/wp\/v2\/pages\/640","targetHints":{"allow":["GET"]}}],"collection":[{"href":"https:\/\/gatewaypartners.eu\/br\/wp-json\/wp\/v2\/pages"}],"about":[{"href":"https:\/\/gatewaypartners.eu\/br\/wp-json\/wp\/v2\/types\/page"}],"author":[{"embeddable":true,"href":"https:\/\/gatewaypartners.eu\/br\/wp-json\/wp\/v2\/users\/1"}],"replies":[{"embeddable":true,"href":"https:\/\/gatewaypartners.eu\/br\/wp-json\/wp\/v2\/comments?post=640"}],"version-history":[{"count":3,"href":"https:\/\/gatewaypartners.eu\/br\/wp-json\/wp\/v2\/pages\/640\/revisions"}],"predecessor-version":[{"id":2608,"href":"https:\/\/gatewaypartners.eu\/br\/wp-json\/wp\/v2\/pages\/640\/revisions\/2608"}],"up":[{"embeddable":true,"href":"https:\/\/gatewaypartners.eu\/br\/wp-json\/wp\/v2\/pages\/69"}],"wp:featuredmedia":[{"embeddable":true,"href":"https:\/\/gatewaypartners.eu\/br\/wp-json\/wp\/v2\/media\/203"}],"wp:attachment":[{"href":"https:\/\/gatewaypartners.eu\/br\/wp-json\/wp\/v2\/media?parent=640"}],"curies":[{"name":"wp","href":"https:\/\/api.w.org\/{rel}","templated":true}]}}