{"id":644,"date":"2017-02-18T00:32:07","date_gmt":"2017-02-17T22:32:07","guid":{"rendered":"http:\/\/gatewaypartners.eu\/?page_id=644"},"modified":"2023-09-13T11:35:00","modified_gmt":"2023-09-13T08:35:00","slug":"alimentos-bebidas","status":"publish","type":"page","link":"https:\/\/gatewaypartners.eu\/br\/insdustrias\/alimentos-bebidas\/","title":{"rendered":"Alimentos e Bebidas"},"content":{"rendered":"","protected":false},"excerpt":{"rendered":"<p>Nossa equipe \u00e9 especializada no setor de alimentos e bebidas desde a nossa funda\u00e7\u00e3o em 2004. Ao longo dos anos, realizamos centenas de projetos para esta ind\u00fastria e trouxemos indiv\u00edduos e grupos de empresas para mercados pr\u00f3ximos e distantes, realizamos pesquisas de mercado e introduzimos novos produtos para os varejistas e no setor HoReCa.<\/p>\n","protected":false},"author":1,"featured_media":188,"parent":69,"menu_order":3,"comment_status":"closed","ping_status":"closed","template":"template-industry.php","meta":{"inline_featured_image":false,"footnotes":""},"class_list":["post-644","page","type-page","status-publish","has-post-thumbnail","hentry"],"acf":[],"yoast_head":"<!-- This site is optimized with the Yoast SEO plugin v20.2.1 - https:\/\/yoast.com\/wordpress\/plugins\/seo\/ -->\n<title>Food &amp; Beverages | Gateway &amp; Partners<\/title>\n<meta name=\"description\" content=\"Our team has specialized in the food and beverages sector since 2004 and carried out hundreds of projects for this industry. Check out what our clients say!\" \/>\n<meta name=\"robots\" content=\"index, follow, max-snippet:-1, max-image-preview:large, max-video-preview:-1\" \/>\n<link rel=\"canonical\" href=\"https:\/\/gatewaypartners.eu\/br\/insdustrias\/alimentos-bebidas\/\" \/>\n<meta property=\"og:locale\" content=\"pt_BR\" \/>\n<meta property=\"og:type\" content=\"article\" \/>\n<meta property=\"og:title\" content=\"Food &amp; Beverages | Gateway &amp; Partners\" \/>\n<meta property=\"og:description\" content=\"Our team has specialized in the food and beverages sector since 2004 and carried out hundreds of projects for this industry. Check out what our clients say!\" \/>\n<meta property=\"og:url\" content=\"https:\/\/gatewaypartners.eu\/br\/insdustrias\/alimentos-bebidas\/\" \/>\n<meta property=\"og:site_name\" content=\"Gateway &amp; Partners\" \/>\n<meta property=\"article:modified_time\" content=\"2023-09-13T08:35:00+00:00\" \/>\n<meta property=\"og:image\" content=\"https:\/\/gatewaypartners.eu\/br\/wp-content\/uploads\/sites\/10\/2016\/11\/Food-supermarket-949912.jpg\" \/>\n\t<meta property=\"og:image:width\" content=\"2048\" \/>\n\t<meta property=\"og:image:height\" content=\"1178\" \/>\n\t<meta property=\"og:image:type\" content=\"image\/jpeg\" \/>\n<meta name=\"twitter:card\" content=\"summary_large_image\" \/>\n<script type=\"application\/ld+json\" class=\"yoast-schema-graph\">{\"@context\":\"https:\/\/schema.org\",\"@graph\":[{\"@type\":\"WebPage\",\"@id\":\"https:\/\/gatewaypartners.eu\/br\/insdustrias\/alimentos-bebidas\/\",\"url\":\"https:\/\/gatewaypartners.eu\/br\/insdustrias\/alimentos-bebidas\/\",\"name\":\"Food & Beverages | Gateway & Partners\",\"isPartOf\":{\"@id\":\"https:\/\/gatewaypartners.eu\/br\/#website\"},\"datePublished\":\"2017-02-17T22:32:07+00:00\",\"dateModified\":\"2023-09-13T08:35:00+00:00\",\"description\":\"Our team has specialized in the food and beverages sector since 2004 and carried out hundreds of projects for this industry. Check out what our clients say!\",\"breadcrumb\":{\"@id\":\"https:\/\/gatewaypartners.eu\/br\/insdustrias\/alimentos-bebidas\/#breadcrumb\"},\"inLanguage\":\"pt-BR\",\"potentialAction\":[{\"@type\":\"ReadAction\",\"target\":[\"https:\/\/gatewaypartners.eu\/br\/insdustrias\/alimentos-bebidas\/\"]}]},{\"@type\":\"BreadcrumbList\",\"@id\":\"https:\/\/gatewaypartners.eu\/br\/insdustrias\/alimentos-bebidas\/#breadcrumb\",\"itemListElement\":[{\"@type\":\"ListItem\",\"position\":1,\"name\":\"Insd\u00fastrias\",\"item\":\"https:\/\/gatewaypartners.eu\/br\/insdustrias\/\"},{\"@type\":\"ListItem\",\"position\":2,\"name\":\"Alimentos e Bebidas\"}]},{\"@type\":\"WebSite\",\"@id\":\"https:\/\/gatewaypartners.eu\/br\/#website\",\"url\":\"https:\/\/gatewaypartners.eu\/br\/\",\"name\":\"Gateway &amp; Partners\",\"description\":\"Your Export Powerhouse\",\"potentialAction\":[{\"@type\":\"SearchAction\",\"target\":{\"@type\":\"EntryPoint\",\"urlTemplate\":\"https:\/\/gatewaypartners.eu\/br\/?s={search_term_string}\"},\"query-input\":\"required name=search_term_string\"}],\"inLanguage\":\"pt-BR\"}]}<\/script>\n<!-- \/ Yoast SEO plugin. -->","yoast_head_json":{"title":"Food & Beverages | Gateway & Partners","description":"Our team has specialized in the food and beverages sector since 2004 and carried out hundreds of projects for this industry. Check out what our clients say!","robots":{"index":"index","follow":"follow","max-snippet":"max-snippet:-1","max-image-preview":"max-image-preview:large","max-video-preview":"max-video-preview:-1"},"canonical":"https:\/\/gatewaypartners.eu\/br\/insdustrias\/alimentos-bebidas\/","og_locale":"pt_BR","og_type":"article","og_title":"Food & Beverages | Gateway & Partners","og_description":"Our team has specialized in the food and beverages sector since 2004 and carried out hundreds of projects for this industry. Check out what our clients say!","og_url":"https:\/\/gatewaypartners.eu\/br\/insdustrias\/alimentos-bebidas\/","og_site_name":"Gateway &amp; Partners","article_modified_time":"2023-09-13T08:35:00+00:00","og_image":[{"width":2048,"height":1178,"url":"https:\/\/gatewaypartners.eu\/br\/wp-content\/uploads\/sites\/10\/2016\/11\/Food-supermarket-949912.jpg","type":"image\/jpeg"}],"twitter_card":"summary_large_image","schema":{"@context":"https:\/\/schema.org","@graph":[{"@type":"WebPage","@id":"https:\/\/gatewaypartners.eu\/br\/insdustrias\/alimentos-bebidas\/","url":"https:\/\/gatewaypartners.eu\/br\/insdustrias\/alimentos-bebidas\/","name":"Food & Beverages | Gateway & Partners","isPartOf":{"@id":"https:\/\/gatewaypartners.eu\/br\/#website"},"datePublished":"2017-02-17T22:32:07+00:00","dateModified":"2023-09-13T08:35:00+00:00","description":"Our team has specialized in the food and beverages sector since 2004 and carried out hundreds of projects for this industry. Check out what our clients say!","breadcrumb":{"@id":"https:\/\/gatewaypartners.eu\/br\/insdustrias\/alimentos-bebidas\/#breadcrumb"},"inLanguage":"pt-BR","potentialAction":[{"@type":"ReadAction","target":["https:\/\/gatewaypartners.eu\/br\/insdustrias\/alimentos-bebidas\/"]}]},{"@type":"BreadcrumbList","@id":"https:\/\/gatewaypartners.eu\/br\/insdustrias\/alimentos-bebidas\/#breadcrumb","itemListElement":[{"@type":"ListItem","position":1,"name":"Insd\u00fastrias","item":"https:\/\/gatewaypartners.eu\/br\/insdustrias\/"},{"@type":"ListItem","position":2,"name":"Alimentos e Bebidas"}]},{"@type":"WebSite","@id":"https:\/\/gatewaypartners.eu\/br\/#website","url":"https:\/\/gatewaypartners.eu\/br\/","name":"Gateway &amp; Partners","description":"Your Export Powerhouse","potentialAction":[{"@type":"SearchAction","target":{"@type":"EntryPoint","urlTemplate":"https:\/\/gatewaypartners.eu\/br\/?s={search_term_string}"},"query-input":"required name=search_term_string"}],"inLanguage":"pt-BR"}]}},"_links":{"self":[{"href":"https:\/\/gatewaypartners.eu\/br\/wp-json\/wp\/v2\/pages\/644","targetHints":{"allow":["GET"]}}],"collection":[{"href":"https:\/\/gatewaypartners.eu\/br\/wp-json\/wp\/v2\/pages"}],"about":[{"href":"https:\/\/gatewaypartners.eu\/br\/wp-json\/wp\/v2\/types\/page"}],"author":[{"embeddable":true,"href":"https:\/\/gatewaypartners.eu\/br\/wp-json\/wp\/v2\/users\/1"}],"replies":[{"embeddable":true,"href":"https:\/\/gatewaypartners.eu\/br\/wp-json\/wp\/v2\/comments?post=644"}],"version-history":[{"count":3,"href":"https:\/\/gatewaypartners.eu\/br\/wp-json\/wp\/v2\/pages\/644\/revisions"}],"predecessor-version":[{"id":2600,"href":"https:\/\/gatewaypartners.eu\/br\/wp-json\/wp\/v2\/pages\/644\/revisions\/2600"}],"up":[{"embeddable":true,"href":"https:\/\/gatewaypartners.eu\/br\/wp-json\/wp\/v2\/pages\/69"}],"wp:featuredmedia":[{"embeddable":true,"href":"https:\/\/gatewaypartners.eu\/br\/wp-json\/wp\/v2\/media\/188"}],"wp:attachment":[{"href":"https:\/\/gatewaypartners.eu\/br\/wp-json\/wp\/v2\/media?parent=644"}],"curies":[{"name":"wp","href":"https:\/\/api.w.org\/{rel}","templated":true}]}}