{"id":647,"date":"2017-02-18T00:34:53","date_gmt":"2017-02-17T22:34:53","guid":{"rendered":"http:\/\/gatewaypartners.eu\/?page_id=647"},"modified":"2023-09-13T11:33:38","modified_gmt":"2023-09-13T08:33:38","slug":"metalurgia-maquinario","status":"publish","type":"page","link":"https:\/\/gatewaypartners.eu\/br\/insdustrias\/metalurgia-maquinario\/","title":{"rendered":"Metalurgia e Maquin\u00e1rio"},"content":{"rendered":"","protected":false},"excerpt":{"rendered":"<p>Realizamos in\u00fameros projetos introduzindo nossos clientes em n\u00edveis superiores na cadeia de suprimentos. Trabalhar com subcontratados nas ind\u00fastrias automotiva, maquin\u00e1ria, de transporte ou de constru\u00e7\u00e3o \u00e9 um trabalho di\u00e1rio para n\u00f3s.<\/p>\n","protected":false},"author":1,"featured_media":201,"parent":69,"menu_order":2,"comment_status":"closed","ping_status":"closed","template":"template-industry.php","meta":{"inline_featured_image":false,"footnotes":""},"class_list":["post-647","page","type-page","status-publish","has-post-thumbnail","hentry"],"acf":[],"yoast_head":"<!-- This site is optimized with the Yoast SEO plugin v20.2.1 - https:\/\/yoast.com\/wordpress\/plugins\/seo\/ -->\n<title>Metalworking &amp; Machinery | Gateway &amp; Partners<\/title>\n<meta name=\"description\" content=\"Our daily life: working with subcontractors in the automotive, machinery, transport or construction industries. Find out what clients are saying about us!\" \/>\n<meta name=\"robots\" content=\"index, follow, max-snippet:-1, max-image-preview:large, max-video-preview:-1\" \/>\n<link rel=\"canonical\" href=\"https:\/\/gatewaypartners.eu\/br\/insdustrias\/metalurgia-maquinario\/\" \/>\n<meta property=\"og:locale\" content=\"pt_BR\" \/>\n<meta property=\"og:type\" content=\"article\" \/>\n<meta property=\"og:title\" content=\"Metalworking &amp; Machinery | Gateway &amp; Partners\" \/>\n<meta property=\"og:description\" content=\"Our daily life: working with subcontractors in the automotive, machinery, transport or construction industries. Find out what clients are saying about us!\" \/>\n<meta property=\"og:url\" content=\"https:\/\/gatewaypartners.eu\/br\/insdustrias\/metalurgia-maquinario\/\" \/>\n<meta property=\"og:site_name\" content=\"Gateway &amp; Partners\" \/>\n<meta property=\"article:modified_time\" content=\"2023-09-13T08:33:38+00:00\" \/>\n<meta property=\"og:image\" content=\"https:\/\/gatewaypartners.eu\/br\/wp-content\/uploads\/sites\/10\/2016\/11\/Metalworking-drill-444493-2.jpg\" \/>\n\t<meta property=\"og:image:width\" content=\"2048\" \/>\n\t<meta property=\"og:image:height\" content=\"1367\" \/>\n\t<meta property=\"og:image:type\" content=\"image\/jpeg\" \/>\n<meta name=\"twitter:card\" content=\"summary_large_image\" \/>\n<script type=\"application\/ld+json\" class=\"yoast-schema-graph\">{\"@context\":\"https:\/\/schema.org\",\"@graph\":[{\"@type\":\"WebPage\",\"@id\":\"https:\/\/gatewaypartners.eu\/br\/insdustrias\/metalurgia-maquinario\/\",\"url\":\"https:\/\/gatewaypartners.eu\/br\/insdustrias\/metalurgia-maquinario\/\",\"name\":\"Metalworking & Machinery | Gateway & Partners\",\"isPartOf\":{\"@id\":\"https:\/\/gatewaypartners.eu\/br\/#website\"},\"datePublished\":\"2017-02-17T22:34:53+00:00\",\"dateModified\":\"2023-09-13T08:33:38+00:00\",\"description\":\"Our daily life: working with subcontractors in the automotive, machinery, transport or construction industries. Find out what clients are saying about us!\",\"breadcrumb\":{\"@id\":\"https:\/\/gatewaypartners.eu\/br\/insdustrias\/metalurgia-maquinario\/#breadcrumb\"},\"inLanguage\":\"pt-BR\",\"potentialAction\":[{\"@type\":\"ReadAction\",\"target\":[\"https:\/\/gatewaypartners.eu\/br\/insdustrias\/metalurgia-maquinario\/\"]}]},{\"@type\":\"BreadcrumbList\",\"@id\":\"https:\/\/gatewaypartners.eu\/br\/insdustrias\/metalurgia-maquinario\/#breadcrumb\",\"itemListElement\":[{\"@type\":\"ListItem\",\"position\":1,\"name\":\"Insd\u00fastrias\",\"item\":\"https:\/\/gatewaypartners.eu\/br\/insdustrias\/\"},{\"@type\":\"ListItem\",\"position\":2,\"name\":\"Metalurgia e Maquin\u00e1rio\"}]},{\"@type\":\"WebSite\",\"@id\":\"https:\/\/gatewaypartners.eu\/br\/#website\",\"url\":\"https:\/\/gatewaypartners.eu\/br\/\",\"name\":\"Gateway &amp; Partners\",\"description\":\"Your Export Powerhouse\",\"potentialAction\":[{\"@type\":\"SearchAction\",\"target\":{\"@type\":\"EntryPoint\",\"urlTemplate\":\"https:\/\/gatewaypartners.eu\/br\/?s={search_term_string}\"},\"query-input\":\"required name=search_term_string\"}],\"inLanguage\":\"pt-BR\"}]}<\/script>\n<!-- \/ Yoast SEO plugin. -->","yoast_head_json":{"title":"Metalworking & Machinery | Gateway & Partners","description":"Our daily life: working with subcontractors in the automotive, machinery, transport or construction industries. Find out what clients are saying about us!","robots":{"index":"index","follow":"follow","max-snippet":"max-snippet:-1","max-image-preview":"max-image-preview:large","max-video-preview":"max-video-preview:-1"},"canonical":"https:\/\/gatewaypartners.eu\/br\/insdustrias\/metalurgia-maquinario\/","og_locale":"pt_BR","og_type":"article","og_title":"Metalworking & Machinery | Gateway & Partners","og_description":"Our daily life: working with subcontractors in the automotive, machinery, transport or construction industries. Find out what clients are saying about us!","og_url":"https:\/\/gatewaypartners.eu\/br\/insdustrias\/metalurgia-maquinario\/","og_site_name":"Gateway &amp; Partners","article_modified_time":"2023-09-13T08:33:38+00:00","og_image":[{"width":2048,"height":1367,"url":"https:\/\/gatewaypartners.eu\/br\/wp-content\/uploads\/sites\/10\/2016\/11\/Metalworking-drill-444493-2.jpg","type":"image\/jpeg"}],"twitter_card":"summary_large_image","schema":{"@context":"https:\/\/schema.org","@graph":[{"@type":"WebPage","@id":"https:\/\/gatewaypartners.eu\/br\/insdustrias\/metalurgia-maquinario\/","url":"https:\/\/gatewaypartners.eu\/br\/insdustrias\/metalurgia-maquinario\/","name":"Metalworking & Machinery | Gateway & Partners","isPartOf":{"@id":"https:\/\/gatewaypartners.eu\/br\/#website"},"datePublished":"2017-02-17T22:34:53+00:00","dateModified":"2023-09-13T08:33:38+00:00","description":"Our daily life: working with subcontractors in the automotive, machinery, transport or construction industries. Find out what clients are saying about us!","breadcrumb":{"@id":"https:\/\/gatewaypartners.eu\/br\/insdustrias\/metalurgia-maquinario\/#breadcrumb"},"inLanguage":"pt-BR","potentialAction":[{"@type":"ReadAction","target":["https:\/\/gatewaypartners.eu\/br\/insdustrias\/metalurgia-maquinario\/"]}]},{"@type":"BreadcrumbList","@id":"https:\/\/gatewaypartners.eu\/br\/insdustrias\/metalurgia-maquinario\/#breadcrumb","itemListElement":[{"@type":"ListItem","position":1,"name":"Insd\u00fastrias","item":"https:\/\/gatewaypartners.eu\/br\/insdustrias\/"},{"@type":"ListItem","position":2,"name":"Metalurgia e Maquin\u00e1rio"}]},{"@type":"WebSite","@id":"https:\/\/gatewaypartners.eu\/br\/#website","url":"https:\/\/gatewaypartners.eu\/br\/","name":"Gateway &amp; Partners","description":"Your Export Powerhouse","potentialAction":[{"@type":"SearchAction","target":{"@type":"EntryPoint","urlTemplate":"https:\/\/gatewaypartners.eu\/br\/?s={search_term_string}"},"query-input":"required name=search_term_string"}],"inLanguage":"pt-BR"}]}},"_links":{"self":[{"href":"https:\/\/gatewaypartners.eu\/br\/wp-json\/wp\/v2\/pages\/647","targetHints":{"allow":["GET"]}}],"collection":[{"href":"https:\/\/gatewaypartners.eu\/br\/wp-json\/wp\/v2\/pages"}],"about":[{"href":"https:\/\/gatewaypartners.eu\/br\/wp-json\/wp\/v2\/types\/page"}],"author":[{"embeddable":true,"href":"https:\/\/gatewaypartners.eu\/br\/wp-json\/wp\/v2\/users\/1"}],"replies":[{"embeddable":true,"href":"https:\/\/gatewaypartners.eu\/br\/wp-json\/wp\/v2\/comments?post=647"}],"version-history":[{"count":2,"href":"https:\/\/gatewaypartners.eu\/br\/wp-json\/wp\/v2\/pages\/647\/revisions"}],"predecessor-version":[{"id":2598,"href":"https:\/\/gatewaypartners.eu\/br\/wp-json\/wp\/v2\/pages\/647\/revisions\/2598"}],"up":[{"embeddable":true,"href":"https:\/\/gatewaypartners.eu\/br\/wp-json\/wp\/v2\/pages\/69"}],"wp:featuredmedia":[{"embeddable":true,"href":"https:\/\/gatewaypartners.eu\/br\/wp-json\/wp\/v2\/media\/201"}],"wp:attachment":[{"href":"https:\/\/gatewaypartners.eu\/br\/wp-json\/wp\/v2\/media?parent=647"}],"curies":[{"name":"wp","href":"https:\/\/api.w.org\/{rel}","templated":true}]}}