{"id":649,"date":"2017-02-18T00:38:19","date_gmt":"2017-02-17T22:38:19","guid":{"rendered":"http:\/\/gatewaypartners.eu\/?page_id=649"},"modified":"2023-09-22T09:26:28","modified_gmt":"2023-09-22T06:26:28","slug":"comercio-internacional","status":"publish","type":"page","link":"https:\/\/gatewaypartners.eu\/br\/insdustrias\/comercio-internacional\/","title":{"rendered":"Organiza\u00e7\u00f5es e Associa\u00e7\u00f5es de Com\u00e9rcio Internacional"},"content":{"rendered":"","protected":false},"excerpt":{"rendered":"<p>A Gateway &#038; Partners tem a confian\u00e7a de v\u00e1rias ag\u00eancias de promo\u00e7\u00e3o comercial e associa\u00e7\u00f5es. As tarefas contratadas est\u00e3o relacionadas \u00e0 pesquisa de mercado e desenvolvimento de vendas B2B na forma de miss\u00f5es comerciais, eventos de matchmaking B2B e visitas de compradores.<\/p>\n","protected":false},"author":1,"featured_media":191,"parent":69,"menu_order":1,"comment_status":"closed","ping_status":"closed","template":"template-industry.php","meta":{"inline_featured_image":false,"footnotes":""},"class_list":["post-649","page","type-page","status-publish","has-post-thumbnail","hentry"],"acf":[],"yoast_head":"<!-- This site is optimized with the Yoast SEO plugin v20.2.1 - https:\/\/yoast.com\/wordpress\/plugins\/seo\/ -->\n<title>International Trade Agencies &amp; Clusters | Gateway &amp; Partners<\/title>\n<meta name=\"description\" content=\"Gateway &amp; Partners have been trusted by various trade promotion agencies, clusters and associations. See what our clients have to say about working with us.\" \/>\n<meta name=\"robots\" content=\"index, follow, max-snippet:-1, max-image-preview:large, max-video-preview:-1\" \/>\n<link rel=\"canonical\" href=\"https:\/\/gatewaypartners.eu\/br\/insdustrias\/comercio-internacional\/\" \/>\n<meta property=\"og:locale\" content=\"pt_BR\" \/>\n<meta property=\"og:type\" content=\"article\" \/>\n<meta property=\"og:title\" content=\"International Trade Agencies &amp; Clusters | Gateway &amp; Partners\" \/>\n<meta property=\"og:description\" content=\"Gateway &amp; Partners have been trusted by various trade promotion agencies, clusters and associations. See what our clients have to say about working with us.\" \/>\n<meta property=\"og:url\" content=\"https:\/\/gatewaypartners.eu\/br\/insdustrias\/comercio-internacional\/\" \/>\n<meta property=\"og:site_name\" content=\"Gateway &amp; Partners\" \/>\n<meta property=\"article:modified_time\" content=\"2023-09-22T06:26:28+00:00\" \/>\n<meta property=\"og:image\" content=\"https:\/\/gatewaypartners.eu\/br\/wp-content\/uploads\/sites\/10\/2016\/11\/Careers-roof-top-1436884.jpg\" \/>\n\t<meta property=\"og:image:width\" content=\"2048\" \/>\n\t<meta property=\"og:image:height\" content=\"1365\" \/>\n\t<meta property=\"og:image:type\" content=\"image\/jpeg\" \/>\n<meta name=\"twitter:card\" content=\"summary_large_image\" \/>\n<script type=\"application\/ld+json\" class=\"yoast-schema-graph\">{\"@context\":\"https:\/\/schema.org\",\"@graph\":[{\"@type\":\"WebPage\",\"@id\":\"https:\/\/gatewaypartners.eu\/br\/insdustrias\/comercio-internacional\/\",\"url\":\"https:\/\/gatewaypartners.eu\/br\/insdustrias\/comercio-internacional\/\",\"name\":\"International Trade Agencies & Clusters | Gateway & Partners\",\"isPartOf\":{\"@id\":\"https:\/\/gatewaypartners.eu\/br\/#website\"},\"datePublished\":\"2017-02-17T22:38:19+00:00\",\"dateModified\":\"2023-09-22T06:26:28+00:00\",\"description\":\"Gateway & Partners have been trusted by various trade promotion agencies, clusters and associations. See what our clients have to say about working with us.\",\"breadcrumb\":{\"@id\":\"https:\/\/gatewaypartners.eu\/br\/insdustrias\/comercio-internacional\/#breadcrumb\"},\"inLanguage\":\"pt-BR\",\"potentialAction\":[{\"@type\":\"ReadAction\",\"target\":[\"https:\/\/gatewaypartners.eu\/br\/insdustrias\/comercio-internacional\/\"]}]},{\"@type\":\"BreadcrumbList\",\"@id\":\"https:\/\/gatewaypartners.eu\/br\/insdustrias\/comercio-internacional\/#breadcrumb\",\"itemListElement\":[{\"@type\":\"ListItem\",\"position\":1,\"name\":\"Insd\u00fastrias\",\"item\":\"https:\/\/gatewaypartners.eu\/br\/insdustrias\/\"},{\"@type\":\"ListItem\",\"position\":2,\"name\":\"Organiza\u00e7\u00f5es e Associa\u00e7\u00f5es de Com\u00e9rcio Internacional\"}]},{\"@type\":\"WebSite\",\"@id\":\"https:\/\/gatewaypartners.eu\/br\/#website\",\"url\":\"https:\/\/gatewaypartners.eu\/br\/\",\"name\":\"Gateway &amp; Partners\",\"description\":\"Your Export Powerhouse\",\"potentialAction\":[{\"@type\":\"SearchAction\",\"target\":{\"@type\":\"EntryPoint\",\"urlTemplate\":\"https:\/\/gatewaypartners.eu\/br\/?s={search_term_string}\"},\"query-input\":\"required name=search_term_string\"}],\"inLanguage\":\"pt-BR\"}]}<\/script>\n<!-- \/ Yoast SEO plugin. -->","yoast_head_json":{"title":"International Trade Agencies & Clusters | Gateway & Partners","description":"Gateway & Partners have been trusted by various trade promotion agencies, clusters and associations. See what our clients have to say about working with us.","robots":{"index":"index","follow":"follow","max-snippet":"max-snippet:-1","max-image-preview":"max-image-preview:large","max-video-preview":"max-video-preview:-1"},"canonical":"https:\/\/gatewaypartners.eu\/br\/insdustrias\/comercio-internacional\/","og_locale":"pt_BR","og_type":"article","og_title":"International Trade Agencies & Clusters | Gateway & Partners","og_description":"Gateway & Partners have been trusted by various trade promotion agencies, clusters and associations. See what our clients have to say about working with us.","og_url":"https:\/\/gatewaypartners.eu\/br\/insdustrias\/comercio-internacional\/","og_site_name":"Gateway &amp; Partners","article_modified_time":"2023-09-22T06:26:28+00:00","og_image":[{"width":2048,"height":1365,"url":"https:\/\/gatewaypartners.eu\/br\/wp-content\/uploads\/sites\/10\/2016\/11\/Careers-roof-top-1436884.jpg","type":"image\/jpeg"}],"twitter_card":"summary_large_image","schema":{"@context":"https:\/\/schema.org","@graph":[{"@type":"WebPage","@id":"https:\/\/gatewaypartners.eu\/br\/insdustrias\/comercio-internacional\/","url":"https:\/\/gatewaypartners.eu\/br\/insdustrias\/comercio-internacional\/","name":"International Trade Agencies & Clusters | Gateway & Partners","isPartOf":{"@id":"https:\/\/gatewaypartners.eu\/br\/#website"},"datePublished":"2017-02-17T22:38:19+00:00","dateModified":"2023-09-22T06:26:28+00:00","description":"Gateway & Partners have been trusted by various trade promotion agencies, clusters and associations. See what our clients have to say about working with us.","breadcrumb":{"@id":"https:\/\/gatewaypartners.eu\/br\/insdustrias\/comercio-internacional\/#breadcrumb"},"inLanguage":"pt-BR","potentialAction":[{"@type":"ReadAction","target":["https:\/\/gatewaypartners.eu\/br\/insdustrias\/comercio-internacional\/"]}]},{"@type":"BreadcrumbList","@id":"https:\/\/gatewaypartners.eu\/br\/insdustrias\/comercio-internacional\/#breadcrumb","itemListElement":[{"@type":"ListItem","position":1,"name":"Insd\u00fastrias","item":"https:\/\/gatewaypartners.eu\/br\/insdustrias\/"},{"@type":"ListItem","position":2,"name":"Organiza\u00e7\u00f5es e Associa\u00e7\u00f5es de Com\u00e9rcio Internacional"}]},{"@type":"WebSite","@id":"https:\/\/gatewaypartners.eu\/br\/#website","url":"https:\/\/gatewaypartners.eu\/br\/","name":"Gateway &amp; Partners","description":"Your Export Powerhouse","potentialAction":[{"@type":"SearchAction","target":{"@type":"EntryPoint","urlTemplate":"https:\/\/gatewaypartners.eu\/br\/?s={search_term_string}"},"query-input":"required name=search_term_string"}],"inLanguage":"pt-BR"}]}},"_links":{"self":[{"href":"https:\/\/gatewaypartners.eu\/br\/wp-json\/wp\/v2\/pages\/649","targetHints":{"allow":["GET"]}}],"collection":[{"href":"https:\/\/gatewaypartners.eu\/br\/wp-json\/wp\/v2\/pages"}],"about":[{"href":"https:\/\/gatewaypartners.eu\/br\/wp-json\/wp\/v2\/types\/page"}],"author":[{"embeddable":true,"href":"https:\/\/gatewaypartners.eu\/br\/wp-json\/wp\/v2\/users\/1"}],"replies":[{"embeddable":true,"href":"https:\/\/gatewaypartners.eu\/br\/wp-json\/wp\/v2\/comments?post=649"}],"version-history":[{"count":4,"href":"https:\/\/gatewaypartners.eu\/br\/wp-json\/wp\/v2\/pages\/649\/revisions"}],"predecessor-version":[{"id":2718,"href":"https:\/\/gatewaypartners.eu\/br\/wp-json\/wp\/v2\/pages\/649\/revisions\/2718"}],"up":[{"embeddable":true,"href":"https:\/\/gatewaypartners.eu\/br\/wp-json\/wp\/v2\/pages\/69"}],"wp:featuredmedia":[{"embeddable":true,"href":"https:\/\/gatewaypartners.eu\/br\/wp-json\/wp\/v2\/media\/191"}],"wp:attachment":[{"href":"https:\/\/gatewaypartners.eu\/br\/wp-json\/wp\/v2\/media?parent=649"}],"curies":[{"name":"wp","href":"https:\/\/api.w.org\/{rel}","templated":true}]}}