{"id":65,"date":"2016-11-25T16:07:46","date_gmt":"2016-11-25T16:07:46","guid":{"rendered":"http:\/\/gatewaypartners.eu\/?page_id=65"},"modified":"2023-09-13T17:06:31","modified_gmt":"2023-09-13T14:06:31","slug":"home","status":"publish","type":"page","link":"https:\/\/gatewaypartners.eu\/br\/","title":{"rendered":"Sua Export Powerhouse"},"content":{"rendered":"<p><a class=\"btn btn-primary btn-lg\" href=\"https:\/\/gatewaypartners.eu\/br\/sobre\/\">SOBRE<\/a><\/p>\n","protected":false},"excerpt":{"rendered":"<p>Sua Porta de Entrada Para Novos Mercados<\/p>\n","protected":false},"author":1,"featured_media":706,"parent":0,"menu_order":0,"comment_status":"closed","ping_status":"closed","template":"template-home.php","meta":{"inline_featured_image":false,"footnotes":""},"class_list":["post-65","page","type-page","status-publish","has-post-thumbnail","hentry"],"acf":[],"yoast_head":"<!-- This site is optimized with the Yoast SEO plugin v20.2.1 - https:\/\/yoast.com\/wordpress\/plugins\/seo\/ -->\n<title>Sua Export Powerhouse | Gateway &amp; Partners<\/title>\n<meta name=\"description\" content=\"Servi\u00e7os personalizados e eficientes para aumentar suas exporta\u00e7\u00f5es. Os servi\u00e7os de assist\u00eancia ao mercado cobrem as principais etapas do desenvolvimento do mercado internacional e aumento das vendas.\" \/>\n<meta name=\"robots\" content=\"index, follow, max-snippet:-1, max-image-preview:large, max-video-preview:-1\" \/>\n<link rel=\"canonical\" href=\"https:\/\/gatewaypartners.eu\/br\/\" \/>\n<meta property=\"og:locale\" content=\"pt_BR\" \/>\n<meta property=\"og:type\" content=\"article\" \/>\n<meta property=\"og:title\" content=\"Sua Export Powerhouse | Gateway &amp; Partners\" \/>\n<meta property=\"og:description\" content=\"Servi\u00e7os personalizados e eficientes para aumentar suas exporta\u00e7\u00f5es. Os servi\u00e7os de assist\u00eancia ao mercado cobrem as principais etapas do desenvolvimento do mercado internacional e aumento das vendas.\" \/>\n<meta property=\"og:url\" content=\"https:\/\/gatewaypartners.eu\/br\/\" \/>\n<meta property=\"og:site_name\" content=\"Gateway &amp; Partners\" \/>\n<meta property=\"article:modified_time\" content=\"2023-09-13T14:06:31+00:00\" \/>\n<meta property=\"og:image\" content=\"https:\/\/gatewaypartners.eu\/br\/wp-content\/uploads\/sites\/10\/2016\/11\/Index.jpg\" \/>\n\t<meta property=\"og:image:width\" content=\"2048\" \/>\n\t<meta property=\"og:image:height\" content=\"942\" \/>\n\t<meta property=\"og:image:type\" content=\"image\/jpeg\" \/>\n<meta name=\"twitter:card\" content=\"summary_large_image\" \/>\n<script type=\"application\/ld+json\" class=\"yoast-schema-graph\">{\"@context\":\"https:\/\/schema.org\",\"@graph\":[{\"@type\":\"WebPage\",\"@id\":\"https:\/\/gatewaypartners.eu\/br\/\",\"url\":\"https:\/\/gatewaypartners.eu\/br\/\",\"name\":\"Sua Export Powerhouse | Gateway & Partners\",\"isPartOf\":{\"@id\":\"https:\/\/gatewaypartners.eu\/br\/#website\"},\"datePublished\":\"2016-11-25T16:07:46+00:00\",\"dateModified\":\"2023-09-13T14:06:31+00:00\",\"description\":\"Servi\u00e7os personalizados e eficientes para aumentar suas exporta\u00e7\u00f5es. Os servi\u00e7os de assist\u00eancia ao mercado cobrem as principais etapas do desenvolvimento do mercado internacional e aumento das vendas.\",\"inLanguage\":\"pt-BR\",\"potentialAction\":[{\"@type\":\"ReadAction\",\"target\":[\"https:\/\/gatewaypartners.eu\/br\/\"]}]},{\"@type\":\"WebSite\",\"@id\":\"https:\/\/gatewaypartners.eu\/br\/#website\",\"url\":\"https:\/\/gatewaypartners.eu\/br\/\",\"name\":\"Gateway &amp; Partners\",\"description\":\"Your Export Powerhouse\",\"potentialAction\":[{\"@type\":\"SearchAction\",\"target\":{\"@type\":\"EntryPoint\",\"urlTemplate\":\"https:\/\/gatewaypartners.eu\/br\/?s={search_term_string}\"},\"query-input\":\"required name=search_term_string\"}],\"inLanguage\":\"pt-BR\"}]}<\/script>\n<!-- \/ Yoast SEO plugin. -->","yoast_head_json":{"title":"Sua Export Powerhouse | Gateway & Partners","description":"Servi\u00e7os personalizados e eficientes para aumentar suas exporta\u00e7\u00f5es. Os servi\u00e7os de assist\u00eancia ao mercado cobrem as principais etapas do desenvolvimento do mercado internacional e aumento das vendas.","robots":{"index":"index","follow":"follow","max-snippet":"max-snippet:-1","max-image-preview":"max-image-preview:large","max-video-preview":"max-video-preview:-1"},"canonical":"https:\/\/gatewaypartners.eu\/br\/","og_locale":"pt_BR","og_type":"article","og_title":"Sua Export Powerhouse | Gateway & Partners","og_description":"Servi\u00e7os personalizados e eficientes para aumentar suas exporta\u00e7\u00f5es. Os servi\u00e7os de assist\u00eancia ao mercado cobrem as principais etapas do desenvolvimento do mercado internacional e aumento das vendas.","og_url":"https:\/\/gatewaypartners.eu\/br\/","og_site_name":"Gateway &amp; Partners","article_modified_time":"2023-09-13T14:06:31+00:00","og_image":[{"width":2048,"height":942,"url":"https:\/\/gatewaypartners.eu\/br\/wp-content\/uploads\/sites\/10\/2016\/11\/Index.jpg","type":"image\/jpeg"}],"twitter_card":"summary_large_image","schema":{"@context":"https:\/\/schema.org","@graph":[{"@type":"WebPage","@id":"https:\/\/gatewaypartners.eu\/br\/","url":"https:\/\/gatewaypartners.eu\/br\/","name":"Sua Export Powerhouse | Gateway & Partners","isPartOf":{"@id":"https:\/\/gatewaypartners.eu\/br\/#website"},"datePublished":"2016-11-25T16:07:46+00:00","dateModified":"2023-09-13T14:06:31+00:00","description":"Servi\u00e7os personalizados e eficientes para aumentar suas exporta\u00e7\u00f5es. Os servi\u00e7os de assist\u00eancia ao mercado cobrem as principais etapas do desenvolvimento do mercado internacional e aumento das vendas.","inLanguage":"pt-BR","potentialAction":[{"@type":"ReadAction","target":["https:\/\/gatewaypartners.eu\/br\/"]}]},{"@type":"WebSite","@id":"https:\/\/gatewaypartners.eu\/br\/#website","url":"https:\/\/gatewaypartners.eu\/br\/","name":"Gateway &amp; Partners","description":"Your Export Powerhouse","potentialAction":[{"@type":"SearchAction","target":{"@type":"EntryPoint","urlTemplate":"https:\/\/gatewaypartners.eu\/br\/?s={search_term_string}"},"query-input":"required name=search_term_string"}],"inLanguage":"pt-BR"}]}},"_links":{"self":[{"href":"https:\/\/gatewaypartners.eu\/br\/wp-json\/wp\/v2\/pages\/65","targetHints":{"allow":["GET"]}}],"collection":[{"href":"https:\/\/gatewaypartners.eu\/br\/wp-json\/wp\/v2\/pages"}],"about":[{"href":"https:\/\/gatewaypartners.eu\/br\/wp-json\/wp\/v2\/types\/page"}],"author":[{"embeddable":true,"href":"https:\/\/gatewaypartners.eu\/br\/wp-json\/wp\/v2\/users\/1"}],"replies":[{"embeddable":true,"href":"https:\/\/gatewaypartners.eu\/br\/wp-json\/wp\/v2\/comments?post=65"}],"version-history":[{"count":30,"href":"https:\/\/gatewaypartners.eu\/br\/wp-json\/wp\/v2\/pages\/65\/revisions"}],"predecessor-version":[{"id":2649,"href":"https:\/\/gatewaypartners.eu\/br\/wp-json\/wp\/v2\/pages\/65\/revisions\/2649"}],"wp:featuredmedia":[{"embeddable":true,"href":"https:\/\/gatewaypartners.eu\/br\/wp-json\/wp\/v2\/media\/706"}],"wp:attachment":[{"href":"https:\/\/gatewaypartners.eu\/br\/wp-json\/wp\/v2\/media?parent=65"}],"curies":[{"name":"wp","href":"https:\/\/api.w.org\/{rel}","templated":true}]}}