{"id":71,"date":"2016-11-25T16:08:51","date_gmt":"2016-11-25T16:08:51","guid":{"rendered":"http:\/\/gatewaypartners.eu\/?page_id=71"},"modified":"2026-04-08T18:18:08","modified_gmt":"2026-04-08T15:18:08","slug":"sobre","status":"publish","type":"page","link":"https:\/\/gatewaypartners.eu\/br\/sobre\/","title":{"rendered":"Sobre"},"content":{"rendered":"<h2 style=\"text-align: center;\">Nossa hist\u00f3ria<\/h2>\n<p>A Gateway &amp; Partners, anteriormente GatewayBaltic, foi criada em 2004 e \u00e9 especializada no desenvolvimento de exportadores locais internacionalmente. Nossa miss\u00e3o \u00e9 impulsionar as vendas de exporta\u00e7\u00e3o de nossos clientes, introduzindo-os em novos mercados e descobrindo informa\u00e7\u00f5es vitais sobre o mercado. Ao longo dos anos, realizamos projetos para mais de 1000 clientes em v\u00e1rios setores. Nossos clientes s\u00e3o exportadores locais individuais, ag\u00eancias de promo\u00e7\u00e3o comercial e associa\u00e7\u00f5es. Atuamos em qualquer mercado onde nossos clientes desejem crescer, desde os n\u00f3rdicos e a Europa at\u00e9 o M\u00e9xico e a China.<\/p>\n<p>A Gateway &amp; Partners tem a confian\u00e7a de v\u00e1rias organiza\u00e7\u00f5es de promo\u00e7\u00e3o comercial, como Innovation Norway, Enterprise Estonia, Banco Mundial, Ag\u00eancia de Investimento e Desenvolvimento da Let\u00f4nia, Ag\u00eancia de Promo\u00e7\u00e3o de Exporta\u00e7\u00f5es e Investimentos da Mold\u00e1via, Enterprise Ireland, Enterprise Lithuania e Enterprise Georgia, bem como a associa\u00e7\u00e3o turca de utens\u00edlios de cozinha, a associa\u00e7\u00e3o t\u00eaxtil turca, a associa\u00e7\u00e3o turca de el\u00e9tricos, entre outros.<\/p>\n<p>Agora somos uma rede de profissionais de mercado em todos os pa\u00edses, oferecendo a voc\u00ea informa\u00e7\u00f5es sobre o mercado local e assist\u00eancia profissional.<\/p>\n<p>Hoje podemos nos chamar The Export Powerhouse.<\/p>\n","protected":false},"excerpt":{"rendered":"<p>A nossa paix\u00e3o \u00e9 o desenvolvimento de vendas Internacionais. Damos poder \u00e0s suas vendas internacionais com a nossa compet\u00eancia, nossa rede de contatos e nosso time.<\/p>\n","protected":false},"author":1,"featured_media":311,"parent":0,"menu_order":0,"comment_status":"closed","ping_status":"closed","template":"template-about.php","meta":{"inline_featured_image":false,"footnotes":""},"class_list":["post-71","page","type-page","status-publish","has-post-thumbnail","hentry"],"acf":[],"yoast_head":"<!-- This site is optimized with the Yoast SEO plugin v20.2.1 - https:\/\/yoast.com\/wordpress\/plugins\/seo\/ -->\n<title>Export Market Development | Gateway &amp; Partners<\/title>\n<meta name=\"description\" content=\"Our mission is an export strategy that promotes the growth of export sales. We build good customer relationships. Our story can be found here!\" \/>\n<meta name=\"robots\" content=\"index, follow, max-snippet:-1, max-image-preview:large, max-video-preview:-1\" \/>\n<link rel=\"canonical\" href=\"https:\/\/gatewaypartners.eu\/br\/sobre\/\" \/>\n<meta property=\"og:locale\" content=\"pt_BR\" \/>\n<meta property=\"og:type\" content=\"article\" \/>\n<meta property=\"og:title\" content=\"Export Market Development | Gateway &amp; Partners\" \/>\n<meta property=\"og:description\" content=\"Our mission is an export strategy that promotes the growth of export sales. We build good customer relationships. Our story can be found here!\" \/>\n<meta property=\"og:url\" content=\"https:\/\/gatewaypartners.eu\/br\/sobre\/\" \/>\n<meta property=\"og:site_name\" content=\"Gateway &amp; Partners\" \/>\n<meta property=\"article:modified_time\" content=\"2026-04-08T15:18:08+00:00\" \/>\n<meta property=\"og:image\" content=\"https:\/\/gatewaypartners.eu\/br\/wp-content\/uploads\/sites\/10\/2016\/11\/airport-about.jpg\" \/>\n\t<meta property=\"og:image:width\" content=\"2048\" \/>\n\t<meta property=\"og:image:height\" content=\"1396\" \/>\n\t<meta property=\"og:image:type\" content=\"image\/jpeg\" \/>\n<meta name=\"twitter:card\" content=\"summary_large_image\" \/>\n<script type=\"application\/ld+json\" class=\"yoast-schema-graph\">{\"@context\":\"https:\/\/schema.org\",\"@graph\":[{\"@type\":\"WebPage\",\"@id\":\"https:\/\/gatewaypartners.eu\/br\/sobre\/\",\"url\":\"https:\/\/gatewaypartners.eu\/br\/sobre\/\",\"name\":\"Export Market Development | Gateway & Partners\",\"isPartOf\":{\"@id\":\"https:\/\/gatewaypartners.eu\/br\/#website\"},\"datePublished\":\"2016-11-25T16:08:51+00:00\",\"dateModified\":\"2026-04-08T15:18:08+00:00\",\"description\":\"Our mission is an export strategy that promotes the growth of export sales. We build good customer relationships. Our story can be found here!\",\"inLanguage\":\"pt-BR\",\"potentialAction\":[{\"@type\":\"ReadAction\",\"target\":[\"https:\/\/gatewaypartners.eu\/br\/sobre\/\"]}]},{\"@type\":\"WebSite\",\"@id\":\"https:\/\/gatewaypartners.eu\/br\/#website\",\"url\":\"https:\/\/gatewaypartners.eu\/br\/\",\"name\":\"Gateway &amp; Partners\",\"description\":\"Your Export Powerhouse\",\"potentialAction\":[{\"@type\":\"SearchAction\",\"target\":{\"@type\":\"EntryPoint\",\"urlTemplate\":\"https:\/\/gatewaypartners.eu\/br\/?s={search_term_string}\"},\"query-input\":\"required name=search_term_string\"}],\"inLanguage\":\"pt-BR\"}]}<\/script>\n<!-- \/ Yoast SEO plugin. -->","yoast_head_json":{"title":"Export Market Development | Gateway & Partners","description":"Our mission is an export strategy that promotes the growth of export sales. We build good customer relationships. Our story can be found here!","robots":{"index":"index","follow":"follow","max-snippet":"max-snippet:-1","max-image-preview":"max-image-preview:large","max-video-preview":"max-video-preview:-1"},"canonical":"https:\/\/gatewaypartners.eu\/br\/sobre\/","og_locale":"pt_BR","og_type":"article","og_title":"Export Market Development | Gateway & Partners","og_description":"Our mission is an export strategy that promotes the growth of export sales. We build good customer relationships. Our story can be found here!","og_url":"https:\/\/gatewaypartners.eu\/br\/sobre\/","og_site_name":"Gateway &amp; Partners","article_modified_time":"2026-04-08T15:18:08+00:00","og_image":[{"width":2048,"height":1396,"url":"https:\/\/gatewaypartners.eu\/br\/wp-content\/uploads\/sites\/10\/2016\/11\/airport-about.jpg","type":"image\/jpeg"}],"twitter_card":"summary_large_image","schema":{"@context":"https:\/\/schema.org","@graph":[{"@type":"WebPage","@id":"https:\/\/gatewaypartners.eu\/br\/sobre\/","url":"https:\/\/gatewaypartners.eu\/br\/sobre\/","name":"Export Market Development | Gateway & Partners","isPartOf":{"@id":"https:\/\/gatewaypartners.eu\/br\/#website"},"datePublished":"2016-11-25T16:08:51+00:00","dateModified":"2026-04-08T15:18:08+00:00","description":"Our mission is an export strategy that promotes the growth of export sales. We build good customer relationships. Our story can be found here!","inLanguage":"pt-BR","potentialAction":[{"@type":"ReadAction","target":["https:\/\/gatewaypartners.eu\/br\/sobre\/"]}]},{"@type":"WebSite","@id":"https:\/\/gatewaypartners.eu\/br\/#website","url":"https:\/\/gatewaypartners.eu\/br\/","name":"Gateway &amp; Partners","description":"Your Export Powerhouse","potentialAction":[{"@type":"SearchAction","target":{"@type":"EntryPoint","urlTemplate":"https:\/\/gatewaypartners.eu\/br\/?s={search_term_string}"},"query-input":"required name=search_term_string"}],"inLanguage":"pt-BR"}]}},"_links":{"self":[{"href":"https:\/\/gatewaypartners.eu\/br\/wp-json\/wp\/v2\/pages\/71","targetHints":{"allow":["GET"]}}],"collection":[{"href":"https:\/\/gatewaypartners.eu\/br\/wp-json\/wp\/v2\/pages"}],"about":[{"href":"https:\/\/gatewaypartners.eu\/br\/wp-json\/wp\/v2\/types\/page"}],"author":[{"embeddable":true,"href":"https:\/\/gatewaypartners.eu\/br\/wp-json\/wp\/v2\/users\/1"}],"replies":[{"embeddable":true,"href":"https:\/\/gatewaypartners.eu\/br\/wp-json\/wp\/v2\/comments?post=71"}],"version-history":[{"count":109,"href":"https:\/\/gatewaypartners.eu\/br\/wp-json\/wp\/v2\/pages\/71\/revisions"}],"predecessor-version":[{"id":2766,"href":"https:\/\/gatewaypartners.eu\/br\/wp-json\/wp\/v2\/pages\/71\/revisions\/2766"}],"wp:featuredmedia":[{"embeddable":true,"href":"https:\/\/gatewaypartners.eu\/br\/wp-json\/wp\/v2\/media\/311"}],"wp:attachment":[{"href":"https:\/\/gatewaypartners.eu\/br\/wp-json\/wp\/v2\/media?parent=71"}],"curies":[{"name":"wp","href":"https:\/\/api.w.org\/{rel}","templated":true}]}}