{"id":73,"date":"2016-11-25T16:09:04","date_gmt":"2016-11-25T14:09:04","guid":{"rendered":"http:\/\/gatewaypartners.eu\/?page_id=73"},"modified":"2024-11-15T15:49:58","modified_gmt":"2024-11-15T13:49:58","slug":"carreiras","status":"publish","type":"page","link":"https:\/\/gatewaypartners.eu\/br\/carreiras\/","title":{"rendered":"Carreiras"},"content":{"rendered":"<p>A Gateway &amp; Partners \u00e9 uma equipe de pessoas altamente motivadas, en\u00e9rgicas e com mentalidade internacional, apaixonadas por apoiar o crescimento de nossos clientes! Ao ingressar em nossa equipe, os jovens profissionais n\u00e3o apenas aprendem e vivenciam o com\u00e9rcio internacional em a\u00e7\u00e3o, mas tamb\u00e9m se juntam a um ambiente din\u00e2mico e amig\u00e1vel.<\/p>\n<h3 style=\"text-align: center;\"><strong>Nossos Valores<\/strong><\/h3>\n<p><img loading=\"lazy\" decoding=\"async\" class=\"aligncenter wp-image-2475\" src=\"http:\/\/gatewaypartners.eu\/br\/br\/wp-content\/uploads\/sites\/10\/2022\/10\/International-community-1-1024x683.png\" alt=\"\" width=\"550\" height=\"367\" srcset=\"https:\/\/gatewaypartners.eu\/br\/wp-content\/uploads\/sites\/10\/2022\/10\/International-community-1-1024x683.png 1024w, https:\/\/gatewaypartners.eu\/br\/wp-content\/uploads\/sites\/10\/2022\/10\/International-community-1-300x200.png 300w, https:\/\/gatewaypartners.eu\/br\/wp-content\/uploads\/sites\/10\/2022\/10\/International-community-1-768x512.png 768w, https:\/\/gatewaypartners.eu\/br\/wp-content\/uploads\/sites\/10\/2022\/10\/International-community-1-1536x1024.png 1536w, https:\/\/gatewaypartners.eu\/br\/wp-content\/uploads\/sites\/10\/2022\/10\/International-community-1.png 2048w\" sizes=\"auto, (max-width: 550px) 100vw, 550px\" \/><\/p>\n<p>Na Gateway &amp; Partners oferecemos:<\/p>\n<ul>\n<li>Oportunidade de aprender e crescer<\/li>\n<li>Treinamento em comunica\u00e7\u00e3o empresarial<\/li>\n<li>\u00d3timo caf\u00e9 e eventos internos<\/li>\n<li>Colegas diversos e amig\u00e1veis<\/li>\n<li>Dose di\u00e1ria de desafio<\/li>\n<\/ul>\n<h3 style=\"text-align: center;\"><strong>Por que nossos funcion\u00e1rios adoram trabalhar conosco<\/strong><\/h3>\n<p><img loading=\"lazy\" decoding=\"async\" class=\"aligncenter wp-image-2479\" src=\"http:\/\/gatewaypartners.eu\/br\/br\/wp-content\/uploads\/sites\/10\/2022\/10\/Eng-300x200.png\" alt=\"\" width=\"1000\" height=\"667\" srcset=\"https:\/\/gatewaypartners.eu\/br\/wp-content\/uploads\/sites\/10\/2022\/10\/Eng-300x200.png 300w, https:\/\/gatewaypartners.eu\/br\/wp-content\/uploads\/sites\/10\/2022\/10\/Eng-1024x683.png 1024w, https:\/\/gatewaypartners.eu\/br\/wp-content\/uploads\/sites\/10\/2022\/10\/Eng-768x512.png 768w, https:\/\/gatewaypartners.eu\/br\/wp-content\/uploads\/sites\/10\/2022\/10\/Eng-1536x1024.png 1536w, https:\/\/gatewaypartners.eu\/br\/wp-content\/uploads\/sites\/10\/2022\/10\/Eng.png 2048w\" sizes=\"auto, (max-width: 1000px) 100vw, 1000px\" \/><\/p>\n<p>&nbsp;<\/p>\n<p>Se voc\u00ea est\u00e1:<\/p>\n<ul>\n<li>Procurando um ambiente internacional no cora\u00e7\u00e3o de Riga<\/li>\n<li>Interessado em neg\u00f3cios internacionais<\/li>\n<li>Proficiente em ingl\u00eas e\/ou outras l\u00ednguas estrangeiras<\/li>\n<li>Curioso sobre v\u00e1rios setores, mercados, processos de neg\u00f3cios<\/li>\n<li>Natural na comunica\u00e7\u00e3o com qualquer pessoa<\/li>\n<li>Talvez voc\u00ea esteja interessado em pesquisa de mercado<\/li>\n<\/ul>\n<p>Junte-se \u00e0 nossa equipe para cargos de tempo integral, meio per\u00edodo ou freelance!<\/p>\n<h3><strong>Aplique Agora<br \/>\n<\/strong><\/h3>\n<p>Envie o seu CV e carta de motiva\u00e7\u00e3o para\u00a0<a href=\"mailto:hr@gatewaypartners.eu\"><strong>hr@gatewaypartners.eu<\/strong><\/a><\/p>\n","protected":false},"excerpt":{"rendered":"<p>Se voc\u00ea est\u00e1 interessado em neg\u00f3cios internacionais e est\u00e1 pronto para uma curva de aprendizado acentuada, junte-se \u00e0 nossa equipe!<\/p>\n","protected":false},"author":1,"featured_media":2462,"parent":0,"menu_order":0,"comment_status":"closed","ping_status":"closed","template":"template-careers.php","meta":{"inline_featured_image":false,"footnotes":""},"class_list":["post-73","page","type-page","status-publish","has-post-thumbnail","hentry"],"acf":[],"yoast_head":"<!-- This site is optimized with the Yoast SEO plugin v20.2.1 - https:\/\/yoast.com\/wordpress\/plugins\/seo\/ -->\n<title>Expand Your Career Possibilities With Us | Gateway &amp; Partners<\/title>\n<meta name=\"description\" content=\"By joining our team not only learn and experience international trade in action, but also join a dynamic and friendly environment. Ready to work with us?\" \/>\n<meta name=\"robots\" content=\"index, follow, max-snippet:-1, max-image-preview:large, max-video-preview:-1\" \/>\n<link rel=\"canonical\" href=\"https:\/\/gatewaypartners.eu\/br\/carreiras\/\" \/>\n<meta property=\"og:locale\" content=\"pt_BR\" \/>\n<meta property=\"og:type\" content=\"article\" \/>\n<meta property=\"og:title\" content=\"Expand Your Career Possibilities With Us | Gateway &amp; Partners\" \/>\n<meta property=\"og:description\" content=\"By joining our team not only learn and experience international trade in action, but also join a dynamic and friendly environment. Ready to work with us?\" \/>\n<meta property=\"og:url\" content=\"https:\/\/gatewaypartners.eu\/br\/carreiras\/\" \/>\n<meta property=\"og:site_name\" content=\"Gateway &amp; Partners\" \/>\n<meta property=\"article:modified_time\" content=\"2024-11-15T13:49:58+00:00\" \/>\n<meta property=\"og:image\" content=\"https:\/\/gatewaypartners.eu\/br\/wp-content\/uploads\/sites\/10\/2022\/10\/mailchimp-04X1Yp9hNH8-unsplash.jpg\" \/>\n\t<meta property=\"og:image:width\" content=\"2048\" \/>\n\t<meta property=\"og:image:height\" content=\"1365\" \/>\n\t<meta property=\"og:image:type\" content=\"image\/jpeg\" \/>\n<meta name=\"twitter:card\" content=\"summary_large_image\" \/>\n<script type=\"application\/ld+json\" class=\"yoast-schema-graph\">{\"@context\":\"https:\/\/schema.org\",\"@graph\":[{\"@type\":\"WebPage\",\"@id\":\"https:\/\/gatewaypartners.eu\/br\/carreiras\/\",\"url\":\"https:\/\/gatewaypartners.eu\/br\/carreiras\/\",\"name\":\"Expand Your Career Possibilities With Us | Gateway & Partners\",\"isPartOf\":{\"@id\":\"https:\/\/gatewaypartners.eu\/br\/#website\"},\"datePublished\":\"2016-11-25T14:09:04+00:00\",\"dateModified\":\"2024-11-15T13:49:58+00:00\",\"description\":\"By joining our team not only learn and experience international trade in action, but also join a dynamic and friendly environment. Ready to work with us?\",\"inLanguage\":\"pt-BR\",\"potentialAction\":[{\"@type\":\"ReadAction\",\"target\":[\"https:\/\/gatewaypartners.eu\/br\/carreiras\/\"]}]},{\"@type\":\"WebSite\",\"@id\":\"https:\/\/gatewaypartners.eu\/br\/#website\",\"url\":\"https:\/\/gatewaypartners.eu\/br\/\",\"name\":\"Gateway &amp; Partners\",\"description\":\"Your Export Powerhouse\",\"potentialAction\":[{\"@type\":\"SearchAction\",\"target\":{\"@type\":\"EntryPoint\",\"urlTemplate\":\"https:\/\/gatewaypartners.eu\/br\/?s={search_term_string}\"},\"query-input\":\"required name=search_term_string\"}],\"inLanguage\":\"pt-BR\"}]}<\/script>\n<!-- \/ Yoast SEO plugin. -->","yoast_head_json":{"title":"Expand Your Career Possibilities With Us | Gateway & Partners","description":"By joining our team not only learn and experience international trade in action, but also join a dynamic and friendly environment. Ready to work with us?","robots":{"index":"index","follow":"follow","max-snippet":"max-snippet:-1","max-image-preview":"max-image-preview:large","max-video-preview":"max-video-preview:-1"},"canonical":"https:\/\/gatewaypartners.eu\/br\/carreiras\/","og_locale":"pt_BR","og_type":"article","og_title":"Expand Your Career Possibilities With Us | Gateway & Partners","og_description":"By joining our team not only learn and experience international trade in action, but also join a dynamic and friendly environment. Ready to work with us?","og_url":"https:\/\/gatewaypartners.eu\/br\/carreiras\/","og_site_name":"Gateway &amp; Partners","article_modified_time":"2024-11-15T13:49:58+00:00","og_image":[{"width":2048,"height":1365,"url":"https:\/\/gatewaypartners.eu\/br\/wp-content\/uploads\/sites\/10\/2022\/10\/mailchimp-04X1Yp9hNH8-unsplash.jpg","type":"image\/jpeg"}],"twitter_card":"summary_large_image","schema":{"@context":"https:\/\/schema.org","@graph":[{"@type":"WebPage","@id":"https:\/\/gatewaypartners.eu\/br\/carreiras\/","url":"https:\/\/gatewaypartners.eu\/br\/carreiras\/","name":"Expand Your Career Possibilities With Us | Gateway & Partners","isPartOf":{"@id":"https:\/\/gatewaypartners.eu\/br\/#website"},"datePublished":"2016-11-25T14:09:04+00:00","dateModified":"2024-11-15T13:49:58+00:00","description":"By joining our team not only learn and experience international trade in action, but also join a dynamic and friendly environment. Ready to work with us?","inLanguage":"pt-BR","potentialAction":[{"@type":"ReadAction","target":["https:\/\/gatewaypartners.eu\/br\/carreiras\/"]}]},{"@type":"WebSite","@id":"https:\/\/gatewaypartners.eu\/br\/#website","url":"https:\/\/gatewaypartners.eu\/br\/","name":"Gateway &amp; Partners","description":"Your Export Powerhouse","potentialAction":[{"@type":"SearchAction","target":{"@type":"EntryPoint","urlTemplate":"https:\/\/gatewaypartners.eu\/br\/?s={search_term_string}"},"query-input":"required name=search_term_string"}],"inLanguage":"pt-BR"}]}},"_links":{"self":[{"href":"https:\/\/gatewaypartners.eu\/br\/wp-json\/wp\/v2\/pages\/73","targetHints":{"allow":["GET"]}}],"collection":[{"href":"https:\/\/gatewaypartners.eu\/br\/wp-json\/wp\/v2\/pages"}],"about":[{"href":"https:\/\/gatewaypartners.eu\/br\/wp-json\/wp\/v2\/types\/page"}],"author":[{"embeddable":true,"href":"https:\/\/gatewaypartners.eu\/br\/wp-json\/wp\/v2\/users\/1"}],"replies":[{"embeddable":true,"href":"https:\/\/gatewaypartners.eu\/br\/wp-json\/wp\/v2\/comments?post=73"}],"version-history":[{"count":35,"href":"https:\/\/gatewaypartners.eu\/br\/wp-json\/wp\/v2\/pages\/73\/revisions"}],"predecessor-version":[{"id":2754,"href":"https:\/\/gatewaypartners.eu\/br\/wp-json\/wp\/v2\/pages\/73\/revisions\/2754"}],"wp:featuredmedia":[{"embeddable":true,"href":"https:\/\/gatewaypartners.eu\/br\/wp-json\/wp\/v2\/media\/2462"}],"wp:attachment":[{"href":"https:\/\/gatewaypartners.eu\/br\/wp-json\/wp\/v2\/media?parent=73"}],"curies":[{"name":"wp","href":"https:\/\/api.w.org\/{rel}","templated":true}]}}