{"id":1473,"date":"2022-11-22T09:09:12","date_gmt":"2022-11-22T09:09:12","guid":{"rendered":"https:\/\/gatewaypartners.eu\/ee\/?page_id=1473"},"modified":"2023-02-01T12:05:59","modified_gmt":"2023-02-01T12:05:59","slug":"korduma-kippuvad-kusimused-kkk","status":"publish","type":"page","link":"https:\/\/gatewaypartners.eu\/ee\/korduma-kippuvad-kusimused-kkk\/","title":{"rendered":"Korduma kippuvad k\u00fcsimused (KKK)"},"content":{"rendered":"<ul style=\"list-style-type:none;>\n<li><input checked=\"checked\" type=\"checkbox\" \/><i><\/i><br \/>\n<h2>Kuidas ma saan m\u00fc\u00fca rahvusvahelistel turgudel?<br \/>\n<\/h2>\n<p>V\u00e4listurgudele ekspordi alustamiseks kasutatakse tavaliselt mitmeid turule sisenemise strateegiaid \u2013 otse klientidele m\u00fc\u00fcmine; esindaja kasutamine sihtturul; strateegilise partnerluse loomine turul juba tegutseva kohaliku ettev\u00f5ttega. See, milline strateegia on k\u00f5ige sobivam, s\u00f5ltub teie \u00e4rimudelist.\n<\/li>\n<li><input checked=\"checked\" type=\"checkbox\" \/><i><\/i><br \/>\n<h2>Kuidas leida v\u00e4listurult maaletoojaid, turustajaid, m\u00fc\u00fcgiesindajaid ja nii edasi?<br \/>\n<\/h2>\n<p>Internetis on saadaval palju andmebaase, mis pakuvad ettev\u00f5tete loendeid \u00fcle maailma. M\u00f5ned neist on saadaval tasuta; m\u00f5ned n\u00f5uavad siiski tasu. Teine v\u00f5imalus on otsida Internetist andmebaase kasutamata. Internetiotsingu tegemine on aegan\u00f5udev protsess. Paljudel juhtudel leiavad ettev\u00f5tted partnereid t\u00f6\u00f6stusega seotud \u00fcritustel osalemise kaudu, kuid see on kulukas protsess.<br \/>\n(18-aastase partneriotsingu kogemuse ja 70 000+ kontaktiga andmebaasiga pakub Gateway&#038;Partners teile lahendust aja ja raha s\u00e4\u00e4stmiseks. V\u00f5tke meiega \u00fchendust, et teada saada, kuidas saame aidata.)&#8221;\n<\/li>\n<li><input checked=\"checked\" type=\"checkbox\" \/><br \/>\n<i><\/i><\/p>\n<h2>Mis on parim viis hankida turu-uuringuid soovitud riigi kohta?<br \/>\n<\/h2>\n<p>\u00dcks v\u00f5imalus konkreetse turu ja t\u00f6\u00f6stuse kohta uuringuid hankida on seda ise teha. Uurimist\u00f6\u00f6 h\u00f5lmab esmaste ja sekundaarsete andmete kogumist ning nende anal\u00fc\u00fcsimist j\u00e4relduste tegemiseks. Sekundaarne ehk olemasolevate andmete uuring koosneb \u00fcldistest andmetest v\u00f5i andmetest, mida ei kogutud spetsiaalselt selle \u00fclesande jaoks. Tavaliselt on selleks valitsuste ja eraorganisatsioonide tehtud ja esitatud statistika ja uurimistulemused. Esmane uuring on andmete kogumine intervjuude, k\u00fcsitluste, katsete jms kaudu, l\u00e4bi mille saate konkreetselt \u00fclesande jaoks vajaliku teabe. Siiski on ettev\u00f5tteid, kes tegelevad turu-uuringutega igap\u00e4evaselt ja suudavad pakkuda konkreetselt teie huvidele ja vajadustele kohandatud turuanal\u00fc\u00fcse.\n<\/li>\n<li>\n<input checked=\"checked\" type=\"checkbox\" \/><br \/>\n<i><\/i><\/p>\n<h2>Milline on parim viis oma tootele potentsiaalsete turu leidmiseks?<br \/>\n<\/h2>\n<p>Tehes turu-uuringuid selle valdkonna kohta, milles t\u00f6\u00f6tate. See v\u00f5imaldab teil m\u00f5ista turusuundumusi, t\u00f6\u00f6stusharu olukorda erinevates riikides ja seda, kus on potentsiaali kohalikel klientidel teie toodet edukalt kohandada.\n<\/li>\n<li><input checked=\"checked\" type=\"checkbox\" \/><br \/>\n<i><\/i><\/p>\n<h2>Usun, et minu ettev\u00f5tte toode oleks teistes riikides edukas, kuid ma pole kindel, kuidas rahvusvahelises \u00e4ris alustada. Kas uutele eksportijatele on olemas abi?<br \/>\n<\/h2>\n<p>Parim viis abi saamiseks on p\u00f6\u00f6rduda turuteadmisi pakkuvate konsultatsiooniettev\u00f5tete poole. Sellistel ettev\u00f5tetel on teie n\u00f5ustamiseks vajalikud teadmised.\n<\/li>\n<li><input checked=\"checked\" type=\"checkbox\" \/><br \/>\n<i><\/i><\/p>\n<h2>Mida pean teadma enne ekspordiga alustamist?<br \/>\n<\/h2>\n<p>K\u00f5igepealt peaksite alustama ekspordistrateegia v\u00e4ljat\u00f6\u00f6tamisest. Selleks peate m\u00f5istma oma \u00e4rimudelit, tundma oma toodet, m\u00e4\u00e4ratlema oma ideaalse kliendi ning m\u00f5tlema soovitud ekspordi sihtturgudele. Kui teie ettev\u00f5ttel on piisavalt inim- ja finantsressursse, tootmisv\u00f5imsust ja konkurentsiv\u00f5imeline toode, olete teel eduka ekspordi poole. S\u00f5ltuvalt teie tootest tuleks \u00fcle vaadata kohalikud impordieeskirjad ja konkreetse toote v\u00f5i teenuse sertifitseerimisvajadused.\n<\/li>\n<li><input checked=\"checked\" type=\"checkbox\" \/><br \/>\n<i><\/i><\/p>\n<h2>Mis on esimene samm eksportimisel?<br \/>\n<\/h2>\n<p>Hinnake oma toodete v\u00f5i teenuste ekspordipotentsiaali, tuvastage ja uurige soovitud ekspordi sihtturge, kaaluge parimat ekspordistrateegiat v\u00e4listurule sisenemiseks.<\/p>\n<\/li>\n<li><input checked=\"checked\" type=\"checkbox\" \/><br \/>\n<i><\/i><\/p>\n<h2>Miks on eksportimine ettev\u00f5tte jaoks oluline?<br \/>\n<\/h2>\n<p>Eksport on suurep\u00e4rane v\u00f5imalus laiendada ettev\u00f5tte m\u00fc\u00fcki ja soodustada ettev\u00f5tte kiiremat kasvu. See on viis saada juurde rohkem uusi kliente, laiendada tootmist, luua rohkem t\u00f6\u00f6kohti ning genereerida suuremat k\u00e4ivet ja tulu.\n<\/li>\n<\/ul>\n<p><!--\n\n<div class=\"row\">\n\n\n<div class=\"col-md-4\"><\/div>\n\n\n\n\n<div class=\"col-md-4\">\n<a href=\"https:\/\/gatewaypartners.eu\/contacts\/\"><button type=\"button\">If you have more questions contact US<\/button> <\/a>\n<\/div>\n\n\n\n\n<div class=\"col-md-4\"><\/div>\n\n\n<\/div>\n\n--><\/p>\n<div class=\"container page-content\">\n<div class=\"row\">\n<div class=\"col-sm-10 col-sm-offset-1 col-md-8 col-md-offset-2\">\n<button class=\"form-modal btn btn-primary btn-lg\" type=\"button\" data-toggle=\"modal\" data-target=\"#contact-form\">Kui teil on rohkem k\u00fcsimusi, v\u00f5tke meiega \u00fchendust<\/button>\n<\/div>\n<\/div>\n<\/div>\n<style>\nul li {\n  position: relative;\n  padding: 0;\n  margin: 0;\n  padding-bottom: 4px;\n  padding-top: 18px;\n  border-top: 1px dotted #dce7eb;\n}\nul li i {\n  position: absolute;\n  transform: translate(-6px, 0);\n  margin-top: 40px;\n  right: 0;\n}\nul li h2 {\n  margin-right:15px\n}\nul li i:before, ul li i:after {\n  content: \"\";\n  position: absolute;\n  background-color: #899A1B;;\n  width: 3px;\n  height: 9px;\n}\nul li i:before {\n  transform: translate(-2px, 0) rotate(45deg);\n}\nul li i:after {\n  transform: translate(2px, 0) rotate(-45deg);\n}\nul li input[type=checkbox] {\n  position: absolute;\n  cursor: pointer;\n  width: 100%;\n  height: 100%;\n  z-index: 1;\n  opacity: 0;\n}\nul li input[type=checkbox]:checked ~ p {\n  margin-top: 0;\n  max-height: 0;\n  opacity: 0;\n  transform: translate(0, 50%);\n}\nul li input[type=checkbox]:checked ~ i:before {\n  transform: translate(2px, 0) rotate(45deg);\n}\nul li input[type=checkbox]:checked ~ i:after {\n  transform: translate(-2px, 0) rotate(-45deg);\n}<\/p>\n<p>@keyframes flipdown {\n  0% {\n    opacity: 0;\n    transform-origin: top center;\n    transform: rotateX(-90deg);\n  }\n  5% {\n    opacity: 1;\n  }\n  80% {\n    transform: rotateX(8deg);\n  }\n  83% {\n    transform: rotateX(6deg);\n  }\n  92% {\n    transform: rotateX(-3deg);\n  }\n  100% {\n    transform-origin: top center;\n    transform: rotateX(0deg);\n  }\n}\n<\/style>\n<p><script type=\"application\/ld+json\">\n{\n  \"@context\": \"https:\/\/schema.org\",\n  \"@type\": \"FAQPage\",\n  \"mainEntity\": [{\n    \"@type\": \"Question\",\n    \"name\": \"Kuidas ma saan m\u00fc\u00fca rahvusvahelistel turgudel?\",\n    \"acceptedAnswer\": {\n      \"@type\": \"Answer\",\n      \"text\": \"V\u00e4listurgudele ekspordi alustamiseks kasutatakse tavaliselt mitmeid turule sisenemise strateegiaid \u2013 otse klientidele m\u00fc\u00fcmine; esindaja kasutamine sihtturul; strateegilise partnerluse loomine turul juba tegutseva kohaliku ettev\u00f5ttega. See, milline strateegia on k\u00f5ige sobivam, s\u00f5ltub teie \u00e4rimudelist.\"\n    }\n  },{\n    \"@type\": \"Question\",\n    \"name\": \"Kuidas leida v\u00e4listurult maaletoojaid, turustajaid, m\u00fc\u00fcgiesindajaid ja nii edasi?\",\n    \"acceptedAnswer\": {\n      \"@type\": \"Answer\",\n      \"text\": \"Internetis on saadaval palju andmebaase, mis pakuvad ettev\u00f5tete loendeid \u00fcle maailma. M\u00f5ned neist on saadaval tasuta; m\u00f5ned n\u00f5uavad siiski tasu. Teine v\u00f5imalus on otsida Internetist andmebaase kasutamata. Internetiotsingu tegemine on aegan\u00f5udev protsess. Paljudel juhtudel leiavad ettev\u00f5tted partnereid t\u00f6\u00f6stusega seotud \u00fcritustel osalemise kaudu, kuid see on kulukas protsess.\"\n    }\n  },{\n    \"@type\": \"Question\",\n    \"name\": \"Mis on parim viis hankida turu-uuringuid soovitud riigi kohta?\",\n    \"acceptedAnswer\": {\n      \"@type\": \"Answer\",\n      \"text\": \"\u00dcks v\u00f5imalus konkreetse turu ja t\u00f6\u00f6stuse kohta uuringuid hankida on seda ise teha. Uurimist\u00f6\u00f6 h\u00f5lmab esmaste ja sekundaarsete andmete kogumist ning nende anal\u00fc\u00fcsimist j\u00e4relduste tegemiseks. Sekundaarne ehk olemasolevate andmete uuring koosneb \u00fcldistest andmetest v\u00f5i andmetest, mida ei kogutud spetsiaalselt selle \u00fclesande jaoks. Tavaliselt on selleks valitsuste ja eraorganisatsioonide tehtud ja esitatud statistika ja uurimistulemused. Esmane uuring on andmete kogumine intervjuude, k\u00fcsitluste, katsete jms kaudu, l\u00e4bi mille saate konkreetselt \u00fclesande jaoks vajaliku teabe. Siiski on ettev\u00f5tteid, kes tegelevad turu-uuringutega igap\u00e4evaselt ja suudavad pakkuda konkreetselt teie huvidele ja vajadustele kohandatud turuanal\u00fc\u00fcse.\"\n    }\n  },{\n    \"@type\": \"Question\",\n    \"name\": \"Milline on parim viis oma tootele potentsiaalsete turu leidmiseks?\",\n    \"acceptedAnswer\": {\n      \"@type\": \"Answer\",\n      \"text\": \"Tehes turu-uuringuid selle valdkonna kohta, milles t\u00f6\u00f6tate. See v\u00f5imaldab teil m\u00f5ista turusuundumusi, t\u00f6\u00f6stusharu olukorda erinevates riikides ja seda, kus on potentsiaali kohalikel klientidel teie toodet edukalt kohandada.\"\n    }\n  },{\n    \"@type\": \"Question\",\n    \"name\": \"Usun, et minu ettev\u00f5tte toode oleks teistes riikides edukas, kuid ma pole kindel, kuidas rahvusvahelises \u00e4ris alustada. Kas uutele eksportijatele on olemas abi?\",\n    \"acceptedAnswer\": {\n      \"@type\": \"Answer\",\n      \"text\": \"Parim viis abi saamiseks on p\u00f6\u00f6rduda turuteadmisi pakkuvate konsultatsiooniettev\u00f5tete poole. Sellistel ettev\u00f5tetel on teie n\u00f5ustamiseks vajalikud teadmised.\"\n    }\n  },{\n    \"@type\": \"Question\",\n    \"name\": \"Mida pean teadma enne ekspordiga alustamist?\",\n    \"acceptedAnswer\": {\n      \"@type\": \"Answer\",\n      \"text\": \"K\u00f5igepealt peaksite alustama ekspordistrateegia v\u00e4ljat\u00f6\u00f6tamisest. Selleks peate m\u00f5istma oma \u00e4rimudelit, tundma oma toodet, m\u00e4\u00e4ratlema oma ideaalse kliendi ning m\u00f5tlema soovitud ekspordi sihtturgudele. Kui teie ettev\u00f5ttel on piisavalt inim- ja finantsressursse, tootmisv\u00f5imsust ja konkurentsiv\u00f5imeline toode, olete teel eduka ekspordi poole. S\u00f5ltuvalt teie tootest tuleks \u00fcle vaadata kohalikud impordieeskirjad ja konkreetse toote v\u00f5i teenuse sertifitseerimisvajadused.\"\n    }\n  },{\n    \"@type\": \"Question\",\n    \"name\": \"Mis on esimene samm eksportimisel?\",\n    \"acceptedAnswer\": {\n      \"@type\": \"Answer\",\n      \"text\": \"Hinnake oma toodete v\u00f5i teenuste ekspordipotentsiaali, tuvastage ja uurige soovitud ekspordi sihtturge, kaaluge parimat ekspordistrateegiat v\u00e4listurule sisenemiseks.\"\n    }\n  },{\n    \"@type\": \"Question\",\n    \"name\": \"Miks on eksportimine ettev\u00f5tte jaoks oluline?\",\n    \"acceptedAnswer\": {\n      \"@type\": \"Answer\",\n      \"text\": \"Eksport on suurep\u00e4rane v\u00f5imalus laiendada ettev\u00f5tte m\u00fc\u00fcki ja soodustada ettev\u00f5tte kiiremat kasvu. See on viis saada juurde rohkem uusi kliente, laiendada tootmist, luua rohkem t\u00f6\u00f6kohti ning genereerida suuremat k\u00e4ivet ja tulu.\"\n    }\n  }]\n}\n<\/script><\/p>\n","protected":false},"excerpt":{"rendered":"","protected":false},"author":3,"featured_media":0,"parent":0,"menu_order":0,"comment_status":"closed","ping_status":"closed","template":"","meta":{"inline_featured_image":false,"footnotes":""},"class_list":["post-1473","page","type-page","status-publish","hentry"],"acf":[],"yoast_head":"<!-- This site is optimized with the Yoast SEO plugin v20.2.1 - https:\/\/yoast.com\/wordpress\/plugins\/seo\/ -->\n<title>Korduma kippuvad k\u00fcsimused (KKK) - Gateway &amp; Partners<\/title>\n<meta name=\"robots\" content=\"index, follow, max-snippet:-1, max-image-preview:large, max-video-preview:-1\" \/>\n<link rel=\"canonical\" href=\"https:\/\/gatewaypartners.eu\/ee\/korduma-kippuvad-kusimused-kkk\/\" \/>\n<meta property=\"og:locale\" content=\"et_EE\" \/>\n<meta property=\"og:type\" content=\"article\" \/>\n<meta property=\"og:title\" content=\"Korduma kippuvad k\u00fcsimused (KKK) - Gateway &amp; Partners\" \/>\n<meta property=\"og:url\" content=\"https:\/\/gatewaypartners.eu\/ee\/korduma-kippuvad-kusimused-kkk\/\" \/>\n<meta property=\"og:site_name\" content=\"Gateway &amp; Partners\" \/>\n<meta property=\"article:modified_time\" content=\"2023-02-01T12:05:59+00:00\" \/>\n<meta name=\"twitter:card\" content=\"summary_large_image\" \/>\n<script type=\"application\/ld+json\" class=\"yoast-schema-graph\">{\"@context\":\"https:\/\/schema.org\",\"@graph\":[{\"@type\":\"WebPage\",\"@id\":\"https:\/\/gatewaypartners.eu\/ee\/korduma-kippuvad-kusimused-kkk\/\",\"url\":\"https:\/\/gatewaypartners.eu\/ee\/korduma-kippuvad-kusimused-kkk\/\",\"name\":\"Korduma kippuvad k\u00fcsimused (KKK) - Gateway &amp; Partners\",\"isPartOf\":{\"@id\":\"https:\/\/gatewaypartners.eu\/ee\/#website\"},\"datePublished\":\"2022-11-22T09:09:12+00:00\",\"dateModified\":\"2023-02-01T12:05:59+00:00\",\"inLanguage\":\"et\",\"potentialAction\":[{\"@type\":\"ReadAction\",\"target\":[\"https:\/\/gatewaypartners.eu\/ee\/korduma-kippuvad-kusimused-kkk\/\"]}]},{\"@type\":\"WebSite\",\"@id\":\"https:\/\/gatewaypartners.eu\/ee\/#website\",\"url\":\"https:\/\/gatewaypartners.eu\/ee\/\",\"name\":\"Gateway &amp; Partners\",\"description\":\"Just another Gateway &amp; Partners Sites site\",\"potentialAction\":[{\"@type\":\"SearchAction\",\"target\":{\"@type\":\"EntryPoint\",\"urlTemplate\":\"https:\/\/gatewaypartners.eu\/ee\/?s={search_term_string}\"},\"query-input\":\"required name=search_term_string\"}],\"inLanguage\":\"et\"}]}<\/script>\n<!-- \/ Yoast SEO plugin. -->","yoast_head_json":{"title":"Korduma kippuvad k\u00fcsimused (KKK) - Gateway &amp; Partners","robots":{"index":"index","follow":"follow","max-snippet":"max-snippet:-1","max-image-preview":"max-image-preview:large","max-video-preview":"max-video-preview:-1"},"canonical":"https:\/\/gatewaypartners.eu\/ee\/korduma-kippuvad-kusimused-kkk\/","og_locale":"et_EE","og_type":"article","og_title":"Korduma kippuvad k\u00fcsimused (KKK) - Gateway &amp; Partners","og_url":"https:\/\/gatewaypartners.eu\/ee\/korduma-kippuvad-kusimused-kkk\/","og_site_name":"Gateway &amp; Partners","article_modified_time":"2023-02-01T12:05:59+00:00","twitter_card":"summary_large_image","schema":{"@context":"https:\/\/schema.org","@graph":[{"@type":"WebPage","@id":"https:\/\/gatewaypartners.eu\/ee\/korduma-kippuvad-kusimused-kkk\/","url":"https:\/\/gatewaypartners.eu\/ee\/korduma-kippuvad-kusimused-kkk\/","name":"Korduma kippuvad k\u00fcsimused (KKK) - Gateway &amp; Partners","isPartOf":{"@id":"https:\/\/gatewaypartners.eu\/ee\/#website"},"datePublished":"2022-11-22T09:09:12+00:00","dateModified":"2023-02-01T12:05:59+00:00","inLanguage":"et","potentialAction":[{"@type":"ReadAction","target":["https:\/\/gatewaypartners.eu\/ee\/korduma-kippuvad-kusimused-kkk\/"]}]},{"@type":"WebSite","@id":"https:\/\/gatewaypartners.eu\/ee\/#website","url":"https:\/\/gatewaypartners.eu\/ee\/","name":"Gateway &amp; Partners","description":"Just another Gateway &amp; Partners Sites site","potentialAction":[{"@type":"SearchAction","target":{"@type":"EntryPoint","urlTemplate":"https:\/\/gatewaypartners.eu\/ee\/?s={search_term_string}"},"query-input":"required name=search_term_string"}],"inLanguage":"et"}]}},"_links":{"self":[{"href":"https:\/\/gatewaypartners.eu\/ee\/wp-json\/wp\/v2\/pages\/1473","targetHints":{"allow":["GET"]}}],"collection":[{"href":"https:\/\/gatewaypartners.eu\/ee\/wp-json\/wp\/v2\/pages"}],"about":[{"href":"https:\/\/gatewaypartners.eu\/ee\/wp-json\/wp\/v2\/types\/page"}],"author":[{"embeddable":true,"href":"https:\/\/gatewaypartners.eu\/ee\/wp-json\/wp\/v2\/users\/3"}],"replies":[{"embeddable":true,"href":"https:\/\/gatewaypartners.eu\/ee\/wp-json\/wp\/v2\/comments?post=1473"}],"version-history":[{"count":4,"href":"https:\/\/gatewaypartners.eu\/ee\/wp-json\/wp\/v2\/pages\/1473\/revisions"}],"predecessor-version":[{"id":1521,"href":"https:\/\/gatewaypartners.eu\/ee\/wp-json\/wp\/v2\/pages\/1473\/revisions\/1521"}],"wp:attachment":[{"href":"https:\/\/gatewaypartners.eu\/ee\/wp-json\/wp\/v2\/media?parent=1473"}],"curies":[{"name":"wp","href":"https:\/\/api.w.org\/{rel}","templated":true}]}}