{"id":496,"date":"2017-10-04T10:42:00","date_gmt":"2017-10-04T10:42:00","guid":{"rendered":"http:\/\/gatewaypartners.eu\/ee\/?page_id=496"},"modified":"2024-11-15T11:51:45","modified_gmt":"2024-11-15T11:51:45","slug":"karjaar","status":"publish","type":"page","link":"https:\/\/gatewaypartners.eu\/ee\/karjaar\/","title":{"rendered":"Karj\u00e4\u00e4r"},"content":{"rendered":"<p>Gateway&amp;Partners\u2019i meeskonna moodustavad k\u00f5rgelt haritud, motiveeritud, energilised ja rahvusvaheliselt m\u00f5tlevad inimesed, kes on meelestatud kliendi \u00e4riarengule ja kasvule!<\/p>\n<p>Meiega liitudes ei \u00f5pi ja koge Sa vaid rahvusvahelist \u00e4ri, vaid saad osa ka d\u00fcnaamilisest ja s\u00f5bralikust t\u00f6\u00f6keskkonnast.<\/p>\n<p>Gateway &amp; Partnersis t\u00f6\u00f6tamine t\u00e4hendab:<\/p>\n<table width=\"1047\">\n<tbody>\n<tr>\n<td width=\"548\">\n<ul>\n<li>Laiahaardelised teadmised erinevate turgude ja t\u00f6\u00f6stusharude kohta.<\/li>\n<\/ul>\n<\/td>\n<\/tr>\n<tr>\n<td width=\"548\">\n<ul>\n<li>Meeskonnat\u00f6\u00f6, mis pakub kiiret tagasisidet ja coachingut.<\/li>\n<\/ul>\n<\/td>\n<\/tr>\n<tr>\n<td width=\"548\">\n<ul>\n<li>Professionaalne ja personaalne areng.<\/li>\n<\/ul>\n<\/td>\n<\/tr>\n<tr>\n<td width=\"548\">\n<ul>\n<li>Rahvusvahelised komandeeringud.<\/li>\n<\/ul>\n<table width=\"1047\">\n<tbody>\n<tr>\n<td width=\"548\">\n<table width=\"1047\">\n<tbody>\n<tr>\n<td width=\"548\">\n<ul>\n<li>V\u00e4\u00e4rtused: \u00fcksteise toetamine, usaldamine, austamine ja l\u00f5butsemine.<\/li>\n<\/ul>\n<\/td>\n<\/tr>\n<tr>\n<td width=\"548\">\n<ul>\n<li>Suurep\u00e4rane algus t\u00f6\u00f6n\u00e4dalale \u2013 esmasp\u00e4evased koosolekud hommikus\u00f6\u00f6gi ja s\u00f5bralike kolleegidega.<\/li>\n<\/ul>\n<\/td>\n<\/tr>\n<\/tbody>\n<\/table>\n<\/td>\n<\/tr>\n<tr>\n<td width=\"548\"><\/td>\n<\/tr>\n<\/tbody>\n<\/table>\n<\/td>\n<\/tr>\n<\/tbody>\n<\/table>\n","protected":false},"excerpt":{"rendered":"<p>Kui oled huvitatud rahvusvahelisest \u00e4rist, soovid palju \u00f5ppida ja areneda, siis liitu meie meeskonnaga!<\/p>\n","protected":false},"author":3,"featured_media":849,"parent":0,"menu_order":0,"comment_status":"closed","ping_status":"closed","template":"template-careers.php","meta":{"inline_featured_image":false,"footnotes":""},"class_list":["post-496","page","type-page","status-publish","has-post-thumbnail","hentry"],"acf":[],"yoast_head":"<!-- This site is optimized with the Yoast SEO plugin v20.2.1 - https:\/\/yoast.com\/wordpress\/plugins\/seo\/ -->\n<title>Laiendage Koos Meiega Oma Karj\u00e4\u00e4riv\u00f5imalusi | Gateway &amp; Partners<\/title>\n<meta name=\"description\" content=\"Kui olete huvitatud rahvusvahelisest \u00e4ritegevusest, liituge meie meeskonnaga t\u00e4is- v\u00f5i osalise t\u00f6\u00f6ajaga v\u00f5i vabakutseliste \u00fclesannetega!\" \/>\n<meta name=\"robots\" content=\"index, follow, max-snippet:-1, max-image-preview:large, max-video-preview:-1\" \/>\n<link rel=\"canonical\" href=\"https:\/\/gatewaypartners.eu\/ee\/karjaar\/\" \/>\n<meta property=\"og:locale\" content=\"et_EE\" \/>\n<meta property=\"og:type\" content=\"article\" \/>\n<meta property=\"og:title\" content=\"Laiendage Koos Meiega Oma Karj\u00e4\u00e4riv\u00f5imalusi | Gateway &amp; Partners\" \/>\n<meta property=\"og:description\" content=\"Kui olete huvitatud rahvusvahelisest \u00e4ritegevusest, liituge meie meeskonnaga t\u00e4is- v\u00f5i osalise t\u00f6\u00f6ajaga v\u00f5i vabakutseliste \u00fclesannetega!\" \/>\n<meta property=\"og:url\" content=\"https:\/\/gatewaypartners.eu\/ee\/karjaar\/\" \/>\n<meta property=\"og:site_name\" content=\"Gateway &amp; Partners\" \/>\n<meta property=\"article:modified_time\" content=\"2024-11-15T11:51:45+00:00\" \/>\n<meta property=\"og:image\" content=\"https:\/\/gatewaypartners.eu\/ee\/wp-content\/uploads\/sites\/5\/2017\/10\/airport-1937761_1280.jpg\" \/>\n\t<meta property=\"og:image:width\" content=\"1280\" \/>\n\t<meta property=\"og:image:height\" content=\"640\" \/>\n\t<meta property=\"og:image:type\" content=\"image\/jpeg\" \/>\n<meta name=\"twitter:card\" content=\"summary_large_image\" \/>\n<script type=\"application\/ld+json\" class=\"yoast-schema-graph\">{\"@context\":\"https:\/\/schema.org\",\"@graph\":[{\"@type\":\"WebPage\",\"@id\":\"https:\/\/gatewaypartners.eu\/ee\/karjaar\/\",\"url\":\"https:\/\/gatewaypartners.eu\/ee\/karjaar\/\",\"name\":\"Laiendage Koos Meiega Oma Karj\u00e4\u00e4riv\u00f5imalusi | Gateway & Partners\",\"isPartOf\":{\"@id\":\"https:\/\/gatewaypartners.eu\/ee\/#website\"},\"datePublished\":\"2017-10-04T10:42:00+00:00\",\"dateModified\":\"2024-11-15T11:51:45+00:00\",\"description\":\"Kui olete huvitatud rahvusvahelisest \u00e4ritegevusest, liituge meie meeskonnaga t\u00e4is- v\u00f5i osalise t\u00f6\u00f6ajaga v\u00f5i vabakutseliste \u00fclesannetega!\",\"inLanguage\":\"et\",\"potentialAction\":[{\"@type\":\"ReadAction\",\"target\":[\"https:\/\/gatewaypartners.eu\/ee\/karjaar\/\"]}]},{\"@type\":\"WebSite\",\"@id\":\"https:\/\/gatewaypartners.eu\/ee\/#website\",\"url\":\"https:\/\/gatewaypartners.eu\/ee\/\",\"name\":\"Gateway &amp; Partners\",\"description\":\"Just another Gateway &amp; Partners Sites site\",\"potentialAction\":[{\"@type\":\"SearchAction\",\"target\":{\"@type\":\"EntryPoint\",\"urlTemplate\":\"https:\/\/gatewaypartners.eu\/ee\/?s={search_term_string}\"},\"query-input\":\"required name=search_term_string\"}],\"inLanguage\":\"et\"}]}<\/script>\n<!-- \/ Yoast SEO plugin. -->","yoast_head_json":{"title":"Laiendage Koos Meiega Oma Karj\u00e4\u00e4riv\u00f5imalusi | Gateway & Partners","description":"Kui olete huvitatud rahvusvahelisest \u00e4ritegevusest, liituge meie meeskonnaga t\u00e4is- v\u00f5i osalise t\u00f6\u00f6ajaga v\u00f5i vabakutseliste \u00fclesannetega!","robots":{"index":"index","follow":"follow","max-snippet":"max-snippet:-1","max-image-preview":"max-image-preview:large","max-video-preview":"max-video-preview:-1"},"canonical":"https:\/\/gatewaypartners.eu\/ee\/karjaar\/","og_locale":"et_EE","og_type":"article","og_title":"Laiendage Koos Meiega Oma Karj\u00e4\u00e4riv\u00f5imalusi | Gateway & Partners","og_description":"Kui olete huvitatud rahvusvahelisest \u00e4ritegevusest, liituge meie meeskonnaga t\u00e4is- v\u00f5i osalise t\u00f6\u00f6ajaga v\u00f5i vabakutseliste \u00fclesannetega!","og_url":"https:\/\/gatewaypartners.eu\/ee\/karjaar\/","og_site_name":"Gateway &amp; Partners","article_modified_time":"2024-11-15T11:51:45+00:00","og_image":[{"width":1280,"height":640,"url":"https:\/\/gatewaypartners.eu\/ee\/wp-content\/uploads\/sites\/5\/2017\/10\/airport-1937761_1280.jpg","type":"image\/jpeg"}],"twitter_card":"summary_large_image","schema":{"@context":"https:\/\/schema.org","@graph":[{"@type":"WebPage","@id":"https:\/\/gatewaypartners.eu\/ee\/karjaar\/","url":"https:\/\/gatewaypartners.eu\/ee\/karjaar\/","name":"Laiendage Koos Meiega Oma Karj\u00e4\u00e4riv\u00f5imalusi | Gateway & Partners","isPartOf":{"@id":"https:\/\/gatewaypartners.eu\/ee\/#website"},"datePublished":"2017-10-04T10:42:00+00:00","dateModified":"2024-11-15T11:51:45+00:00","description":"Kui olete huvitatud rahvusvahelisest \u00e4ritegevusest, liituge meie meeskonnaga t\u00e4is- v\u00f5i osalise t\u00f6\u00f6ajaga v\u00f5i vabakutseliste \u00fclesannetega!","inLanguage":"et","potentialAction":[{"@type":"ReadAction","target":["https:\/\/gatewaypartners.eu\/ee\/karjaar\/"]}]},{"@type":"WebSite","@id":"https:\/\/gatewaypartners.eu\/ee\/#website","url":"https:\/\/gatewaypartners.eu\/ee\/","name":"Gateway &amp; Partners","description":"Just another Gateway &amp; Partners Sites site","potentialAction":[{"@type":"SearchAction","target":{"@type":"EntryPoint","urlTemplate":"https:\/\/gatewaypartners.eu\/ee\/?s={search_term_string}"},"query-input":"required name=search_term_string"}],"inLanguage":"et"}]}},"_links":{"self":[{"href":"https:\/\/gatewaypartners.eu\/ee\/wp-json\/wp\/v2\/pages\/496","targetHints":{"allow":["GET"]}}],"collection":[{"href":"https:\/\/gatewaypartners.eu\/ee\/wp-json\/wp\/v2\/pages"}],"about":[{"href":"https:\/\/gatewaypartners.eu\/ee\/wp-json\/wp\/v2\/types\/page"}],"author":[{"embeddable":true,"href":"https:\/\/gatewaypartners.eu\/ee\/wp-json\/wp\/v2\/users\/3"}],"replies":[{"embeddable":true,"href":"https:\/\/gatewaypartners.eu\/ee\/wp-json\/wp\/v2\/comments?post=496"}],"version-history":[{"count":9,"href":"https:\/\/gatewaypartners.eu\/ee\/wp-json\/wp\/v2\/pages\/496\/revisions"}],"predecessor-version":[{"id":1572,"href":"https:\/\/gatewaypartners.eu\/ee\/wp-json\/wp\/v2\/pages\/496\/revisions\/1572"}],"wp:featuredmedia":[{"embeddable":true,"href":"https:\/\/gatewaypartners.eu\/ee\/wp-json\/wp\/v2\/media\/849"}],"wp:attachment":[{"href":"https:\/\/gatewaypartners.eu\/ee\/wp-json\/wp\/v2\/media?parent=496"}],"curies":[{"name":"wp","href":"https:\/\/api.w.org\/{rel}","templated":true}]}}