{"id":498,"date":"2017-10-04T10:47:30","date_gmt":"2017-10-04T10:47:30","guid":{"rendered":"http:\/\/gatewaypartners.eu\/ee\/?page_id=498"},"modified":"2026-04-08T14:50:31","modified_gmt":"2026-04-08T14:50:31","slug":"meist","status":"publish","type":"page","link":"https:\/\/gatewaypartners.eu\/ee\/meist\/","title":{"rendered":"Meist"},"content":{"rendered":"<h2 style=\"text-align: center;\">Meie lugu<\/h2>\n<div style=\"text-align: center;\"><span lang=\"ET\">Gateway &amp; Partners, varasemalt GatewayBaltic asutati aastal 2004. Ettev\u00f5te on spetsialiseerunud kohalike firmade rahvusvahelisele kasvule. Meie missiooniks on suurendada klientide ekspordim\u00fc\u00fcki, tutvustades neile uusi turge ja koguda infot turul toimuva kohta. <\/span><span lang=\"ET\">Oleme teostanud projekte rohkem kui 1000-le kliendile erinevates valdkondades. <\/span><span lang=\"ET\">T\u00f6\u00f6tame turgudel, mis meie klientidele huvi pakuvad: seda nii Euroopas ja Skandinaavias kui ka Mehhikos ja Hiinas.<\/span><\/div>\n<div style=\"text-align: center;\"><\/div>\n<div style=\"text-align: center;\">Gateway &amp; Partnerid on erinevate agentuuride usaldatud partner: Innovation Norway, EAS, Maailmapank, L\u00e4ti Investeeringu ja Arengufond, Moldova Investeeringu ja Ekspordi Agentuur, \u00a0Enterprise Ireland, Enterprise Lithuania ja Enterprise Georgia. Samuti T\u00fcrgi k\u00f6\u00f6gim\u00f6\u00f6bli klaster, T\u00fcrgi tekstiili \u00fching jne.<\/div>\n<div style=\"text-align: center;\"><\/div>\n<div style=\"text-align: center;\"><span lang=\"ET\">Oleme professionaalne v\u00f5rgustik, <\/span><span lang=\"ET\">kes pakub turu\u00fclevaadet ja professionaalset abi. <\/span><\/div>\n<div style=\"text-align: center;\"><\/div>\n<div style=\"text-align: center;\"><span lang=\"ET\">T\u00e4na kutsume me end ekspordimajakaks.<\/span><\/div>\n","protected":false},"excerpt":{"rendered":"<p>Rahvusvaheline m\u00fc\u00fck on meie kirg. Toetame Sinu ekspordim\u00fc\u00fcki oma kompetensi, meeskonna ja \u00e4riv\u00f5rgustikuga.<\/p>\n","protected":false},"author":3,"featured_media":299,"parent":0,"menu_order":0,"comment_status":"closed","ping_status":"closed","template":"template-about.php","meta":{"inline_featured_image":false,"footnotes":""},"class_list":["post-498","page","type-page","status-publish","has-post-thumbnail","hentry"],"acf":[],"yoast_head":"<!-- This site is optimized with the Yoast SEO plugin v20.2.1 - https:\/\/yoast.com\/wordpress\/plugins\/seo\/ -->\n<title>Ekspordi Areng Alates 2004. aastast | Gateway &amp; Partners<\/title>\n<meta name=\"description\" content=\"Meie kirg on rahvusvahelise m\u00fc\u00fcgi arendamine. Me anname oma p\u00e4devuse, meeskonna ja v\u00f5rgustiku abil teie rahvusvahelisele m\u00fc\u00fcgile v\u00f5imaluse. Vaadake meie lugu siin!\" \/>\n<meta name=\"robots\" content=\"index, follow, max-snippet:-1, max-image-preview:large, max-video-preview:-1\" \/>\n<link rel=\"canonical\" href=\"https:\/\/gatewaypartners.eu\/ee\/meist\/\" \/>\n<meta property=\"og:locale\" content=\"et_EE\" \/>\n<meta property=\"og:type\" content=\"article\" \/>\n<meta property=\"og:title\" content=\"Ekspordi Areng Alates 2004. aastast | Gateway &amp; Partners\" \/>\n<meta property=\"og:description\" content=\"Meie kirg on rahvusvahelise m\u00fc\u00fcgi arendamine. Me anname oma p\u00e4devuse, meeskonna ja v\u00f5rgustiku abil teie rahvusvahelisele m\u00fc\u00fcgile v\u00f5imaluse. Vaadake meie lugu siin!\" \/>\n<meta property=\"og:url\" content=\"https:\/\/gatewaypartners.eu\/ee\/meist\/\" \/>\n<meta property=\"og:site_name\" content=\"Gateway &amp; Partners\" \/>\n<meta property=\"article:modified_time\" content=\"2026-04-08T14:50:31+00:00\" \/>\n<meta property=\"og:image\" content=\"https:\/\/gatewaypartners.eu\/ee\/wp-content\/uploads\/sites\/5\/2017\/07\/airport-925093.jpg\" \/>\n\t<meta property=\"og:image:width\" content=\"2048\" \/>\n\t<meta property=\"og:image:height\" content=\"1396\" \/>\n\t<meta property=\"og:image:type\" content=\"image\/jpeg\" \/>\n<meta name=\"twitter:card\" content=\"summary_large_image\" \/>\n<script type=\"application\/ld+json\" class=\"yoast-schema-graph\">{\"@context\":\"https:\/\/schema.org\",\"@graph\":[{\"@type\":\"WebPage\",\"@id\":\"https:\/\/gatewaypartners.eu\/ee\/meist\/\",\"url\":\"https:\/\/gatewaypartners.eu\/ee\/meist\/\",\"name\":\"Ekspordi Areng Alates 2004. aastast | Gateway & Partners\",\"isPartOf\":{\"@id\":\"https:\/\/gatewaypartners.eu\/ee\/#website\"},\"datePublished\":\"2017-10-04T10:47:30+00:00\",\"dateModified\":\"2026-04-08T14:50:31+00:00\",\"description\":\"Meie kirg on rahvusvahelise m\u00fc\u00fcgi arendamine. Me anname oma p\u00e4devuse, meeskonna ja v\u00f5rgustiku abil teie rahvusvahelisele m\u00fc\u00fcgile v\u00f5imaluse. Vaadake meie lugu siin!\",\"inLanguage\":\"et\",\"potentialAction\":[{\"@type\":\"ReadAction\",\"target\":[\"https:\/\/gatewaypartners.eu\/ee\/meist\/\"]}]},{\"@type\":\"WebSite\",\"@id\":\"https:\/\/gatewaypartners.eu\/ee\/#website\",\"url\":\"https:\/\/gatewaypartners.eu\/ee\/\",\"name\":\"Gateway &amp; Partners\",\"description\":\"Just another Gateway &amp; Partners Sites site\",\"potentialAction\":[{\"@type\":\"SearchAction\",\"target\":{\"@type\":\"EntryPoint\",\"urlTemplate\":\"https:\/\/gatewaypartners.eu\/ee\/?s={search_term_string}\"},\"query-input\":\"required name=search_term_string\"}],\"inLanguage\":\"et\"}]}<\/script>\n<!-- \/ Yoast SEO plugin. -->","yoast_head_json":{"title":"Ekspordi Areng Alates 2004. aastast | Gateway & Partners","description":"Meie kirg on rahvusvahelise m\u00fc\u00fcgi arendamine. Me anname oma p\u00e4devuse, meeskonna ja v\u00f5rgustiku abil teie rahvusvahelisele m\u00fc\u00fcgile v\u00f5imaluse. Vaadake meie lugu siin!","robots":{"index":"index","follow":"follow","max-snippet":"max-snippet:-1","max-image-preview":"max-image-preview:large","max-video-preview":"max-video-preview:-1"},"canonical":"https:\/\/gatewaypartners.eu\/ee\/meist\/","og_locale":"et_EE","og_type":"article","og_title":"Ekspordi Areng Alates 2004. aastast | Gateway & Partners","og_description":"Meie kirg on rahvusvahelise m\u00fc\u00fcgi arendamine. Me anname oma p\u00e4devuse, meeskonna ja v\u00f5rgustiku abil teie rahvusvahelisele m\u00fc\u00fcgile v\u00f5imaluse. Vaadake meie lugu siin!","og_url":"https:\/\/gatewaypartners.eu\/ee\/meist\/","og_site_name":"Gateway &amp; Partners","article_modified_time":"2026-04-08T14:50:31+00:00","og_image":[{"width":2048,"height":1396,"url":"https:\/\/gatewaypartners.eu\/ee\/wp-content\/uploads\/sites\/5\/2017\/07\/airport-925093.jpg","type":"image\/jpeg"}],"twitter_card":"summary_large_image","schema":{"@context":"https:\/\/schema.org","@graph":[{"@type":"WebPage","@id":"https:\/\/gatewaypartners.eu\/ee\/meist\/","url":"https:\/\/gatewaypartners.eu\/ee\/meist\/","name":"Ekspordi Areng Alates 2004. aastast | Gateway & Partners","isPartOf":{"@id":"https:\/\/gatewaypartners.eu\/ee\/#website"},"datePublished":"2017-10-04T10:47:30+00:00","dateModified":"2026-04-08T14:50:31+00:00","description":"Meie kirg on rahvusvahelise m\u00fc\u00fcgi arendamine. Me anname oma p\u00e4devuse, meeskonna ja v\u00f5rgustiku abil teie rahvusvahelisele m\u00fc\u00fcgile v\u00f5imaluse. Vaadake meie lugu siin!","inLanguage":"et","potentialAction":[{"@type":"ReadAction","target":["https:\/\/gatewaypartners.eu\/ee\/meist\/"]}]},{"@type":"WebSite","@id":"https:\/\/gatewaypartners.eu\/ee\/#website","url":"https:\/\/gatewaypartners.eu\/ee\/","name":"Gateway &amp; Partners","description":"Just another Gateway &amp; Partners Sites site","potentialAction":[{"@type":"SearchAction","target":{"@type":"EntryPoint","urlTemplate":"https:\/\/gatewaypartners.eu\/ee\/?s={search_term_string}"},"query-input":"required name=search_term_string"}],"inLanguage":"et"}]}},"_links":{"self":[{"href":"https:\/\/gatewaypartners.eu\/ee\/wp-json\/wp\/v2\/pages\/498","targetHints":{"allow":["GET"]}}],"collection":[{"href":"https:\/\/gatewaypartners.eu\/ee\/wp-json\/wp\/v2\/pages"}],"about":[{"href":"https:\/\/gatewaypartners.eu\/ee\/wp-json\/wp\/v2\/types\/page"}],"author":[{"embeddable":true,"href":"https:\/\/gatewaypartners.eu\/ee\/wp-json\/wp\/v2\/users\/3"}],"replies":[{"embeddable":true,"href":"https:\/\/gatewaypartners.eu\/ee\/wp-json\/wp\/v2\/comments?post=498"}],"version-history":[{"count":48,"href":"https:\/\/gatewaypartners.eu\/ee\/wp-json\/wp\/v2\/pages\/498\/revisions"}],"predecessor-version":[{"id":1586,"href":"https:\/\/gatewaypartners.eu\/ee\/wp-json\/wp\/v2\/pages\/498\/revisions\/1586"}],"wp:featuredmedia":[{"embeddable":true,"href":"https:\/\/gatewaypartners.eu\/ee\/wp-json\/wp\/v2\/media\/299"}],"wp:attachment":[{"href":"https:\/\/gatewaypartners.eu\/ee\/wp-json\/wp\/v2\/media?parent=498"}],"curies":[{"name":"wp","href":"https:\/\/api.w.org\/{rel}","templated":true}]}}