{"id":500,"date":"2017-10-04T10:50:07","date_gmt":"2017-10-04T10:50:07","guid":{"rendered":"http:\/\/gatewaypartners.eu\/ee\/?page_id=500"},"modified":"2022-03-04T16:13:45","modified_gmt":"2022-03-04T16:13:45","slug":"toostused","status":"publish","type":"page","link":"https:\/\/gatewaypartners.eu\/ee\/toostused\/","title":{"rendered":"T\u00f6\u00f6stused"},"content":{"rendered":"","protected":false},"excerpt":{"rendered":"<p>Laiahaardeline kogemus erinevate turgudega, personaalne l\u00e4henemine ja professionaalne n\u00f5u v\u00f5imendab Su ekspordim\u00fc\u00fcki. Oleme t\u00f6\u00f6tanud erinevate turgude ja t\u00f6\u00f6stustega, toetades nii v\u00e4ikeseid kui suuri firmasid ja organisatsioone.<\/p>\n","protected":false},"author":3,"featured_media":899,"parent":0,"menu_order":0,"comment_status":"closed","ping_status":"closed","template":"template-industries.php","meta":{"inline_featured_image":false,"footnotes":""},"class_list":["post-500","page","type-page","status-publish","has-post-thumbnail","hentry"],"acf":[],"yoast_head":"<!-- This site is optimized with the Yoast SEO plugin v20.2.1 - https:\/\/yoast.com\/wordpress\/plugins\/seo\/ -->\n<title>T\u00f6\u00f6stused | Gateway &amp; Partners<\/title>\n<meta name=\"description\" content=\"Laiaulatuslikud kogemused erinevates t\u00f6\u00f6stusharudes, turuteadmised, isiklik suhtumine ja professionaalne n\u00f5ustamine tugevdavad teie eksportm\u00fc\u00fcki.\" \/>\n<meta name=\"robots\" content=\"index, follow, max-snippet:-1, max-image-preview:large, max-video-preview:-1\" \/>\n<link rel=\"canonical\" href=\"https:\/\/gatewaypartners.eu\/ee\/toostused\/\" \/>\n<meta property=\"og:locale\" content=\"et_EE\" \/>\n<meta property=\"og:type\" content=\"article\" \/>\n<meta property=\"og:title\" content=\"T\u00f6\u00f6stused | Gateway &amp; Partners\" \/>\n<meta property=\"og:description\" content=\"Laiaulatuslikud kogemused erinevates t\u00f6\u00f6stusharudes, turuteadmised, isiklik suhtumine ja professionaalne n\u00f5ustamine tugevdavad teie eksportm\u00fc\u00fcki.\" \/>\n<meta property=\"og:url\" content=\"https:\/\/gatewaypartners.eu\/ee\/toostused\/\" \/>\n<meta property=\"og:site_name\" content=\"Gateway &amp; Partners\" \/>\n<meta property=\"article:modified_time\" content=\"2022-03-04T16:13:45+00:00\" \/>\n<meta property=\"og:image\" content=\"https:\/\/gatewaypartners.eu\/ee\/wp-content\/uploads\/sites\/5\/2017\/10\/Industries-airport-1659008_1920.jpg\" \/>\n\t<meta property=\"og:image:width\" content=\"1920\" \/>\n\t<meta property=\"og:image:height\" content=\"1280\" \/>\n\t<meta property=\"og:image:type\" content=\"image\/jpeg\" \/>\n<meta name=\"twitter:card\" content=\"summary_large_image\" \/>\n<script type=\"application\/ld+json\" class=\"yoast-schema-graph\">{\"@context\":\"https:\/\/schema.org\",\"@graph\":[{\"@type\":\"WebPage\",\"@id\":\"https:\/\/gatewaypartners.eu\/ee\/toostused\/\",\"url\":\"https:\/\/gatewaypartners.eu\/ee\/toostused\/\",\"name\":\"T\u00f6\u00f6stused | Gateway & Partners\",\"isPartOf\":{\"@id\":\"https:\/\/gatewaypartners.eu\/ee\/#website\"},\"datePublished\":\"2017-10-04T10:50:07+00:00\",\"dateModified\":\"2022-03-04T16:13:45+00:00\",\"description\":\"Laiaulatuslikud kogemused erinevates t\u00f6\u00f6stusharudes, turuteadmised, isiklik suhtumine ja professionaalne n\u00f5ustamine tugevdavad teie eksportm\u00fc\u00fcki.\",\"inLanguage\":\"et\",\"potentialAction\":[{\"@type\":\"ReadAction\",\"target\":[\"https:\/\/gatewaypartners.eu\/ee\/toostused\/\"]}]},{\"@type\":\"WebSite\",\"@id\":\"https:\/\/gatewaypartners.eu\/ee\/#website\",\"url\":\"https:\/\/gatewaypartners.eu\/ee\/\",\"name\":\"Gateway &amp; Partners\",\"description\":\"Just another Gateway &amp; Partners Sites site\",\"potentialAction\":[{\"@type\":\"SearchAction\",\"target\":{\"@type\":\"EntryPoint\",\"urlTemplate\":\"https:\/\/gatewaypartners.eu\/ee\/?s={search_term_string}\"},\"query-input\":\"required name=search_term_string\"}],\"inLanguage\":\"et\"}]}<\/script>\n<!-- \/ Yoast SEO plugin. -->","yoast_head_json":{"title":"T\u00f6\u00f6stused | Gateway & Partners","description":"Laiaulatuslikud kogemused erinevates t\u00f6\u00f6stusharudes, turuteadmised, isiklik suhtumine ja professionaalne n\u00f5ustamine tugevdavad teie eksportm\u00fc\u00fcki.","robots":{"index":"index","follow":"follow","max-snippet":"max-snippet:-1","max-image-preview":"max-image-preview:large","max-video-preview":"max-video-preview:-1"},"canonical":"https:\/\/gatewaypartners.eu\/ee\/toostused\/","og_locale":"et_EE","og_type":"article","og_title":"T\u00f6\u00f6stused | Gateway & Partners","og_description":"Laiaulatuslikud kogemused erinevates t\u00f6\u00f6stusharudes, turuteadmised, isiklik suhtumine ja professionaalne n\u00f5ustamine tugevdavad teie eksportm\u00fc\u00fcki.","og_url":"https:\/\/gatewaypartners.eu\/ee\/toostused\/","og_site_name":"Gateway &amp; Partners","article_modified_time":"2022-03-04T16:13:45+00:00","og_image":[{"width":1920,"height":1280,"url":"https:\/\/gatewaypartners.eu\/ee\/wp-content\/uploads\/sites\/5\/2017\/10\/Industries-airport-1659008_1920.jpg","type":"image\/jpeg"}],"twitter_card":"summary_large_image","schema":{"@context":"https:\/\/schema.org","@graph":[{"@type":"WebPage","@id":"https:\/\/gatewaypartners.eu\/ee\/toostused\/","url":"https:\/\/gatewaypartners.eu\/ee\/toostused\/","name":"T\u00f6\u00f6stused | Gateway & Partners","isPartOf":{"@id":"https:\/\/gatewaypartners.eu\/ee\/#website"},"datePublished":"2017-10-04T10:50:07+00:00","dateModified":"2022-03-04T16:13:45+00:00","description":"Laiaulatuslikud kogemused erinevates t\u00f6\u00f6stusharudes, turuteadmised, isiklik suhtumine ja professionaalne n\u00f5ustamine tugevdavad teie eksportm\u00fc\u00fcki.","inLanguage":"et","potentialAction":[{"@type":"ReadAction","target":["https:\/\/gatewaypartners.eu\/ee\/toostused\/"]}]},{"@type":"WebSite","@id":"https:\/\/gatewaypartners.eu\/ee\/#website","url":"https:\/\/gatewaypartners.eu\/ee\/","name":"Gateway &amp; Partners","description":"Just another Gateway &amp; Partners Sites site","potentialAction":[{"@type":"SearchAction","target":{"@type":"EntryPoint","urlTemplate":"https:\/\/gatewaypartners.eu\/ee\/?s={search_term_string}"},"query-input":"required name=search_term_string"}],"inLanguage":"et"}]}},"_links":{"self":[{"href":"https:\/\/gatewaypartners.eu\/ee\/wp-json\/wp\/v2\/pages\/500","targetHints":{"allow":["GET"]}}],"collection":[{"href":"https:\/\/gatewaypartners.eu\/ee\/wp-json\/wp\/v2\/pages"}],"about":[{"href":"https:\/\/gatewaypartners.eu\/ee\/wp-json\/wp\/v2\/types\/page"}],"author":[{"embeddable":true,"href":"https:\/\/gatewaypartners.eu\/ee\/wp-json\/wp\/v2\/users\/3"}],"replies":[{"embeddable":true,"href":"https:\/\/gatewaypartners.eu\/ee\/wp-json\/wp\/v2\/comments?post=500"}],"version-history":[{"count":2,"href":"https:\/\/gatewaypartners.eu\/ee\/wp-json\/wp\/v2\/pages\/500\/revisions"}],"predecessor-version":[{"id":1124,"href":"https:\/\/gatewaypartners.eu\/ee\/wp-json\/wp\/v2\/pages\/500\/revisions\/1124"}],"wp:featuredmedia":[{"embeddable":true,"href":"https:\/\/gatewaypartners.eu\/ee\/wp-json\/wp\/v2\/media\/899"}],"wp:attachment":[{"href":"https:\/\/gatewaypartners.eu\/ee\/wp-json\/wp\/v2\/media?parent=500"}],"curies":[{"name":"wp","href":"https:\/\/api.w.org\/{rel}","templated":true}]}}