{"id":508,"date":"2017-10-04T10:58:52","date_gmt":"2017-10-04T10:58:52","guid":{"rendered":"http:\/\/gatewaypartners.eu\/ee\/?page_id=508"},"modified":"2022-02-08T10:32:35","modified_gmt":"2022-02-08T10:32:35","slug":"ehitus-ja-ehitusmaterjalid","status":"publish","type":"page","link":"https:\/\/gatewaypartners.eu\/ee\/toostused\/ehitus-ja-ehitusmaterjalid\/","title":{"rendered":"Ehitus ja Ehitusmaterjalid"},"content":{"rendered":"","protected":false},"excerpt":{"rendered":"<p>Rahvastik kasvab ja inimesed vajavad elamispindu. Meie teenused aitavad keskmise suurusega ettev\u00f5tetel kontakteeruda suurte allt\u00f6\u00f6v\u00f5tjate ja kinnisvaraarendajatega \u00fcle kogu Euroopa.<\/p>\n","protected":false},"author":3,"featured_media":926,"parent":500,"menu_order":4,"comment_status":"closed","ping_status":"closed","template":"template-industry.php","meta":{"inline_featured_image":false,"footnotes":""},"class_list":["post-508","page","type-page","status-publish","has-post-thumbnail","hentry"],"acf":[],"yoast_head":"<!-- This site is optimized with the Yoast SEO plugin v20.2.1 - https:\/\/yoast.com\/wordpress\/plugins\/seo\/ -->\n<title>Ehitus ja Ehitusmaterjalid - Gateway &amp; Partners<\/title>\n<meta name=\"robots\" content=\"index, follow, max-snippet:-1, max-image-preview:large, max-video-preview:-1\" \/>\n<link rel=\"canonical\" href=\"https:\/\/gatewaypartners.eu\/ee\/toostused\/ehitus-ja-ehitusmaterjalid\/\" \/>\n<meta property=\"og:locale\" content=\"et_EE\" \/>\n<meta property=\"og:type\" content=\"article\" \/>\n<meta property=\"og:title\" content=\"Ehitus ja Ehitusmaterjalid - Gateway &amp; Partners\" \/>\n<meta property=\"og:description\" content=\"Rahvastik kasvab ja inimesed vajavad elamispindu. Meie teenused aitavad keskmise suurusega ettev\u00f5tetel kontakteeruda suurte allt\u00f6\u00f6v\u00f5tjate ja kinnisvaraarendajatega \u00fcle kogu Euroopa.\" \/>\n<meta property=\"og:url\" content=\"https:\/\/gatewaypartners.eu\/ee\/toostused\/ehitus-ja-ehitusmaterjalid\/\" \/>\n<meta property=\"og:site_name\" content=\"Gateway &amp; Partners\" \/>\n<meta property=\"article:modified_time\" content=\"2022-02-08T10:32:35+00:00\" \/>\n<meta property=\"og:image\" content=\"https:\/\/gatewaypartners.eu\/ee\/wp-content\/uploads\/sites\/5\/2017\/10\/Construction-architecture-1210672-1.jpg\" \/>\n\t<meta property=\"og:image:width\" content=\"2048\" \/>\n\t<meta property=\"og:image:height\" content=\"1536\" \/>\n\t<meta property=\"og:image:type\" content=\"image\/jpeg\" \/>\n<meta name=\"twitter:card\" content=\"summary_large_image\" \/>\n<script type=\"application\/ld+json\" class=\"yoast-schema-graph\">{\"@context\":\"https:\/\/schema.org\",\"@graph\":[{\"@type\":\"WebPage\",\"@id\":\"https:\/\/gatewaypartners.eu\/ee\/toostused\/ehitus-ja-ehitusmaterjalid\/\",\"url\":\"https:\/\/gatewaypartners.eu\/ee\/toostused\/ehitus-ja-ehitusmaterjalid\/\",\"name\":\"Ehitus ja Ehitusmaterjalid - Gateway &amp; Partners\",\"isPartOf\":{\"@id\":\"https:\/\/gatewaypartners.eu\/ee\/#website\"},\"datePublished\":\"2017-10-04T10:58:52+00:00\",\"dateModified\":\"2022-02-08T10:32:35+00:00\",\"breadcrumb\":{\"@id\":\"https:\/\/gatewaypartners.eu\/ee\/toostused\/ehitus-ja-ehitusmaterjalid\/#breadcrumb\"},\"inLanguage\":\"et\",\"potentialAction\":[{\"@type\":\"ReadAction\",\"target\":[\"https:\/\/gatewaypartners.eu\/ee\/toostused\/ehitus-ja-ehitusmaterjalid\/\"]}]},{\"@type\":\"BreadcrumbList\",\"@id\":\"https:\/\/gatewaypartners.eu\/ee\/toostused\/ehitus-ja-ehitusmaterjalid\/#breadcrumb\",\"itemListElement\":[{\"@type\":\"ListItem\",\"position\":1,\"name\":\"T\u00f6\u00f6stused\",\"item\":\"https:\/\/gatewaypartners.eu\/ee\/toostused\/\"},{\"@type\":\"ListItem\",\"position\":2,\"name\":\"Ehitus ja Ehitusmaterjalid\"}]},{\"@type\":\"WebSite\",\"@id\":\"https:\/\/gatewaypartners.eu\/ee\/#website\",\"url\":\"https:\/\/gatewaypartners.eu\/ee\/\",\"name\":\"Gateway &amp; Partners\",\"description\":\"Just another Gateway &amp; Partners Sites site\",\"potentialAction\":[{\"@type\":\"SearchAction\",\"target\":{\"@type\":\"EntryPoint\",\"urlTemplate\":\"https:\/\/gatewaypartners.eu\/ee\/?s={search_term_string}\"},\"query-input\":\"required name=search_term_string\"}],\"inLanguage\":\"et\"}]}<\/script>\n<!-- \/ Yoast SEO plugin. -->","yoast_head_json":{"title":"Ehitus ja Ehitusmaterjalid - Gateway &amp; Partners","robots":{"index":"index","follow":"follow","max-snippet":"max-snippet:-1","max-image-preview":"max-image-preview:large","max-video-preview":"max-video-preview:-1"},"canonical":"https:\/\/gatewaypartners.eu\/ee\/toostused\/ehitus-ja-ehitusmaterjalid\/","og_locale":"et_EE","og_type":"article","og_title":"Ehitus ja Ehitusmaterjalid - Gateway &amp; Partners","og_description":"Rahvastik kasvab ja inimesed vajavad elamispindu. Meie teenused aitavad keskmise suurusega ettev\u00f5tetel kontakteeruda suurte allt\u00f6\u00f6v\u00f5tjate ja kinnisvaraarendajatega \u00fcle kogu Euroopa.","og_url":"https:\/\/gatewaypartners.eu\/ee\/toostused\/ehitus-ja-ehitusmaterjalid\/","og_site_name":"Gateway &amp; Partners","article_modified_time":"2022-02-08T10:32:35+00:00","og_image":[{"width":2048,"height":1536,"url":"https:\/\/gatewaypartners.eu\/ee\/wp-content\/uploads\/sites\/5\/2017\/10\/Construction-architecture-1210672-1.jpg","type":"image\/jpeg"}],"twitter_card":"summary_large_image","schema":{"@context":"https:\/\/schema.org","@graph":[{"@type":"WebPage","@id":"https:\/\/gatewaypartners.eu\/ee\/toostused\/ehitus-ja-ehitusmaterjalid\/","url":"https:\/\/gatewaypartners.eu\/ee\/toostused\/ehitus-ja-ehitusmaterjalid\/","name":"Ehitus ja Ehitusmaterjalid - Gateway &amp; Partners","isPartOf":{"@id":"https:\/\/gatewaypartners.eu\/ee\/#website"},"datePublished":"2017-10-04T10:58:52+00:00","dateModified":"2022-02-08T10:32:35+00:00","breadcrumb":{"@id":"https:\/\/gatewaypartners.eu\/ee\/toostused\/ehitus-ja-ehitusmaterjalid\/#breadcrumb"},"inLanguage":"et","potentialAction":[{"@type":"ReadAction","target":["https:\/\/gatewaypartners.eu\/ee\/toostused\/ehitus-ja-ehitusmaterjalid\/"]}]},{"@type":"BreadcrumbList","@id":"https:\/\/gatewaypartners.eu\/ee\/toostused\/ehitus-ja-ehitusmaterjalid\/#breadcrumb","itemListElement":[{"@type":"ListItem","position":1,"name":"T\u00f6\u00f6stused","item":"https:\/\/gatewaypartners.eu\/ee\/toostused\/"},{"@type":"ListItem","position":2,"name":"Ehitus ja Ehitusmaterjalid"}]},{"@type":"WebSite","@id":"https:\/\/gatewaypartners.eu\/ee\/#website","url":"https:\/\/gatewaypartners.eu\/ee\/","name":"Gateway &amp; Partners","description":"Just another Gateway &amp; Partners Sites site","potentialAction":[{"@type":"SearchAction","target":{"@type":"EntryPoint","urlTemplate":"https:\/\/gatewaypartners.eu\/ee\/?s={search_term_string}"},"query-input":"required name=search_term_string"}],"inLanguage":"et"}]}},"_links":{"self":[{"href":"https:\/\/gatewaypartners.eu\/ee\/wp-json\/wp\/v2\/pages\/508","targetHints":{"allow":["GET"]}}],"collection":[{"href":"https:\/\/gatewaypartners.eu\/ee\/wp-json\/wp\/v2\/pages"}],"about":[{"href":"https:\/\/gatewaypartners.eu\/ee\/wp-json\/wp\/v2\/types\/page"}],"author":[{"embeddable":true,"href":"https:\/\/gatewaypartners.eu\/ee\/wp-json\/wp\/v2\/users\/3"}],"replies":[{"embeddable":true,"href":"https:\/\/gatewaypartners.eu\/ee\/wp-json\/wp\/v2\/comments?post=508"}],"version-history":[{"count":1,"href":"https:\/\/gatewaypartners.eu\/ee\/wp-json\/wp\/v2\/pages\/508\/revisions"}],"predecessor-version":[{"id":509,"href":"https:\/\/gatewaypartners.eu\/ee\/wp-json\/wp\/v2\/pages\/508\/revisions\/509"}],"up":[{"embeddable":true,"href":"https:\/\/gatewaypartners.eu\/ee\/wp-json\/wp\/v2\/pages\/500"}],"wp:featuredmedia":[{"embeddable":true,"href":"https:\/\/gatewaypartners.eu\/ee\/wp-json\/wp\/v2\/media\/926"}],"wp:attachment":[{"href":"https:\/\/gatewaypartners.eu\/ee\/wp-json\/wp\/v2\/media?parent=508"}],"curies":[{"name":"wp","href":"https:\/\/api.w.org\/{rel}","templated":true}]}}