{"id":520,"date":"2017-10-04T11:39:16","date_gmt":"2017-10-04T11:39:16","guid":{"rendered":"http:\/\/gatewaypartners.eu\/ee\/?page_id=520"},"modified":"2022-02-08T10:33:49","modified_gmt":"2022-02-08T10:33:49","slug":"disain-elustiil-ja-tekstiil","status":"publish","type":"page","link":"https:\/\/gatewaypartners.eu\/ee\/toostused\/disain-elustiil-ja-tekstiil\/","title":{"rendered":"Disain, Elustiil ja Tekstiil"},"content":{"rendered":"","protected":false},"excerpt":{"rendered":"<p>Loovfirmad on sageli v\u00e4ikesed ja h\u00f5ivatud uute toodete arendamisega. Meie meeskond on alati valmis tutvustama disainitooteid v\u00e4listurgudel ning aitama ekspordim\u00fc\u00fcki kasvatada.<\/p>\n","protected":false},"author":3,"featured_media":928,"parent":500,"menu_order":9,"comment_status":"closed","ping_status":"closed","template":"template-industry.php","meta":{"inline_featured_image":false,"footnotes":""},"class_list":["post-520","page","type-page","status-publish","has-post-thumbnail","hentry"],"acf":[],"yoast_head":"<!-- This site is optimized with the Yoast SEO plugin v20.2.1 - https:\/\/yoast.com\/wordpress\/plugins\/seo\/ -->\n<title>Disain, Elustiil ja Tekstiil - Gateway &amp; Partners<\/title>\n<meta name=\"robots\" content=\"index, follow, max-snippet:-1, max-image-preview:large, max-video-preview:-1\" \/>\n<link rel=\"canonical\" href=\"https:\/\/gatewaypartners.eu\/ee\/toostused\/disain-elustiil-ja-tekstiil\/\" \/>\n<meta property=\"og:locale\" content=\"et_EE\" \/>\n<meta property=\"og:type\" content=\"article\" \/>\n<meta property=\"og:title\" content=\"Disain, Elustiil ja Tekstiil - Gateway &amp; Partners\" \/>\n<meta property=\"og:description\" content=\"Loovfirmad on sageli v\u00e4ikesed ja h\u00f5ivatud uute toodete arendamisega. Meie meeskond on alati valmis tutvustama disainitooteid v\u00e4listurgudel ning aitama ekspordim\u00fc\u00fcki kasvatada.\" \/>\n<meta property=\"og:url\" content=\"https:\/\/gatewaypartners.eu\/ee\/toostused\/disain-elustiil-ja-tekstiil\/\" \/>\n<meta property=\"og:site_name\" content=\"Gateway &amp; Partners\" \/>\n<meta property=\"article:modified_time\" content=\"2022-02-08T10:33:49+00:00\" \/>\n<meta property=\"og:image\" content=\"https:\/\/gatewaypartners.eu\/ee\/wp-content\/uploads\/sites\/5\/2017\/10\/Design-thread-931889_1920.jpg\" \/>\n\t<meta property=\"og:image:width\" content=\"1920\" \/>\n\t<meta property=\"og:image:height\" content=\"1439\" \/>\n\t<meta property=\"og:image:type\" content=\"image\/jpeg\" \/>\n<meta name=\"twitter:card\" content=\"summary_large_image\" \/>\n<script type=\"application\/ld+json\" class=\"yoast-schema-graph\">{\"@context\":\"https:\/\/schema.org\",\"@graph\":[{\"@type\":\"WebPage\",\"@id\":\"https:\/\/gatewaypartners.eu\/ee\/toostused\/disain-elustiil-ja-tekstiil\/\",\"url\":\"https:\/\/gatewaypartners.eu\/ee\/toostused\/disain-elustiil-ja-tekstiil\/\",\"name\":\"Disain, Elustiil ja Tekstiil - Gateway &amp; Partners\",\"isPartOf\":{\"@id\":\"https:\/\/gatewaypartners.eu\/ee\/#website\"},\"datePublished\":\"2017-10-04T11:39:16+00:00\",\"dateModified\":\"2022-02-08T10:33:49+00:00\",\"breadcrumb\":{\"@id\":\"https:\/\/gatewaypartners.eu\/ee\/toostused\/disain-elustiil-ja-tekstiil\/#breadcrumb\"},\"inLanguage\":\"et\",\"potentialAction\":[{\"@type\":\"ReadAction\",\"target\":[\"https:\/\/gatewaypartners.eu\/ee\/toostused\/disain-elustiil-ja-tekstiil\/\"]}]},{\"@type\":\"BreadcrumbList\",\"@id\":\"https:\/\/gatewaypartners.eu\/ee\/toostused\/disain-elustiil-ja-tekstiil\/#breadcrumb\",\"itemListElement\":[{\"@type\":\"ListItem\",\"position\":1,\"name\":\"T\u00f6\u00f6stused\",\"item\":\"https:\/\/gatewaypartners.eu\/ee\/toostused\/\"},{\"@type\":\"ListItem\",\"position\":2,\"name\":\"Disain, Elustiil ja Tekstiil\"}]},{\"@type\":\"WebSite\",\"@id\":\"https:\/\/gatewaypartners.eu\/ee\/#website\",\"url\":\"https:\/\/gatewaypartners.eu\/ee\/\",\"name\":\"Gateway &amp; Partners\",\"description\":\"Just another Gateway &amp; Partners Sites site\",\"potentialAction\":[{\"@type\":\"SearchAction\",\"target\":{\"@type\":\"EntryPoint\",\"urlTemplate\":\"https:\/\/gatewaypartners.eu\/ee\/?s={search_term_string}\"},\"query-input\":\"required name=search_term_string\"}],\"inLanguage\":\"et\"}]}<\/script>\n<!-- \/ Yoast SEO plugin. -->","yoast_head_json":{"title":"Disain, Elustiil ja Tekstiil - Gateway &amp; Partners","robots":{"index":"index","follow":"follow","max-snippet":"max-snippet:-1","max-image-preview":"max-image-preview:large","max-video-preview":"max-video-preview:-1"},"canonical":"https:\/\/gatewaypartners.eu\/ee\/toostused\/disain-elustiil-ja-tekstiil\/","og_locale":"et_EE","og_type":"article","og_title":"Disain, Elustiil ja Tekstiil - Gateway &amp; Partners","og_description":"Loovfirmad on sageli v\u00e4ikesed ja h\u00f5ivatud uute toodete arendamisega. Meie meeskond on alati valmis tutvustama disainitooteid v\u00e4listurgudel ning aitama ekspordim\u00fc\u00fcki kasvatada.","og_url":"https:\/\/gatewaypartners.eu\/ee\/toostused\/disain-elustiil-ja-tekstiil\/","og_site_name":"Gateway &amp; Partners","article_modified_time":"2022-02-08T10:33:49+00:00","og_image":[{"width":1920,"height":1439,"url":"https:\/\/gatewaypartners.eu\/ee\/wp-content\/uploads\/sites\/5\/2017\/10\/Design-thread-931889_1920.jpg","type":"image\/jpeg"}],"twitter_card":"summary_large_image","schema":{"@context":"https:\/\/schema.org","@graph":[{"@type":"WebPage","@id":"https:\/\/gatewaypartners.eu\/ee\/toostused\/disain-elustiil-ja-tekstiil\/","url":"https:\/\/gatewaypartners.eu\/ee\/toostused\/disain-elustiil-ja-tekstiil\/","name":"Disain, Elustiil ja Tekstiil - Gateway &amp; Partners","isPartOf":{"@id":"https:\/\/gatewaypartners.eu\/ee\/#website"},"datePublished":"2017-10-04T11:39:16+00:00","dateModified":"2022-02-08T10:33:49+00:00","breadcrumb":{"@id":"https:\/\/gatewaypartners.eu\/ee\/toostused\/disain-elustiil-ja-tekstiil\/#breadcrumb"},"inLanguage":"et","potentialAction":[{"@type":"ReadAction","target":["https:\/\/gatewaypartners.eu\/ee\/toostused\/disain-elustiil-ja-tekstiil\/"]}]},{"@type":"BreadcrumbList","@id":"https:\/\/gatewaypartners.eu\/ee\/toostused\/disain-elustiil-ja-tekstiil\/#breadcrumb","itemListElement":[{"@type":"ListItem","position":1,"name":"T\u00f6\u00f6stused","item":"https:\/\/gatewaypartners.eu\/ee\/toostused\/"},{"@type":"ListItem","position":2,"name":"Disain, Elustiil ja Tekstiil"}]},{"@type":"WebSite","@id":"https:\/\/gatewaypartners.eu\/ee\/#website","url":"https:\/\/gatewaypartners.eu\/ee\/","name":"Gateway &amp; Partners","description":"Just another Gateway &amp; Partners Sites site","potentialAction":[{"@type":"SearchAction","target":{"@type":"EntryPoint","urlTemplate":"https:\/\/gatewaypartners.eu\/ee\/?s={search_term_string}"},"query-input":"required name=search_term_string"}],"inLanguage":"et"}]}},"_links":{"self":[{"href":"https:\/\/gatewaypartners.eu\/ee\/wp-json\/wp\/v2\/pages\/520","targetHints":{"allow":["GET"]}}],"collection":[{"href":"https:\/\/gatewaypartners.eu\/ee\/wp-json\/wp\/v2\/pages"}],"about":[{"href":"https:\/\/gatewaypartners.eu\/ee\/wp-json\/wp\/v2\/types\/page"}],"author":[{"embeddable":true,"href":"https:\/\/gatewaypartners.eu\/ee\/wp-json\/wp\/v2\/users\/3"}],"replies":[{"embeddable":true,"href":"https:\/\/gatewaypartners.eu\/ee\/wp-json\/wp\/v2\/comments?post=520"}],"version-history":[{"count":3,"href":"https:\/\/gatewaypartners.eu\/ee\/wp-json\/wp\/v2\/pages\/520\/revisions"}],"predecessor-version":[{"id":1136,"href":"https:\/\/gatewaypartners.eu\/ee\/wp-json\/wp\/v2\/pages\/520\/revisions\/1136"}],"up":[{"embeddable":true,"href":"https:\/\/gatewaypartners.eu\/ee\/wp-json\/wp\/v2\/pages\/500"}],"wp:featuredmedia":[{"embeddable":true,"href":"https:\/\/gatewaypartners.eu\/ee\/wp-json\/wp\/v2\/media\/928"}],"wp:attachment":[{"href":"https:\/\/gatewaypartners.eu\/ee\/wp-json\/wp\/v2\/media?parent=520"}],"curies":[{"name":"wp","href":"https:\/\/api.w.org\/{rel}","templated":true}]}}