{"id":522,"date":"2017-10-04T11:45:44","date_gmt":"2017-10-04T11:45:44","guid":{"rendered":"http:\/\/gatewaypartners.eu\/ee\/?page_id=522"},"modified":"2022-03-04T16:09:30","modified_gmt":"2022-03-04T16:09:30","slug":"teenused","status":"publish","type":"page","link":"https:\/\/gatewaypartners.eu\/ee\/teenused\/","title":{"rendered":"Teenused"},"content":{"rendered":"","protected":false},"excerpt":{"rendered":"<p>Mida vajad rahvusvaheliseks kasvuks? V\u00e4rsked turu\u00fclevaated ja sobivad \u00e4ripartnerid &#8211; see on see, millega saame Sind toetada. Pakume praktilisi tulemusi ja s\u00e4\u00e4stame uutele turgudele sisendes Sinu aega ja raha.<\/p>\n","protected":false},"author":3,"featured_media":298,"parent":0,"menu_order":0,"comment_status":"closed","ping_status":"closed","template":"template-services.php","meta":{"inline_featured_image":false,"footnotes":""},"class_list":["post-522","page","type-page","status-publish","has-post-thumbnail","hentry"],"acf":[],"yoast_head":"<!-- This site is optimized with the Yoast SEO plugin v20.2.1 - https:\/\/yoast.com\/wordpress\/plugins\/seo\/ -->\n<title>Ekspordihaldus, B2B ja Muud | Gateway &amp; Partners<\/title>\n<meta name=\"description\" content=\"S\u00e4\u00e4state aega ja raha uutele turgudele sisenemisel. Meie teenuste hulka kuuluvad ekspordiinfo, tarnijate otsimine, investeeringute kaasamine ja palju muud!\" \/>\n<meta name=\"robots\" content=\"index, follow, max-snippet:-1, max-image-preview:large, max-video-preview:-1\" \/>\n<link rel=\"canonical\" href=\"https:\/\/gatewaypartners.eu\/ee\/teenused\/\" \/>\n<meta property=\"og:locale\" content=\"et_EE\" \/>\n<meta property=\"og:type\" content=\"article\" \/>\n<meta property=\"og:title\" content=\"Ekspordihaldus, B2B ja Muud | Gateway &amp; Partners\" \/>\n<meta property=\"og:description\" content=\"S\u00e4\u00e4state aega ja raha uutele turgudele sisenemisel. Meie teenuste hulka kuuluvad ekspordiinfo, tarnijate otsimine, investeeringute kaasamine ja palju muud!\" \/>\n<meta property=\"og:url\" content=\"https:\/\/gatewaypartners.eu\/ee\/teenused\/\" \/>\n<meta property=\"og:site_name\" content=\"Gateway &amp; Partners\" \/>\n<meta property=\"article:modified_time\" content=\"2022-03-04T16:09:30+00:00\" \/>\n<meta property=\"og:image\" content=\"https:\/\/gatewaypartners.eu\/ee\/wp-content\/uploads\/sites\/5\/2017\/07\/airport-1853505_1920.jpg\" \/>\n\t<meta property=\"og:image:width\" content=\"1920\" \/>\n\t<meta property=\"og:image:height\" content=\"1280\" \/>\n\t<meta property=\"og:image:type\" content=\"image\/jpeg\" \/>\n<meta name=\"twitter:card\" content=\"summary_large_image\" \/>\n<script type=\"application\/ld+json\" class=\"yoast-schema-graph\">{\"@context\":\"https:\/\/schema.org\",\"@graph\":[{\"@type\":\"WebPage\",\"@id\":\"https:\/\/gatewaypartners.eu\/ee\/teenused\/\",\"url\":\"https:\/\/gatewaypartners.eu\/ee\/teenused\/\",\"name\":\"Ekspordihaldus, B2B ja Muud | Gateway & Partners\",\"isPartOf\":{\"@id\":\"https:\/\/gatewaypartners.eu\/ee\/#website\"},\"datePublished\":\"2017-10-04T11:45:44+00:00\",\"dateModified\":\"2022-03-04T16:09:30+00:00\",\"description\":\"S\u00e4\u00e4state aega ja raha uutele turgudele sisenemisel. Meie teenuste hulka kuuluvad ekspordiinfo, tarnijate otsimine, investeeringute kaasamine ja palju muud!\",\"inLanguage\":\"et\",\"potentialAction\":[{\"@type\":\"ReadAction\",\"target\":[\"https:\/\/gatewaypartners.eu\/ee\/teenused\/\"]}]},{\"@type\":\"WebSite\",\"@id\":\"https:\/\/gatewaypartners.eu\/ee\/#website\",\"url\":\"https:\/\/gatewaypartners.eu\/ee\/\",\"name\":\"Gateway &amp; Partners\",\"description\":\"Just another Gateway &amp; Partners Sites site\",\"potentialAction\":[{\"@type\":\"SearchAction\",\"target\":{\"@type\":\"EntryPoint\",\"urlTemplate\":\"https:\/\/gatewaypartners.eu\/ee\/?s={search_term_string}\"},\"query-input\":\"required name=search_term_string\"}],\"inLanguage\":\"et\"}]}<\/script>\n<!-- \/ Yoast SEO plugin. -->","yoast_head_json":{"title":"Ekspordihaldus, B2B ja Muud | Gateway & Partners","description":"S\u00e4\u00e4state aega ja raha uutele turgudele sisenemisel. Meie teenuste hulka kuuluvad ekspordiinfo, tarnijate otsimine, investeeringute kaasamine ja palju muud!","robots":{"index":"index","follow":"follow","max-snippet":"max-snippet:-1","max-image-preview":"max-image-preview:large","max-video-preview":"max-video-preview:-1"},"canonical":"https:\/\/gatewaypartners.eu\/ee\/teenused\/","og_locale":"et_EE","og_type":"article","og_title":"Ekspordihaldus, B2B ja Muud | Gateway & Partners","og_description":"S\u00e4\u00e4state aega ja raha uutele turgudele sisenemisel. Meie teenuste hulka kuuluvad ekspordiinfo, tarnijate otsimine, investeeringute kaasamine ja palju muud!","og_url":"https:\/\/gatewaypartners.eu\/ee\/teenused\/","og_site_name":"Gateway &amp; Partners","article_modified_time":"2022-03-04T16:09:30+00:00","og_image":[{"width":1920,"height":1280,"url":"https:\/\/gatewaypartners.eu\/ee\/wp-content\/uploads\/sites\/5\/2017\/07\/airport-1853505_1920.jpg","type":"image\/jpeg"}],"twitter_card":"summary_large_image","schema":{"@context":"https:\/\/schema.org","@graph":[{"@type":"WebPage","@id":"https:\/\/gatewaypartners.eu\/ee\/teenused\/","url":"https:\/\/gatewaypartners.eu\/ee\/teenused\/","name":"Ekspordihaldus, B2B ja Muud | Gateway & Partners","isPartOf":{"@id":"https:\/\/gatewaypartners.eu\/ee\/#website"},"datePublished":"2017-10-04T11:45:44+00:00","dateModified":"2022-03-04T16:09:30+00:00","description":"S\u00e4\u00e4state aega ja raha uutele turgudele sisenemisel. Meie teenuste hulka kuuluvad ekspordiinfo, tarnijate otsimine, investeeringute kaasamine ja palju muud!","inLanguage":"et","potentialAction":[{"@type":"ReadAction","target":["https:\/\/gatewaypartners.eu\/ee\/teenused\/"]}]},{"@type":"WebSite","@id":"https:\/\/gatewaypartners.eu\/ee\/#website","url":"https:\/\/gatewaypartners.eu\/ee\/","name":"Gateway &amp; Partners","description":"Just another Gateway &amp; Partners Sites site","potentialAction":[{"@type":"SearchAction","target":{"@type":"EntryPoint","urlTemplate":"https:\/\/gatewaypartners.eu\/ee\/?s={search_term_string}"},"query-input":"required name=search_term_string"}],"inLanguage":"et"}]}},"_links":{"self":[{"href":"https:\/\/gatewaypartners.eu\/ee\/wp-json\/wp\/v2\/pages\/522","targetHints":{"allow":["GET"]}}],"collection":[{"href":"https:\/\/gatewaypartners.eu\/ee\/wp-json\/wp\/v2\/pages"}],"about":[{"href":"https:\/\/gatewaypartners.eu\/ee\/wp-json\/wp\/v2\/types\/page"}],"author":[{"embeddable":true,"href":"https:\/\/gatewaypartners.eu\/ee\/wp-json\/wp\/v2\/users\/3"}],"replies":[{"embeddable":true,"href":"https:\/\/gatewaypartners.eu\/ee\/wp-json\/wp\/v2\/comments?post=522"}],"version-history":[{"count":3,"href":"https:\/\/gatewaypartners.eu\/ee\/wp-json\/wp\/v2\/pages\/522\/revisions"}],"predecessor-version":[{"id":1101,"href":"https:\/\/gatewaypartners.eu\/ee\/wp-json\/wp\/v2\/pages\/522\/revisions\/1101"}],"wp:featuredmedia":[{"embeddable":true,"href":"https:\/\/gatewaypartners.eu\/ee\/wp-json\/wp\/v2\/media\/298"}],"wp:attachment":[{"href":"https:\/\/gatewaypartners.eu\/ee\/wp-json\/wp\/v2\/media?parent=522"}],"curies":[{"name":"wp","href":"https:\/\/api.w.org\/{rel}","templated":true}]}}