{"id":524,"date":"2017-10-04T11:58:38","date_gmt":"2017-10-04T11:58:38","guid":{"rendered":"http:\/\/gatewaypartners.eu\/ee\/?page_id=524"},"modified":"2022-03-04T16:10:13","modified_gmt":"2022-03-04T16:10:13","slug":"524-2","status":"publish","type":"page","link":"https:\/\/gatewaypartners.eu\/ee\/teenused\/524-2\/","title":{"rendered":"Ekspordikompetents"},"content":{"rendered":"<h3>M\u00fc\u00fcgipartnerite leidmine<\/h3>\n<p>Identifitseerime m\u00fc\u00fcgiv\u00f5imalused sihtriigis, tutvustame firmat potentsiaalsetele partneritele ja organiseerime m\u00fc\u00fcgikohtumisi.<\/p>\n<ul>\n<li>Tutvustame tooteid potentsiaalsetele partneritele ja klientidele.<\/li>\n<li>Organiseerime \u00e4rikohtumisi potentsiaalsete partnerite ja klientidega.<\/li>\n<li>Teeme k\u00f5ik praktilised ettevalmistused probleemivabaks visiidiks.<\/li>\n<\/ul>\n<h3>B2B matchmaking \u00fcritused<\/h3>\n<p>Korraldame kontakt\u00fcritusi firmadele, kes on huvitatud uutest ekspordipartneritest.<\/p>\n<ul>\n<li>Korraldame osalejatele individuaalsed m\u00fc\u00fcgikohtumised sobivate partneritega.<\/li>\n<li>Korraldame sihtturul seminare ja \u00f5ppevisiite.<\/li>\n<li>Teeme k\u00f5ik praktilised ettevalmistused probleemivabaks visiidiks.<\/li>\n<\/ul>\n<h3>Ekspordijuhtimine<\/h3>\n<p>Ekspordijuhtimise teenust pakkudes, tegutseme kui sisseostetud ekspordijuhid.<\/p>\n<ul>\n<li>T\u00f6\u00f6tame j\u00e4rjepidevalt Sinu ekspordim\u00fc\u00fcgi kasvatamise nimel.<\/li>\n<li>Arendame kliendisuhteid ning\u00a0osaleme l\u00e4bir\u00e4\u00e4kimistel.<\/li>\n<li>Arendame \u00fcheskoos uusi tooteid eksporditurgude tarbeks.<\/li>\n<\/ul>\n","protected":false},"excerpt":{"rendered":"<p>M\u00fc\u00fcgipartnerite ja klientide otsimine<br \/>\nB2B kontakt\u00fcritused<br \/>\nEkspordijuhtimine<\/p>\n","protected":false},"author":3,"featured_media":69,"parent":522,"menu_order":1,"comment_status":"closed","ping_status":"closed","template":"template-service.php","meta":{"inline_featured_image":false,"footnotes":""},"class_list":["post-524","page","type-page","status-publish","has-post-thumbnail","hentry"],"acf":[],"yoast_head":"<!-- This site is optimized with the Yoast SEO plugin v20.2.1 - https:\/\/yoast.com\/wordpress\/plugins\/seo\/ -->\n<title>Ekspordikompetents | Gateway &amp; Partners<\/title>\n<meta name=\"description\" content=\"Pakume ekspordikoolituse teenuseid, sealhulgas ekspordi meistriklassi, ekspordiakadeemiat ja ekspordi k\u00e4siraamatut! Tutvu meie ekspordikoolituse teemadega siin!\" \/>\n<meta name=\"robots\" content=\"index, follow, max-snippet:-1, max-image-preview:large, max-video-preview:-1\" \/>\n<link rel=\"canonical\" href=\"https:\/\/gatewaypartners.eu\/ee\/teenused\/524-2\/\" \/>\n<meta property=\"og:locale\" content=\"et_EE\" \/>\n<meta property=\"og:type\" content=\"article\" \/>\n<meta property=\"og:title\" content=\"Ekspordikompetents | Gateway &amp; Partners\" \/>\n<meta property=\"og:description\" content=\"Pakume ekspordikoolituse teenuseid, sealhulgas ekspordi meistriklassi, ekspordiakadeemiat ja ekspordi k\u00e4siraamatut! Tutvu meie ekspordikoolituse teemadega siin!\" \/>\n<meta property=\"og:url\" content=\"https:\/\/gatewaypartners.eu\/ee\/teenused\/524-2\/\" \/>\n<meta property=\"og:site_name\" content=\"Gateway &amp; Partners\" \/>\n<meta property=\"article:modified_time\" content=\"2022-03-04T16:10:13+00:00\" \/>\n<meta property=\"og:image\" content=\"https:\/\/gatewaypartners.eu\/ee\/wp-content\/uploads\/sites\/5\/2017\/07\/About-osaka-98351.jpg\" \/>\n\t<meta property=\"og:image:width\" content=\"2048\" \/>\n\t<meta property=\"og:image:height\" content=\"1152\" \/>\n\t<meta property=\"og:image:type\" content=\"image\/jpeg\" \/>\n<meta name=\"twitter:card\" content=\"summary_large_image\" \/>\n<script type=\"application\/ld+json\" class=\"yoast-schema-graph\">{\"@context\":\"https:\/\/schema.org\",\"@graph\":[{\"@type\":\"WebPage\",\"@id\":\"https:\/\/gatewaypartners.eu\/ee\/teenused\/524-2\/\",\"url\":\"https:\/\/gatewaypartners.eu\/ee\/teenused\/524-2\/\",\"name\":\"Ekspordikompetents | Gateway & Partners\",\"isPartOf\":{\"@id\":\"https:\/\/gatewaypartners.eu\/ee\/#website\"},\"datePublished\":\"2017-10-04T11:58:38+00:00\",\"dateModified\":\"2022-03-04T16:10:13+00:00\",\"description\":\"Pakume ekspordikoolituse teenuseid, sealhulgas ekspordi meistriklassi, ekspordiakadeemiat ja ekspordi k\u00e4siraamatut! Tutvu meie ekspordikoolituse teemadega siin!\",\"breadcrumb\":{\"@id\":\"https:\/\/gatewaypartners.eu\/ee\/teenused\/524-2\/#breadcrumb\"},\"inLanguage\":\"et\",\"potentialAction\":[{\"@type\":\"ReadAction\",\"target\":[\"https:\/\/gatewaypartners.eu\/ee\/teenused\/524-2\/\"]}]},{\"@type\":\"BreadcrumbList\",\"@id\":\"https:\/\/gatewaypartners.eu\/ee\/teenused\/524-2\/#breadcrumb\",\"itemListElement\":[{\"@type\":\"ListItem\",\"position\":1,\"name\":\"Teenused\",\"item\":\"https:\/\/gatewaypartners.eu\/ee\/teenused\/\"},{\"@type\":\"ListItem\",\"position\":2,\"name\":\"Ekspordikompetents\"}]},{\"@type\":\"WebSite\",\"@id\":\"https:\/\/gatewaypartners.eu\/ee\/#website\",\"url\":\"https:\/\/gatewaypartners.eu\/ee\/\",\"name\":\"Gateway &amp; Partners\",\"description\":\"Just another Gateway &amp; Partners Sites site\",\"potentialAction\":[{\"@type\":\"SearchAction\",\"target\":{\"@type\":\"EntryPoint\",\"urlTemplate\":\"https:\/\/gatewaypartners.eu\/ee\/?s={search_term_string}\"},\"query-input\":\"required name=search_term_string\"}],\"inLanguage\":\"et\"}]}<\/script>\n<!-- \/ Yoast SEO plugin. -->","yoast_head_json":{"title":"Ekspordikompetents | Gateway & Partners","description":"Pakume ekspordikoolituse teenuseid, sealhulgas ekspordi meistriklassi, ekspordiakadeemiat ja ekspordi k\u00e4siraamatut! Tutvu meie ekspordikoolituse teemadega siin!","robots":{"index":"index","follow":"follow","max-snippet":"max-snippet:-1","max-image-preview":"max-image-preview:large","max-video-preview":"max-video-preview:-1"},"canonical":"https:\/\/gatewaypartners.eu\/ee\/teenused\/524-2\/","og_locale":"et_EE","og_type":"article","og_title":"Ekspordikompetents | Gateway & Partners","og_description":"Pakume ekspordikoolituse teenuseid, sealhulgas ekspordi meistriklassi, ekspordiakadeemiat ja ekspordi k\u00e4siraamatut! Tutvu meie ekspordikoolituse teemadega siin!","og_url":"https:\/\/gatewaypartners.eu\/ee\/teenused\/524-2\/","og_site_name":"Gateway &amp; Partners","article_modified_time":"2022-03-04T16:10:13+00:00","og_image":[{"width":2048,"height":1152,"url":"https:\/\/gatewaypartners.eu\/ee\/wp-content\/uploads\/sites\/5\/2017\/07\/About-osaka-98351.jpg","type":"image\/jpeg"}],"twitter_card":"summary_large_image","schema":{"@context":"https:\/\/schema.org","@graph":[{"@type":"WebPage","@id":"https:\/\/gatewaypartners.eu\/ee\/teenused\/524-2\/","url":"https:\/\/gatewaypartners.eu\/ee\/teenused\/524-2\/","name":"Ekspordikompetents | Gateway & Partners","isPartOf":{"@id":"https:\/\/gatewaypartners.eu\/ee\/#website"},"datePublished":"2017-10-04T11:58:38+00:00","dateModified":"2022-03-04T16:10:13+00:00","description":"Pakume ekspordikoolituse teenuseid, sealhulgas ekspordi meistriklassi, ekspordiakadeemiat ja ekspordi k\u00e4siraamatut! Tutvu meie ekspordikoolituse teemadega siin!","breadcrumb":{"@id":"https:\/\/gatewaypartners.eu\/ee\/teenused\/524-2\/#breadcrumb"},"inLanguage":"et","potentialAction":[{"@type":"ReadAction","target":["https:\/\/gatewaypartners.eu\/ee\/teenused\/524-2\/"]}]},{"@type":"BreadcrumbList","@id":"https:\/\/gatewaypartners.eu\/ee\/teenused\/524-2\/#breadcrumb","itemListElement":[{"@type":"ListItem","position":1,"name":"Teenused","item":"https:\/\/gatewaypartners.eu\/ee\/teenused\/"},{"@type":"ListItem","position":2,"name":"Ekspordikompetents"}]},{"@type":"WebSite","@id":"https:\/\/gatewaypartners.eu\/ee\/#website","url":"https:\/\/gatewaypartners.eu\/ee\/","name":"Gateway &amp; Partners","description":"Just another Gateway &amp; Partners Sites site","potentialAction":[{"@type":"SearchAction","target":{"@type":"EntryPoint","urlTemplate":"https:\/\/gatewaypartners.eu\/ee\/?s={search_term_string}"},"query-input":"required name=search_term_string"}],"inLanguage":"et"}]}},"_links":{"self":[{"href":"https:\/\/gatewaypartners.eu\/ee\/wp-json\/wp\/v2\/pages\/524","targetHints":{"allow":["GET"]}}],"collection":[{"href":"https:\/\/gatewaypartners.eu\/ee\/wp-json\/wp\/v2\/pages"}],"about":[{"href":"https:\/\/gatewaypartners.eu\/ee\/wp-json\/wp\/v2\/types\/page"}],"author":[{"embeddable":true,"href":"https:\/\/gatewaypartners.eu\/ee\/wp-json\/wp\/v2\/users\/3"}],"replies":[{"embeddable":true,"href":"https:\/\/gatewaypartners.eu\/ee\/wp-json\/wp\/v2\/comments?post=524"}],"version-history":[{"count":9,"href":"https:\/\/gatewaypartners.eu\/ee\/wp-json\/wp\/v2\/pages\/524\/revisions"}],"predecessor-version":[{"id":1116,"href":"https:\/\/gatewaypartners.eu\/ee\/wp-json\/wp\/v2\/pages\/524\/revisions\/1116"}],"up":[{"embeddable":true,"href":"https:\/\/gatewaypartners.eu\/ee\/wp-json\/wp\/v2\/pages\/522"}],"wp:featuredmedia":[{"embeddable":true,"href":"https:\/\/gatewaypartners.eu\/ee\/wp-json\/wp\/v2\/media\/69"}],"wp:attachment":[{"href":"https:\/\/gatewaypartners.eu\/ee\/wp-json\/wp\/v2\/media?parent=524"}],"curies":[{"name":"wp","href":"https:\/\/api.w.org\/{rel}","templated":true}]}}