{"id":528,"date":"2017-10-04T12:18:42","date_gmt":"2017-10-04T12:18:42","guid":{"rendered":"http:\/\/gatewaypartners.eu\/ee\/?page_id=528"},"modified":"2022-03-04T16:10:41","modified_gmt":"2022-03-04T16:10:41","slug":"turukompetents","status":"publish","type":"page","link":"https:\/\/gatewaypartners.eu\/ee\/teenused\/turukompetents\/","title":{"rendered":"Turukompetents"},"content":{"rendered":"<h3>Turu-uuringud ja anal\u00fc\u00fcs<\/h3>\n<p>Turu-uuringud varustavad firma informatsiooniga, mis on vajalik strateegiliste otsuste langetamiseks.<\/p>\n<ul>\n<li>Koostame\u00a0turu\u00fclevaate ja identifitseerime konkreetse valdkonna peamised trendid.<\/li>\n<li>Hindame turu suurust, turu jaotuvust, impordi ja sisetarbimise osakaalu.<\/li>\n<li>Anal\u00fc\u00fcsime spetsiifilise t\u00f6\u00f6stuse arengut ja konkurentsi.<\/li>\n<li>Pakume segmenteerimise ja positsioneerimise teenust.<\/li>\n<li>Identifitseerime m\u00fc\u00fcgikanalid ja v\u00f5tmekliendid.<\/li>\n<li>Viime l\u00e4bi ekspertintervjuud, anal\u00fc\u00fcsime statistilisi andmeid ja kogume informatsiooni erinevatest allikatest.<\/li>\n<li>V\u00f5rdleme erinevaid turge ja soovitame k\u00f5ige perspektiivikamaid.<\/li>\n<li>Teeme tururaporti professionaalse visuaali ja\u00a0presentatsiooniga.<\/li>\n<\/ul>\n<h3>Kvalitatiivsed ja kvantitatiivsed tarbijauuringud ning konkurentide anal\u00fc\u00fcs<\/h3>\n<p>Uurime, kuidas kliendid Su tooteid\/teenuseid hindavad, v\u00f5rdleme Sind konkurentidega ja selgitame v\u00e4lja potentsiaalsete klientide vajadused.<\/p>\n<ul>\n<li>Intervjueerime Sinu potentsiaalseid kliente, et m\u00f5ista nende vajadusi.<\/li>\n<li>Uuringute teostamiseks loome fookusgruppe, viime l\u00e4bi individuaalseid vestlusi, kasutame ka CATI ja CAPI metoodikat.<\/li>\n<li>Viime l\u00e4bi vestlusi juba olemasolevate klientidega, et identifitseerida Sinu tugevusi ja arengukohti.<\/li>\n<li>V\u00f5rdleme Sinu pakkumist konkurentidega.<\/li>\n<li>Pakume v\u00e4lja v\u00f5imalikke lahendusi, et rahuldada olemasolevate ja uute klientide vajadusi.<\/li>\n<\/ul>\n<h3>Turu ja m\u00fc\u00fcgi monitooring<\/h3>\n<p>Kogume v\u00e4rsket informatsiooni Sinu klientide, konkurentide ja valdkonna trendide kohta. Informatsioon aitab sul olla turul toimuvaga kursis, v\u00f5tta vastu strateegilisi otsuseid ja tegutseda.<\/p>\n<ul>\n<li>Selgitame v\u00e4lja, milline informatsioon on sulle jooksvalt vajalik (igakuiselt, kvartaalselt, v\u00f5i iga-aastaselt).<\/li>\n<li>Kogume informatsiooni kohalikest allikatest.<\/li>\n<li>Teeme informatsioonist kokkuv\u00f5tte ja esitame selle Sulle sobivas formaadis.<\/li>\n<\/ul>\n<p><!--more--><\/p>\n<p>Oluliste otsuste vastuv\u00f5tmiseks kasutavad mitmed ettev\u00f5tted turu-uuringute ja andmeanal\u00fc\u00fcsi teenuseid. Regulaarne ja s\u00fcsteemne uuring annab suurep\u00e4rase \u00fclevaate turu arengutest ja konkurentide tegevusest. Turuanal\u00fc\u00fcs v\u00f5imaldab identifitseerida potentsiaalseid ohte,\u00a0 v\u00f5imalusi ja klientide vajadusi. Uuringute k\u00e4igus kogutud informatsioon valmistab ettev\u00f5tte ette eelseisvateks v\u00e4ljakutseteks ja t\u00f5stab seel\u00e4bi ka konkurentsiv\u00f5imet.<\/p>\n<p>Kuna uuringute ja anal\u00fc\u00fcsi l\u00e4biviimine on tihti aegan\u00f5udev ja keeruline, siis teostavad seda enamasti professionaalid. Pikaajaline kogemus, s\u00fcsteemsus ja erinevate t\u00f6\u00f6riistade kasutamise oskus v\u00f5imaldavad asjatundjatel kiiresti tulemusi saada.<\/p>\n<p><strong>Turu-uuringu ja turuanal\u00fc\u00fcsi teenused h\u00f5lmavad:<\/strong><\/p>\n<ul>\n<li>Turuaruande koostamine, oluliste majandustegurite ja trendide identifitseerimine.<\/li>\n<li>Turu suurus, impordi ja kohaliku toodangu suhe, turuosad.<\/li>\n<li>Erinevate t\u00f6\u00f6stuste ja valdkondade anal\u00fc\u00fcs.<\/li>\n<li>Segmenteerimine ja positsioneerimine.<\/li>\n<li>Parimate m\u00fc\u00fcgikanalite ja sobivate klientide identifitseerimine.<\/li>\n<li>Ekspertintervjuud, statistiliste andmete anal\u00fc\u00fcs, \u00a0andmete kogumine erinevatest allikatest.<\/li>\n<li>Turgude anal\u00fc\u00fcs ja v\u00f5rdlus, k\u00f5ige sobivama turu valik.<\/li>\n<li>Turuaruanne visuaalsel kujul.<\/li>\n<\/ul>\n<p><strong>\u00a0<\/strong><\/p>\n<p>Selleks, et m\u00f5ista, kuidas kliendid ettev\u00f5tte teenuseid ja tooteid hindavad ning millised on nende vajadused, pakub Gateway&amp;Partners nii kvantitatiivseid kui kvalitatiivseid uuringuid ja \u00a0konkurentide anal\u00fc\u00fcsi.<\/p>\n<p><strong>Kvalitatiivse ja kvantitatiivse kliendiuuringu ning konkurendiv\u00f5rdluse teenus h\u00f5lmab:<\/strong><\/p>\n<ul>\n<li>Potentsiaalsete klientide uuring \u00a0&#8211;\u00a0 vajaduste anal\u00fc\u00fcs, toote\/teenuse sobivuse hindamine kasutades erinevaid intervjueerimise tehnikaid &#8211; fookusgrupp, individuaalintervjuud, CATI, CAPI.<\/li>\n<li>Olemasolevate klientide intervjueerimine \u2013 toote\/teenuse tugevuste ja puuduj\u00e4\u00e4kide identifitseerimine.<\/li>\n<li>Ettev\u00f5tte ja konkurentide v\u00f5rdlus.<\/li>\n<li>Turuaruande ja \u00fclevaate koostamine.<\/li>\n<\/ul>\n<p>Kuna turu-uuringud ja anal\u00fc\u00fcs on j\u00e4rjepidev protsess, siis pakume regulaarset turu monitooringu teenust (kord p\u00e4evas, kord kuus, kord aastas). Teenus viib kliendi kurssi nii viimaste trendide, kui ka klientide ja konkurentide tegevusega. Kogutud informatsiooni p\u00f5hjal saab langetada strateegilisi otsuseid nii l\u00fchi &#8211; kui pikaajaliselt.<\/p>\n","protected":false},"excerpt":{"rendered":"<p>Turu-uuringud ja anal\u00fc\u00fcs<br \/>\nKvalitatiivsed ja kvatititatiivsed tarbijauuringud ning konkurentide anal\u00fc\u00fcs<br \/>\nTuru ja m\u00fc\u00fcgi monitoorimine<\/p>\n","protected":false},"author":3,"featured_media":906,"parent":522,"menu_order":2,"comment_status":"closed","ping_status":"closed","template":"template-service.php","meta":{"inline_featured_image":false,"footnotes":""},"class_list":["post-528","page","type-page","status-publish","has-post-thumbnail","hentry"],"acf":[],"yoast_head":"<!-- This site is optimized with the Yoast SEO plugin v20.2.1 - https:\/\/yoast.com\/wordpress\/plugins\/seo\/ -->\n<title>Turukompetents | Gateway &amp; Partners<\/title>\n<meta name=\"description\" content=\"Pakume turu-uuringute teenuseid, sealhulgas turu uuring ja -turuanal\u00fc\u00fcs, kliendik\u00fcsitlusi, konkurentide v\u00f5rdlusuuringuid ja palju muud!\" \/>\n<meta name=\"robots\" content=\"index, follow, max-snippet:-1, max-image-preview:large, max-video-preview:-1\" \/>\n<link rel=\"canonical\" href=\"https:\/\/gatewaypartners.eu\/ee\/teenused\/turukompetents\/\" \/>\n<meta property=\"og:locale\" content=\"et_EE\" \/>\n<meta property=\"og:type\" content=\"article\" \/>\n<meta property=\"og:title\" content=\"Turukompetents | Gateway &amp; Partners\" \/>\n<meta property=\"og:description\" content=\"Pakume turu-uuringute teenuseid, sealhulgas turu uuring ja -turuanal\u00fc\u00fcs, kliendik\u00fcsitlusi, konkurentide v\u00f5rdlusuuringuid ja palju muud!\" \/>\n<meta property=\"og:url\" content=\"https:\/\/gatewaypartners.eu\/ee\/teenused\/turukompetents\/\" \/>\n<meta property=\"og:site_name\" content=\"Gateway &amp; Partners\" \/>\n<meta property=\"article:modified_time\" content=\"2022-03-04T16:10:41+00:00\" \/>\n<meta property=\"og:image\" content=\"https:\/\/gatewaypartners.eu\/ee\/wp-content\/uploads\/sites\/5\/2017\/10\/Market_intelligence-airport-1640407.jpg\" \/>\n\t<meta property=\"og:image:width\" content=\"2048\" \/>\n\t<meta property=\"og:image:height\" content=\"1536\" \/>\n\t<meta property=\"og:image:type\" content=\"image\/jpeg\" \/>\n<meta name=\"twitter:card\" content=\"summary_large_image\" \/>\n<script type=\"application\/ld+json\" class=\"yoast-schema-graph\">{\"@context\":\"https:\/\/schema.org\",\"@graph\":[{\"@type\":\"WebPage\",\"@id\":\"https:\/\/gatewaypartners.eu\/ee\/teenused\/turukompetents\/\",\"url\":\"https:\/\/gatewaypartners.eu\/ee\/teenused\/turukompetents\/\",\"name\":\"Turukompetents | Gateway & Partners\",\"isPartOf\":{\"@id\":\"https:\/\/gatewaypartners.eu\/ee\/#website\"},\"datePublished\":\"2017-10-04T12:18:42+00:00\",\"dateModified\":\"2022-03-04T16:10:41+00:00\",\"description\":\"Pakume turu-uuringute teenuseid, sealhulgas turu uuring ja -turuanal\u00fc\u00fcs, kliendik\u00fcsitlusi, konkurentide v\u00f5rdlusuuringuid ja palju muud!\",\"breadcrumb\":{\"@id\":\"https:\/\/gatewaypartners.eu\/ee\/teenused\/turukompetents\/#breadcrumb\"},\"inLanguage\":\"et\",\"potentialAction\":[{\"@type\":\"ReadAction\",\"target\":[\"https:\/\/gatewaypartners.eu\/ee\/teenused\/turukompetents\/\"]}]},{\"@type\":\"BreadcrumbList\",\"@id\":\"https:\/\/gatewaypartners.eu\/ee\/teenused\/turukompetents\/#breadcrumb\",\"itemListElement\":[{\"@type\":\"ListItem\",\"position\":1,\"name\":\"Teenused\",\"item\":\"https:\/\/gatewaypartners.eu\/ee\/teenused\/\"},{\"@type\":\"ListItem\",\"position\":2,\"name\":\"Turukompetents\"}]},{\"@type\":\"WebSite\",\"@id\":\"https:\/\/gatewaypartners.eu\/ee\/#website\",\"url\":\"https:\/\/gatewaypartners.eu\/ee\/\",\"name\":\"Gateway &amp; Partners\",\"description\":\"Just another Gateway &amp; Partners Sites site\",\"potentialAction\":[{\"@type\":\"SearchAction\",\"target\":{\"@type\":\"EntryPoint\",\"urlTemplate\":\"https:\/\/gatewaypartners.eu\/ee\/?s={search_term_string}\"},\"query-input\":\"required name=search_term_string\"}],\"inLanguage\":\"et\"}]}<\/script>\n<!-- \/ Yoast SEO plugin. -->","yoast_head_json":{"title":"Turukompetents | Gateway & Partners","description":"Pakume turu-uuringute teenuseid, sealhulgas turu uuring ja -turuanal\u00fc\u00fcs, kliendik\u00fcsitlusi, konkurentide v\u00f5rdlusuuringuid ja palju muud!","robots":{"index":"index","follow":"follow","max-snippet":"max-snippet:-1","max-image-preview":"max-image-preview:large","max-video-preview":"max-video-preview:-1"},"canonical":"https:\/\/gatewaypartners.eu\/ee\/teenused\/turukompetents\/","og_locale":"et_EE","og_type":"article","og_title":"Turukompetents | Gateway & Partners","og_description":"Pakume turu-uuringute teenuseid, sealhulgas turu uuring ja -turuanal\u00fc\u00fcs, kliendik\u00fcsitlusi, konkurentide v\u00f5rdlusuuringuid ja palju muud!","og_url":"https:\/\/gatewaypartners.eu\/ee\/teenused\/turukompetents\/","og_site_name":"Gateway &amp; Partners","article_modified_time":"2022-03-04T16:10:41+00:00","og_image":[{"width":2048,"height":1536,"url":"https:\/\/gatewaypartners.eu\/ee\/wp-content\/uploads\/sites\/5\/2017\/10\/Market_intelligence-airport-1640407.jpg","type":"image\/jpeg"}],"twitter_card":"summary_large_image","schema":{"@context":"https:\/\/schema.org","@graph":[{"@type":"WebPage","@id":"https:\/\/gatewaypartners.eu\/ee\/teenused\/turukompetents\/","url":"https:\/\/gatewaypartners.eu\/ee\/teenused\/turukompetents\/","name":"Turukompetents | Gateway & Partners","isPartOf":{"@id":"https:\/\/gatewaypartners.eu\/ee\/#website"},"datePublished":"2017-10-04T12:18:42+00:00","dateModified":"2022-03-04T16:10:41+00:00","description":"Pakume turu-uuringute teenuseid, sealhulgas turu uuring ja -turuanal\u00fc\u00fcs, kliendik\u00fcsitlusi, konkurentide v\u00f5rdlusuuringuid ja palju muud!","breadcrumb":{"@id":"https:\/\/gatewaypartners.eu\/ee\/teenused\/turukompetents\/#breadcrumb"},"inLanguage":"et","potentialAction":[{"@type":"ReadAction","target":["https:\/\/gatewaypartners.eu\/ee\/teenused\/turukompetents\/"]}]},{"@type":"BreadcrumbList","@id":"https:\/\/gatewaypartners.eu\/ee\/teenused\/turukompetents\/#breadcrumb","itemListElement":[{"@type":"ListItem","position":1,"name":"Teenused","item":"https:\/\/gatewaypartners.eu\/ee\/teenused\/"},{"@type":"ListItem","position":2,"name":"Turukompetents"}]},{"@type":"WebSite","@id":"https:\/\/gatewaypartners.eu\/ee\/#website","url":"https:\/\/gatewaypartners.eu\/ee\/","name":"Gateway &amp; Partners","description":"Just another Gateway &amp; Partners Sites site","potentialAction":[{"@type":"SearchAction","target":{"@type":"EntryPoint","urlTemplate":"https:\/\/gatewaypartners.eu\/ee\/?s={search_term_string}"},"query-input":"required name=search_term_string"}],"inLanguage":"et"}]}},"_links":{"self":[{"href":"https:\/\/gatewaypartners.eu\/ee\/wp-json\/wp\/v2\/pages\/528","targetHints":{"allow":["GET"]}}],"collection":[{"href":"https:\/\/gatewaypartners.eu\/ee\/wp-json\/wp\/v2\/pages"}],"about":[{"href":"https:\/\/gatewaypartners.eu\/ee\/wp-json\/wp\/v2\/types\/page"}],"author":[{"embeddable":true,"href":"https:\/\/gatewaypartners.eu\/ee\/wp-json\/wp\/v2\/users\/3"}],"replies":[{"embeddable":true,"href":"https:\/\/gatewaypartners.eu\/ee\/wp-json\/wp\/v2\/comments?post=528"}],"version-history":[{"count":9,"href":"https:\/\/gatewaypartners.eu\/ee\/wp-json\/wp\/v2\/pages\/528\/revisions"}],"predecessor-version":[{"id":1318,"href":"https:\/\/gatewaypartners.eu\/ee\/wp-json\/wp\/v2\/pages\/528\/revisions\/1318"}],"up":[{"embeddable":true,"href":"https:\/\/gatewaypartners.eu\/ee\/wp-json\/wp\/v2\/pages\/522"}],"wp:featuredmedia":[{"embeddable":true,"href":"https:\/\/gatewaypartners.eu\/ee\/wp-json\/wp\/v2\/media\/906"}],"wp:attachment":[{"href":"https:\/\/gatewaypartners.eu\/ee\/wp-json\/wp\/v2\/media?parent=528"}],"curies":[{"name":"wp","href":"https:\/\/api.w.org\/{rel}","templated":true}]}}