{"id":530,"date":"2017-10-04T12:29:20","date_gmt":"2017-10-04T12:29:20","guid":{"rendered":"http:\/\/gatewaypartners.eu\/ee\/?page_id=530"},"modified":"2022-03-04T16:11:22","modified_gmt":"2022-03-04T16:11:22","slug":"investeeringute-leidmine","status":"publish","type":"page","link":"https:\/\/gatewaypartners.eu\/ee\/teenused\/investeeringute-leidmine\/","title":{"rendered":"Investeeringute leidmine"},"content":{"rendered":"<h3>Teostatavusuuring\u00a0 uuring<\/h3>\n<p>Selleks, et investoreid ligi meelitada, on esmalt oluline koostada anal\u00fc\u00fcs, mis toob v\u00e4lja ettev\u00f5tte konkurentsieelised ja investeeringu majandusliku kasulikkuse. Samuti on oluline t\u00e4psustada, mis regioonist ja t\u00f6\u00f6stusest v\u00f5iksid investorid p\u00e4rineda. Seej\u00e4rel\u00a0koostame pakkumise, mis hiljem aitaks kaasa investeeringute ligimeelitamisele.<\/p>\n<p>\u2022 Kogume investeeringu tarbeks vajaliku info, mis aitab identifitseerida konkurentsieelise.<br \/>\n\u2022 Valmistame investeeringule tulevikuprognoosiga kulu-tulu anal\u00fc\u00fcsi.<br \/>\n\u2022 Soovitame investori profiili \u2013 t\u00f6\u00f6stusharu, regioon, suurus, \u00e4risektor.<br \/>\n\u2022 Valmistame ette sisendi investeeringu pakkumuseks.<\/p>\n<h3>Investeeringu pakkumise arendamine<\/h3>\n<p>Selleks, et ligi meelitada potentsiaalseid investoreid, on oluline koostada kvaliteetne pakkumus, mis tekitab potentsiaalsetes investorites koheselt huvi ning m\u00e4\u00e4ratleb \u00e4ri kasvupotentsiaali.<\/p>\n<p>\u2022 Kogume vajaliku taustainformatsiooni.<br \/>\n\u2022 Arvutame v\u00e4lja finantssiduvused.<br \/>\n\u2022\u00a0Koostame pakkumise.<\/p>\n<h3>Investeeringute leidmine<\/h3>\n<p>Investeeringute leidmine on v\u00e4ga oluline riiklikele organisatsioonidele, omavalitsustele ja eraettev\u00f5tjatele. Investeeringute leidmiseks anal\u00fc\u00fcsime investeeringu pakkumist, identifitseerime investori profiili ja riigi, tutvustame pakkumist potentsiaalsetele investorite ja toetame l\u00e4bir\u00e4\u00e4kimisi.<\/p>\n<p>\u2022 Anal\u00fc\u00fcsime pakkumist, viime l\u00e4bi j\u00e4tkusuutlikkuse anal\u00fc\u00fcsi ja koostame investeeringu pakkumise.<br \/>\n\u2022 Identifitseerime potentsiaalsed investorid \u2013 t\u00f6\u00f6stusharu, regioon, suurus, \u00e4risektor.<br \/>\n\u2022 Kommunikeerime ja tutvustame pakkumist potentsiaalsetele investoritele.<br \/>\n\u2022 Korraldame kohtumised m\u00f5lema osapoole vahel.<br \/>\n\u2022 Organiseerime investori k\u00fclastused.<br \/>\n\u2022 Juhime investeeringu kommunikatsiooni ja kontrolli.<\/p>\n","protected":false},"excerpt":{"rendered":"<p>J\u00e4tkusuutlikuse uuring<br \/>\nInvesteeringu pakkumise arendamine<br \/>\nInvesteeringute leidmine<\/p>\n","protected":false},"author":3,"featured_media":185,"parent":522,"menu_order":3,"comment_status":"closed","ping_status":"closed","template":"template-service.php","meta":{"inline_featured_image":false,"footnotes":""},"class_list":["post-530","page","type-page","status-publish","has-post-thumbnail","hentry"],"acf":[],"yoast_head":"<!-- This site is optimized with the Yoast SEO plugin v20.2.1 - https:\/\/yoast.com\/wordpress\/plugins\/seo\/ -->\n<title>Investeeringute Leidmine | Gateway &amp; Partners<\/title>\n<meta name=\"description\" content=\"Pakume investeeringute ligimeelitamise teenuseid, sealhulgas teostatavusuuringut, investeerimispakkumise v\u00e4ljat\u00f6\u00f6tamist ja investeeringute ligimeelitamist!\" \/>\n<meta name=\"robots\" content=\"index, follow, max-snippet:-1, max-image-preview:large, max-video-preview:-1\" \/>\n<link rel=\"canonical\" href=\"https:\/\/gatewaypartners.eu\/ee\/teenused\/investeeringute-leidmine\/\" \/>\n<meta property=\"og:locale\" content=\"et_EE\" \/>\n<meta property=\"og:type\" content=\"article\" \/>\n<meta property=\"og:title\" content=\"Investeeringute Leidmine | Gateway &amp; Partners\" \/>\n<meta property=\"og:description\" content=\"Pakume investeeringute ligimeelitamise teenuseid, sealhulgas teostatavusuuringut, investeerimispakkumise v\u00e4ljat\u00f6\u00f6tamist ja investeeringute ligimeelitamist!\" \/>\n<meta property=\"og:url\" content=\"https:\/\/gatewaypartners.eu\/ee\/teenused\/investeeringute-leidmine\/\" \/>\n<meta property=\"og:site_name\" content=\"Gateway &amp; Partners\" \/>\n<meta property=\"article:modified_time\" content=\"2022-03-04T16:11:22+00:00\" \/>\n<meta property=\"og:image\" content=\"https:\/\/gatewaypartners.eu\/ee\/wp-content\/uploads\/sites\/5\/2017\/07\/Investment_attraction-train-1747216.jpg\" \/>\n\t<meta property=\"og:image:width\" content=\"2048\" \/>\n\t<meta property=\"og:image:height\" content=\"1153\" \/>\n\t<meta property=\"og:image:type\" content=\"image\/jpeg\" \/>\n<meta name=\"twitter:card\" content=\"summary_large_image\" \/>\n<script type=\"application\/ld+json\" class=\"yoast-schema-graph\">{\"@context\":\"https:\/\/schema.org\",\"@graph\":[{\"@type\":\"WebPage\",\"@id\":\"https:\/\/gatewaypartners.eu\/ee\/teenused\/investeeringute-leidmine\/\",\"url\":\"https:\/\/gatewaypartners.eu\/ee\/teenused\/investeeringute-leidmine\/\",\"name\":\"Investeeringute Leidmine | Gateway & Partners\",\"isPartOf\":{\"@id\":\"https:\/\/gatewaypartners.eu\/ee\/#website\"},\"datePublished\":\"2017-10-04T12:29:20+00:00\",\"dateModified\":\"2022-03-04T16:11:22+00:00\",\"description\":\"Pakume investeeringute ligimeelitamise teenuseid, sealhulgas teostatavusuuringut, investeerimispakkumise v\u00e4ljat\u00f6\u00f6tamist ja investeeringute ligimeelitamist!\",\"breadcrumb\":{\"@id\":\"https:\/\/gatewaypartners.eu\/ee\/teenused\/investeeringute-leidmine\/#breadcrumb\"},\"inLanguage\":\"et\",\"potentialAction\":[{\"@type\":\"ReadAction\",\"target\":[\"https:\/\/gatewaypartners.eu\/ee\/teenused\/investeeringute-leidmine\/\"]}]},{\"@type\":\"BreadcrumbList\",\"@id\":\"https:\/\/gatewaypartners.eu\/ee\/teenused\/investeeringute-leidmine\/#breadcrumb\",\"itemListElement\":[{\"@type\":\"ListItem\",\"position\":1,\"name\":\"Teenused\",\"item\":\"https:\/\/gatewaypartners.eu\/ee\/teenused\/\"},{\"@type\":\"ListItem\",\"position\":2,\"name\":\"Investeeringute leidmine\"}]},{\"@type\":\"WebSite\",\"@id\":\"https:\/\/gatewaypartners.eu\/ee\/#website\",\"url\":\"https:\/\/gatewaypartners.eu\/ee\/\",\"name\":\"Gateway &amp; Partners\",\"description\":\"Just another Gateway &amp; Partners Sites site\",\"potentialAction\":[{\"@type\":\"SearchAction\",\"target\":{\"@type\":\"EntryPoint\",\"urlTemplate\":\"https:\/\/gatewaypartners.eu\/ee\/?s={search_term_string}\"},\"query-input\":\"required name=search_term_string\"}],\"inLanguage\":\"et\"}]}<\/script>\n<!-- \/ Yoast SEO plugin. -->","yoast_head_json":{"title":"Investeeringute Leidmine | Gateway & Partners","description":"Pakume investeeringute ligimeelitamise teenuseid, sealhulgas teostatavusuuringut, investeerimispakkumise v\u00e4ljat\u00f6\u00f6tamist ja investeeringute ligimeelitamist!","robots":{"index":"index","follow":"follow","max-snippet":"max-snippet:-1","max-image-preview":"max-image-preview:large","max-video-preview":"max-video-preview:-1"},"canonical":"https:\/\/gatewaypartners.eu\/ee\/teenused\/investeeringute-leidmine\/","og_locale":"et_EE","og_type":"article","og_title":"Investeeringute Leidmine | Gateway & Partners","og_description":"Pakume investeeringute ligimeelitamise teenuseid, sealhulgas teostatavusuuringut, investeerimispakkumise v\u00e4ljat\u00f6\u00f6tamist ja investeeringute ligimeelitamist!","og_url":"https:\/\/gatewaypartners.eu\/ee\/teenused\/investeeringute-leidmine\/","og_site_name":"Gateway &amp; Partners","article_modified_time":"2022-03-04T16:11:22+00:00","og_image":[{"width":2048,"height":1153,"url":"https:\/\/gatewaypartners.eu\/ee\/wp-content\/uploads\/sites\/5\/2017\/07\/Investment_attraction-train-1747216.jpg","type":"image\/jpeg"}],"twitter_card":"summary_large_image","schema":{"@context":"https:\/\/schema.org","@graph":[{"@type":"WebPage","@id":"https:\/\/gatewaypartners.eu\/ee\/teenused\/investeeringute-leidmine\/","url":"https:\/\/gatewaypartners.eu\/ee\/teenused\/investeeringute-leidmine\/","name":"Investeeringute Leidmine | Gateway & Partners","isPartOf":{"@id":"https:\/\/gatewaypartners.eu\/ee\/#website"},"datePublished":"2017-10-04T12:29:20+00:00","dateModified":"2022-03-04T16:11:22+00:00","description":"Pakume investeeringute ligimeelitamise teenuseid, sealhulgas teostatavusuuringut, investeerimispakkumise v\u00e4ljat\u00f6\u00f6tamist ja investeeringute ligimeelitamist!","breadcrumb":{"@id":"https:\/\/gatewaypartners.eu\/ee\/teenused\/investeeringute-leidmine\/#breadcrumb"},"inLanguage":"et","potentialAction":[{"@type":"ReadAction","target":["https:\/\/gatewaypartners.eu\/ee\/teenused\/investeeringute-leidmine\/"]}]},{"@type":"BreadcrumbList","@id":"https:\/\/gatewaypartners.eu\/ee\/teenused\/investeeringute-leidmine\/#breadcrumb","itemListElement":[{"@type":"ListItem","position":1,"name":"Teenused","item":"https:\/\/gatewaypartners.eu\/ee\/teenused\/"},{"@type":"ListItem","position":2,"name":"Investeeringute leidmine"}]},{"@type":"WebSite","@id":"https:\/\/gatewaypartners.eu\/ee\/#website","url":"https:\/\/gatewaypartners.eu\/ee\/","name":"Gateway &amp; Partners","description":"Just another Gateway &amp; Partners Sites site","potentialAction":[{"@type":"SearchAction","target":{"@type":"EntryPoint","urlTemplate":"https:\/\/gatewaypartners.eu\/ee\/?s={search_term_string}"},"query-input":"required name=search_term_string"}],"inLanguage":"et"}]}},"_links":{"self":[{"href":"https:\/\/gatewaypartners.eu\/ee\/wp-json\/wp\/v2\/pages\/530","targetHints":{"allow":["GET"]}}],"collection":[{"href":"https:\/\/gatewaypartners.eu\/ee\/wp-json\/wp\/v2\/pages"}],"about":[{"href":"https:\/\/gatewaypartners.eu\/ee\/wp-json\/wp\/v2\/types\/page"}],"author":[{"embeddable":true,"href":"https:\/\/gatewaypartners.eu\/ee\/wp-json\/wp\/v2\/users\/3"}],"replies":[{"embeddable":true,"href":"https:\/\/gatewaypartners.eu\/ee\/wp-json\/wp\/v2\/comments?post=530"}],"version-history":[{"count":4,"href":"https:\/\/gatewaypartners.eu\/ee\/wp-json\/wp\/v2\/pages\/530\/revisions"}],"predecessor-version":[{"id":1158,"href":"https:\/\/gatewaypartners.eu\/ee\/wp-json\/wp\/v2\/pages\/530\/revisions\/1158"}],"up":[{"embeddable":true,"href":"https:\/\/gatewaypartners.eu\/ee\/wp-json\/wp\/v2\/pages\/522"}],"wp:featuredmedia":[{"embeddable":true,"href":"https:\/\/gatewaypartners.eu\/ee\/wp-json\/wp\/v2\/media\/185"}],"wp:attachment":[{"href":"https:\/\/gatewaypartners.eu\/ee\/wp-json\/wp\/v2\/media?parent=530"}],"curies":[{"name":"wp","href":"https:\/\/api.w.org\/{rel}","templated":true}]}}