{"id":532,"date":"2017-10-04T12:39:09","date_gmt":"2017-10-04T12:39:09","guid":{"rendered":"http:\/\/gatewaypartners.eu\/ee\/?page_id=532"},"modified":"2022-03-04T16:11:58","modified_gmt":"2022-03-04T16:11:58","slug":"ekspordibrandi-arendamine","status":"publish","type":"page","link":"https:\/\/gatewaypartners.eu\/ee\/teenused\/ekspordibrandi-arendamine\/","title":{"rendered":"Ekspordibr\u00e4ndi arendamine"},"content":{"rendered":"<h3>Br\u00e4ndi arendus<\/h3>\n<p>Esimene mulje pole oluline vaid inimsuhetes, vaid ka rahvusvahelises \u00e4ris. Kui on soov rahvusvaheliselt laieneda, siis tekib sageli vajadus uuendada oma br\u00e4ndi v\u00f5i luua uus br\u00e4nd. Meie meeskonna eksperdid, koost\u00f6\u00f6s disaineritega, valmistavad Sinu br\u00e4ndi rahvusvahelisteks turgudeks ette.<\/p>\n<ul>\n<li>Viime l\u00e4bi br\u00e4ndi auditi ja identifitseerime br\u00e4ndi p\u00f5hiv\u00e4\u00e4rtused.<\/li>\n<li>Visualiseerime br\u00e4ndi identiteedi graafiliselt \u2013 logo, v\u00e4rvid, fondid.<\/li>\n<li>Valmistame vajalikud turundusmaterjalid.<\/li>\n<li>Juhendame, kuidas br\u00e4ndi hiljem kasutada.<\/li>\n<\/ul>\n<h3>Turundusmaterjalide disain<\/h3>\n<p>Koostame k\u00f5iki \u00e4ritegevuseks vajaminevaid turundusmaterjale \u2013 kodulehti, katalooge, bro\u0161\u00fc\u00fcre, esitlusi jne. Me ei tee ainult turundusmaterjale, vaid v\u00f5ime olla ka edaspidi Sinu partneriks graafilises disainis.<\/p>\n<ul>\n<li>Disainime kodulehe.<\/li>\n<li>Teeme turunduse tarbeks vajalikud visuaalid \u2013 profiilid, esitlused,\u00a0kataloogid jne.<\/li>\n<li>Uuendame turundusmaterjale ja visuaale jooksvalt.<\/li>\n<\/ul>\n<h3>Assisteerimine messidel<\/h3>\n<p>Messid on endiselt rahvusvahelistele \u00e4ripartneritele \u00fcheks k\u00f5ige olulisemaks kohtumiskohaks. Meie meeskond aitab Sind messiks ettevalmistumisel. V\u00f5ime aidata Sind nii messiboksi disaini kujundamise kuni messil assisteerimiseni v\u00e4lja.<\/p>\n<ul>\n<li>Disainime messiboksi ja valmistame visuaalid \u2013 presentatsioonid,\u00a0bro\u0161\u00fc\u00fcrid ja n\u00e4idised.<\/li>\n<li>Kutsume olemasolevad ja uued kliendid messile ning\u00a0organiseerime kohtumised.<\/li>\n<li>Assisteerime messil \u2013 pakume t\u00e4iendavat m\u00fc\u00fcgij\u00f5udu<\/li>\n<li>Messile j\u00e4rgnev kommunikatsioon \u2013 suhtleme kontaktidega, kellega on messil tutvutud.<\/li>\n<\/ul>\n","protected":false},"excerpt":{"rendered":"<p>Br\u00e4ndi arendamine<br \/>\nTurundusmaterjalide disain<br \/>\nAssisteerimine messidel<\/p>\n","protected":false},"author":3,"featured_media":907,"parent":522,"menu_order":4,"comment_status":"closed","ping_status":"closed","template":"template-service.php","meta":{"inline_featured_image":false,"footnotes":""},"class_list":["post-532","page","type-page","status-publish","has-post-thumbnail","hentry"],"acf":[],"yoast_head":"<!-- This site is optimized with the Yoast SEO plugin v20.2.1 - https:\/\/yoast.com\/wordpress\/plugins\/seo\/ -->\n<title>Ekspordibr\u00e4ndi Arendamine | Gateway &amp; Partners<\/title>\n<meta name=\"description\" content=\"Pakume ekspordibr\u00e4ndi arendamise teenuseid, sealhulgas br\u00e4ndi arendamist, turundusmaterjalid kujundamist ja messiabi! Vaata t\u00e4ielikku teenuse kirjeldust siit!\" \/>\n<meta name=\"robots\" content=\"index, follow, max-snippet:-1, max-image-preview:large, max-video-preview:-1\" \/>\n<link rel=\"canonical\" href=\"https:\/\/gatewaypartners.eu\/ee\/teenused\/ekspordibrandi-arendamine\/\" \/>\n<meta property=\"og:locale\" content=\"et_EE\" \/>\n<meta property=\"og:type\" content=\"article\" \/>\n<meta property=\"og:title\" content=\"Ekspordibr\u00e4ndi Arendamine | Gateway &amp; Partners\" \/>\n<meta property=\"og:description\" content=\"Pakume ekspordibr\u00e4ndi arendamise teenuseid, sealhulgas br\u00e4ndi arendamist, turundusmaterjalid kujundamist ja messiabi! Vaata t\u00e4ielikku teenuse kirjeldust siit!\" \/>\n<meta property=\"og:url\" content=\"https:\/\/gatewaypartners.eu\/ee\/teenused\/ekspordibrandi-arendamine\/\" \/>\n<meta property=\"og:site_name\" content=\"Gateway &amp; Partners\" \/>\n<meta property=\"article:modified_time\" content=\"2022-03-04T16:11:58+00:00\" \/>\n<meta property=\"og:image\" content=\"https:\/\/gatewaypartners.eu\/ee\/wp-content\/uploads\/sites\/5\/2017\/10\/Market_service-paris-1265956.jpg\" \/>\n\t<meta property=\"og:image:width\" content=\"2048\" \/>\n\t<meta property=\"og:image:height\" content=\"1365\" \/>\n\t<meta property=\"og:image:type\" content=\"image\/jpeg\" \/>\n<meta name=\"twitter:card\" content=\"summary_large_image\" \/>\n<script type=\"application\/ld+json\" class=\"yoast-schema-graph\">{\"@context\":\"https:\/\/schema.org\",\"@graph\":[{\"@type\":\"WebPage\",\"@id\":\"https:\/\/gatewaypartners.eu\/ee\/teenused\/ekspordibrandi-arendamine\/\",\"url\":\"https:\/\/gatewaypartners.eu\/ee\/teenused\/ekspordibrandi-arendamine\/\",\"name\":\"Ekspordibr\u00e4ndi Arendamine | Gateway & Partners\",\"isPartOf\":{\"@id\":\"https:\/\/gatewaypartners.eu\/ee\/#website\"},\"datePublished\":\"2017-10-04T12:39:09+00:00\",\"dateModified\":\"2022-03-04T16:11:58+00:00\",\"description\":\"Pakume ekspordibr\u00e4ndi arendamise teenuseid, sealhulgas br\u00e4ndi arendamist, turundusmaterjalid kujundamist ja messiabi! Vaata t\u00e4ielikku teenuse kirjeldust siit!\",\"breadcrumb\":{\"@id\":\"https:\/\/gatewaypartners.eu\/ee\/teenused\/ekspordibrandi-arendamine\/#breadcrumb\"},\"inLanguage\":\"et\",\"potentialAction\":[{\"@type\":\"ReadAction\",\"target\":[\"https:\/\/gatewaypartners.eu\/ee\/teenused\/ekspordibrandi-arendamine\/\"]}]},{\"@type\":\"BreadcrumbList\",\"@id\":\"https:\/\/gatewaypartners.eu\/ee\/teenused\/ekspordibrandi-arendamine\/#breadcrumb\",\"itemListElement\":[{\"@type\":\"ListItem\",\"position\":1,\"name\":\"Teenused\",\"item\":\"https:\/\/gatewaypartners.eu\/ee\/teenused\/\"},{\"@type\":\"ListItem\",\"position\":2,\"name\":\"Ekspordibr\u00e4ndi arendamine\"}]},{\"@type\":\"WebSite\",\"@id\":\"https:\/\/gatewaypartners.eu\/ee\/#website\",\"url\":\"https:\/\/gatewaypartners.eu\/ee\/\",\"name\":\"Gateway &amp; Partners\",\"description\":\"Just another Gateway &amp; Partners Sites site\",\"potentialAction\":[{\"@type\":\"SearchAction\",\"target\":{\"@type\":\"EntryPoint\",\"urlTemplate\":\"https:\/\/gatewaypartners.eu\/ee\/?s={search_term_string}\"},\"query-input\":\"required name=search_term_string\"}],\"inLanguage\":\"et\"}]}<\/script>\n<!-- \/ Yoast SEO plugin. -->","yoast_head_json":{"title":"Ekspordibr\u00e4ndi Arendamine | Gateway & Partners","description":"Pakume ekspordibr\u00e4ndi arendamise teenuseid, sealhulgas br\u00e4ndi arendamist, turundusmaterjalid kujundamist ja messiabi! Vaata t\u00e4ielikku teenuse kirjeldust siit!","robots":{"index":"index","follow":"follow","max-snippet":"max-snippet:-1","max-image-preview":"max-image-preview:large","max-video-preview":"max-video-preview:-1"},"canonical":"https:\/\/gatewaypartners.eu\/ee\/teenused\/ekspordibrandi-arendamine\/","og_locale":"et_EE","og_type":"article","og_title":"Ekspordibr\u00e4ndi Arendamine | Gateway & Partners","og_description":"Pakume ekspordibr\u00e4ndi arendamise teenuseid, sealhulgas br\u00e4ndi arendamist, turundusmaterjalid kujundamist ja messiabi! Vaata t\u00e4ielikku teenuse kirjeldust siit!","og_url":"https:\/\/gatewaypartners.eu\/ee\/teenused\/ekspordibrandi-arendamine\/","og_site_name":"Gateway &amp; Partners","article_modified_time":"2022-03-04T16:11:58+00:00","og_image":[{"width":2048,"height":1365,"url":"https:\/\/gatewaypartners.eu\/ee\/wp-content\/uploads\/sites\/5\/2017\/10\/Market_service-paris-1265956.jpg","type":"image\/jpeg"}],"twitter_card":"summary_large_image","schema":{"@context":"https:\/\/schema.org","@graph":[{"@type":"WebPage","@id":"https:\/\/gatewaypartners.eu\/ee\/teenused\/ekspordibrandi-arendamine\/","url":"https:\/\/gatewaypartners.eu\/ee\/teenused\/ekspordibrandi-arendamine\/","name":"Ekspordibr\u00e4ndi Arendamine | Gateway & Partners","isPartOf":{"@id":"https:\/\/gatewaypartners.eu\/ee\/#website"},"datePublished":"2017-10-04T12:39:09+00:00","dateModified":"2022-03-04T16:11:58+00:00","description":"Pakume ekspordibr\u00e4ndi arendamise teenuseid, sealhulgas br\u00e4ndi arendamist, turundusmaterjalid kujundamist ja messiabi! Vaata t\u00e4ielikku teenuse kirjeldust siit!","breadcrumb":{"@id":"https:\/\/gatewaypartners.eu\/ee\/teenused\/ekspordibrandi-arendamine\/#breadcrumb"},"inLanguage":"et","potentialAction":[{"@type":"ReadAction","target":["https:\/\/gatewaypartners.eu\/ee\/teenused\/ekspordibrandi-arendamine\/"]}]},{"@type":"BreadcrumbList","@id":"https:\/\/gatewaypartners.eu\/ee\/teenused\/ekspordibrandi-arendamine\/#breadcrumb","itemListElement":[{"@type":"ListItem","position":1,"name":"Teenused","item":"https:\/\/gatewaypartners.eu\/ee\/teenused\/"},{"@type":"ListItem","position":2,"name":"Ekspordibr\u00e4ndi arendamine"}]},{"@type":"WebSite","@id":"https:\/\/gatewaypartners.eu\/ee\/#website","url":"https:\/\/gatewaypartners.eu\/ee\/","name":"Gateway &amp; Partners","description":"Just another Gateway &amp; Partners Sites site","potentialAction":[{"@type":"SearchAction","target":{"@type":"EntryPoint","urlTemplate":"https:\/\/gatewaypartners.eu\/ee\/?s={search_term_string}"},"query-input":"required name=search_term_string"}],"inLanguage":"et"}]}},"_links":{"self":[{"href":"https:\/\/gatewaypartners.eu\/ee\/wp-json\/wp\/v2\/pages\/532","targetHints":{"allow":["GET"]}}],"collection":[{"href":"https:\/\/gatewaypartners.eu\/ee\/wp-json\/wp\/v2\/pages"}],"about":[{"href":"https:\/\/gatewaypartners.eu\/ee\/wp-json\/wp\/v2\/types\/page"}],"author":[{"embeddable":true,"href":"https:\/\/gatewaypartners.eu\/ee\/wp-json\/wp\/v2\/users\/3"}],"replies":[{"embeddable":true,"href":"https:\/\/gatewaypartners.eu\/ee\/wp-json\/wp\/v2\/comments?post=532"}],"version-history":[{"count":4,"href":"https:\/\/gatewaypartners.eu\/ee\/wp-json\/wp\/v2\/pages\/532\/revisions"}],"predecessor-version":[{"id":1120,"href":"https:\/\/gatewaypartners.eu\/ee\/wp-json\/wp\/v2\/pages\/532\/revisions\/1120"}],"up":[{"embeddable":true,"href":"https:\/\/gatewaypartners.eu\/ee\/wp-json\/wp\/v2\/pages\/522"}],"wp:featuredmedia":[{"embeddable":true,"href":"https:\/\/gatewaypartners.eu\/ee\/wp-json\/wp\/v2\/media\/907"}],"wp:attachment":[{"href":"https:\/\/gatewaypartners.eu\/ee\/wp-json\/wp\/v2\/media?parent=532"}],"curies":[{"name":"wp","href":"https:\/\/api.w.org\/{rel}","templated":true}]}}