{"id":534,"date":"2017-10-04T12:46:01","date_gmt":"2017-10-04T12:46:01","guid":{"rendered":"http:\/\/gatewaypartners.eu\/ee\/?page_id=534"},"modified":"2022-03-04T16:12:27","modified_gmt":"2022-03-04T16:12:27","slug":"ekspordiharidus","status":"publish","type":"page","link":"https:\/\/gatewaypartners.eu\/ee\/teenused\/ekspordiharidus\/","title":{"rendered":"Ekspordiharidus"},"content":{"rendered":"<h3>Ekspordi Meistriklass<\/h3>\n<p>Rahvusvaheline\u00a0laienemine on sisuliselt p\u00fcsivate kliendisuhete loomine v\u00e4ljaspool riigipiire. Ekspordi Meistriklass \u00f5petab Sulle k\u00f5ike uute \u00e4risuhete arendamise ja hoidmise kohta. Koolitus kestab tavaliselt 1-2 p\u00e4eva ja on eelk\u00f5ige suunatud m\u00fc\u00fcgi &#8211; ja firmajuhtidele. V\u00f5ime organiseerida seda kursusena v\u00f5i pakkuda teenust individuaalselt.<\/p>\n<p>Ekspordi Meistriklassis r\u00e4\u00e4gime \u00fchest v\u00f5i mitmest j\u00e4rgnevast teemast:<\/p>\n<ul>\n<li>Ekspordi planeerimine ja strateegia.<\/li>\n<li>Ekspordibr\u00e4nd ja turundus.<\/li>\n<li>Ekspordim\u00fc\u00fck ja kliendisuhted.<\/li>\n<\/ul>\n<h3>Ekspordi Akadeemia<\/h3>\n<p>5-p\u00e4evane Ekspordi Akadeemia on intensiivne kursus eksport\u00f6\u00f6ridele. Kursuse k\u00e4igus saavad ekspordijuhid ja firmajuhid \u00f5ppida ekspertidelt ja edukatelt eksport\u00f6\u00f6ridelt, anal\u00fc\u00fcsida juhtumeid, lahendada praktilisi \u00fclesandeid ja arutada individuaalseid v\u00e4ljakutseid.<\/p>\n<p>Ekspordi akadeemia katab j\u00e4rgmised teemad:<\/p>\n<ul>\n<li>Eduka ekspordistrateegia ja &#8211; plaani arendamine.<\/li>\n<li>Turu-uuring ja sellest tulenevad ettepanekud.<\/li>\n<li>Ekspordibr\u00e4ndi arendamine ja turundamine.<\/li>\n<li>M\u00fc\u00fcgipartnerite otsing ja kohtumised potentsiaalsete partneritega.<\/li>\n<li>Kliendisuhte arendamine ja l\u00e4bir\u00e4\u00e4kimised.<\/li>\n<li>Ekspordi praktilised aspektid: logistika, toll, maksud, juriidika,\u00a0ekspordi finantseerimine.<\/li>\n<\/ul>\n<h3>Ekspordi k\u00e4siraamat<\/h3>\n<p>Gateway&amp;Partners on v\u00e4lja arendanud mitmeid hariduslikke materjale. Ekspordi k\u00e4siraamat katab peamised teemad, mis on vajalikud ettev\u00f5tetele, kes soovivad rahvusvaheliselt kasvada. Tegemist on juhendiga, mis aitab samm-sammult ekspordini j\u00f5uda.<\/p>\n","protected":false},"excerpt":{"rendered":"<p>Ekspordi Meistriklass<br \/>\nEkspordi Akadeemia<br \/>\nEkspordi k\u00e4siraamat<\/p>\n","protected":false},"author":3,"featured_media":892,"parent":522,"menu_order":5,"comment_status":"closed","ping_status":"closed","template":"template-service.php","meta":{"inline_featured_image":false,"footnotes":""},"class_list":["post-534","page","type-page","status-publish","has-post-thumbnail","hentry"],"acf":[],"yoast_head":"<!-- This site is optimized with the Yoast SEO plugin v20.2.1 - https:\/\/yoast.com\/wordpress\/plugins\/seo\/ -->\n<title>Ekspordiharidus | Gateway &amp; Partners<\/title>\n<meta name=\"description\" content=\"Pakume ekspordikoolituse teenuseid, sealhulgas ekspordi meistriklassi, Ekspordi Akadeemia ja Ekspordi k\u00e4siraamat! Tutvu meie ekspordikoolituse teemadega siin!\" \/>\n<meta name=\"robots\" content=\"index, follow, max-snippet:-1, max-image-preview:large, max-video-preview:-1\" \/>\n<link rel=\"canonical\" href=\"https:\/\/gatewaypartners.eu\/ee\/teenused\/ekspordiharidus\/\" \/>\n<meta property=\"og:locale\" content=\"et_EE\" \/>\n<meta property=\"og:type\" content=\"article\" \/>\n<meta property=\"og:title\" content=\"Ekspordiharidus | Gateway &amp; Partners\" \/>\n<meta property=\"og:description\" content=\"Pakume ekspordikoolituse teenuseid, sealhulgas ekspordi meistriklassi, Ekspordi Akadeemia ja Ekspordi k\u00e4siraamat! Tutvu meie ekspordikoolituse teemadega siin!\" \/>\n<meta property=\"og:url\" content=\"https:\/\/gatewaypartners.eu\/ee\/teenused\/ekspordiharidus\/\" \/>\n<meta property=\"og:site_name\" content=\"Gateway &amp; Partners\" \/>\n<meta property=\"article:modified_time\" content=\"2022-03-04T16:12:27+00:00\" \/>\n<meta property=\"og:image\" content=\"https:\/\/gatewaypartners.eu\/ee\/wp-content\/uploads\/sites\/5\/2017\/10\/Export_education-treadmill-1028296.jpg\" \/>\n\t<meta property=\"og:image:width\" content=\"2048\" \/>\n\t<meta property=\"og:image:height\" content=\"1536\" \/>\n\t<meta property=\"og:image:type\" content=\"image\/jpeg\" \/>\n<meta name=\"twitter:card\" content=\"summary_large_image\" \/>\n<script type=\"application\/ld+json\" class=\"yoast-schema-graph\">{\"@context\":\"https:\/\/schema.org\",\"@graph\":[{\"@type\":\"WebPage\",\"@id\":\"https:\/\/gatewaypartners.eu\/ee\/teenused\/ekspordiharidus\/\",\"url\":\"https:\/\/gatewaypartners.eu\/ee\/teenused\/ekspordiharidus\/\",\"name\":\"Ekspordiharidus | Gateway & Partners\",\"isPartOf\":{\"@id\":\"https:\/\/gatewaypartners.eu\/ee\/#website\"},\"datePublished\":\"2017-10-04T12:46:01+00:00\",\"dateModified\":\"2022-03-04T16:12:27+00:00\",\"description\":\"Pakume ekspordikoolituse teenuseid, sealhulgas ekspordi meistriklassi, Ekspordi Akadeemia ja Ekspordi k\u00e4siraamat! Tutvu meie ekspordikoolituse teemadega siin!\",\"breadcrumb\":{\"@id\":\"https:\/\/gatewaypartners.eu\/ee\/teenused\/ekspordiharidus\/#breadcrumb\"},\"inLanguage\":\"et\",\"potentialAction\":[{\"@type\":\"ReadAction\",\"target\":[\"https:\/\/gatewaypartners.eu\/ee\/teenused\/ekspordiharidus\/\"]}]},{\"@type\":\"BreadcrumbList\",\"@id\":\"https:\/\/gatewaypartners.eu\/ee\/teenused\/ekspordiharidus\/#breadcrumb\",\"itemListElement\":[{\"@type\":\"ListItem\",\"position\":1,\"name\":\"Teenused\",\"item\":\"https:\/\/gatewaypartners.eu\/ee\/teenused\/\"},{\"@type\":\"ListItem\",\"position\":2,\"name\":\"Ekspordiharidus\"}]},{\"@type\":\"WebSite\",\"@id\":\"https:\/\/gatewaypartners.eu\/ee\/#website\",\"url\":\"https:\/\/gatewaypartners.eu\/ee\/\",\"name\":\"Gateway &amp; Partners\",\"description\":\"Just another Gateway &amp; Partners Sites site\",\"potentialAction\":[{\"@type\":\"SearchAction\",\"target\":{\"@type\":\"EntryPoint\",\"urlTemplate\":\"https:\/\/gatewaypartners.eu\/ee\/?s={search_term_string}\"},\"query-input\":\"required name=search_term_string\"}],\"inLanguage\":\"et\"}]}<\/script>\n<!-- \/ Yoast SEO plugin. -->","yoast_head_json":{"title":"Ekspordiharidus | Gateway & Partners","description":"Pakume ekspordikoolituse teenuseid, sealhulgas ekspordi meistriklassi, Ekspordi Akadeemia ja Ekspordi k\u00e4siraamat! Tutvu meie ekspordikoolituse teemadega siin!","robots":{"index":"index","follow":"follow","max-snippet":"max-snippet:-1","max-image-preview":"max-image-preview:large","max-video-preview":"max-video-preview:-1"},"canonical":"https:\/\/gatewaypartners.eu\/ee\/teenused\/ekspordiharidus\/","og_locale":"et_EE","og_type":"article","og_title":"Ekspordiharidus | Gateway & Partners","og_description":"Pakume ekspordikoolituse teenuseid, sealhulgas ekspordi meistriklassi, Ekspordi Akadeemia ja Ekspordi k\u00e4siraamat! Tutvu meie ekspordikoolituse teemadega siin!","og_url":"https:\/\/gatewaypartners.eu\/ee\/teenused\/ekspordiharidus\/","og_site_name":"Gateway &amp; Partners","article_modified_time":"2022-03-04T16:12:27+00:00","og_image":[{"width":2048,"height":1536,"url":"https:\/\/gatewaypartners.eu\/ee\/wp-content\/uploads\/sites\/5\/2017\/10\/Export_education-treadmill-1028296.jpg","type":"image\/jpeg"}],"twitter_card":"summary_large_image","schema":{"@context":"https:\/\/schema.org","@graph":[{"@type":"WebPage","@id":"https:\/\/gatewaypartners.eu\/ee\/teenused\/ekspordiharidus\/","url":"https:\/\/gatewaypartners.eu\/ee\/teenused\/ekspordiharidus\/","name":"Ekspordiharidus | Gateway & Partners","isPartOf":{"@id":"https:\/\/gatewaypartners.eu\/ee\/#website"},"datePublished":"2017-10-04T12:46:01+00:00","dateModified":"2022-03-04T16:12:27+00:00","description":"Pakume ekspordikoolituse teenuseid, sealhulgas ekspordi meistriklassi, Ekspordi Akadeemia ja Ekspordi k\u00e4siraamat! Tutvu meie ekspordikoolituse teemadega siin!","breadcrumb":{"@id":"https:\/\/gatewaypartners.eu\/ee\/teenused\/ekspordiharidus\/#breadcrumb"},"inLanguage":"et","potentialAction":[{"@type":"ReadAction","target":["https:\/\/gatewaypartners.eu\/ee\/teenused\/ekspordiharidus\/"]}]},{"@type":"BreadcrumbList","@id":"https:\/\/gatewaypartners.eu\/ee\/teenused\/ekspordiharidus\/#breadcrumb","itemListElement":[{"@type":"ListItem","position":1,"name":"Teenused","item":"https:\/\/gatewaypartners.eu\/ee\/teenused\/"},{"@type":"ListItem","position":2,"name":"Ekspordiharidus"}]},{"@type":"WebSite","@id":"https:\/\/gatewaypartners.eu\/ee\/#website","url":"https:\/\/gatewaypartners.eu\/ee\/","name":"Gateway &amp; Partners","description":"Just another Gateway &amp; Partners Sites site","potentialAction":[{"@type":"SearchAction","target":{"@type":"EntryPoint","urlTemplate":"https:\/\/gatewaypartners.eu\/ee\/?s={search_term_string}"},"query-input":"required name=search_term_string"}],"inLanguage":"et"}]}},"_links":{"self":[{"href":"https:\/\/gatewaypartners.eu\/ee\/wp-json\/wp\/v2\/pages\/534","targetHints":{"allow":["GET"]}}],"collection":[{"href":"https:\/\/gatewaypartners.eu\/ee\/wp-json\/wp\/v2\/pages"}],"about":[{"href":"https:\/\/gatewaypartners.eu\/ee\/wp-json\/wp\/v2\/types\/page"}],"author":[{"embeddable":true,"href":"https:\/\/gatewaypartners.eu\/ee\/wp-json\/wp\/v2\/users\/3"}],"replies":[{"embeddable":true,"href":"https:\/\/gatewaypartners.eu\/ee\/wp-json\/wp\/v2\/comments?post=534"}],"version-history":[{"count":5,"href":"https:\/\/gatewaypartners.eu\/ee\/wp-json\/wp\/v2\/pages\/534\/revisions"}],"predecessor-version":[{"id":1151,"href":"https:\/\/gatewaypartners.eu\/ee\/wp-json\/wp\/v2\/pages\/534\/revisions\/1151"}],"up":[{"embeddable":true,"href":"https:\/\/gatewaypartners.eu\/ee\/wp-json\/wp\/v2\/pages\/522"}],"wp:featuredmedia":[{"embeddable":true,"href":"https:\/\/gatewaypartners.eu\/ee\/wp-json\/wp\/v2\/media\/892"}],"wp:attachment":[{"href":"https:\/\/gatewaypartners.eu\/ee\/wp-json\/wp\/v2\/media?parent=534"}],"curies":[{"name":"wp","href":"https:\/\/api.w.org\/{rel}","templated":true}]}}