{"id":536,"date":"2017-10-04T12:48:34","date_gmt":"2017-10-04T12:48:34","guid":{"rendered":"http:\/\/gatewaypartners.eu\/ee\/?page_id=536"},"modified":"2022-03-04T16:08:00","modified_gmt":"2022-03-04T16:08:00","slug":"sinu-ekspordimajakas","status":"publish","type":"page","link":"https:\/\/gatewaypartners.eu\/ee\/","title":{"rendered":"Sinu ekspordimajakas"},"content":{"rendered":"<p><a class=\"btn btn-primary btn-lg\" href=\"http:\/\/gatewaypartners.eu\/ee\/meist\/\"><span style=\"vertical-align: inherit;\"><span style=\"vertical-align: inherit;\">meist<\/span><\/span><\/a><\/p>\n<p><!--more--><\/p>\n<p>\u00c4ri kasvatamine ja v\u00e4listurgudele laienemine on v\u00e4ga paljude ettev\u00f5tte eesm\u00e4rgiks. Statistika kohaselt kasvab Eesti ettev\u00f5tete v\u00e4liskaubanduse maht iga aastaga ja eksporditud kaupade valik muudkui laieneb. Ka Sinu ettev\u00f5tte tooted v\u00f5iksid kuuluda nende sekka, kui l\u00e4bim\u00f5eldult ja aktiivselt ekspordiga algust teed!<\/p>\n<p>Enne uutele turgudele sisenemist tuleb k\u00f5igepealt alustada eelt\u00f6\u00f6ga, mille k\u00e4igus selgitatakse v\u00e4lja konkreetse toote\/teenuse v\u00e4\u00e4rtuspakkumine ja sobivad sihtriigid. Eelt\u00f6\u00f6 l\u00e4biviimiseks kasutavad mitmed ettev\u00f5tjad professionaalsete konsultantide abi. Olenemata valdkonnast aitab h\u00e4sti l\u00e4bim\u00f5eldud ekspordistrateegia ja organiseeritus muuta iga ettev\u00f5te \u00a0v\u00e4listurul konkurentsiv\u00f5imelisemaks.<\/p>\n<p>Gateway&amp;Partners pakub turu-uuringu ja ekspordipartneri otsingu teenuseid. Ekspordikonsultatsioon aitab leida vastuseid j\u00e4rgnevatele k\u00fcsimustele:<\/p>\n<ul>\n<li>Kas toode\/teenus on eksporditav ja kas ettev\u00f5te on valmis v\u00e4listurule sisenemiseks?<\/li>\n<li>Millised turud on k\u00f5ige sobivamad minu tootele\/teenusele?<\/li>\n<li>Kuidas end konkreetse turu jaoks k\u00f5ige paremini ette valmistada?<\/li>\n<li>Kust ja kuidas saada esimesed \u00e4rikontaktid?<\/li>\n<\/ul>\n<p>&nbsp;<\/p>\n<p>Ekspordi arendamise p\u00f5him\u00f5tted on samad, kuid iga ettev\u00f5te on erinev ning vajab seep\u00e4rast ka individuaalset l\u00e4henemist. Pea meeles, et eksportiga alustamine on v\u00e4ga ajamahukas ja n\u00f5uab palju t\u00f6\u00f6d \u2013 pead varuma kannatust, sest esimesest kohtumisest esimese tellimuseni v\u00f5ib minna v\u00e4ga palju aega.<\/p>\n","protected":false},"excerpt":{"rendered":"<p>Sinu uks uutele turgudele<\/p>\n","protected":false},"author":3,"featured_media":168,"parent":0,"menu_order":0,"comment_status":"closed","ping_status":"closed","template":"template-home.php","meta":{"inline_featured_image":false,"footnotes":""},"class_list":["post-536","page","type-page","status-publish","has-post-thumbnail","hentry"],"acf":[],"yoast_head":"<!-- This site is optimized with the Yoast SEO plugin v20.2.1 - https:\/\/yoast.com\/wordpress\/plugins\/seo\/ -->\n<title>Rahvusvaheline M\u00fc\u00fcgiarendus| Gateway &amp; Partners<\/title>\n<meta name=\"description\" content=\"Pakume ekspordituru anal\u00fc\u00fcsi ja B2B kohtumisi. Meie eesm\u00e4rk on aidata ettev\u00f5tetel kasvatada ekspordikoguseid. Liitu meie \u00fclemaailmse konsultandiv\u00f5rgustikuga kohe!\" \/>\n<meta name=\"robots\" content=\"index, follow, max-snippet:-1, max-image-preview:large, max-video-preview:-1\" \/>\n<link rel=\"canonical\" href=\"https:\/\/gatewaypartners.eu\/ee\/\" \/>\n<meta property=\"og:locale\" content=\"et_EE\" \/>\n<meta property=\"og:type\" content=\"article\" \/>\n<meta property=\"og:title\" content=\"Rahvusvaheline M\u00fc\u00fcgiarendus| Gateway &amp; Partners\" \/>\n<meta property=\"og:description\" content=\"Pakume ekspordituru anal\u00fc\u00fcsi ja B2B kohtumisi. Meie eesm\u00e4rk on aidata ettev\u00f5tetel kasvatada ekspordikoguseid. Liitu meie \u00fclemaailmse konsultandiv\u00f5rgustikuga kohe!\" \/>\n<meta property=\"og:url\" content=\"https:\/\/gatewaypartners.eu\/ee\/\" \/>\n<meta property=\"og:site_name\" content=\"Gateway &amp; Partners\" \/>\n<meta property=\"article:modified_time\" content=\"2022-03-04T16:08:00+00:00\" \/>\n<meta property=\"og:image\" content=\"https:\/\/gatewaypartners.eu\/ee\/wp-content\/uploads\/sites\/5\/2017\/07\/Index.jpg\" \/>\n\t<meta property=\"og:image:width\" content=\"2048\" \/>\n\t<meta property=\"og:image:height\" content=\"942\" \/>\n\t<meta property=\"og:image:type\" content=\"image\/jpeg\" \/>\n<meta name=\"twitter:card\" content=\"summary_large_image\" \/>\n<script type=\"application\/ld+json\" class=\"yoast-schema-graph\">{\"@context\":\"https:\/\/schema.org\",\"@graph\":[{\"@type\":\"WebPage\",\"@id\":\"https:\/\/gatewaypartners.eu\/ee\/\",\"url\":\"https:\/\/gatewaypartners.eu\/ee\/\",\"name\":\"Rahvusvaheline M\u00fc\u00fcgiarendus| Gateway & Partners\",\"isPartOf\":{\"@id\":\"https:\/\/gatewaypartners.eu\/ee\/#website\"},\"datePublished\":\"2017-10-04T12:48:34+00:00\",\"dateModified\":\"2022-03-04T16:08:00+00:00\",\"description\":\"Pakume ekspordituru anal\u00fc\u00fcsi ja B2B kohtumisi. Meie eesm\u00e4rk on aidata ettev\u00f5tetel kasvatada ekspordikoguseid. Liitu meie \u00fclemaailmse konsultandiv\u00f5rgustikuga kohe!\",\"inLanguage\":\"et\",\"potentialAction\":[{\"@type\":\"ReadAction\",\"target\":[\"https:\/\/gatewaypartners.eu\/ee\/\"]}]},{\"@type\":\"WebSite\",\"@id\":\"https:\/\/gatewaypartners.eu\/ee\/#website\",\"url\":\"https:\/\/gatewaypartners.eu\/ee\/\",\"name\":\"Gateway &amp; Partners\",\"description\":\"Just another Gateway &amp; Partners Sites site\",\"potentialAction\":[{\"@type\":\"SearchAction\",\"target\":{\"@type\":\"EntryPoint\",\"urlTemplate\":\"https:\/\/gatewaypartners.eu\/ee\/?s={search_term_string}\"},\"query-input\":\"required name=search_term_string\"}],\"inLanguage\":\"et\"}]}<\/script>\n<!-- \/ Yoast SEO plugin. -->","yoast_head_json":{"title":"Rahvusvaheline M\u00fc\u00fcgiarendus| Gateway & Partners","description":"Pakume ekspordituru anal\u00fc\u00fcsi ja B2B kohtumisi. Meie eesm\u00e4rk on aidata ettev\u00f5tetel kasvatada ekspordikoguseid. Liitu meie \u00fclemaailmse konsultandiv\u00f5rgustikuga kohe!","robots":{"index":"index","follow":"follow","max-snippet":"max-snippet:-1","max-image-preview":"max-image-preview:large","max-video-preview":"max-video-preview:-1"},"canonical":"https:\/\/gatewaypartners.eu\/ee\/","og_locale":"et_EE","og_type":"article","og_title":"Rahvusvaheline M\u00fc\u00fcgiarendus| Gateway & Partners","og_description":"Pakume ekspordituru anal\u00fc\u00fcsi ja B2B kohtumisi. Meie eesm\u00e4rk on aidata ettev\u00f5tetel kasvatada ekspordikoguseid. Liitu meie \u00fclemaailmse konsultandiv\u00f5rgustikuga kohe!","og_url":"https:\/\/gatewaypartners.eu\/ee\/","og_site_name":"Gateway &amp; Partners","article_modified_time":"2022-03-04T16:08:00+00:00","og_image":[{"width":2048,"height":942,"url":"https:\/\/gatewaypartners.eu\/ee\/wp-content\/uploads\/sites\/5\/2017\/07\/Index.jpg","type":"image\/jpeg"}],"twitter_card":"summary_large_image","schema":{"@context":"https:\/\/schema.org","@graph":[{"@type":"WebPage","@id":"https:\/\/gatewaypartners.eu\/ee\/","url":"https:\/\/gatewaypartners.eu\/ee\/","name":"Rahvusvaheline M\u00fc\u00fcgiarendus| Gateway & Partners","isPartOf":{"@id":"https:\/\/gatewaypartners.eu\/ee\/#website"},"datePublished":"2017-10-04T12:48:34+00:00","dateModified":"2022-03-04T16:08:00+00:00","description":"Pakume ekspordituru anal\u00fc\u00fcsi ja B2B kohtumisi. Meie eesm\u00e4rk on aidata ettev\u00f5tetel kasvatada ekspordikoguseid. Liitu meie \u00fclemaailmse konsultandiv\u00f5rgustikuga kohe!","inLanguage":"et","potentialAction":[{"@type":"ReadAction","target":["https:\/\/gatewaypartners.eu\/ee\/"]}]},{"@type":"WebSite","@id":"https:\/\/gatewaypartners.eu\/ee\/#website","url":"https:\/\/gatewaypartners.eu\/ee\/","name":"Gateway &amp; Partners","description":"Just another Gateway &amp; Partners Sites site","potentialAction":[{"@type":"SearchAction","target":{"@type":"EntryPoint","urlTemplate":"https:\/\/gatewaypartners.eu\/ee\/?s={search_term_string}"},"query-input":"required name=search_term_string"}],"inLanguage":"et"}]}},"_links":{"self":[{"href":"https:\/\/gatewaypartners.eu\/ee\/wp-json\/wp\/v2\/pages\/536","targetHints":{"allow":["GET"]}}],"collection":[{"href":"https:\/\/gatewaypartners.eu\/ee\/wp-json\/wp\/v2\/pages"}],"about":[{"href":"https:\/\/gatewaypartners.eu\/ee\/wp-json\/wp\/v2\/types\/page"}],"author":[{"embeddable":true,"href":"https:\/\/gatewaypartners.eu\/ee\/wp-json\/wp\/v2\/users\/3"}],"replies":[{"embeddable":true,"href":"https:\/\/gatewaypartners.eu\/ee\/wp-json\/wp\/v2\/comments?post=536"}],"version-history":[{"count":17,"href":"https:\/\/gatewaypartners.eu\/ee\/wp-json\/wp\/v2\/pages\/536\/revisions"}],"predecessor-version":[{"id":1314,"href":"https:\/\/gatewaypartners.eu\/ee\/wp-json\/wp\/v2\/pages\/536\/revisions\/1314"}],"wp:featuredmedia":[{"embeddable":true,"href":"https:\/\/gatewaypartners.eu\/ee\/wp-json\/wp\/v2\/media\/168"}],"wp:attachment":[{"href":"https:\/\/gatewaypartners.eu\/ee\/wp-json\/wp\/v2\/media?parent=536"}],"curies":[{"name":"wp","href":"https:\/\/api.w.org\/{rel}","templated":true}]}}