{"id":1950,"date":"2022-02-12T14:15:42","date_gmt":"2022-02-12T12:15:42","guid":{"rendered":"http:\/\/gatewaypartners.eu\/hr\/?page_id=1950"},"modified":"2024-01-29T18:50:47","modified_gmt":"2024-01-29T16:50:47","slug":"potraga-za-dobavljacima","status":"publish","type":"page","link":"https:\/\/gatewaypartners.eu\/hr\/usluge\/potraga-za-dobavljacima\/","title":{"rendered":"Potraga Za Dobavlja\u010dima U Industriji"},"content":{"rendered":"\r\n<h2 class=\"wp-block-heading\"><strong>Privla\u010denje Dobavlja\u010da<\/strong><\/h2>\r\n\r\n\r\n\r\n<p>Kroz na\u0161e iskustvo razvili smo osobni kontakt i sura\u0111ujemo s vi\u0161e od 10.000 inozemnih i doma\u0107ih proizvo\u0111a\u010da u prehrambenom, metalskom, tekstilnom, drvnom, medicinskom, informati\u010dkom, gra\u0111evinskom i drugim sektorima.<\/p>\r\n<p>Ako ste u potrazi za <a href=\"https:\/\/gatewaypartners.eu\/hr\/usluge\/izvozna-inteligencija\/\">potencijalnim dobavlja\u010dima<\/a> i zainteresirani ste bolje upoznati njihove mogu\u0107nosti i razinu cijena za bilo koju vrstu proizvoda ili usluge koju tra\u017eite, samo ispunite donji obrazac, a mi \u0107emo vam predstaviti popis relevantnih dobavlja\u010da prema va\u0161im potrebama i zahtjevima te vam pomo\u0107i da u\u0161tedite vrijeme i novac prilikom tra\u017eenja najboljih <a href=\"https:\/\/gatewaypartners.eu\/hr\/usluge\/izvozna-inteligencija\/\">potencijalnih partnera<\/a>.<\/p>\r\n\r\n\r\n\r\n<p><strong>Mi \u0107emo:<\/strong><\/p>\r\n\r\n\r\n\r\n<ul class=\"wp-block-list\">\r\n<li>Identificirati relevantne dobavlja\u010de<\/li>\r\n<li>Predstaviti va\u0161e zahtjeve i potrebe potencijalnim dobavlja\u010dima na <a href=\"https:\/\/gatewaypartners.eu\/hr\/usluge\/trzisna-inteligencija\/\">ciljanom tr\u017ei\u0161tu<\/a><\/li>\r\n<li><a href=\"https:\/\/gatewaypartners.eu\/hr\/usluge\/privlacenje-ulaganja\/\">Dogovoriti poslovni sastanak<\/a> s najprikladnijim dobavlja\u010dem i pomo\u0107i vam da razumijete sve mogu\u0107nosti suradnje<\/li>\r\n<li>Usluga je besplatna (jer uzimamo proviziju od proizvo\u0111a\u010da)<\/li>\r\n<\/ul>\r\n\r\n\r\n\r\n<h3 class=\"wp-block-heading\"><strong>Ispunite obrazac ispod i mi \u0107emo vas kontaktirati:<\/strong><\/h3>\r\n\r\n\r\n\r\n\r\n\n<div class=\"wpcf7 no-js\" id=\"wpcf7-f1987-o1\" lang=\"en-US\" dir=\"ltr\">\n<div class=\"screen-reader-response\"><p role=\"status\" aria-live=\"polite\" aria-atomic=\"true\"><\/p> <ul><\/ul><\/div>\n<form action=\"\/hr\/wp-json\/wp\/v2\/pages\/1950#wpcf7-f1987-o1\" method=\"post\" class=\"wpcf7-form init\" aria-label=\"Contact form\" novalidate=\"novalidate\" data-status=\"init\">\n<div style=\"display: none;\">\n<input type=\"hidden\" name=\"_wpcf7\" value=\"1987\" \/>\n<input type=\"hidden\" name=\"_wpcf7_version\" value=\"5.7.4\" \/>\n<input type=\"hidden\" name=\"_wpcf7_locale\" value=\"en_US\" \/>\n<input type=\"hidden\" name=\"_wpcf7_unit_tag\" value=\"wpcf7-f1987-o1\" \/>\n<input type=\"hidden\" name=\"_wpcf7_container_post\" value=\"0\" \/>\n<input type=\"hidden\" name=\"_wpcf7_posted_data_hash\" value=\"\" \/>\n<\/div>\n<p><label> Naziv tvrtke (obavezno)<br \/>\n<span class=\"wpcf7-form-control-wrap\" data-name=\"your-company\"><input size=\"40\" class=\"wpcf7-form-control wpcf7-text wpcf7-validates-as-required\" aria-required=\"true\" aria-invalid=\"false\" value=\"\" type=\"text\" name=\"your-company\" \/><\/span> <\/label>\n<\/p>\n<p><label> Web stranica tvrtke (obavezno)<br \/>\n<span class=\"wpcf7-form-control-wrap\" data-name=\"your-website\"><input size=\"40\" class=\"wpcf7-form-control wpcf7-text wpcf7-validates-as-required\" aria-required=\"true\" aria-invalid=\"false\" value=\"\" type=\"text\" name=\"your-website\" \/><\/span> <\/label>\n<\/p>\n<p><label> Va\u0161e ime (obavezno)<br \/>\n<span class=\"wpcf7-form-control-wrap\" data-name=\"your-name\"><input size=\"40\" class=\"wpcf7-form-control wpcf7-text wpcf7-validates-as-required\" aria-required=\"true\" aria-invalid=\"false\" value=\"\" type=\"text\" name=\"your-name\" \/><\/span> <\/label>\n<\/p>\n<p><label> Va\u0161a pozicija (obavezno)<br \/>\n<span class=\"wpcf7-form-control-wrap\" data-name=\"your-position\"><input size=\"40\" class=\"wpcf7-form-control wpcf7-text wpcf7-validates-as-required\" aria-required=\"true\" aria-invalid=\"false\" value=\"\" type=\"text\" name=\"your-position\" \/><\/span> <\/label>\n<\/p>\n<p><label> Va\u0161 email (obavezno)<br \/>\n<span class=\"wpcf7-form-control-wrap\" data-name=\"your-email\"><input size=\"40\" class=\"wpcf7-form-control wpcf7-text wpcf7-email wpcf7-validates-as-required wpcf7-validates-as-email\" aria-required=\"true\" aria-invalid=\"false\" value=\"\" type=\"email\" name=\"your-email\" \/><\/span> <\/label>\n<\/p>\n<p><label> Va\u0161 broj telefona (obavezno)<br \/>\n<span class=\"wpcf7-form-control-wrap\" data-name=\"your-number\"><input size=\"40\" class=\"wpcf7-form-control wpcf7-text wpcf7-validates-as-required\" aria-required=\"true\" aria-invalid=\"false\" value=\"\" type=\"text\" name=\"your-number\" \/><\/span> <\/label>\n<\/p>\n<p><label> Proizvod\/usluga koju tra\u017eite (obavezno)<br \/>\n<span class=\"wpcf7-form-control-wrap\" data-name=\"your-product\"><input size=\"40\" class=\"wpcf7-form-control wpcf7-text wpcf7-validates-as-required\" aria-required=\"true\" aria-invalid=\"false\" value=\"\" type=\"text\" name=\"your-product\" \/><\/span> <\/label>\n<\/p>\n<p><label> Ciljano tr\u017ei\u0161te (obavezno)<br \/>\n<span class=\"wpcf7-form-control-wrap\" data-name=\"your-market\"><input size=\"40\" class=\"wpcf7-form-control wpcf7-text wpcf7-validates-as-required\" aria-required=\"true\" aria-invalid=\"false\" value=\"\" type=\"text\" name=\"your-market\" \/><\/span> <\/label>\n<\/p>\n<p><label> Okvirne koli\u010dine narud\u017ebe<br \/>\n<span class=\"wpcf7-form-control-wrap\" data-name=\"your-quantities\"><input size=\"40\" class=\"wpcf7-form-control wpcf7-text\" aria-invalid=\"false\" value=\"\" type=\"text\" name=\"your-quantities\" \/><\/span> <\/label>\n<\/p>\n<p><label> Posebni certifikati potrebni od dobavlja\u010da<br \/>\n<span class=\"wpcf7-form-control-wrap\" data-name=\"your-certificates\"><input size=\"40\" class=\"wpcf7-form-control wpcf7-text\" aria-invalid=\"false\" value=\"\" type=\"text\" name=\"your-certificates\" \/><\/span> <\/label>\n<\/p>\n<p><label> Zahtjevi za pakiranje<br \/>\n<span class=\"wpcf7-form-control-wrap\" data-name=\"your-packaging\"><input size=\"40\" class=\"wpcf7-form-control wpcf7-text\" aria-invalid=\"false\" value=\"\" type=\"text\" name=\"your-packaging\" \/><\/span> <\/label>\n<\/p>\n<p><label> Uvjeti isporuke<br \/>\n<span class=\"wpcf7-form-control-wrap\" data-name=\"your-delivery\"><input size=\"40\" class=\"wpcf7-form-control wpcf7-text\" aria-invalid=\"false\" value=\"\" type=\"text\" name=\"your-delivery\" \/><\/span> <\/label>\n<\/p>\n<p><label> Uvjeti pla\u0107anja<br \/>\n<span class=\"wpcf7-form-control-wrap\" data-name=\"your-payment\"><input size=\"40\" class=\"wpcf7-form-control wpcf7-text\" aria-invalid=\"false\" value=\"\" type=\"text\" name=\"your-payment\" \/><\/span> <\/label>\n<\/p>\n<p><label> Ostali komentari\/pitanja<br \/>\n<span class=\"wpcf7-form-control-wrap\" data-name=\"your-comments\"><input size=\"40\" class=\"wpcf7-form-control wpcf7-text\" aria-invalid=\"false\" value=\"\" type=\"text\" name=\"your-comments\" \/><\/span> <\/label>\n<\/p>\n<p><label> Najbolji na\u010din da vas kontaktiramo (poziv\/e-mail)<br \/>\n<span class=\"wpcf7-form-control-wrap\" data-name=\"your-contact\"><input size=\"40\" class=\"wpcf7-form-control wpcf7-text\" aria-invalid=\"false\" value=\"\" type=\"text\" name=\"your-contact\" \/><\/span> <\/label>\n<\/p>\n<p><input class=\"wpcf7-form-control has-spinner wpcf7-submit\" type=\"submit\" value=\"Poslati\" \/>\n<\/p><div class=\"wpcf7-response-output\" aria-hidden=\"true\"><\/div>\n<\/form>\n<\/div>\n\n","protected":false},"excerpt":{"rendered":"<p>Identifikacija Relevantnog Dobavlja\u010da<br \/>\nPrivla\u010denje Dobavlja\u010da<\/p>\n","protected":false},"author":3,"featured_media":1981,"parent":67,"menu_order":2,"comment_status":"closed","ping_status":"closed","template":"template-service.php","meta":{"inline_featured_image":false,"footnotes":""},"class_list":["post-1950","page","type-page","status-publish","has-post-thumbnail","hentry"],"acf":[],"yoast_head":"<!-- This site is optimized with the Yoast SEO plugin v20.2.1 - https:\/\/yoast.com\/wordpress\/plugins\/seo\/ -->\n<title>Potraga Za Dobavlja\u010dima | Gateway &amp; Partners<\/title>\n<meta name=\"description\" content=\"Ako ste u potrazi za potencijalnim dobavlja\u010dima, ispunite donji obrazac i mi \u0107emo vam predstaviti popis relevantnih dobavlja\u010da prema va\u0161im potrebama i zahtjevima.\" \/>\n<meta name=\"robots\" content=\"index, follow, max-snippet:-1, max-image-preview:large, max-video-preview:-1\" \/>\n<link rel=\"canonical\" href=\"https:\/\/gatewaypartners.eu\/hr\/usluge\/potraga-za-dobavljacima\/\" \/>\n<meta property=\"og:locale\" content=\"hr_HR\" \/>\n<meta property=\"og:type\" content=\"article\" \/>\n<meta property=\"og:title\" content=\"Potraga Za Dobavlja\u010dima | Gateway &amp; Partners\" \/>\n<meta property=\"og:description\" content=\"Ako ste u potrazi za potencijalnim dobavlja\u010dima, ispunite donji obrazac i mi \u0107emo vam predstaviti popis relevantnih dobavlja\u010da prema va\u0161im potrebama i zahtjevima.\" \/>\n<meta property=\"og:url\" content=\"https:\/\/gatewaypartners.eu\/hr\/usluge\/potraga-za-dobavljacima\/\" \/>\n<meta property=\"og:site_name\" content=\"Gateway &amp; Partners\" \/>\n<meta property=\"article:modified_time\" content=\"2024-01-29T16:50:47+00:00\" \/>\n<meta property=\"og:image\" content=\"https:\/\/gatewaypartners.eu\/hr\/wp-content\/uploads\/sites\/11\/2020\/07\/patrick-robert-doyle-mBJ4PNZH_EE-unsplash_copy1-1.jpg\" \/>\n\t<meta property=\"og:image:width\" content=\"2048\" \/>\n\t<meta property=\"og:image:height\" content=\"1351\" \/>\n\t<meta property=\"og:image:type\" content=\"image\/jpeg\" \/>\n<meta name=\"twitter:card\" content=\"summary_large_image\" \/>\n<script type=\"application\/ld+json\" class=\"yoast-schema-graph\">{\"@context\":\"https:\/\/schema.org\",\"@graph\":[{\"@type\":\"WebPage\",\"@id\":\"https:\/\/gatewaypartners.eu\/hr\/usluge\/potraga-za-dobavljacima\/\",\"url\":\"https:\/\/gatewaypartners.eu\/hr\/usluge\/potraga-za-dobavljacima\/\",\"name\":\"Potraga Za Dobavlja\u010dima | Gateway & Partners\",\"isPartOf\":{\"@id\":\"https:\/\/gatewaypartners.eu\/hr\/#website\"},\"datePublished\":\"2022-02-12T12:15:42+00:00\",\"dateModified\":\"2024-01-29T16:50:47+00:00\",\"description\":\"Ako ste u potrazi za potencijalnim dobavlja\u010dima, ispunite donji obrazac i mi \u0107emo vam predstaviti popis relevantnih dobavlja\u010da prema va\u0161im potrebama i zahtjevima.\",\"breadcrumb\":{\"@id\":\"https:\/\/gatewaypartners.eu\/hr\/usluge\/potraga-za-dobavljacima\/#breadcrumb\"},\"inLanguage\":\"hr\",\"potentialAction\":[{\"@type\":\"ReadAction\",\"target\":[\"https:\/\/gatewaypartners.eu\/hr\/usluge\/potraga-za-dobavljacima\/\"]}]},{\"@type\":\"BreadcrumbList\",\"@id\":\"https:\/\/gatewaypartners.eu\/hr\/usluge\/potraga-za-dobavljacima\/#breadcrumb\",\"itemListElement\":[{\"@type\":\"ListItem\",\"position\":1,\"name\":\"Usluge\",\"item\":\"https:\/\/gatewaypartners.eu\/hr\/usluge\/\"},{\"@type\":\"ListItem\",\"position\":2,\"name\":\"Potraga Za Dobavlja\u010dima U Industriji\"}]},{\"@type\":\"WebSite\",\"@id\":\"https:\/\/gatewaypartners.eu\/hr\/#website\",\"url\":\"https:\/\/gatewaypartners.eu\/hr\/\",\"name\":\"Gateway &amp; Partners\",\"description\":\"Your Export Powerhouse\",\"potentialAction\":[{\"@type\":\"SearchAction\",\"target\":{\"@type\":\"EntryPoint\",\"urlTemplate\":\"https:\/\/gatewaypartners.eu\/hr\/?s={search_term_string}\"},\"query-input\":\"required name=search_term_string\"}],\"inLanguage\":\"hr\"}]}<\/script>\n<!-- \/ Yoast SEO plugin. -->","yoast_head_json":{"title":"Potraga Za Dobavlja\u010dima | Gateway & Partners","description":"Ako ste u potrazi za potencijalnim dobavlja\u010dima, ispunite donji obrazac i mi \u0107emo vam predstaviti popis relevantnih dobavlja\u010da prema va\u0161im potrebama i zahtjevima.","robots":{"index":"index","follow":"follow","max-snippet":"max-snippet:-1","max-image-preview":"max-image-preview:large","max-video-preview":"max-video-preview:-1"},"canonical":"https:\/\/gatewaypartners.eu\/hr\/usluge\/potraga-za-dobavljacima\/","og_locale":"hr_HR","og_type":"article","og_title":"Potraga Za Dobavlja\u010dima | Gateway & Partners","og_description":"Ako ste u potrazi za potencijalnim dobavlja\u010dima, ispunite donji obrazac i mi \u0107emo vam predstaviti popis relevantnih dobavlja\u010da prema va\u0161im potrebama i zahtjevima.","og_url":"https:\/\/gatewaypartners.eu\/hr\/usluge\/potraga-za-dobavljacima\/","og_site_name":"Gateway &amp; Partners","article_modified_time":"2024-01-29T16:50:47+00:00","og_image":[{"width":2048,"height":1351,"url":"https:\/\/gatewaypartners.eu\/hr\/wp-content\/uploads\/sites\/11\/2020\/07\/patrick-robert-doyle-mBJ4PNZH_EE-unsplash_copy1-1.jpg","type":"image\/jpeg"}],"twitter_card":"summary_large_image","schema":{"@context":"https:\/\/schema.org","@graph":[{"@type":"WebPage","@id":"https:\/\/gatewaypartners.eu\/hr\/usluge\/potraga-za-dobavljacima\/","url":"https:\/\/gatewaypartners.eu\/hr\/usluge\/potraga-za-dobavljacima\/","name":"Potraga Za Dobavlja\u010dima | Gateway & Partners","isPartOf":{"@id":"https:\/\/gatewaypartners.eu\/hr\/#website"},"datePublished":"2022-02-12T12:15:42+00:00","dateModified":"2024-01-29T16:50:47+00:00","description":"Ako ste u potrazi za potencijalnim dobavlja\u010dima, ispunite donji obrazac i mi \u0107emo vam predstaviti popis relevantnih dobavlja\u010da prema va\u0161im potrebama i zahtjevima.","breadcrumb":{"@id":"https:\/\/gatewaypartners.eu\/hr\/usluge\/potraga-za-dobavljacima\/#breadcrumb"},"inLanguage":"hr","potentialAction":[{"@type":"ReadAction","target":["https:\/\/gatewaypartners.eu\/hr\/usluge\/potraga-za-dobavljacima\/"]}]},{"@type":"BreadcrumbList","@id":"https:\/\/gatewaypartners.eu\/hr\/usluge\/potraga-za-dobavljacima\/#breadcrumb","itemListElement":[{"@type":"ListItem","position":1,"name":"Usluge","item":"https:\/\/gatewaypartners.eu\/hr\/usluge\/"},{"@type":"ListItem","position":2,"name":"Potraga Za Dobavlja\u010dima U Industriji"}]},{"@type":"WebSite","@id":"https:\/\/gatewaypartners.eu\/hr\/#website","url":"https:\/\/gatewaypartners.eu\/hr\/","name":"Gateway &amp; Partners","description":"Your Export Powerhouse","potentialAction":[{"@type":"SearchAction","target":{"@type":"EntryPoint","urlTemplate":"https:\/\/gatewaypartners.eu\/hr\/?s={search_term_string}"},"query-input":"required name=search_term_string"}],"inLanguage":"hr"}]}},"_links":{"self":[{"href":"https:\/\/gatewaypartners.eu\/hr\/wp-json\/wp\/v2\/pages\/1950","targetHints":{"allow":["GET"]}}],"collection":[{"href":"https:\/\/gatewaypartners.eu\/hr\/wp-json\/wp\/v2\/pages"}],"about":[{"href":"https:\/\/gatewaypartners.eu\/hr\/wp-json\/wp\/v2\/types\/page"}],"author":[{"embeddable":true,"href":"https:\/\/gatewaypartners.eu\/hr\/wp-json\/wp\/v2\/users\/3"}],"replies":[{"embeddable":true,"href":"https:\/\/gatewaypartners.eu\/hr\/wp-json\/wp\/v2\/comments?post=1950"}],"version-history":[{"count":46,"href":"https:\/\/gatewaypartners.eu\/hr\/wp-json\/wp\/v2\/pages\/1950\/revisions"}],"predecessor-version":[{"id":2689,"href":"https:\/\/gatewaypartners.eu\/hr\/wp-json\/wp\/v2\/pages\/1950\/revisions\/2689"}],"up":[{"embeddable":true,"href":"https:\/\/gatewaypartners.eu\/hr\/wp-json\/wp\/v2\/pages\/67"}],"wp:featuredmedia":[{"embeddable":true,"href":"https:\/\/gatewaypartners.eu\/hr\/wp-json\/wp\/v2\/media\/1981"}],"wp:attachment":[{"href":"https:\/\/gatewaypartners.eu\/hr\/wp-json\/wp\/v2\/media?parent=1950"}],"curies":[{"name":"wp","href":"https:\/\/api.w.org\/{rel}","templated":true}]}}