{"id":622,"date":"2022-02-12T18:03:33","date_gmt":"2022-02-12T16:03:33","guid":{"rendered":"http:\/\/gatewaypartners.eu\/?page_id=622"},"modified":"2024-01-29T18:54:44","modified_gmt":"2024-01-29T16:54:44","slug":"izvozna-edukacija","status":"publish","type":"page","link":"https:\/\/gatewaypartners.eu\/hr\/usluge\/izvozna-edukacija\/","title":{"rendered":"Izvozna Edukacija"},"content":{"rendered":"<h2><strong>Izvozni Masterclass<\/strong><\/h2>\n<p>Razvoj <a href=\"https:\/\/gatewaypartners.eu\/hr\/usluge\/trzisna-inteligencija\/\">me\u0111unarodnog tr\u017ei\u0161ta<\/a> u biti je izgradnja trajnih odnosa s kupcima na svim tr\u017ei\u0161tima. Na\u0161 masterclass za izvoz pru\u017ea sve alate za razvoj i njegovanje <a href=\"https:\/\/gatewaypartners.eu\/hr\/usluge\/izvozna-inteligencija\/\">novih poslovnih odnosa<\/a>. Izvozni Masterclass obi\u010dno uklju\u010duje 1-2 dana obuke za voditelje prodaje i direktore poduze\u0107a. Mo\u017ee se organizirati kao otvoreni te\u010daj, ali i izvoditi individualno za klijenta.<\/p>\n<p>Masterclass bi pokrivao jednu ili vi\u0161e od sljede\u0107ih tema:<\/p>\n<ul>\n<li>Planiranje I Strategija Izvoza<\/li>\n<li>Izvozna Marka I Marketing<\/li>\n<li>Izvozna Prodaja I Odnosi S Kupcima<\/li>\n<\/ul>\n<h2><strong>Izvozna Akademija<\/strong><\/h2>\n<p>Petodnevna izvozna akademija intenzivan je program u\u010denja za pripremu izvoznika za <a href=\"https:\/\/gatewaypartners.eu\/hr\/usluge\/razvoj-izvozne-marke\/\">me\u0111unarodni rast<\/a>. Tijekom akademije menad\u017eeri izvoza i direktori tvrtki u\u010de od stru\u010dnjaka i uspje\u0161nih izvoznika, analiziraju slu\u010dajeve, obavljaju prakti\u010dne zadatke i raspravljaju o pojedina\u010dnim izazovima.<\/p>\n<p class=\"p1\">Izvozna Akademija pokriva sljede\u0107e teme:<\/p>\n<ul>\n<li class=\"p2\">Razvijanje uspje\u0161ne izvozne strategije i plana<\/li>\n<li class=\"p2\"><a href=\"https:\/\/gatewaypartners.eu\/hr\/usluge\/trzisna-inteligencija\/\">Istra\u017eivanje tr\u017ei\u0161ta<\/a> i analiza ponude<\/li>\n<li class=\"p2\"><a href=\"https:\/\/gatewaypartners.eu\/hr\/usluge\/razvoj-izvozne-marke\/\">Razvoj izvozne marke<\/a> i marketing<\/li>\n<li class=\"p2\"><a href=\"https:\/\/gatewaypartners.eu\/hr\/usluge\/izvozna-inteligencija\/\">Privla\u010denje prodajnog partnera<\/a> i sudjelovanje u trgovinskom posjetu<\/li>\n<li class=\"p2\">Razvoj odnosa s kupcima i pregovori<\/li>\n<li class=\"p2\">Izvozne prakse \u2013 logistika, tarife, carine, pravni odnosi i financiranje izvoza<\/li>\n<\/ul>\n<h2><strong>Priru\u010dnik Za Izvoz<\/strong><\/h2>\n<p>Tim <a href=\"http:\/\/gatewaypartners.eu\/hr\/\">Gateway &amp; Partners<\/a> razvio je nekoliko obrazovnih materijala. Izvozni priru\u010dnik pokriva bitne teme za tvrtke koje rastu na me\u0111unarodnoj razini. Priru\u010dnik za izvoz je vodi\u010d za razvoj me\u0111unarodnog tr\u017ei\u0161ta korak po korak.<\/p>\n","protected":false},"excerpt":{"rendered":"<p>Izvozni Masterclass<br \/>\nIzvozna Akademija<br \/>\nPriru\u010dnik Za Izvoz<\/p>\n","protected":false},"author":1,"featured_media":180,"parent":67,"menu_order":6,"comment_status":"closed","ping_status":"closed","template":"template-service.php","meta":{"inline_featured_image":false,"footnotes":""},"class_list":["post-622","page","type-page","status-publish","has-post-thumbnail","hentry"],"acf":[],"yoast_head":"<!-- This site is optimized with the Yoast SEO plugin v20.2.1 - https:\/\/yoast.com\/wordpress\/plugins\/seo\/ -->\n<title>Izvozna Edukacija | Gateway &amp; Partners<\/title>\n<meta name=\"description\" content=\"We offer Export Education services, including Export Masterclass, Export Academy and Export Handbook! Find out more in our export education here! Nudimo usluge Export Education, uklju\u010duju\u0107i Izvozni Masterclass, Izvozna Akademija i Priru\u010dnik Za Izvoz! Saznajte vi\u0161e u na\u0161em izvoznom obrazovanju ovdje!\" \/>\n<meta name=\"robots\" content=\"index, follow, max-snippet:-1, max-image-preview:large, max-video-preview:-1\" \/>\n<link rel=\"canonical\" href=\"https:\/\/gatewaypartners.eu\/hr\/usluge\/izvozna-edukacija\/\" \/>\n<meta property=\"og:locale\" content=\"hr_HR\" \/>\n<meta property=\"og:type\" content=\"article\" \/>\n<meta property=\"og:title\" content=\"Izvozna Edukacija | Gateway &amp; Partners\" \/>\n<meta property=\"og:description\" content=\"We offer Export Education services, including Export Masterclass, Export Academy and Export Handbook! Find out more in our export education here! Nudimo usluge Export Education, uklju\u010duju\u0107i Izvozni Masterclass, Izvozna Akademija i Priru\u010dnik Za Izvoz! Saznajte vi\u0161e u na\u0161em izvoznom obrazovanju ovdje!\" \/>\n<meta property=\"og:url\" content=\"https:\/\/gatewaypartners.eu\/hr\/usluge\/izvozna-edukacija\/\" \/>\n<meta property=\"og:site_name\" content=\"Gateway &amp; Partners\" \/>\n<meta property=\"article:modified_time\" content=\"2024-01-29T16:54:44+00:00\" \/>\n<meta property=\"og:image\" content=\"https:\/\/gatewaypartners.eu\/hr\/wp-content\/uploads\/sites\/11\/2016\/11\/Export_education-treadmill-1028296.jpg\" \/>\n\t<meta property=\"og:image:width\" content=\"2048\" \/>\n\t<meta property=\"og:image:height\" content=\"1536\" \/>\n\t<meta property=\"og:image:type\" content=\"image\/jpeg\" \/>\n<meta name=\"twitter:card\" content=\"summary_large_image\" \/>\n<script type=\"application\/ld+json\" class=\"yoast-schema-graph\">{\"@context\":\"https:\/\/schema.org\",\"@graph\":[{\"@type\":\"WebPage\",\"@id\":\"https:\/\/gatewaypartners.eu\/hr\/usluge\/izvozna-edukacija\/\",\"url\":\"https:\/\/gatewaypartners.eu\/hr\/usluge\/izvozna-edukacija\/\",\"name\":\"Izvozna Edukacija | Gateway & Partners\",\"isPartOf\":{\"@id\":\"https:\/\/gatewaypartners.eu\/hr\/#website\"},\"datePublished\":\"2022-02-12T16:03:33+00:00\",\"dateModified\":\"2024-01-29T16:54:44+00:00\",\"description\":\"We offer Export Education services, including Export Masterclass, Export Academy and Export Handbook! Find out more in our export education here! Nudimo usluge Export Education, uklju\u010duju\u0107i Izvozni Masterclass, Izvozna Akademija i Priru\u010dnik Za Izvoz! Saznajte vi\u0161e u na\u0161em izvoznom obrazovanju ovdje!\",\"breadcrumb\":{\"@id\":\"https:\/\/gatewaypartners.eu\/hr\/usluge\/izvozna-edukacija\/#breadcrumb\"},\"inLanguage\":\"hr\",\"potentialAction\":[{\"@type\":\"ReadAction\",\"target\":[\"https:\/\/gatewaypartners.eu\/hr\/usluge\/izvozna-edukacija\/\"]}]},{\"@type\":\"BreadcrumbList\",\"@id\":\"https:\/\/gatewaypartners.eu\/hr\/usluge\/izvozna-edukacija\/#breadcrumb\",\"itemListElement\":[{\"@type\":\"ListItem\",\"position\":1,\"name\":\"Usluge\",\"item\":\"https:\/\/gatewaypartners.eu\/hr\/usluge\/\"},{\"@type\":\"ListItem\",\"position\":2,\"name\":\"Izvozna Edukacija\"}]},{\"@type\":\"WebSite\",\"@id\":\"https:\/\/gatewaypartners.eu\/hr\/#website\",\"url\":\"https:\/\/gatewaypartners.eu\/hr\/\",\"name\":\"Gateway &amp; Partners\",\"description\":\"Your Export Powerhouse\",\"potentialAction\":[{\"@type\":\"SearchAction\",\"target\":{\"@type\":\"EntryPoint\",\"urlTemplate\":\"https:\/\/gatewaypartners.eu\/hr\/?s={search_term_string}\"},\"query-input\":\"required name=search_term_string\"}],\"inLanguage\":\"hr\"}]}<\/script>\n<!-- \/ Yoast SEO plugin. -->","yoast_head_json":{"title":"Izvozna Edukacija | Gateway & Partners","description":"We offer Export Education services, including Export Masterclass, Export Academy and Export Handbook! Find out more in our export education here! Nudimo usluge Export Education, uklju\u010duju\u0107i Izvozni Masterclass, Izvozna Akademija i Priru\u010dnik Za Izvoz! Saznajte vi\u0161e u na\u0161em izvoznom obrazovanju ovdje!","robots":{"index":"index","follow":"follow","max-snippet":"max-snippet:-1","max-image-preview":"max-image-preview:large","max-video-preview":"max-video-preview:-1"},"canonical":"https:\/\/gatewaypartners.eu\/hr\/usluge\/izvozna-edukacija\/","og_locale":"hr_HR","og_type":"article","og_title":"Izvozna Edukacija | Gateway & Partners","og_description":"We offer Export Education services, including Export Masterclass, Export Academy and Export Handbook! Find out more in our export education here! Nudimo usluge Export Education, uklju\u010duju\u0107i Izvozni Masterclass, Izvozna Akademija i Priru\u010dnik Za Izvoz! Saznajte vi\u0161e u na\u0161em izvoznom obrazovanju ovdje!","og_url":"https:\/\/gatewaypartners.eu\/hr\/usluge\/izvozna-edukacija\/","og_site_name":"Gateway &amp; Partners","article_modified_time":"2024-01-29T16:54:44+00:00","og_image":[{"width":2048,"height":1536,"url":"https:\/\/gatewaypartners.eu\/hr\/wp-content\/uploads\/sites\/11\/2016\/11\/Export_education-treadmill-1028296.jpg","type":"image\/jpeg"}],"twitter_card":"summary_large_image","schema":{"@context":"https:\/\/schema.org","@graph":[{"@type":"WebPage","@id":"https:\/\/gatewaypartners.eu\/hr\/usluge\/izvozna-edukacija\/","url":"https:\/\/gatewaypartners.eu\/hr\/usluge\/izvozna-edukacija\/","name":"Izvozna Edukacija | Gateway & Partners","isPartOf":{"@id":"https:\/\/gatewaypartners.eu\/hr\/#website"},"datePublished":"2022-02-12T16:03:33+00:00","dateModified":"2024-01-29T16:54:44+00:00","description":"We offer Export Education services, including Export Masterclass, Export Academy and Export Handbook! Find out more in our export education here! Nudimo usluge Export Education, uklju\u010duju\u0107i Izvozni Masterclass, Izvozna Akademija i Priru\u010dnik Za Izvoz! Saznajte vi\u0161e u na\u0161em izvoznom obrazovanju ovdje!","breadcrumb":{"@id":"https:\/\/gatewaypartners.eu\/hr\/usluge\/izvozna-edukacija\/#breadcrumb"},"inLanguage":"hr","potentialAction":[{"@type":"ReadAction","target":["https:\/\/gatewaypartners.eu\/hr\/usluge\/izvozna-edukacija\/"]}]},{"@type":"BreadcrumbList","@id":"https:\/\/gatewaypartners.eu\/hr\/usluge\/izvozna-edukacija\/#breadcrumb","itemListElement":[{"@type":"ListItem","position":1,"name":"Usluge","item":"https:\/\/gatewaypartners.eu\/hr\/usluge\/"},{"@type":"ListItem","position":2,"name":"Izvozna Edukacija"}]},{"@type":"WebSite","@id":"https:\/\/gatewaypartners.eu\/hr\/#website","url":"https:\/\/gatewaypartners.eu\/hr\/","name":"Gateway &amp; Partners","description":"Your Export Powerhouse","potentialAction":[{"@type":"SearchAction","target":{"@type":"EntryPoint","urlTemplate":"https:\/\/gatewaypartners.eu\/hr\/?s={search_term_string}"},"query-input":"required name=search_term_string"}],"inLanguage":"hr"}]}},"_links":{"self":[{"href":"https:\/\/gatewaypartners.eu\/hr\/wp-json\/wp\/v2\/pages\/622","targetHints":{"allow":["GET"]}}],"collection":[{"href":"https:\/\/gatewaypartners.eu\/hr\/wp-json\/wp\/v2\/pages"}],"about":[{"href":"https:\/\/gatewaypartners.eu\/hr\/wp-json\/wp\/v2\/types\/page"}],"author":[{"embeddable":true,"href":"https:\/\/gatewaypartners.eu\/hr\/wp-json\/wp\/v2\/users\/1"}],"replies":[{"embeddable":true,"href":"https:\/\/gatewaypartners.eu\/hr\/wp-json\/wp\/v2\/comments?post=622"}],"version-history":[{"count":9,"href":"https:\/\/gatewaypartners.eu\/hr\/wp-json\/wp\/v2\/pages\/622\/revisions"}],"predecessor-version":[{"id":2693,"href":"https:\/\/gatewaypartners.eu\/hr\/wp-json\/wp\/v2\/pages\/622\/revisions\/2693"}],"up":[{"embeddable":true,"href":"https:\/\/gatewaypartners.eu\/hr\/wp-json\/wp\/v2\/pages\/67"}],"wp:featuredmedia":[{"embeddable":true,"href":"https:\/\/gatewaypartners.eu\/hr\/wp-json\/wp\/v2\/media\/180"}],"wp:attachment":[{"href":"https:\/\/gatewaypartners.eu\/hr\/wp-json\/wp\/v2\/media?parent=622"}],"curies":[{"name":"wp","href":"https:\/\/api.w.org\/{rel}","templated":true}]}}