{"id":624,"date":"2022-02-18T01:04:54","date_gmt":"2022-02-17T23:04:54","guid":{"rendered":"http:\/\/gatewaypartners.eu\/?page_id=624"},"modified":"2024-01-29T18:53:30","modified_gmt":"2024-01-29T16:53:30","slug":"razvoj-izvozne-marke","status":"publish","type":"page","link":"https:\/\/gatewaypartners.eu\/hr\/usluge\/razvoj-izvozne-marke\/","title":{"rendered":"Razvoj Izvozne Marke"},"content":{"rendered":"<h2><strong>Razvoj Marke<\/strong><\/h2>\n<p>Prva slika o vama va\u017ena je ne samo u me\u0111uljudskim odnosima nego i u <a href=\"https:\/\/gatewaypartners.eu\/hr\/usluge\/privlacenje-ulaganja\/\">me\u0111unarodnom poslovanju<\/a>. Kada izlaze na me\u0111unarodna tr\u017ei\u0161ta, tvrtke se \u010desto suo\u010davaju s potrebom za a\u017euriranjem korporativnog brenda ili \u010dak razvojem novog brenda. Na\u0161 tim stru\u010dnjaka, zajedno s me\u0111unarodnim dizajnerima, <a href=\"https:\/\/gatewaypartners.eu\/hr\/usluge\/razvoj-izvozne-marke\/\">pripremit \u0107e va\u0161 brend<\/a> za me\u0111unarodna tr\u017ei\u0161ta.<\/p>\n<p><strong>Mi \u0107emo:<\/strong><\/p>\n<ul>\n<li>\n<p class=\"p2\">Provesti reviziju robne marke i identificirati bitne elemente va\u0161e robne marke<\/p>\n<\/li>\n<li>\n<p class=\"p2\">Vizualizirati identitet va\u0161e robne marke u grafici &#8211; logotipu, bojama, fontovima<\/p>\n<\/li>\n<li>\n<p class=\"p2\">Pripremiti bitne marketin\u0161ke materijale<\/p>\n<\/li>\n<li>\n<p class=\"p2\">Vodite va\u0161 tim kroz kori\u0161tenje korporativnog identiteta<\/p>\n<\/li>\n<\/ul>\n<h2><strong>Dizajn Marketin\u0161kih Materijala<\/strong><\/h2>\n<p class=\"p1\">Bilo da se radi o prodajnoj prezentaciji, web stranici, katalogu, bro\u0161uri ili portfelju proizvoda \u2013 za na\u0161e klijente razvijamo sve marketin\u0161ke alate potrebne da budu spremni za me\u0111unarodno poslovanje. Na\u0161 tim \u0107e ne samo urediti va\u0161 marketin\u0161ki komplet, ve\u0107 \u0107e tako\u0111er biti va\u0161 tim za grafi\u010dki dizajn na kontinuiranoj osnovi.<\/p>\n<p class=\"p1\"><strong>Mi \u0107emo:<\/strong><\/p>\n<ul>\n<li class=\"p1\">Dizajnirati va\u0161u web stranicu za izvoz \u2013 moderan dizajn i relevantne informacije<\/li>\n<li class=\"p1\">Izraditi va\u0161e marketin\u0161ke vizuale \u2013 profil, prodajne prezentacije, kataloge proizvoda i vi\u0161e<\/li>\n<li class=\"p1\">Kontinuirano odr\u017eavati i a\u017eurirati va\u0161e marketin\u0161ke vizuale<\/li>\n<\/ul>\n<h2><strong>Pomo\u0107 Za Sajmove<\/strong><\/h2>\n<p class=\"p1\">Izlo\u017ebe su jo\u0161 uvijek glavne arene za sastanke me\u0111unarodnih poslovnih partnera. Na\u0161 tim tr\u017ei\u0161nih savjetnika pomo\u0107i \u0107e vam u pripremi za me\u0111unarodni sajam \u2013 od dizajna va\u0161eg \u0161tanda i razvoja va\u0161eg vizualnog sadr\u017eaja do pripremnih radova prije sajma i pomo\u0107i tijekom sajma.<\/p>\n<p class=\"p1\"><strong>Mi \u0107emo:<\/strong><\/p>\n<ul>\n<li class=\"p1\">Dizajnirati va\u0161 \u0161tand i pripremiti va\u0161e vizualne elemente \u2013 prezentacije, bro\u0161ure, uzorke i poklone<\/li>\n<li class=\"p1\">Pozvati postoje\u0107e i nove kupce na sajam i dogovoriti <a href=\"https:\/\/gatewaypartners.eu\/hr\/usluge\/izvozna-inteligencija\/\">B2B sastanke<\/a><\/li>\n<li class=\"p1\">Pru\u017eiti pomo\u0107 tijekom sajma \u2013 dodatna prodajna snaga na va\u0161em \u0161tandu<\/li>\n<li class=\"p1\">Podr\u0161ka nakon izlo\u017ebe \u2013 komunikacija i pra\u0107enje <a href=\"https:\/\/gatewaypartners.eu\/hr\/usluge\/izvozna-inteligencija\/\">prodajnih prilika<\/a><\/li>\n<\/ul>\n","protected":false},"excerpt":{"rendered":"<p>Razvoj Marke<br \/>\nDizajn Marketin\u0161kih Materijala<br \/>\nPomo\u0107 Za Sajmove<\/p>\n","protected":false},"author":1,"featured_media":179,"parent":67,"menu_order":4,"comment_status":"closed","ping_status":"closed","template":"template-service.php","meta":{"inline_featured_image":false,"footnotes":""},"class_list":["post-624","page","type-page","status-publish","has-post-thumbnail","hentry"],"acf":[],"yoast_head":"<!-- This site is optimized with the Yoast SEO plugin v20.2.1 - https:\/\/yoast.com\/wordpress\/plugins\/seo\/ -->\n<title>Razvoj Izvozne Marke | Gateway &amp; Partners<\/title>\n<meta name=\"description\" content=\"Na\u0161 tim \u0107e pripremiti va\u0161 brend za me\u0111unarodna tr\u017ei\u0161ta! Nudimo: Dizajn marketin\u0161kih materijala, Pomo\u0107 na sajmovima. Provjerite vi\u0161e ovdje!\" \/>\n<meta name=\"robots\" content=\"index, follow, max-snippet:-1, max-image-preview:large, max-video-preview:-1\" \/>\n<link rel=\"canonical\" href=\"https:\/\/gatewaypartners.eu\/hr\/usluge\/razvoj-izvozne-marke\/\" \/>\n<meta property=\"og:locale\" content=\"hr_HR\" \/>\n<meta property=\"og:type\" content=\"article\" \/>\n<meta property=\"og:title\" content=\"Razvoj Izvozne Marke | Gateway &amp; Partners\" \/>\n<meta property=\"og:description\" content=\"Na\u0161 tim \u0107e pripremiti va\u0161 brend za me\u0111unarodna tr\u017ei\u0161ta! Nudimo: Dizajn marketin\u0161kih materijala, Pomo\u0107 na sajmovima. Provjerite vi\u0161e ovdje!\" \/>\n<meta property=\"og:url\" content=\"https:\/\/gatewaypartners.eu\/hr\/usluge\/razvoj-izvozne-marke\/\" \/>\n<meta property=\"og:site_name\" content=\"Gateway &amp; Partners\" \/>\n<meta property=\"article:modified_time\" content=\"2024-01-29T16:53:30+00:00\" \/>\n<meta property=\"og:image\" content=\"https:\/\/gatewaypartners.eu\/hr\/wp-content\/uploads\/sites\/11\/2016\/11\/Market_service-paris-1265956.jpg\" \/>\n\t<meta property=\"og:image:width\" content=\"2048\" \/>\n\t<meta property=\"og:image:height\" content=\"1365\" \/>\n\t<meta property=\"og:image:type\" content=\"image\/jpeg\" \/>\n<meta name=\"twitter:card\" content=\"summary_large_image\" \/>\n<script type=\"application\/ld+json\" class=\"yoast-schema-graph\">{\"@context\":\"https:\/\/schema.org\",\"@graph\":[{\"@type\":\"WebPage\",\"@id\":\"https:\/\/gatewaypartners.eu\/hr\/usluge\/razvoj-izvozne-marke\/\",\"url\":\"https:\/\/gatewaypartners.eu\/hr\/usluge\/razvoj-izvozne-marke\/\",\"name\":\"Razvoj Izvozne Marke | Gateway & Partners\",\"isPartOf\":{\"@id\":\"https:\/\/gatewaypartners.eu\/hr\/#website\"},\"datePublished\":\"2022-02-17T23:04:54+00:00\",\"dateModified\":\"2024-01-29T16:53:30+00:00\",\"description\":\"Na\u0161 tim \u0107e pripremiti va\u0161 brend za me\u0111unarodna tr\u017ei\u0161ta! Nudimo: Dizajn marketin\u0161kih materijala, Pomo\u0107 na sajmovima. Provjerite vi\u0161e ovdje!\",\"breadcrumb\":{\"@id\":\"https:\/\/gatewaypartners.eu\/hr\/usluge\/razvoj-izvozne-marke\/#breadcrumb\"},\"inLanguage\":\"hr\",\"potentialAction\":[{\"@type\":\"ReadAction\",\"target\":[\"https:\/\/gatewaypartners.eu\/hr\/usluge\/razvoj-izvozne-marke\/\"]}]},{\"@type\":\"BreadcrumbList\",\"@id\":\"https:\/\/gatewaypartners.eu\/hr\/usluge\/razvoj-izvozne-marke\/#breadcrumb\",\"itemListElement\":[{\"@type\":\"ListItem\",\"position\":1,\"name\":\"Usluge\",\"item\":\"https:\/\/gatewaypartners.eu\/hr\/usluge\/\"},{\"@type\":\"ListItem\",\"position\":2,\"name\":\"Razvoj Izvozne Marke\"}]},{\"@type\":\"WebSite\",\"@id\":\"https:\/\/gatewaypartners.eu\/hr\/#website\",\"url\":\"https:\/\/gatewaypartners.eu\/hr\/\",\"name\":\"Gateway &amp; Partners\",\"description\":\"Your Export Powerhouse\",\"potentialAction\":[{\"@type\":\"SearchAction\",\"target\":{\"@type\":\"EntryPoint\",\"urlTemplate\":\"https:\/\/gatewaypartners.eu\/hr\/?s={search_term_string}\"},\"query-input\":\"required name=search_term_string\"}],\"inLanguage\":\"hr\"}]}<\/script>\n<!-- \/ Yoast SEO plugin. -->","yoast_head_json":{"title":"Razvoj Izvozne Marke | Gateway & Partners","description":"Na\u0161 tim \u0107e pripremiti va\u0161 brend za me\u0111unarodna tr\u017ei\u0161ta! Nudimo: Dizajn marketin\u0161kih materijala, Pomo\u0107 na sajmovima. Provjerite vi\u0161e ovdje!","robots":{"index":"index","follow":"follow","max-snippet":"max-snippet:-1","max-image-preview":"max-image-preview:large","max-video-preview":"max-video-preview:-1"},"canonical":"https:\/\/gatewaypartners.eu\/hr\/usluge\/razvoj-izvozne-marke\/","og_locale":"hr_HR","og_type":"article","og_title":"Razvoj Izvozne Marke | Gateway & Partners","og_description":"Na\u0161 tim \u0107e pripremiti va\u0161 brend za me\u0111unarodna tr\u017ei\u0161ta! Nudimo: Dizajn marketin\u0161kih materijala, Pomo\u0107 na sajmovima. Provjerite vi\u0161e ovdje!","og_url":"https:\/\/gatewaypartners.eu\/hr\/usluge\/razvoj-izvozne-marke\/","og_site_name":"Gateway &amp; Partners","article_modified_time":"2024-01-29T16:53:30+00:00","og_image":[{"width":2048,"height":1365,"url":"https:\/\/gatewaypartners.eu\/hr\/wp-content\/uploads\/sites\/11\/2016\/11\/Market_service-paris-1265956.jpg","type":"image\/jpeg"}],"twitter_card":"summary_large_image","schema":{"@context":"https:\/\/schema.org","@graph":[{"@type":"WebPage","@id":"https:\/\/gatewaypartners.eu\/hr\/usluge\/razvoj-izvozne-marke\/","url":"https:\/\/gatewaypartners.eu\/hr\/usluge\/razvoj-izvozne-marke\/","name":"Razvoj Izvozne Marke | Gateway & Partners","isPartOf":{"@id":"https:\/\/gatewaypartners.eu\/hr\/#website"},"datePublished":"2022-02-17T23:04:54+00:00","dateModified":"2024-01-29T16:53:30+00:00","description":"Na\u0161 tim \u0107e pripremiti va\u0161 brend za me\u0111unarodna tr\u017ei\u0161ta! Nudimo: Dizajn marketin\u0161kih materijala, Pomo\u0107 na sajmovima. Provjerite vi\u0161e ovdje!","breadcrumb":{"@id":"https:\/\/gatewaypartners.eu\/hr\/usluge\/razvoj-izvozne-marke\/#breadcrumb"},"inLanguage":"hr","potentialAction":[{"@type":"ReadAction","target":["https:\/\/gatewaypartners.eu\/hr\/usluge\/razvoj-izvozne-marke\/"]}]},{"@type":"BreadcrumbList","@id":"https:\/\/gatewaypartners.eu\/hr\/usluge\/razvoj-izvozne-marke\/#breadcrumb","itemListElement":[{"@type":"ListItem","position":1,"name":"Usluge","item":"https:\/\/gatewaypartners.eu\/hr\/usluge\/"},{"@type":"ListItem","position":2,"name":"Razvoj Izvozne Marke"}]},{"@type":"WebSite","@id":"https:\/\/gatewaypartners.eu\/hr\/#website","url":"https:\/\/gatewaypartners.eu\/hr\/","name":"Gateway &amp; Partners","description":"Your Export Powerhouse","potentialAction":[{"@type":"SearchAction","target":{"@type":"EntryPoint","urlTemplate":"https:\/\/gatewaypartners.eu\/hr\/?s={search_term_string}"},"query-input":"required name=search_term_string"}],"inLanguage":"hr"}]}},"_links":{"self":[{"href":"https:\/\/gatewaypartners.eu\/hr\/wp-json\/wp\/v2\/pages\/624","targetHints":{"allow":["GET"]}}],"collection":[{"href":"https:\/\/gatewaypartners.eu\/hr\/wp-json\/wp\/v2\/pages"}],"about":[{"href":"https:\/\/gatewaypartners.eu\/hr\/wp-json\/wp\/v2\/types\/page"}],"author":[{"embeddable":true,"href":"https:\/\/gatewaypartners.eu\/hr\/wp-json\/wp\/v2\/users\/1"}],"replies":[{"embeddable":true,"href":"https:\/\/gatewaypartners.eu\/hr\/wp-json\/wp\/v2\/comments?post=624"}],"version-history":[{"count":11,"href":"https:\/\/gatewaypartners.eu\/hr\/wp-json\/wp\/v2\/pages\/624\/revisions"}],"predecessor-version":[{"id":2692,"href":"https:\/\/gatewaypartners.eu\/hr\/wp-json\/wp\/v2\/pages\/624\/revisions\/2692"}],"up":[{"embeddable":true,"href":"https:\/\/gatewaypartners.eu\/hr\/wp-json\/wp\/v2\/pages\/67"}],"wp:featuredmedia":[{"embeddable":true,"href":"https:\/\/gatewaypartners.eu\/hr\/wp-json\/wp\/v2\/media\/179"}],"wp:attachment":[{"href":"https:\/\/gatewaypartners.eu\/hr\/wp-json\/wp\/v2\/media?parent=624"}],"curies":[{"name":"wp","href":"https:\/\/api.w.org\/{rel}","templated":true}]}}