{"id":626,"date":"2022-02-18T16:06:16","date_gmt":"2022-02-18T14:06:16","guid":{"rendered":"http:\/\/gatewaypartners.eu\/?page_id=626"},"modified":"2024-01-29T18:51:51","modified_gmt":"2024-01-29T16:51:51","slug":"privlacenje-ulaganja","status":"publish","type":"page","link":"https:\/\/gatewaypartners.eu\/hr\/usluge\/privlacenje-ulaganja\/","title":{"rendered":"Privla\u010denje Ulaganja"},"content":{"rendered":"<h2><strong>Studija Izvedljivosti<\/strong><\/h2>\n<p>Kako bi se privukli investitori, prva faza je <a href=\"https:\/\/gatewaypartners.eu\/hr\/usluge\/trzisna-inteligencija\/\">analiza investicijskog<\/a> podru\u010dja s ciljem utvr\u0111ivanja konkurentskih prednosti, ekonomskih koristi ulaganja, kao i preciziranja iz koje regije i industrije bi <a href=\"https:\/\/gatewaypartners.eu\/hr\/usluge\/potraga-za-dobavljacima\/\">investitori mogli potjecati<\/a>. Nakon studije, sljede\u0107a faza je razvoj investicijske ponude kako bi se postavili temelji za nesmetan proces privla\u010denja ulaganja.<\/p>\n<p><strong>Mi \u0107emo:<\/strong><\/p>\n<ul>\n<li>\n<p class=\"p1\">Prikupiti relevantne podatke o investiciji s ciljem utvr\u0111ivanja konkurentske prednosti<\/p>\n<\/li>\n<li>\n<p class=\"p1\">Pripremiti analizu tro\u0161kova i povrata ulaganja s prognozom budu\u0107nosti<\/p>\n<\/li>\n<li>\n<p class=\"p1\">Predlo\u017eiti profil investitora \u2013 industrija, regija, veli\u010dina, poslovni segment<\/p>\n<\/li>\n<li>\n<p class=\"p1\">Pripremite ulazne podatke za razvoj investicijske ponude<\/p>\n<\/li>\n<\/ul>\n<h2><strong>Razvoj Investicijske Ponude<\/strong><\/h2>\n<p class=\"p1\">Za privla\u010denje potencijalnih investitora va\u017eno je razviti kvalitetan prijedlog koji \u0107e zainteresirati ve\u0107 od prvog trenutka, kao i specificirati poslovni potencijal ulaganja.<\/p>\n<p class=\"p1\"><strong>Mi \u0107emo:<\/strong><\/p>\n<ul>\n<li class=\"p2\">Prikupiti sve potrebne temeljne informacije<\/li>\n<li class=\"p2\">Izra\u010dunati sve financijske anga\u017emane<\/li>\n<li class=\"p2\">Pripremite ponudu ulaganja<\/li>\n<\/ul>\n<h2><strong>Privla\u010denje Ulaganja<\/strong><\/h2>\n<p class=\"p1\">Privla\u010denje ulaganja na vrhu je agende dr\u017eavnih organizacija, op\u0107ina i privatnih subjekata. Tijekom na\u0161e usluge privla\u010denja ulaganja izvr\u0161it \u0107emo analizu investicijske ponude, identificirati profil investitora i zemlje, predstaviti va\u0161u ponudu potencijalnim investitorima i osna\u017eiti poziciju u pregovorima.<\/p>\n<p class=\"p1\"><strong>Mi \u0107emo:<\/strong><\/p>\n<ul>\n<li class=\"p2\">Analizirati ponudu ulaganja, provesti analizu izvodljivosti i razviti ponudu ulaganja<\/li>\n<li class=\"p2\">Identificirati potencijalne investitore \u2013 industrije, veli\u010dinu, profil, zemlju<\/li>\n<li class=\"p2\">Komunicirati i predstavite svoju ponudu potencijalnim investitorima<\/li>\n<li class=\"p2\"><a href=\"https:\/\/gatewaypartners.eu\/hr\/usluge\/izvozna-inteligencija\/\">Organizirati investicijske sastanke<\/a> izme\u0111u obiju strana<\/li>\n<li class=\"p2\">Organizirati posjete investitora gradili\u0161tu\/objektu<\/li>\n<li class=\"p2\">Pratiti i voditi investicijsku komunikaciju<\/li>\n<\/ul>\n","protected":false},"excerpt":{"rendered":"<p>Studija Izvedljivosti<br \/>\nRazvoj Investicijske Ponude<br \/>\nPrivla\u010denje Ulaganja<\/p>\n","protected":false},"author":1,"featured_media":178,"parent":67,"menu_order":3,"comment_status":"closed","ping_status":"closed","template":"template-service.php","meta":{"inline_featured_image":false,"footnotes":""},"class_list":["post-626","page","type-page","status-publish","has-post-thumbnail","hentry"],"acf":[],"yoast_head":"<!-- This site is optimized with the Yoast SEO plugin v20.2.1 - https:\/\/yoast.com\/wordpress\/plugins\/seo\/ -->\n<title>Privla\u010denje Ulaganja | Gateway &amp; Partners<\/title>\n<meta name=\"description\" content=\"Nudimo usluge privla\u010denja ulaganja, uklju\u010duju\u0107i studiju izvedivosti, razvoj investicijske ponude i privla\u010denje ulaganja. Kompletan opis usluge pogledajte ovdje!\" \/>\n<meta name=\"robots\" content=\"index, follow, max-snippet:-1, max-image-preview:large, max-video-preview:-1\" \/>\n<link rel=\"canonical\" href=\"https:\/\/gatewaypartners.eu\/hr\/usluge\/privlacenje-ulaganja\/\" \/>\n<meta property=\"og:locale\" content=\"hr_HR\" \/>\n<meta property=\"og:type\" content=\"article\" \/>\n<meta property=\"og:title\" content=\"Privla\u010denje Ulaganja | Gateway &amp; Partners\" \/>\n<meta property=\"og:description\" content=\"Nudimo usluge privla\u010denja ulaganja, uklju\u010duju\u0107i studiju izvedivosti, razvoj investicijske ponude i privla\u010denje ulaganja. Kompletan opis usluge pogledajte ovdje!\" \/>\n<meta property=\"og:url\" content=\"https:\/\/gatewaypartners.eu\/hr\/usluge\/privlacenje-ulaganja\/\" \/>\n<meta property=\"og:site_name\" content=\"Gateway &amp; Partners\" \/>\n<meta property=\"article:modified_time\" content=\"2024-01-29T16:51:51+00:00\" \/>\n<meta property=\"og:image\" content=\"https:\/\/gatewaypartners.eu\/hr\/wp-content\/uploads\/sites\/11\/2016\/11\/Investment_attraction-train-1747216.jpg\" \/>\n\t<meta property=\"og:image:width\" content=\"2048\" \/>\n\t<meta property=\"og:image:height\" content=\"1153\" \/>\n\t<meta property=\"og:image:type\" content=\"image\/jpeg\" \/>\n<meta name=\"twitter:card\" content=\"summary_large_image\" \/>\n<script type=\"application\/ld+json\" class=\"yoast-schema-graph\">{\"@context\":\"https:\/\/schema.org\",\"@graph\":[{\"@type\":\"WebPage\",\"@id\":\"https:\/\/gatewaypartners.eu\/hr\/usluge\/privlacenje-ulaganja\/\",\"url\":\"https:\/\/gatewaypartners.eu\/hr\/usluge\/privlacenje-ulaganja\/\",\"name\":\"Privla\u010denje Ulaganja | Gateway & Partners\",\"isPartOf\":{\"@id\":\"https:\/\/gatewaypartners.eu\/hr\/#website\"},\"datePublished\":\"2022-02-18T14:06:16+00:00\",\"dateModified\":\"2024-01-29T16:51:51+00:00\",\"description\":\"Nudimo usluge privla\u010denja ulaganja, uklju\u010duju\u0107i studiju izvedivosti, razvoj investicijske ponude i privla\u010denje ulaganja. Kompletan opis usluge pogledajte ovdje!\",\"breadcrumb\":{\"@id\":\"https:\/\/gatewaypartners.eu\/hr\/usluge\/privlacenje-ulaganja\/#breadcrumb\"},\"inLanguage\":\"hr\",\"potentialAction\":[{\"@type\":\"ReadAction\",\"target\":[\"https:\/\/gatewaypartners.eu\/hr\/usluge\/privlacenje-ulaganja\/\"]}]},{\"@type\":\"BreadcrumbList\",\"@id\":\"https:\/\/gatewaypartners.eu\/hr\/usluge\/privlacenje-ulaganja\/#breadcrumb\",\"itemListElement\":[{\"@type\":\"ListItem\",\"position\":1,\"name\":\"Usluge\",\"item\":\"https:\/\/gatewaypartners.eu\/hr\/usluge\/\"},{\"@type\":\"ListItem\",\"position\":2,\"name\":\"Privla\u010denje Ulaganja\"}]},{\"@type\":\"WebSite\",\"@id\":\"https:\/\/gatewaypartners.eu\/hr\/#website\",\"url\":\"https:\/\/gatewaypartners.eu\/hr\/\",\"name\":\"Gateway &amp; Partners\",\"description\":\"Your Export Powerhouse\",\"potentialAction\":[{\"@type\":\"SearchAction\",\"target\":{\"@type\":\"EntryPoint\",\"urlTemplate\":\"https:\/\/gatewaypartners.eu\/hr\/?s={search_term_string}\"},\"query-input\":\"required name=search_term_string\"}],\"inLanguage\":\"hr\"}]}<\/script>\n<!-- \/ Yoast SEO plugin. -->","yoast_head_json":{"title":"Privla\u010denje Ulaganja | Gateway & Partners","description":"Nudimo usluge privla\u010denja ulaganja, uklju\u010duju\u0107i studiju izvedivosti, razvoj investicijske ponude i privla\u010denje ulaganja. Kompletan opis usluge pogledajte ovdje!","robots":{"index":"index","follow":"follow","max-snippet":"max-snippet:-1","max-image-preview":"max-image-preview:large","max-video-preview":"max-video-preview:-1"},"canonical":"https:\/\/gatewaypartners.eu\/hr\/usluge\/privlacenje-ulaganja\/","og_locale":"hr_HR","og_type":"article","og_title":"Privla\u010denje Ulaganja | Gateway & Partners","og_description":"Nudimo usluge privla\u010denja ulaganja, uklju\u010duju\u0107i studiju izvedivosti, razvoj investicijske ponude i privla\u010denje ulaganja. Kompletan opis usluge pogledajte ovdje!","og_url":"https:\/\/gatewaypartners.eu\/hr\/usluge\/privlacenje-ulaganja\/","og_site_name":"Gateway &amp; Partners","article_modified_time":"2024-01-29T16:51:51+00:00","og_image":[{"width":2048,"height":1153,"url":"https:\/\/gatewaypartners.eu\/hr\/wp-content\/uploads\/sites\/11\/2016\/11\/Investment_attraction-train-1747216.jpg","type":"image\/jpeg"}],"twitter_card":"summary_large_image","schema":{"@context":"https:\/\/schema.org","@graph":[{"@type":"WebPage","@id":"https:\/\/gatewaypartners.eu\/hr\/usluge\/privlacenje-ulaganja\/","url":"https:\/\/gatewaypartners.eu\/hr\/usluge\/privlacenje-ulaganja\/","name":"Privla\u010denje Ulaganja | Gateway & Partners","isPartOf":{"@id":"https:\/\/gatewaypartners.eu\/hr\/#website"},"datePublished":"2022-02-18T14:06:16+00:00","dateModified":"2024-01-29T16:51:51+00:00","description":"Nudimo usluge privla\u010denja ulaganja, uklju\u010duju\u0107i studiju izvedivosti, razvoj investicijske ponude i privla\u010denje ulaganja. Kompletan opis usluge pogledajte ovdje!","breadcrumb":{"@id":"https:\/\/gatewaypartners.eu\/hr\/usluge\/privlacenje-ulaganja\/#breadcrumb"},"inLanguage":"hr","potentialAction":[{"@type":"ReadAction","target":["https:\/\/gatewaypartners.eu\/hr\/usluge\/privlacenje-ulaganja\/"]}]},{"@type":"BreadcrumbList","@id":"https:\/\/gatewaypartners.eu\/hr\/usluge\/privlacenje-ulaganja\/#breadcrumb","itemListElement":[{"@type":"ListItem","position":1,"name":"Usluge","item":"https:\/\/gatewaypartners.eu\/hr\/usluge\/"},{"@type":"ListItem","position":2,"name":"Privla\u010denje Ulaganja"}]},{"@type":"WebSite","@id":"https:\/\/gatewaypartners.eu\/hr\/#website","url":"https:\/\/gatewaypartners.eu\/hr\/","name":"Gateway &amp; Partners","description":"Your Export Powerhouse","potentialAction":[{"@type":"SearchAction","target":{"@type":"EntryPoint","urlTemplate":"https:\/\/gatewaypartners.eu\/hr\/?s={search_term_string}"},"query-input":"required name=search_term_string"}],"inLanguage":"hr"}]}},"_links":{"self":[{"href":"https:\/\/gatewaypartners.eu\/hr\/wp-json\/wp\/v2\/pages\/626","targetHints":{"allow":["GET"]}}],"collection":[{"href":"https:\/\/gatewaypartners.eu\/hr\/wp-json\/wp\/v2\/pages"}],"about":[{"href":"https:\/\/gatewaypartners.eu\/hr\/wp-json\/wp\/v2\/types\/page"}],"author":[{"embeddable":true,"href":"https:\/\/gatewaypartners.eu\/hr\/wp-json\/wp\/v2\/users\/1"}],"replies":[{"embeddable":true,"href":"https:\/\/gatewaypartners.eu\/hr\/wp-json\/wp\/v2\/comments?post=626"}],"version-history":[{"count":9,"href":"https:\/\/gatewaypartners.eu\/hr\/wp-json\/wp\/v2\/pages\/626\/revisions"}],"predecessor-version":[{"id":2690,"href":"https:\/\/gatewaypartners.eu\/hr\/wp-json\/wp\/v2\/pages\/626\/revisions\/2690"}],"up":[{"embeddable":true,"href":"https:\/\/gatewaypartners.eu\/hr\/wp-json\/wp\/v2\/pages\/67"}],"wp:featuredmedia":[{"embeddable":true,"href":"https:\/\/gatewaypartners.eu\/hr\/wp-json\/wp\/v2\/media\/178"}],"wp:attachment":[{"href":"https:\/\/gatewaypartners.eu\/hr\/wp-json\/wp\/v2\/media?parent=626"}],"curies":[{"name":"wp","href":"https:\/\/api.w.org\/{rel}","templated":true}]}}