{"id":628,"date":"2022-02-18T13:07:37","date_gmt":"2022-02-18T11:07:37","guid":{"rendered":"http:\/\/gatewaypartners.eu\/?page_id=628"},"modified":"2024-01-27T14:45:21","modified_gmt":"2024-01-27T12:45:21","slug":"trzisna-inteligencija","status":"publish","type":"page","link":"https:\/\/gatewaypartners.eu\/hr\/usluge\/trzisna-inteligencija\/","title":{"rendered":"Rje\u0161enja Tr\u017ei\u0161na Inteligencija"},"content":{"rendered":"<h2><strong>Istra\u017eivanje I Analiza Tr\u017ei\u0161ta<\/strong><\/h2>\n<p>Projekti istra\u017eivanja tr\u017ei\u0161ta podupiru tvrtke s odre\u0111enim <a href=\"http:\/\/gatewaypartners.eu\/hr\/services\/export-brand-development\/\">tr\u017ei\u0161nim uvidima<\/a> klju\u010dnim za njihovo strate\u0161ko odlu\u010divanje i strategiju:<\/p>\n<p><strong>Mi \u0107emo:<\/strong><\/p>\n<ul>\n<li>\n<p class=\"p1\">Napraviti pregled tr\u017ei\u0161ta, otkriti klju\u010dne ekonomske pokreta\u010de i trendove<\/p>\n<\/li>\n<li>\n<p class=\"p1\">Procijeniti veli\u010dinu tr\u017ei\u0161ta, analizirati podatke o uvozu u odnosu na lokalnu proizvodnju i tr\u017ei\u0161ne udjele<\/p>\n<\/li>\n<li>\n<p class=\"p1\">Analizirati specifi\u010dna kretanja u industriji i konkurenciju<\/p>\n<\/li>\n<li>\n<p class=\"p1\">Pru\u017eiti uslugu segmentacije i pozicioniranja<\/p>\n<\/li>\n<li>\n<p class=\"p1\">Identificirati kanale prodaje na tr\u017ei\u0161te i klju\u010dne kupce<\/p>\n<\/li>\n<li>\n<p class=\"p1\">Provoditi stru\u010dne intervjue, analizirati statisti\u010dke podatke i prikupljati informacije iz razli\u010ditih izvora<\/p>\n<\/li>\n<li>\n<p class=\"p1\">Usporediti nekoliko tr\u017ei\u0161ta i predlo\u017eite najperspektivnije<\/p>\n<\/li>\n<li>\n<p class=\"p1\">Razviti tr\u017ei\u0161na izvje\u0161\u0107a s profesionalnom vizualizacijom i sa\u017eetkom u obliku prezentacije<\/p>\n<\/li>\n<\/ul>\n<h2><strong>Kvalitativna I Kvantitativna Istra\u017eivanja Kupaca I Usporedna Analiza Konkurenata<\/strong><\/h2>\n<p class=\"p1\">Ova vam usluga poma\u017ee da shvatite kako va\u0161i klijenti cijene va\u0161u uslugu, usporedite svoju ponudu s konkurencijom i identificirate potrebe potencijalnih kupaca.<\/p>\n<p class=\"p1\"><strong>Mi \u0107emo:<\/strong><\/p>\n<ul>\n<li class=\"p1\">Intervjuirati va\u0161e <a href=\"http:\/\/gatewaypartners.eu\/hr\/services\/supplier-search\/\">potencijalne kupce<\/a> kako biste <a href=\"http:\/\/gatewaypartners.eu\/hr\/services\/export-brand-development\/\">razumjeli potrebe tr\u017ei\u0161ta<\/a> i svoju spremnost pomo\u0107u fokusnih grupa, licem u lice, CATI ili CAPI metodologijom.<\/li>\n<li class=\"p1\">Obaviti razgovore s va\u0161im postoje\u0107im klijentima kako biste identificirali va\u0161e snage i podru\u010dja za pobolj\u0161anje<\/li>\n<li class=\"p1\">Usporediti va\u0161u ponudu s postoje\u0107om konkurencijom<\/li>\n<li class=\"p1\">Preporu\u010diti razvoj kako biste zadovoljili potrebe postoje\u0107ih i novih kupaca<\/li>\n<\/ul>\n<h2><strong>Pra\u0107enje Tr\u017ei\u0161ta I Prodajnih Prilika<\/strong><\/h2>\n<p class=\"p1\">Prikupljamo svje\u017ee <a href=\"http:\/\/gatewaypartners.eu\/hr\/services\/export-intelligence\/\">uvide u tr\u017ei\u0161te<\/a> o glavnim kretanjima va\u0161ih klijenata, konkurenata i o industrijskim trendovima na va\u0161im strate\u0161kim tr\u017ei\u0161tima. To vam poma\u017ee da ostanete u toku, donosite strate\u0161ke odluke i djelujete.<\/p>\n<p class=\"p1\"><strong>Mi \u0107emo:<\/strong><\/p>\n<ul>\n<li class=\"p1\">Odrediti koje su vam informacije relevantne za kontinuirano pra\u0107enje \u2013 mjese\u010dno, tromjese\u010dno ili godi\u0161nje<\/li>\n<li class=\"p1\">Prikupiti informacije iz lokalnih izvora na nekoliko tr\u017ei\u0161ta<\/li>\n<li class=\"p1\">Sa\u017eeti i isporu\u010diti relevantne poslovne informacije u kompaktnom formatu<\/li>\n<\/ul>\n","protected":false},"excerpt":{"rendered":"<p>Istra\u017eivanje I Analiza Tr\u017ei\u0161ta<br \/>\nKvalitativna I Kvantitativna Istra\u017eivanja Kupaca<br \/>\nPra\u0107enje Tr\u017ei\u0161ta I Prodajnih Prilika<\/p>\n","protected":false},"author":1,"featured_media":177,"parent":67,"menu_order":2,"comment_status":"closed","ping_status":"closed","template":"template-service.php","meta":{"inline_featured_image":false,"footnotes":""},"class_list":["post-628","page","type-page","status-publish","has-post-thumbnail","hentry"],"acf":[],"yoast_head":"<!-- This site is optimized with the Yoast SEO plugin v20.2.1 - https:\/\/yoast.com\/wordpress\/plugins\/seo\/ -->\n<title>Tr\u017ei\u0161na Inteligencija | Gateway &amp; Partners<\/title>\n<meta name=\"description\" content=\"Nudimo usluge tr\u017ei\u0161nog obavje\u0161tavanja, uklju\u010duju\u0107i istra\u017eivanje i analizu tr\u017ei\u0161ta, kvalitativne i kvantitativne ankete kupaca, pra\u0107enje tr\u017ei\u0161ta i prodaje.\" \/>\n<meta name=\"robots\" content=\"index, follow, max-snippet:-1, max-image-preview:large, max-video-preview:-1\" \/>\n<link rel=\"canonical\" href=\"https:\/\/gatewaypartners.eu\/hr\/usluge\/trzisna-inteligencija\/\" \/>\n<meta property=\"og:locale\" content=\"hr_HR\" \/>\n<meta property=\"og:type\" content=\"article\" \/>\n<meta property=\"og:title\" content=\"Tr\u017ei\u0161na Inteligencija | Gateway &amp; Partners\" \/>\n<meta property=\"og:description\" content=\"Nudimo usluge tr\u017ei\u0161nog obavje\u0161tavanja, uklju\u010duju\u0107i istra\u017eivanje i analizu tr\u017ei\u0161ta, kvalitativne i kvantitativne ankete kupaca, pra\u0107enje tr\u017ei\u0161ta i prodaje.\" \/>\n<meta property=\"og:url\" content=\"https:\/\/gatewaypartners.eu\/hr\/usluge\/trzisna-inteligencija\/\" \/>\n<meta property=\"og:site_name\" content=\"Gateway &amp; Partners\" \/>\n<meta property=\"article:modified_time\" content=\"2024-01-27T12:45:21+00:00\" \/>\n<meta property=\"og:image\" content=\"https:\/\/gatewaypartners.eu\/hr\/wp-content\/uploads\/sites\/11\/2016\/11\/Market_intelligence-airport-1640407.jpg\" \/>\n\t<meta property=\"og:image:width\" content=\"2048\" \/>\n\t<meta property=\"og:image:height\" content=\"1536\" \/>\n\t<meta property=\"og:image:type\" content=\"image\/jpeg\" \/>\n<meta name=\"twitter:card\" content=\"summary_large_image\" \/>\n<script type=\"application\/ld+json\" class=\"yoast-schema-graph\">{\"@context\":\"https:\/\/schema.org\",\"@graph\":[{\"@type\":\"WebPage\",\"@id\":\"https:\/\/gatewaypartners.eu\/hr\/usluge\/trzisna-inteligencija\/\",\"url\":\"https:\/\/gatewaypartners.eu\/hr\/usluge\/trzisna-inteligencija\/\",\"name\":\"Tr\u017ei\u0161na Inteligencija | Gateway & Partners\",\"isPartOf\":{\"@id\":\"https:\/\/gatewaypartners.eu\/hr\/#website\"},\"datePublished\":\"2022-02-18T11:07:37+00:00\",\"dateModified\":\"2024-01-27T12:45:21+00:00\",\"description\":\"Nudimo usluge tr\u017ei\u0161nog obavje\u0161tavanja, uklju\u010duju\u0107i istra\u017eivanje i analizu tr\u017ei\u0161ta, kvalitativne i kvantitativne ankete kupaca, pra\u0107enje tr\u017ei\u0161ta i prodaje.\",\"breadcrumb\":{\"@id\":\"https:\/\/gatewaypartners.eu\/hr\/usluge\/trzisna-inteligencija\/#breadcrumb\"},\"inLanguage\":\"hr\",\"potentialAction\":[{\"@type\":\"ReadAction\",\"target\":[\"https:\/\/gatewaypartners.eu\/hr\/usluge\/trzisna-inteligencija\/\"]}]},{\"@type\":\"BreadcrumbList\",\"@id\":\"https:\/\/gatewaypartners.eu\/hr\/usluge\/trzisna-inteligencija\/#breadcrumb\",\"itemListElement\":[{\"@type\":\"ListItem\",\"position\":1,\"name\":\"Usluge\",\"item\":\"https:\/\/gatewaypartners.eu\/hr\/usluge\/\"},{\"@type\":\"ListItem\",\"position\":2,\"name\":\"Rje\u0161enja Tr\u017ei\u0161na Inteligencija\"}]},{\"@type\":\"WebSite\",\"@id\":\"https:\/\/gatewaypartners.eu\/hr\/#website\",\"url\":\"https:\/\/gatewaypartners.eu\/hr\/\",\"name\":\"Gateway &amp; Partners\",\"description\":\"Your Export Powerhouse\",\"potentialAction\":[{\"@type\":\"SearchAction\",\"target\":{\"@type\":\"EntryPoint\",\"urlTemplate\":\"https:\/\/gatewaypartners.eu\/hr\/?s={search_term_string}\"},\"query-input\":\"required name=search_term_string\"}],\"inLanguage\":\"hr\"}]}<\/script>\n<!-- \/ Yoast SEO plugin. -->","yoast_head_json":{"title":"Tr\u017ei\u0161na Inteligencija | Gateway & Partners","description":"Nudimo usluge tr\u017ei\u0161nog obavje\u0161tavanja, uklju\u010duju\u0107i istra\u017eivanje i analizu tr\u017ei\u0161ta, kvalitativne i kvantitativne ankete kupaca, pra\u0107enje tr\u017ei\u0161ta i prodaje.","robots":{"index":"index","follow":"follow","max-snippet":"max-snippet:-1","max-image-preview":"max-image-preview:large","max-video-preview":"max-video-preview:-1"},"canonical":"https:\/\/gatewaypartners.eu\/hr\/usluge\/trzisna-inteligencija\/","og_locale":"hr_HR","og_type":"article","og_title":"Tr\u017ei\u0161na Inteligencija | Gateway & Partners","og_description":"Nudimo usluge tr\u017ei\u0161nog obavje\u0161tavanja, uklju\u010duju\u0107i istra\u017eivanje i analizu tr\u017ei\u0161ta, kvalitativne i kvantitativne ankete kupaca, pra\u0107enje tr\u017ei\u0161ta i prodaje.","og_url":"https:\/\/gatewaypartners.eu\/hr\/usluge\/trzisna-inteligencija\/","og_site_name":"Gateway &amp; Partners","article_modified_time":"2024-01-27T12:45:21+00:00","og_image":[{"width":2048,"height":1536,"url":"https:\/\/gatewaypartners.eu\/hr\/wp-content\/uploads\/sites\/11\/2016\/11\/Market_intelligence-airport-1640407.jpg","type":"image\/jpeg"}],"twitter_card":"summary_large_image","schema":{"@context":"https:\/\/schema.org","@graph":[{"@type":"WebPage","@id":"https:\/\/gatewaypartners.eu\/hr\/usluge\/trzisna-inteligencija\/","url":"https:\/\/gatewaypartners.eu\/hr\/usluge\/trzisna-inteligencija\/","name":"Tr\u017ei\u0161na Inteligencija | Gateway & Partners","isPartOf":{"@id":"https:\/\/gatewaypartners.eu\/hr\/#website"},"datePublished":"2022-02-18T11:07:37+00:00","dateModified":"2024-01-27T12:45:21+00:00","description":"Nudimo usluge tr\u017ei\u0161nog obavje\u0161tavanja, uklju\u010duju\u0107i istra\u017eivanje i analizu tr\u017ei\u0161ta, kvalitativne i kvantitativne ankete kupaca, pra\u0107enje tr\u017ei\u0161ta i prodaje.","breadcrumb":{"@id":"https:\/\/gatewaypartners.eu\/hr\/usluge\/trzisna-inteligencija\/#breadcrumb"},"inLanguage":"hr","potentialAction":[{"@type":"ReadAction","target":["https:\/\/gatewaypartners.eu\/hr\/usluge\/trzisna-inteligencija\/"]}]},{"@type":"BreadcrumbList","@id":"https:\/\/gatewaypartners.eu\/hr\/usluge\/trzisna-inteligencija\/#breadcrumb","itemListElement":[{"@type":"ListItem","position":1,"name":"Usluge","item":"https:\/\/gatewaypartners.eu\/hr\/usluge\/"},{"@type":"ListItem","position":2,"name":"Rje\u0161enja Tr\u017ei\u0161na Inteligencija"}]},{"@type":"WebSite","@id":"https:\/\/gatewaypartners.eu\/hr\/#website","url":"https:\/\/gatewaypartners.eu\/hr\/","name":"Gateway &amp; Partners","description":"Your Export Powerhouse","potentialAction":[{"@type":"SearchAction","target":{"@type":"EntryPoint","urlTemplate":"https:\/\/gatewaypartners.eu\/hr\/?s={search_term_string}"},"query-input":"required name=search_term_string"}],"inLanguage":"hr"}]}},"_links":{"self":[{"href":"https:\/\/gatewaypartners.eu\/hr\/wp-json\/wp\/v2\/pages\/628","targetHints":{"allow":["GET"]}}],"collection":[{"href":"https:\/\/gatewaypartners.eu\/hr\/wp-json\/wp\/v2\/pages"}],"about":[{"href":"https:\/\/gatewaypartners.eu\/hr\/wp-json\/wp\/v2\/types\/page"}],"author":[{"embeddable":true,"href":"https:\/\/gatewaypartners.eu\/hr\/wp-json\/wp\/v2\/users\/1"}],"replies":[{"embeddable":true,"href":"https:\/\/gatewaypartners.eu\/hr\/wp-json\/wp\/v2\/comments?post=628"}],"version-history":[{"count":13,"href":"https:\/\/gatewaypartners.eu\/hr\/wp-json\/wp\/v2\/pages\/628\/revisions"}],"predecessor-version":[{"id":2603,"href":"https:\/\/gatewaypartners.eu\/hr\/wp-json\/wp\/v2\/pages\/628\/revisions\/2603"}],"up":[{"embeddable":true,"href":"https:\/\/gatewaypartners.eu\/hr\/wp-json\/wp\/v2\/pages\/67"}],"wp:featuredmedia":[{"embeddable":true,"href":"https:\/\/gatewaypartners.eu\/hr\/wp-json\/wp\/v2\/media\/177"}],"wp:attachment":[{"href":"https:\/\/gatewaypartners.eu\/hr\/wp-json\/wp\/v2\/media?parent=628"}],"curies":[{"name":"wp","href":"https:\/\/api.w.org\/{rel}","templated":true}]}}