{"id":630,"date":"2022-02-18T12:08:40","date_gmt":"2022-02-18T10:08:40","guid":{"rendered":"http:\/\/gatewaypartners.eu\/?page_id=630"},"modified":"2024-01-29T18:49:36","modified_gmt":"2024-01-29T16:49:36","slug":"izvozna-inteligencija","status":"publish","type":"page","link":"https:\/\/gatewaypartners.eu\/hr\/usluge\/izvozna-inteligencija\/","title":{"rendered":"Upravljanje Izvozom &#038; Prodaja"},"content":{"rendered":"<h2><strong>Privla\u010denje Prodajnih Partnera<\/strong><\/h2>\n<p class=\"p1\">Predstavit \u0107emo va\u0161u tvrtku potencijalnim partnerima na va\u0161im <a href=\"https:\/\/gatewaypartners.eu\/hr\/usluge\/trzisna-inteligencija\/\">ciljnim tr\u017ei\u0161tima<\/a>, identificirati potencijalne kupce i organizirati prodajne sastanke.<\/p>\n<p><strong>Mi \u0107emo:<\/strong><\/p>\n<ul>\n<li>\n<p class=\"p1\">Identificirati prave kanale prodaje<\/p>\n<\/li>\n<li>\n<p class=\"p1\">Predstaviti va\u0161 proizvod potencijalnim partnerima i klijentima na ciljnom tr\u017ei\u0161tu<\/p>\n<\/li>\n<li>\n<p class=\"p1\">Dogovarati poslovne sastanke s <a href=\"https:\/\/gatewaypartners.eu\/hr\/usluge\/potraga-za-dobavljacima\/\">potencijalnim prodajnim partnerima<\/a> i klijentima na tr\u017ei\u0161tu<\/p>\n<\/li>\n<li>\n<p class=\"p1\">Napraviti sve prakti\u010dne pripreme za izvrstan posjet<\/p>\n<\/li>\n<\/ul>\n<h2><strong>B2B Doga\u0111aji Za Pronala\u017eenje Partnera<\/strong><\/h2>\n<p class=\"p1\">Organiziramo susrete za grupe tvrtki zainteresiranih za <a href=\"https:\/\/gatewaypartners.eu\/hr\/usluge\/razvoj-izvozne-marke\/\">razvoj novih izvoznih partnerstava<\/a>.<\/p>\n<p class=\"p1\"><strong>Mi \u0107emo:<\/strong><\/p>\n<ul>\n<li>\n<p class=\"p1\">Organizirati B2B susret za grupu tvrtki<\/p>\n<\/li>\n<li>\n<p class=\"p1\">Zakazati pojedina\u010dne <a href=\"https:\/\/gatewaypartners.eu\/hr\/usluge\/trzisna-inteligencija\/\">prodajne sastanke<\/a> za sudionike<\/p>\n<\/li>\n<li>\n<p class=\"p1\">Dogovoriti seminar ili studijski posjet na ciljnom tr\u017ei\u0161tu<\/p>\n<\/li>\n<li>\n<p class=\"p1\">Napraviti sve prakti\u010dne pripreme za izvrstan posjet<\/p>\n<\/li>\n<\/ul>\n<h2><strong>Upravljanje Izvozom<\/strong><\/h2>\n<p class=\"p1\">Tijekom usluge upravljanja izvozom djelovat \u0107emo kao va\u0161i vanjski voditelji izvozne prodaje.<\/p>\n<p class=\"p1\"><strong>Mi \u0107emo:<\/strong><\/p>\n<ul>\n<li class=\"p1\">Raditi na stalnom razvoju va\u0161e <a href=\"https:\/\/gatewaypartners.eu\/hr\/usluge\/izvozna-edukacija\/\">izvozne prodaje<\/a><\/li>\n<li class=\"p1\">Razvijati odnos s klijentima, uklju\u010duju\u0107i odgovornost za komunikaciju i pregovore o cijenama i uvjetima isporuke<\/li>\n<li class=\"p1\">Zajedno s vama razvijati nove proizvode za izvozna tr\u017ei\u0161ta<\/li>\n<\/ul>\n","protected":false},"excerpt":{"rendered":"<p>Privla\u010denje Prodajnih Partnera<br \/>\nB2B Doga\u0111aji Za Pronala\u017eenje Partnera<br \/>\nUpravljanje Izvozom<\/p>\n","protected":false},"author":1,"featured_media":197,"parent":67,"menu_order":1,"comment_status":"closed","ping_status":"closed","template":"template-service.php","meta":{"inline_featured_image":false,"footnotes":""},"class_list":["post-630","page","type-page","status-publish","has-post-thumbnail","hentry"],"acf":[],"yoast_head":"<!-- This site is optimized with the Yoast SEO plugin v20.2.1 - https:\/\/yoast.com\/wordpress\/plugins\/seo\/ -->\n<title>Upravljanje Izvozom &amp; Prodaja | Gateway &amp; Partners<\/title>\n<meta name=\"description\" content=\"Predstavit \u0107emo va\u0161 proizvod potencijalnim partnerima i klijentima, organizirati doga\u0111aje za pronala\u017eenje partnera, raditi na razvoju va\u0161e izvozne prodaje. Ovdje pogledajte sve usluge!\" \/>\n<meta name=\"robots\" content=\"index, follow, max-snippet:-1, max-image-preview:large, max-video-preview:-1\" \/>\n<link rel=\"canonical\" href=\"https:\/\/gatewaypartners.eu\/hr\/usluge\/izvozna-inteligencija\/\" \/>\n<meta property=\"og:locale\" content=\"hr_HR\" \/>\n<meta property=\"og:type\" content=\"article\" \/>\n<meta property=\"og:title\" content=\"Upravljanje Izvozom &amp; Prodaja | Gateway &amp; Partners\" \/>\n<meta property=\"og:description\" content=\"Predstavit \u0107emo va\u0161 proizvod potencijalnim partnerima i klijentima, organizirati doga\u0111aje za pronala\u017eenje partnera, raditi na razvoju va\u0161e izvozne prodaje. Ovdje pogledajte sve usluge!\" \/>\n<meta property=\"og:url\" content=\"https:\/\/gatewaypartners.eu\/hr\/usluge\/izvozna-inteligencija\/\" \/>\n<meta property=\"og:site_name\" content=\"Gateway &amp; Partners\" \/>\n<meta property=\"article:modified_time\" content=\"2024-01-29T16:49:36+00:00\" \/>\n<meta property=\"og:image\" content=\"https:\/\/gatewaypartners.eu\/hr\/wp-content\/uploads\/sites\/11\/2016\/11\/Export_intelligence_airport-1497690_1920.jpg\" \/>\n\t<meta property=\"og:image:width\" content=\"1920\" \/>\n\t<meta property=\"og:image:height\" content=\"1285\" \/>\n\t<meta property=\"og:image:type\" content=\"image\/jpeg\" \/>\n<meta name=\"twitter:card\" content=\"summary_large_image\" \/>\n<script type=\"application\/ld+json\" class=\"yoast-schema-graph\">{\"@context\":\"https:\/\/schema.org\",\"@graph\":[{\"@type\":\"WebPage\",\"@id\":\"https:\/\/gatewaypartners.eu\/hr\/usluge\/izvozna-inteligencija\/\",\"url\":\"https:\/\/gatewaypartners.eu\/hr\/usluge\/izvozna-inteligencija\/\",\"name\":\"Upravljanje Izvozom & Prodaja | Gateway & Partners\",\"isPartOf\":{\"@id\":\"https:\/\/gatewaypartners.eu\/hr\/#website\"},\"datePublished\":\"2022-02-18T10:08:40+00:00\",\"dateModified\":\"2024-01-29T16:49:36+00:00\",\"description\":\"Predstavit \u0107emo va\u0161 proizvod potencijalnim partnerima i klijentima, organizirati doga\u0111aje za pronala\u017eenje partnera, raditi na razvoju va\u0161e izvozne prodaje. Ovdje pogledajte sve usluge!\",\"breadcrumb\":{\"@id\":\"https:\/\/gatewaypartners.eu\/hr\/usluge\/izvozna-inteligencija\/#breadcrumb\"},\"inLanguage\":\"hr\",\"potentialAction\":[{\"@type\":\"ReadAction\",\"target\":[\"https:\/\/gatewaypartners.eu\/hr\/usluge\/izvozna-inteligencija\/\"]}]},{\"@type\":\"BreadcrumbList\",\"@id\":\"https:\/\/gatewaypartners.eu\/hr\/usluge\/izvozna-inteligencija\/#breadcrumb\",\"itemListElement\":[{\"@type\":\"ListItem\",\"position\":1,\"name\":\"Usluge\",\"item\":\"https:\/\/gatewaypartners.eu\/hr\/usluge\/\"},{\"@type\":\"ListItem\",\"position\":2,\"name\":\"Upravljanje Izvozom &#038; Prodaja\"}]},{\"@type\":\"WebSite\",\"@id\":\"https:\/\/gatewaypartners.eu\/hr\/#website\",\"url\":\"https:\/\/gatewaypartners.eu\/hr\/\",\"name\":\"Gateway &amp; Partners\",\"description\":\"Your Export Powerhouse\",\"potentialAction\":[{\"@type\":\"SearchAction\",\"target\":{\"@type\":\"EntryPoint\",\"urlTemplate\":\"https:\/\/gatewaypartners.eu\/hr\/?s={search_term_string}\"},\"query-input\":\"required name=search_term_string\"}],\"inLanguage\":\"hr\"}]}<\/script>\n<!-- \/ Yoast SEO plugin. -->","yoast_head_json":{"title":"Upravljanje Izvozom & Prodaja | Gateway & Partners","description":"Predstavit \u0107emo va\u0161 proizvod potencijalnim partnerima i klijentima, organizirati doga\u0111aje za pronala\u017eenje partnera, raditi na razvoju va\u0161e izvozne prodaje. Ovdje pogledajte sve usluge!","robots":{"index":"index","follow":"follow","max-snippet":"max-snippet:-1","max-image-preview":"max-image-preview:large","max-video-preview":"max-video-preview:-1"},"canonical":"https:\/\/gatewaypartners.eu\/hr\/usluge\/izvozna-inteligencija\/","og_locale":"hr_HR","og_type":"article","og_title":"Upravljanje Izvozom & Prodaja | Gateway & Partners","og_description":"Predstavit \u0107emo va\u0161 proizvod potencijalnim partnerima i klijentima, organizirati doga\u0111aje za pronala\u017eenje partnera, raditi na razvoju va\u0161e izvozne prodaje. Ovdje pogledajte sve usluge!","og_url":"https:\/\/gatewaypartners.eu\/hr\/usluge\/izvozna-inteligencija\/","og_site_name":"Gateway &amp; Partners","article_modified_time":"2024-01-29T16:49:36+00:00","og_image":[{"width":1920,"height":1285,"url":"https:\/\/gatewaypartners.eu\/hr\/wp-content\/uploads\/sites\/11\/2016\/11\/Export_intelligence_airport-1497690_1920.jpg","type":"image\/jpeg"}],"twitter_card":"summary_large_image","schema":{"@context":"https:\/\/schema.org","@graph":[{"@type":"WebPage","@id":"https:\/\/gatewaypartners.eu\/hr\/usluge\/izvozna-inteligencija\/","url":"https:\/\/gatewaypartners.eu\/hr\/usluge\/izvozna-inteligencija\/","name":"Upravljanje Izvozom & Prodaja | Gateway & Partners","isPartOf":{"@id":"https:\/\/gatewaypartners.eu\/hr\/#website"},"datePublished":"2022-02-18T10:08:40+00:00","dateModified":"2024-01-29T16:49:36+00:00","description":"Predstavit \u0107emo va\u0161 proizvod potencijalnim partnerima i klijentima, organizirati doga\u0111aje za pronala\u017eenje partnera, raditi na razvoju va\u0161e izvozne prodaje. Ovdje pogledajte sve usluge!","breadcrumb":{"@id":"https:\/\/gatewaypartners.eu\/hr\/usluge\/izvozna-inteligencija\/#breadcrumb"},"inLanguage":"hr","potentialAction":[{"@type":"ReadAction","target":["https:\/\/gatewaypartners.eu\/hr\/usluge\/izvozna-inteligencija\/"]}]},{"@type":"BreadcrumbList","@id":"https:\/\/gatewaypartners.eu\/hr\/usluge\/izvozna-inteligencija\/#breadcrumb","itemListElement":[{"@type":"ListItem","position":1,"name":"Usluge","item":"https:\/\/gatewaypartners.eu\/hr\/usluge\/"},{"@type":"ListItem","position":2,"name":"Upravljanje Izvozom &#038; Prodaja"}]},{"@type":"WebSite","@id":"https:\/\/gatewaypartners.eu\/hr\/#website","url":"https:\/\/gatewaypartners.eu\/hr\/","name":"Gateway &amp; Partners","description":"Your Export Powerhouse","potentialAction":[{"@type":"SearchAction","target":{"@type":"EntryPoint","urlTemplate":"https:\/\/gatewaypartners.eu\/hr\/?s={search_term_string}"},"query-input":"required name=search_term_string"}],"inLanguage":"hr"}]}},"_links":{"self":[{"href":"https:\/\/gatewaypartners.eu\/hr\/wp-json\/wp\/v2\/pages\/630","targetHints":{"allow":["GET"]}}],"collection":[{"href":"https:\/\/gatewaypartners.eu\/hr\/wp-json\/wp\/v2\/pages"}],"about":[{"href":"https:\/\/gatewaypartners.eu\/hr\/wp-json\/wp\/v2\/types\/page"}],"author":[{"embeddable":true,"href":"https:\/\/gatewaypartners.eu\/hr\/wp-json\/wp\/v2\/users\/1"}],"replies":[{"embeddable":true,"href":"https:\/\/gatewaypartners.eu\/hr\/wp-json\/wp\/v2\/comments?post=630"}],"version-history":[{"count":14,"href":"https:\/\/gatewaypartners.eu\/hr\/wp-json\/wp\/v2\/pages\/630\/revisions"}],"predecessor-version":[{"id":2688,"href":"https:\/\/gatewaypartners.eu\/hr\/wp-json\/wp\/v2\/pages\/630\/revisions\/2688"}],"up":[{"embeddable":true,"href":"https:\/\/gatewaypartners.eu\/hr\/wp-json\/wp\/v2\/pages\/67"}],"wp:featuredmedia":[{"embeddable":true,"href":"https:\/\/gatewaypartners.eu\/hr\/wp-json\/wp\/v2\/media\/197"}],"wp:attachment":[{"href":"https:\/\/gatewaypartners.eu\/hr\/wp-json\/wp\/v2\/media?parent=630"}],"curies":[{"name":"wp","href":"https:\/\/api.w.org\/{rel}","templated":true}]}}