{"id":636,"date":"2017-02-18T00:23:11","date_gmt":"2017-02-17T22:23:11","guid":{"rendered":"http:\/\/gatewaypartners.eu\/?page_id=636"},"modified":"2024-01-27T18:27:24","modified_gmt":"2024-01-27T16:27:24","slug":"pakiranje-tisak","status":"publish","type":"page","link":"https:\/\/gatewaypartners.eu\/hr\/industrije\/pakiranje-tisak\/","title":{"rendered":"Pakiranje I Tisak"},"content":{"rendered":"","protected":false},"excerpt":{"rendered":"<p>\u0160to vi\u0161e gra\u0111ani svijeta konzumiraju, potrebno je vi\u0161e ambala\u017ee! Organizirali smo vi\u0161e od 300 prodajnih sastanaka za na\u0161e kupce pakiranja i tiska na europskim tr\u017ei\u0161tima.<\/p>\n","protected":false},"author":1,"featured_media":184,"parent":69,"menu_order":7,"comment_status":"closed","ping_status":"closed","template":"template-industry.php","meta":{"inline_featured_image":false,"footnotes":""},"class_list":["post-636","page","type-page","status-publish","has-post-thumbnail","hentry"],"acf":[],"yoast_head":"<!-- This site is optimized with the Yoast SEO plugin v20.2.1 - https:\/\/yoast.com\/wordpress\/plugins\/seo\/ -->\n<title>Pakiranje I Tisak | Gateway &amp; Partners<\/title>\n<meta name=\"description\" content=\"Ambala\u017ea je postala sastavni dio na\u0161eg svakodnevnog \u017eivota! Saznajte \u0161to na\u0161i kupci pakiranja i tiska na europskim tr\u017ei\u0161tima govore o nama!\" \/>\n<meta name=\"robots\" content=\"index, follow, max-snippet:-1, max-image-preview:large, max-video-preview:-1\" \/>\n<link rel=\"canonical\" href=\"https:\/\/gatewaypartners.eu\/hr\/industrije\/pakiranje-tisak\/\" \/>\n<meta property=\"og:locale\" content=\"hr_HR\" \/>\n<meta property=\"og:type\" content=\"article\" \/>\n<meta property=\"og:title\" content=\"Pakiranje I Tisak | Gateway &amp; Partners\" \/>\n<meta property=\"og:description\" content=\"Ambala\u017ea je postala sastavni dio na\u0161eg svakodnevnog \u017eivota! Saznajte \u0161to na\u0161i kupci pakiranja i tiska na europskim tr\u017ei\u0161tima govore o nama!\" \/>\n<meta property=\"og:url\" content=\"https:\/\/gatewaypartners.eu\/hr\/industrije\/pakiranje-tisak\/\" \/>\n<meta property=\"og:site_name\" content=\"Gateway &amp; Partners\" \/>\n<meta property=\"article:modified_time\" content=\"2024-01-27T16:27:24+00:00\" \/>\n<meta property=\"og:image\" content=\"https:\/\/gatewaypartners.eu\/hr\/wp-content\/uploads\/sites\/11\/2016\/11\/Packaging-toner-581905.jpg\" \/>\n\t<meta property=\"og:image:width\" content=\"2048\" \/>\n\t<meta property=\"og:image:height\" content=\"1536\" \/>\n\t<meta property=\"og:image:type\" content=\"image\/jpeg\" \/>\n<meta name=\"twitter:card\" content=\"summary_large_image\" \/>\n<script type=\"application\/ld+json\" class=\"yoast-schema-graph\">{\"@context\":\"https:\/\/schema.org\",\"@graph\":[{\"@type\":\"WebPage\",\"@id\":\"https:\/\/gatewaypartners.eu\/hr\/industrije\/pakiranje-tisak\/\",\"url\":\"https:\/\/gatewaypartners.eu\/hr\/industrije\/pakiranje-tisak\/\",\"name\":\"Pakiranje I Tisak | Gateway & Partners\",\"isPartOf\":{\"@id\":\"https:\/\/gatewaypartners.eu\/hr\/#website\"},\"datePublished\":\"2017-02-17T22:23:11+00:00\",\"dateModified\":\"2024-01-27T16:27:24+00:00\",\"description\":\"Ambala\u017ea je postala sastavni dio na\u0161eg svakodnevnog \u017eivota! Saznajte \u0161to na\u0161i kupci pakiranja i tiska na europskim tr\u017ei\u0161tima govore o nama!\",\"breadcrumb\":{\"@id\":\"https:\/\/gatewaypartners.eu\/hr\/industrije\/pakiranje-tisak\/#breadcrumb\"},\"inLanguage\":\"hr\",\"potentialAction\":[{\"@type\":\"ReadAction\",\"target\":[\"https:\/\/gatewaypartners.eu\/hr\/industrije\/pakiranje-tisak\/\"]}]},{\"@type\":\"BreadcrumbList\",\"@id\":\"https:\/\/gatewaypartners.eu\/hr\/industrije\/pakiranje-tisak\/#breadcrumb\",\"itemListElement\":[{\"@type\":\"ListItem\",\"position\":1,\"name\":\"Industrije\",\"item\":\"https:\/\/gatewaypartners.eu\/hr\/industrije\/\"},{\"@type\":\"ListItem\",\"position\":2,\"name\":\"Pakiranje I Tisak\"}]},{\"@type\":\"WebSite\",\"@id\":\"https:\/\/gatewaypartners.eu\/hr\/#website\",\"url\":\"https:\/\/gatewaypartners.eu\/hr\/\",\"name\":\"Gateway &amp; Partners\",\"description\":\"Your Export Powerhouse\",\"potentialAction\":[{\"@type\":\"SearchAction\",\"target\":{\"@type\":\"EntryPoint\",\"urlTemplate\":\"https:\/\/gatewaypartners.eu\/hr\/?s={search_term_string}\"},\"query-input\":\"required name=search_term_string\"}],\"inLanguage\":\"hr\"}]}<\/script>\n<!-- \/ Yoast SEO plugin. -->","yoast_head_json":{"title":"Pakiranje I Tisak | Gateway & Partners","description":"Ambala\u017ea je postala sastavni dio na\u0161eg svakodnevnog \u017eivota! Saznajte \u0161to na\u0161i kupci pakiranja i tiska na europskim tr\u017ei\u0161tima govore o nama!","robots":{"index":"index","follow":"follow","max-snippet":"max-snippet:-1","max-image-preview":"max-image-preview:large","max-video-preview":"max-video-preview:-1"},"canonical":"https:\/\/gatewaypartners.eu\/hr\/industrije\/pakiranje-tisak\/","og_locale":"hr_HR","og_type":"article","og_title":"Pakiranje I Tisak | Gateway & Partners","og_description":"Ambala\u017ea je postala sastavni dio na\u0161eg svakodnevnog \u017eivota! Saznajte \u0161to na\u0161i kupci pakiranja i tiska na europskim tr\u017ei\u0161tima govore o nama!","og_url":"https:\/\/gatewaypartners.eu\/hr\/industrije\/pakiranje-tisak\/","og_site_name":"Gateway &amp; Partners","article_modified_time":"2024-01-27T16:27:24+00:00","og_image":[{"width":2048,"height":1536,"url":"https:\/\/gatewaypartners.eu\/hr\/wp-content\/uploads\/sites\/11\/2016\/11\/Packaging-toner-581905.jpg","type":"image\/jpeg"}],"twitter_card":"summary_large_image","schema":{"@context":"https:\/\/schema.org","@graph":[{"@type":"WebPage","@id":"https:\/\/gatewaypartners.eu\/hr\/industrije\/pakiranje-tisak\/","url":"https:\/\/gatewaypartners.eu\/hr\/industrije\/pakiranje-tisak\/","name":"Pakiranje I Tisak | Gateway & Partners","isPartOf":{"@id":"https:\/\/gatewaypartners.eu\/hr\/#website"},"datePublished":"2017-02-17T22:23:11+00:00","dateModified":"2024-01-27T16:27:24+00:00","description":"Ambala\u017ea je postala sastavni dio na\u0161eg svakodnevnog \u017eivota! Saznajte \u0161to na\u0161i kupci pakiranja i tiska na europskim tr\u017ei\u0161tima govore o nama!","breadcrumb":{"@id":"https:\/\/gatewaypartners.eu\/hr\/industrije\/pakiranje-tisak\/#breadcrumb"},"inLanguage":"hr","potentialAction":[{"@type":"ReadAction","target":["https:\/\/gatewaypartners.eu\/hr\/industrije\/pakiranje-tisak\/"]}]},{"@type":"BreadcrumbList","@id":"https:\/\/gatewaypartners.eu\/hr\/industrije\/pakiranje-tisak\/#breadcrumb","itemListElement":[{"@type":"ListItem","position":1,"name":"Industrije","item":"https:\/\/gatewaypartners.eu\/hr\/industrije\/"},{"@type":"ListItem","position":2,"name":"Pakiranje I Tisak"}]},{"@type":"WebSite","@id":"https:\/\/gatewaypartners.eu\/hr\/#website","url":"https:\/\/gatewaypartners.eu\/hr\/","name":"Gateway &amp; Partners","description":"Your Export Powerhouse","potentialAction":[{"@type":"SearchAction","target":{"@type":"EntryPoint","urlTemplate":"https:\/\/gatewaypartners.eu\/hr\/?s={search_term_string}"},"query-input":"required name=search_term_string"}],"inLanguage":"hr"}]}},"_links":{"self":[{"href":"https:\/\/gatewaypartners.eu\/hr\/wp-json\/wp\/v2\/pages\/636","targetHints":{"allow":["GET"]}}],"collection":[{"href":"https:\/\/gatewaypartners.eu\/hr\/wp-json\/wp\/v2\/pages"}],"about":[{"href":"https:\/\/gatewaypartners.eu\/hr\/wp-json\/wp\/v2\/types\/page"}],"author":[{"embeddable":true,"href":"https:\/\/gatewaypartners.eu\/hr\/wp-json\/wp\/v2\/users\/1"}],"replies":[{"embeddable":true,"href":"https:\/\/gatewaypartners.eu\/hr\/wp-json\/wp\/v2\/comments?post=636"}],"version-history":[{"count":3,"href":"https:\/\/gatewaypartners.eu\/hr\/wp-json\/wp\/v2\/pages\/636\/revisions"}],"predecessor-version":[{"id":2640,"href":"https:\/\/gatewaypartners.eu\/hr\/wp-json\/wp\/v2\/pages\/636\/revisions\/2640"}],"up":[{"embeddable":true,"href":"https:\/\/gatewaypartners.eu\/hr\/wp-json\/wp\/v2\/pages\/69"}],"wp:featuredmedia":[{"embeddable":true,"href":"https:\/\/gatewaypartners.eu\/hr\/wp-json\/wp\/v2\/media\/184"}],"wp:attachment":[{"href":"https:\/\/gatewaypartners.eu\/hr\/wp-json\/wp\/v2\/media?parent=636"}],"curies":[{"name":"wp","href":"https:\/\/api.w.org\/{rel}","templated":true}]}}