{"id":638,"date":"2017-02-18T00:25:04","date_gmt":"2017-02-17T22:25:04","guid":{"rendered":"http:\/\/gatewaypartners.eu\/?page_id=638"},"modified":"2024-01-27T18:25:49","modified_gmt":"2024-01-27T16:25:49","slug":"namjestaj-obrada-drva","status":"publish","type":"page","link":"https:\/\/gatewaypartners.eu\/hr\/industrije\/namjestaj-obrada-drva\/","title":{"rendered":"Namje\u0161taj I Obrada Drva"},"content":{"rendered":"","protected":false},"excerpt":{"rendered":"<p>Zeleno zlato nordijske regije su \u0161ume i sve \u0161to mo\u017eete proizvesti od drva. Doveli smo pojedina\u010dne izvoznike i grupe tvrtki iz drvoprera\u0111iva\u010dke industrije na razli\u010dita tr\u017ei\u0161ta i stvorili posao za sektor.<\/p>\n","protected":false},"author":1,"featured_media":189,"parent":69,"menu_order":6,"comment_status":"closed","ping_status":"closed","template":"template-industry.php","meta":{"inline_featured_image":false,"footnotes":""},"class_list":["post-638","page","type-page","status-publish","has-post-thumbnail","hentry"],"acf":[],"yoast_head":"<!-- This site is optimized with the Yoast SEO plugin v20.2.1 - https:\/\/yoast.com\/wordpress\/plugins\/seo\/ -->\n<title>Namje\u0161taj I Obrada Drva | Gateway &amp; Partners<\/title>\n<meta name=\"description\" content=\"Uspje\u0161no smo razvili drvnu industriju za izvoz na razna tr\u017ei\u0161ta. Pogledajte \u0161to na\u0161i kupci iz Namje\u0161taj i Prerada drveta ka\u017eu o nama!\" \/>\n<meta name=\"robots\" content=\"index, follow, max-snippet:-1, max-image-preview:large, max-video-preview:-1\" \/>\n<link rel=\"canonical\" href=\"https:\/\/gatewaypartners.eu\/hr\/industrije\/namjestaj-obrada-drva\/\" \/>\n<meta property=\"og:locale\" content=\"hr_HR\" \/>\n<meta property=\"og:type\" content=\"article\" \/>\n<meta property=\"og:title\" content=\"Namje\u0161taj I Obrada Drva | Gateway &amp; Partners\" \/>\n<meta property=\"og:description\" content=\"Uspje\u0161no smo razvili drvnu industriju za izvoz na razna tr\u017ei\u0161ta. Pogledajte \u0161to na\u0161i kupci iz Namje\u0161taj i Prerada drveta ka\u017eu o nama!\" \/>\n<meta property=\"og:url\" content=\"https:\/\/gatewaypartners.eu\/hr\/industrije\/namjestaj-obrada-drva\/\" \/>\n<meta property=\"og:site_name\" content=\"Gateway &amp; Partners\" \/>\n<meta property=\"article:modified_time\" content=\"2024-01-27T16:25:49+00:00\" \/>\n<meta property=\"og:image\" content=\"https:\/\/gatewaypartners.eu\/hr\/wp-content\/uploads\/sites\/11\/2016\/11\/Furniture-table-690661.jpg\" \/>\n\t<meta property=\"og:image:width\" content=\"2048\" \/>\n\t<meta property=\"og:image:height\" content=\"1360\" \/>\n\t<meta property=\"og:image:type\" content=\"image\/jpeg\" \/>\n<meta name=\"twitter:card\" content=\"summary_large_image\" \/>\n<script type=\"application\/ld+json\" class=\"yoast-schema-graph\">{\"@context\":\"https:\/\/schema.org\",\"@graph\":[{\"@type\":\"WebPage\",\"@id\":\"https:\/\/gatewaypartners.eu\/hr\/industrije\/namjestaj-obrada-drva\/\",\"url\":\"https:\/\/gatewaypartners.eu\/hr\/industrije\/namjestaj-obrada-drva\/\",\"name\":\"Namje\u0161taj I Obrada Drva | Gateway & Partners\",\"isPartOf\":{\"@id\":\"https:\/\/gatewaypartners.eu\/hr\/#website\"},\"datePublished\":\"2017-02-17T22:25:04+00:00\",\"dateModified\":\"2024-01-27T16:25:49+00:00\",\"description\":\"Uspje\u0161no smo razvili drvnu industriju za izvoz na razna tr\u017ei\u0161ta. Pogledajte \u0161to na\u0161i kupci iz Namje\u0161taj i Prerada drveta ka\u017eu o nama!\",\"breadcrumb\":{\"@id\":\"https:\/\/gatewaypartners.eu\/hr\/industrije\/namjestaj-obrada-drva\/#breadcrumb\"},\"inLanguage\":\"hr\",\"potentialAction\":[{\"@type\":\"ReadAction\",\"target\":[\"https:\/\/gatewaypartners.eu\/hr\/industrije\/namjestaj-obrada-drva\/\"]}]},{\"@type\":\"BreadcrumbList\",\"@id\":\"https:\/\/gatewaypartners.eu\/hr\/industrije\/namjestaj-obrada-drva\/#breadcrumb\",\"itemListElement\":[{\"@type\":\"ListItem\",\"position\":1,\"name\":\"Industrije\",\"item\":\"https:\/\/gatewaypartners.eu\/hr\/industrije\/\"},{\"@type\":\"ListItem\",\"position\":2,\"name\":\"Namje\u0161taj I Obrada Drva\"}]},{\"@type\":\"WebSite\",\"@id\":\"https:\/\/gatewaypartners.eu\/hr\/#website\",\"url\":\"https:\/\/gatewaypartners.eu\/hr\/\",\"name\":\"Gateway &amp; Partners\",\"description\":\"Your Export Powerhouse\",\"potentialAction\":[{\"@type\":\"SearchAction\",\"target\":{\"@type\":\"EntryPoint\",\"urlTemplate\":\"https:\/\/gatewaypartners.eu\/hr\/?s={search_term_string}\"},\"query-input\":\"required name=search_term_string\"}],\"inLanguage\":\"hr\"}]}<\/script>\n<!-- \/ Yoast SEO plugin. -->","yoast_head_json":{"title":"Namje\u0161taj I Obrada Drva | Gateway & Partners","description":"Uspje\u0161no smo razvili drvnu industriju za izvoz na razna tr\u017ei\u0161ta. Pogledajte \u0161to na\u0161i kupci iz Namje\u0161taj i Prerada drveta ka\u017eu o nama!","robots":{"index":"index","follow":"follow","max-snippet":"max-snippet:-1","max-image-preview":"max-image-preview:large","max-video-preview":"max-video-preview:-1"},"canonical":"https:\/\/gatewaypartners.eu\/hr\/industrije\/namjestaj-obrada-drva\/","og_locale":"hr_HR","og_type":"article","og_title":"Namje\u0161taj I Obrada Drva | Gateway & Partners","og_description":"Uspje\u0161no smo razvili drvnu industriju za izvoz na razna tr\u017ei\u0161ta. Pogledajte \u0161to na\u0161i kupci iz Namje\u0161taj i Prerada drveta ka\u017eu o nama!","og_url":"https:\/\/gatewaypartners.eu\/hr\/industrije\/namjestaj-obrada-drva\/","og_site_name":"Gateway &amp; Partners","article_modified_time":"2024-01-27T16:25:49+00:00","og_image":[{"width":2048,"height":1360,"url":"https:\/\/gatewaypartners.eu\/hr\/wp-content\/uploads\/sites\/11\/2016\/11\/Furniture-table-690661.jpg","type":"image\/jpeg"}],"twitter_card":"summary_large_image","schema":{"@context":"https:\/\/schema.org","@graph":[{"@type":"WebPage","@id":"https:\/\/gatewaypartners.eu\/hr\/industrije\/namjestaj-obrada-drva\/","url":"https:\/\/gatewaypartners.eu\/hr\/industrije\/namjestaj-obrada-drva\/","name":"Namje\u0161taj I Obrada Drva | Gateway & Partners","isPartOf":{"@id":"https:\/\/gatewaypartners.eu\/hr\/#website"},"datePublished":"2017-02-17T22:25:04+00:00","dateModified":"2024-01-27T16:25:49+00:00","description":"Uspje\u0161no smo razvili drvnu industriju za izvoz na razna tr\u017ei\u0161ta. Pogledajte \u0161to na\u0161i kupci iz Namje\u0161taj i Prerada drveta ka\u017eu o nama!","breadcrumb":{"@id":"https:\/\/gatewaypartners.eu\/hr\/industrije\/namjestaj-obrada-drva\/#breadcrumb"},"inLanguage":"hr","potentialAction":[{"@type":"ReadAction","target":["https:\/\/gatewaypartners.eu\/hr\/industrije\/namjestaj-obrada-drva\/"]}]},{"@type":"BreadcrumbList","@id":"https:\/\/gatewaypartners.eu\/hr\/industrije\/namjestaj-obrada-drva\/#breadcrumb","itemListElement":[{"@type":"ListItem","position":1,"name":"Industrije","item":"https:\/\/gatewaypartners.eu\/hr\/industrije\/"},{"@type":"ListItem","position":2,"name":"Namje\u0161taj I Obrada Drva"}]},{"@type":"WebSite","@id":"https:\/\/gatewaypartners.eu\/hr\/#website","url":"https:\/\/gatewaypartners.eu\/hr\/","name":"Gateway &amp; Partners","description":"Your Export Powerhouse","potentialAction":[{"@type":"SearchAction","target":{"@type":"EntryPoint","urlTemplate":"https:\/\/gatewaypartners.eu\/hr\/?s={search_term_string}"},"query-input":"required name=search_term_string"}],"inLanguage":"hr"}]}},"_links":{"self":[{"href":"https:\/\/gatewaypartners.eu\/hr\/wp-json\/wp\/v2\/pages\/638","targetHints":{"allow":["GET"]}}],"collection":[{"href":"https:\/\/gatewaypartners.eu\/hr\/wp-json\/wp\/v2\/pages"}],"about":[{"href":"https:\/\/gatewaypartners.eu\/hr\/wp-json\/wp\/v2\/types\/page"}],"author":[{"embeddable":true,"href":"https:\/\/gatewaypartners.eu\/hr\/wp-json\/wp\/v2\/users\/1"}],"replies":[{"embeddable":true,"href":"https:\/\/gatewaypartners.eu\/hr\/wp-json\/wp\/v2\/comments?post=638"}],"version-history":[{"count":3,"href":"https:\/\/gatewaypartners.eu\/hr\/wp-json\/wp\/v2\/pages\/638\/revisions"}],"predecessor-version":[{"id":2638,"href":"https:\/\/gatewaypartners.eu\/hr\/wp-json\/wp\/v2\/pages\/638\/revisions\/2638"}],"up":[{"embeddable":true,"href":"https:\/\/gatewaypartners.eu\/hr\/wp-json\/wp\/v2\/pages\/69"}],"wp:featuredmedia":[{"embeddable":true,"href":"https:\/\/gatewaypartners.eu\/hr\/wp-json\/wp\/v2\/media\/189"}],"wp:attachment":[{"href":"https:\/\/gatewaypartners.eu\/hr\/wp-json\/wp\/v2\/media?parent=638"}],"curies":[{"name":"wp","href":"https:\/\/api.w.org\/{rel}","templated":true}]}}