{"id":640,"date":"2017-02-18T00:28:07","date_gmt":"2017-02-17T22:28:07","guid":{"rendered":"http:\/\/gatewaypartners.eu\/?page_id=640"},"modified":"2024-01-27T18:31:24","modified_gmt":"2024-01-27T16:31:24","slug":"gradevinarstvo-gradevinski-materijali","status":"publish","type":"page","link":"https:\/\/gatewaypartners.eu\/hr\/industrije\/gradevinarstvo-gradevinski-materijali\/","title":{"rendered":"Gra\u0111evinarstvo I Gra\u0111evinski Materijali"},"content":{"rendered":"","protected":false},"excerpt":{"rendered":"<p>Broj stanovnika raste i ljudi trebaju lijepe \u017eivotne prostore. Na\u0161e usluge poma\u017eu srednjim tvrtkama da stupe u kontakt s ve\u0107im podizvo\u0111a\u010dima ili developerima nekretnina i poma\u017eu u izgradnji novih domova u Skandinaviji ili diljem Europe.<\/p>\n","protected":false},"author":1,"featured_media":203,"parent":69,"menu_order":4,"comment_status":"closed","ping_status":"closed","template":"template-industry.php","meta":{"inline_featured_image":false,"footnotes":""},"class_list":["post-640","page","type-page","status-publish","has-post-thumbnail","hentry"],"acf":[],"yoast_head":"<!-- This site is optimized with the Yoast SEO plugin v20.2.1 - https:\/\/yoast.com\/wordpress\/plugins\/seo\/ -->\n<title>Gra\u0111evinarstvo I Gra\u0111evinski Materijali | Gateway &amp; Partners<\/title>\n<meta name=\"description\" content=\"Na\u0161e usluge poma\u017eu srednjim tvrtkama da stupe u kontakt s ve\u0107im podizvo\u0111a\u010dima i pomognu u izgradnji novih domova. Pogledajte \u0161to na\u0161i klijenti ka\u017eu o suradnji s nama.\" \/>\n<meta name=\"robots\" content=\"index, follow, max-snippet:-1, max-image-preview:large, max-video-preview:-1\" \/>\n<link rel=\"canonical\" href=\"https:\/\/gatewaypartners.eu\/hr\/industrije\/gradevinarstvo-gradevinski-materijali\/\" \/>\n<meta property=\"og:locale\" content=\"hr_HR\" \/>\n<meta property=\"og:type\" content=\"article\" \/>\n<meta property=\"og:title\" content=\"Gra\u0111evinarstvo I Gra\u0111evinski Materijali | Gateway &amp; Partners\" \/>\n<meta property=\"og:description\" content=\"Na\u0161e usluge poma\u017eu srednjim tvrtkama da stupe u kontakt s ve\u0107im podizvo\u0111a\u010dima i pomognu u izgradnji novih domova. Pogledajte \u0161to na\u0161i klijenti ka\u017eu o suradnji s nama.\" \/>\n<meta property=\"og:url\" content=\"https:\/\/gatewaypartners.eu\/hr\/industrije\/gradevinarstvo-gradevinski-materijali\/\" \/>\n<meta property=\"og:site_name\" content=\"Gateway &amp; Partners\" \/>\n<meta property=\"article:modified_time\" content=\"2024-01-27T16:31:24+00:00\" \/>\n<meta property=\"og:image\" content=\"https:\/\/gatewaypartners.eu\/hr\/wp-content\/uploads\/sites\/11\/2016\/11\/Construction-architecture-1210672-1.jpg\" \/>\n\t<meta property=\"og:image:width\" content=\"2048\" \/>\n\t<meta property=\"og:image:height\" content=\"1536\" \/>\n\t<meta property=\"og:image:type\" content=\"image\/jpeg\" \/>\n<meta name=\"twitter:card\" content=\"summary_large_image\" \/>\n<script type=\"application\/ld+json\" class=\"yoast-schema-graph\">{\"@context\":\"https:\/\/schema.org\",\"@graph\":[{\"@type\":\"WebPage\",\"@id\":\"https:\/\/gatewaypartners.eu\/hr\/industrije\/gradevinarstvo-gradevinski-materijali\/\",\"url\":\"https:\/\/gatewaypartners.eu\/hr\/industrije\/gradevinarstvo-gradevinski-materijali\/\",\"name\":\"Gra\u0111evinarstvo I Gra\u0111evinski Materijali | Gateway & Partners\",\"isPartOf\":{\"@id\":\"https:\/\/gatewaypartners.eu\/hr\/#website\"},\"datePublished\":\"2017-02-17T22:28:07+00:00\",\"dateModified\":\"2024-01-27T16:31:24+00:00\",\"description\":\"Na\u0161e usluge poma\u017eu srednjim tvrtkama da stupe u kontakt s ve\u0107im podizvo\u0111a\u010dima i pomognu u izgradnji novih domova. Pogledajte \u0161to na\u0161i klijenti ka\u017eu o suradnji s nama.\",\"breadcrumb\":{\"@id\":\"https:\/\/gatewaypartners.eu\/hr\/industrije\/gradevinarstvo-gradevinski-materijali\/#breadcrumb\"},\"inLanguage\":\"hr\",\"potentialAction\":[{\"@type\":\"ReadAction\",\"target\":[\"https:\/\/gatewaypartners.eu\/hr\/industrije\/gradevinarstvo-gradevinski-materijali\/\"]}]},{\"@type\":\"BreadcrumbList\",\"@id\":\"https:\/\/gatewaypartners.eu\/hr\/industrije\/gradevinarstvo-gradevinski-materijali\/#breadcrumb\",\"itemListElement\":[{\"@type\":\"ListItem\",\"position\":1,\"name\":\"Industrije\",\"item\":\"https:\/\/gatewaypartners.eu\/hr\/industrije\/\"},{\"@type\":\"ListItem\",\"position\":2,\"name\":\"Gra\u0111evinarstvo I Gra\u0111evinski Materijali\"}]},{\"@type\":\"WebSite\",\"@id\":\"https:\/\/gatewaypartners.eu\/hr\/#website\",\"url\":\"https:\/\/gatewaypartners.eu\/hr\/\",\"name\":\"Gateway &amp; Partners\",\"description\":\"Your Export Powerhouse\",\"potentialAction\":[{\"@type\":\"SearchAction\",\"target\":{\"@type\":\"EntryPoint\",\"urlTemplate\":\"https:\/\/gatewaypartners.eu\/hr\/?s={search_term_string}\"},\"query-input\":\"required name=search_term_string\"}],\"inLanguage\":\"hr\"}]}<\/script>\n<!-- \/ Yoast SEO plugin. -->","yoast_head_json":{"title":"Gra\u0111evinarstvo I Gra\u0111evinski Materijali | Gateway & Partners","description":"Na\u0161e usluge poma\u017eu srednjim tvrtkama da stupe u kontakt s ve\u0107im podizvo\u0111a\u010dima i pomognu u izgradnji novih domova. Pogledajte \u0161to na\u0161i klijenti ka\u017eu o suradnji s nama.","robots":{"index":"index","follow":"follow","max-snippet":"max-snippet:-1","max-image-preview":"max-image-preview:large","max-video-preview":"max-video-preview:-1"},"canonical":"https:\/\/gatewaypartners.eu\/hr\/industrije\/gradevinarstvo-gradevinski-materijali\/","og_locale":"hr_HR","og_type":"article","og_title":"Gra\u0111evinarstvo I Gra\u0111evinski Materijali | Gateway & Partners","og_description":"Na\u0161e usluge poma\u017eu srednjim tvrtkama da stupe u kontakt s ve\u0107im podizvo\u0111a\u010dima i pomognu u izgradnji novih domova. Pogledajte \u0161to na\u0161i klijenti ka\u017eu o suradnji s nama.","og_url":"https:\/\/gatewaypartners.eu\/hr\/industrije\/gradevinarstvo-gradevinski-materijali\/","og_site_name":"Gateway &amp; Partners","article_modified_time":"2024-01-27T16:31:24+00:00","og_image":[{"width":2048,"height":1536,"url":"https:\/\/gatewaypartners.eu\/hr\/wp-content\/uploads\/sites\/11\/2016\/11\/Construction-architecture-1210672-1.jpg","type":"image\/jpeg"}],"twitter_card":"summary_large_image","schema":{"@context":"https:\/\/schema.org","@graph":[{"@type":"WebPage","@id":"https:\/\/gatewaypartners.eu\/hr\/industrije\/gradevinarstvo-gradevinski-materijali\/","url":"https:\/\/gatewaypartners.eu\/hr\/industrije\/gradevinarstvo-gradevinski-materijali\/","name":"Gra\u0111evinarstvo I Gra\u0111evinski Materijali | Gateway & Partners","isPartOf":{"@id":"https:\/\/gatewaypartners.eu\/hr\/#website"},"datePublished":"2017-02-17T22:28:07+00:00","dateModified":"2024-01-27T16:31:24+00:00","description":"Na\u0161e usluge poma\u017eu srednjim tvrtkama da stupe u kontakt s ve\u0107im podizvo\u0111a\u010dima i pomognu u izgradnji novih domova. Pogledajte \u0161to na\u0161i klijenti ka\u017eu o suradnji s nama.","breadcrumb":{"@id":"https:\/\/gatewaypartners.eu\/hr\/industrije\/gradevinarstvo-gradevinski-materijali\/#breadcrumb"},"inLanguage":"hr","potentialAction":[{"@type":"ReadAction","target":["https:\/\/gatewaypartners.eu\/hr\/industrije\/gradevinarstvo-gradevinski-materijali\/"]}]},{"@type":"BreadcrumbList","@id":"https:\/\/gatewaypartners.eu\/hr\/industrije\/gradevinarstvo-gradevinski-materijali\/#breadcrumb","itemListElement":[{"@type":"ListItem","position":1,"name":"Industrije","item":"https:\/\/gatewaypartners.eu\/hr\/industrije\/"},{"@type":"ListItem","position":2,"name":"Gra\u0111evinarstvo I Gra\u0111evinski Materijali"}]},{"@type":"WebSite","@id":"https:\/\/gatewaypartners.eu\/hr\/#website","url":"https:\/\/gatewaypartners.eu\/hr\/","name":"Gateway &amp; Partners","description":"Your Export Powerhouse","potentialAction":[{"@type":"SearchAction","target":{"@type":"EntryPoint","urlTemplate":"https:\/\/gatewaypartners.eu\/hr\/?s={search_term_string}"},"query-input":"required name=search_term_string"}],"inLanguage":"hr"}]}},"_links":{"self":[{"href":"https:\/\/gatewaypartners.eu\/hr\/wp-json\/wp\/v2\/pages\/640","targetHints":{"allow":["GET"]}}],"collection":[{"href":"https:\/\/gatewaypartners.eu\/hr\/wp-json\/wp\/v2\/pages"}],"about":[{"href":"https:\/\/gatewaypartners.eu\/hr\/wp-json\/wp\/v2\/types\/page"}],"author":[{"embeddable":true,"href":"https:\/\/gatewaypartners.eu\/hr\/wp-json\/wp\/v2\/users\/1"}],"replies":[{"embeddable":true,"href":"https:\/\/gatewaypartners.eu\/hr\/wp-json\/wp\/v2\/comments?post=640"}],"version-history":[{"count":4,"href":"https:\/\/gatewaypartners.eu\/hr\/wp-json\/wp\/v2\/pages\/640\/revisions"}],"predecessor-version":[{"id":2646,"href":"https:\/\/gatewaypartners.eu\/hr\/wp-json\/wp\/v2\/pages\/640\/revisions\/2646"}],"up":[{"embeddable":true,"href":"https:\/\/gatewaypartners.eu\/hr\/wp-json\/wp\/v2\/pages\/69"}],"wp:featuredmedia":[{"embeddable":true,"href":"https:\/\/gatewaypartners.eu\/hr\/wp-json\/wp\/v2\/media\/203"}],"wp:attachment":[{"href":"https:\/\/gatewaypartners.eu\/hr\/wp-json\/wp\/v2\/media?parent=640"}],"curies":[{"name":"wp","href":"https:\/\/api.w.org\/{rel}","templated":true}]}}