{"id":644,"date":"2017-02-18T00:32:07","date_gmt":"2017-02-17T22:32:07","guid":{"rendered":"http:\/\/gatewaypartners.eu\/?page_id=644"},"modified":"2024-01-27T18:23:16","modified_gmt":"2024-01-27T16:23:16","slug":"hrana-pice","status":"publish","type":"page","link":"https:\/\/gatewaypartners.eu\/hr\/industrije\/hrana-pice\/","title":{"rendered":"Hrana I Pi\u0107e"},"content":{"rendered":"","protected":false},"excerpt":{"rendered":"<p>Na\u0161 tim je specijaliziran za sektor hrane i pi\u0107a od na\u0161eg osnutka 2004. Tijekom godina proveli smo stotine projekata za ovu industriju i doveli pojedince i grupe tvrtki na bli\u017ea i dalja tr\u017ei\u0161ta, proveli istra\u017eivanje tr\u017ei\u0161ta i predstavili nove proizvode trgovcima i HoReCa igra\u010dima.<\/p>\n","protected":false},"author":1,"featured_media":188,"parent":69,"menu_order":3,"comment_status":"closed","ping_status":"closed","template":"template-industry.php","meta":{"inline_featured_image":false,"footnotes":""},"class_list":["post-644","page","type-page","status-publish","has-post-thumbnail","hentry"],"acf":[],"yoast_head":"<!-- This site is optimized with the Yoast SEO plugin v20.2.1 - https:\/\/yoast.com\/wordpress\/plugins\/seo\/ -->\n<title>Hrana I Pi\u0107e | Gateway &amp; Partners<\/title>\n<meta name=\"description\" content=\"Na\u0161 tim je specijaliziran za sektor hrane i pi\u0107a od 2004. godine i proveo je stotine projekata za ovu industriju. Provjerite \u0161to ka\u017eu na\u0161i klijenti!\" \/>\n<meta name=\"robots\" content=\"index, follow, max-snippet:-1, max-image-preview:large, max-video-preview:-1\" \/>\n<link rel=\"canonical\" href=\"https:\/\/gatewaypartners.eu\/hr\/industrije\/hrana-pice\/\" \/>\n<meta property=\"og:locale\" content=\"hr_HR\" \/>\n<meta property=\"og:type\" content=\"article\" \/>\n<meta property=\"og:title\" content=\"Hrana I Pi\u0107e | Gateway &amp; Partners\" \/>\n<meta property=\"og:description\" content=\"Na\u0161 tim je specijaliziran za sektor hrane i pi\u0107a od 2004. godine i proveo je stotine projekata za ovu industriju. Provjerite \u0161to ka\u017eu na\u0161i klijenti!\" \/>\n<meta property=\"og:url\" content=\"https:\/\/gatewaypartners.eu\/hr\/industrije\/hrana-pice\/\" \/>\n<meta property=\"og:site_name\" content=\"Gateway &amp; Partners\" \/>\n<meta property=\"article:modified_time\" content=\"2024-01-27T16:23:16+00:00\" \/>\n<meta property=\"og:image\" content=\"https:\/\/gatewaypartners.eu\/hr\/wp-content\/uploads\/sites\/11\/2016\/11\/Food-supermarket-949912.jpg\" \/>\n\t<meta property=\"og:image:width\" content=\"2048\" \/>\n\t<meta property=\"og:image:height\" content=\"1178\" \/>\n\t<meta property=\"og:image:type\" content=\"image\/jpeg\" \/>\n<meta name=\"twitter:card\" content=\"summary_large_image\" \/>\n<script type=\"application\/ld+json\" class=\"yoast-schema-graph\">{\"@context\":\"https:\/\/schema.org\",\"@graph\":[{\"@type\":\"WebPage\",\"@id\":\"https:\/\/gatewaypartners.eu\/hr\/industrije\/hrana-pice\/\",\"url\":\"https:\/\/gatewaypartners.eu\/hr\/industrije\/hrana-pice\/\",\"name\":\"Hrana I Pi\u0107e | Gateway & Partners\",\"isPartOf\":{\"@id\":\"https:\/\/gatewaypartners.eu\/hr\/#website\"},\"datePublished\":\"2017-02-17T22:32:07+00:00\",\"dateModified\":\"2024-01-27T16:23:16+00:00\",\"description\":\"Na\u0161 tim je specijaliziran za sektor hrane i pi\u0107a od 2004. godine i proveo je stotine projekata za ovu industriju. Provjerite \u0161to ka\u017eu na\u0161i klijenti!\",\"breadcrumb\":{\"@id\":\"https:\/\/gatewaypartners.eu\/hr\/industrije\/hrana-pice\/#breadcrumb\"},\"inLanguage\":\"hr\",\"potentialAction\":[{\"@type\":\"ReadAction\",\"target\":[\"https:\/\/gatewaypartners.eu\/hr\/industrije\/hrana-pice\/\"]}]},{\"@type\":\"BreadcrumbList\",\"@id\":\"https:\/\/gatewaypartners.eu\/hr\/industrije\/hrana-pice\/#breadcrumb\",\"itemListElement\":[{\"@type\":\"ListItem\",\"position\":1,\"name\":\"Industrije\",\"item\":\"https:\/\/gatewaypartners.eu\/hr\/industrije\/\"},{\"@type\":\"ListItem\",\"position\":2,\"name\":\"Hrana I Pi\u0107e\"}]},{\"@type\":\"WebSite\",\"@id\":\"https:\/\/gatewaypartners.eu\/hr\/#website\",\"url\":\"https:\/\/gatewaypartners.eu\/hr\/\",\"name\":\"Gateway &amp; Partners\",\"description\":\"Your Export Powerhouse\",\"potentialAction\":[{\"@type\":\"SearchAction\",\"target\":{\"@type\":\"EntryPoint\",\"urlTemplate\":\"https:\/\/gatewaypartners.eu\/hr\/?s={search_term_string}\"},\"query-input\":\"required name=search_term_string\"}],\"inLanguage\":\"hr\"}]}<\/script>\n<!-- \/ Yoast SEO plugin. -->","yoast_head_json":{"title":"Hrana I Pi\u0107e | Gateway & Partners","description":"Na\u0161 tim je specijaliziran za sektor hrane i pi\u0107a od 2004. godine i proveo je stotine projekata za ovu industriju. Provjerite \u0161to ka\u017eu na\u0161i klijenti!","robots":{"index":"index","follow":"follow","max-snippet":"max-snippet:-1","max-image-preview":"max-image-preview:large","max-video-preview":"max-video-preview:-1"},"canonical":"https:\/\/gatewaypartners.eu\/hr\/industrije\/hrana-pice\/","og_locale":"hr_HR","og_type":"article","og_title":"Hrana I Pi\u0107e | Gateway & Partners","og_description":"Na\u0161 tim je specijaliziran za sektor hrane i pi\u0107a od 2004. godine i proveo je stotine projekata za ovu industriju. Provjerite \u0161to ka\u017eu na\u0161i klijenti!","og_url":"https:\/\/gatewaypartners.eu\/hr\/industrije\/hrana-pice\/","og_site_name":"Gateway &amp; Partners","article_modified_time":"2024-01-27T16:23:16+00:00","og_image":[{"width":2048,"height":1178,"url":"https:\/\/gatewaypartners.eu\/hr\/wp-content\/uploads\/sites\/11\/2016\/11\/Food-supermarket-949912.jpg","type":"image\/jpeg"}],"twitter_card":"summary_large_image","schema":{"@context":"https:\/\/schema.org","@graph":[{"@type":"WebPage","@id":"https:\/\/gatewaypartners.eu\/hr\/industrije\/hrana-pice\/","url":"https:\/\/gatewaypartners.eu\/hr\/industrije\/hrana-pice\/","name":"Hrana I Pi\u0107e | Gateway & Partners","isPartOf":{"@id":"https:\/\/gatewaypartners.eu\/hr\/#website"},"datePublished":"2017-02-17T22:32:07+00:00","dateModified":"2024-01-27T16:23:16+00:00","description":"Na\u0161 tim je specijaliziran za sektor hrane i pi\u0107a od 2004. godine i proveo je stotine projekata za ovu industriju. Provjerite \u0161to ka\u017eu na\u0161i klijenti!","breadcrumb":{"@id":"https:\/\/gatewaypartners.eu\/hr\/industrije\/hrana-pice\/#breadcrumb"},"inLanguage":"hr","potentialAction":[{"@type":"ReadAction","target":["https:\/\/gatewaypartners.eu\/hr\/industrije\/hrana-pice\/"]}]},{"@type":"BreadcrumbList","@id":"https:\/\/gatewaypartners.eu\/hr\/industrije\/hrana-pice\/#breadcrumb","itemListElement":[{"@type":"ListItem","position":1,"name":"Industrije","item":"https:\/\/gatewaypartners.eu\/hr\/industrije\/"},{"@type":"ListItem","position":2,"name":"Hrana I Pi\u0107e"}]},{"@type":"WebSite","@id":"https:\/\/gatewaypartners.eu\/hr\/#website","url":"https:\/\/gatewaypartners.eu\/hr\/","name":"Gateway &amp; Partners","description":"Your Export Powerhouse","potentialAction":[{"@type":"SearchAction","target":{"@type":"EntryPoint","urlTemplate":"https:\/\/gatewaypartners.eu\/hr\/?s={search_term_string}"},"query-input":"required name=search_term_string"}],"inLanguage":"hr"}]}},"_links":{"self":[{"href":"https:\/\/gatewaypartners.eu\/hr\/wp-json\/wp\/v2\/pages\/644","targetHints":{"allow":["GET"]}}],"collection":[{"href":"https:\/\/gatewaypartners.eu\/hr\/wp-json\/wp\/v2\/pages"}],"about":[{"href":"https:\/\/gatewaypartners.eu\/hr\/wp-json\/wp\/v2\/types\/page"}],"author":[{"embeddable":true,"href":"https:\/\/gatewaypartners.eu\/hr\/wp-json\/wp\/v2\/users\/1"}],"replies":[{"embeddable":true,"href":"https:\/\/gatewaypartners.eu\/hr\/wp-json\/wp\/v2\/comments?post=644"}],"version-history":[{"count":3,"href":"https:\/\/gatewaypartners.eu\/hr\/wp-json\/wp\/v2\/pages\/644\/revisions"}],"predecessor-version":[{"id":2634,"href":"https:\/\/gatewaypartners.eu\/hr\/wp-json\/wp\/v2\/pages\/644\/revisions\/2634"}],"up":[{"embeddable":true,"href":"https:\/\/gatewaypartners.eu\/hr\/wp-json\/wp\/v2\/pages\/69"}],"wp:featuredmedia":[{"embeddable":true,"href":"https:\/\/gatewaypartners.eu\/hr\/wp-json\/wp\/v2\/media\/188"}],"wp:attachment":[{"href":"https:\/\/gatewaypartners.eu\/hr\/wp-json\/wp\/v2\/media?parent=644"}],"curies":[{"name":"wp","href":"https:\/\/api.w.org\/{rel}","templated":true}]}}