{"id":647,"date":"2017-02-18T00:34:53","date_gmt":"2017-02-17T22:34:53","guid":{"rendered":"http:\/\/gatewaypartners.eu\/?page_id=647"},"modified":"2024-01-27T18:22:00","modified_gmt":"2024-01-27T16:22:00","slug":"obrada-metala-strojevi","status":"publish","type":"page","link":"https:\/\/gatewaypartners.eu\/hr\/industrije\/obrada-metala-strojevi\/","title":{"rendered":"Obrada Metala I Strojevi"},"content":{"rendered":"","protected":false},"excerpt":{"rendered":"<p>Proveli smo brojne projekte uvode\u0107i na\u0161e klijente na vi\u0161i nivo u opskrbnom lancu. Rad s podizvo\u0111a\u010dima u automobilskoj industriji, industriji strojeva, transportu ili gra\u0111evinarstvu za nas je svakodnevni posao.<\/p>\n","protected":false},"author":1,"featured_media":201,"parent":69,"menu_order":2,"comment_status":"closed","ping_status":"closed","template":"template-industry.php","meta":{"inline_featured_image":false,"footnotes":""},"class_list":["post-647","page","type-page","status-publish","has-post-thumbnail","hentry"],"acf":[],"yoast_head":"<!-- This site is optimized with the Yoast SEO plugin v20.2.1 - https:\/\/yoast.com\/wordpress\/plugins\/seo\/ -->\n<title>Obrada Metala I Strojevi | Gateway &amp; Partners<\/title>\n<meta name=\"description\" content=\"Na\u0161 svakodnevni \u017eivot: rad s podizvo\u0111a\u010dima u automobilskoj industriji, industriji strojeva, transportu ili gra\u0111evinarstvu. Saznajte \u0161to klijenti govore o nama!\" \/>\n<meta name=\"robots\" content=\"index, follow, max-snippet:-1, max-image-preview:large, max-video-preview:-1\" \/>\n<link rel=\"canonical\" href=\"https:\/\/gatewaypartners.eu\/hr\/industrije\/obrada-metala-strojevi\/\" \/>\n<meta property=\"og:locale\" content=\"hr_HR\" \/>\n<meta property=\"og:type\" content=\"article\" \/>\n<meta property=\"og:title\" content=\"Obrada Metala I Strojevi | Gateway &amp; Partners\" \/>\n<meta property=\"og:description\" content=\"Na\u0161 svakodnevni \u017eivot: rad s podizvo\u0111a\u010dima u automobilskoj industriji, industriji strojeva, transportu ili gra\u0111evinarstvu. Saznajte \u0161to klijenti govore o nama!\" \/>\n<meta property=\"og:url\" content=\"https:\/\/gatewaypartners.eu\/hr\/industrije\/obrada-metala-strojevi\/\" \/>\n<meta property=\"og:site_name\" content=\"Gateway &amp; Partners\" \/>\n<meta property=\"article:modified_time\" content=\"2024-01-27T16:22:00+00:00\" \/>\n<meta property=\"og:image\" content=\"https:\/\/gatewaypartners.eu\/hr\/wp-content\/uploads\/sites\/11\/2016\/11\/Metalworking-drill-444493-2.jpg\" \/>\n\t<meta property=\"og:image:width\" content=\"2048\" \/>\n\t<meta property=\"og:image:height\" content=\"1367\" \/>\n\t<meta property=\"og:image:type\" content=\"image\/jpeg\" \/>\n<meta name=\"twitter:card\" content=\"summary_large_image\" \/>\n<script type=\"application\/ld+json\" class=\"yoast-schema-graph\">{\"@context\":\"https:\/\/schema.org\",\"@graph\":[{\"@type\":\"WebPage\",\"@id\":\"https:\/\/gatewaypartners.eu\/hr\/industrije\/obrada-metala-strojevi\/\",\"url\":\"https:\/\/gatewaypartners.eu\/hr\/industrije\/obrada-metala-strojevi\/\",\"name\":\"Obrada Metala I Strojevi | Gateway & Partners\",\"isPartOf\":{\"@id\":\"https:\/\/gatewaypartners.eu\/hr\/#website\"},\"datePublished\":\"2017-02-17T22:34:53+00:00\",\"dateModified\":\"2024-01-27T16:22:00+00:00\",\"description\":\"Na\u0161 svakodnevni \u017eivot: rad s podizvo\u0111a\u010dima u automobilskoj industriji, industriji strojeva, transportu ili gra\u0111evinarstvu. Saznajte \u0161to klijenti govore o nama!\",\"breadcrumb\":{\"@id\":\"https:\/\/gatewaypartners.eu\/hr\/industrije\/obrada-metala-strojevi\/#breadcrumb\"},\"inLanguage\":\"hr\",\"potentialAction\":[{\"@type\":\"ReadAction\",\"target\":[\"https:\/\/gatewaypartners.eu\/hr\/industrije\/obrada-metala-strojevi\/\"]}]},{\"@type\":\"BreadcrumbList\",\"@id\":\"https:\/\/gatewaypartners.eu\/hr\/industrije\/obrada-metala-strojevi\/#breadcrumb\",\"itemListElement\":[{\"@type\":\"ListItem\",\"position\":1,\"name\":\"Industrije\",\"item\":\"https:\/\/gatewaypartners.eu\/hr\/industrije\/\"},{\"@type\":\"ListItem\",\"position\":2,\"name\":\"Obrada Metala I Strojevi\"}]},{\"@type\":\"WebSite\",\"@id\":\"https:\/\/gatewaypartners.eu\/hr\/#website\",\"url\":\"https:\/\/gatewaypartners.eu\/hr\/\",\"name\":\"Gateway &amp; Partners\",\"description\":\"Your Export Powerhouse\",\"potentialAction\":[{\"@type\":\"SearchAction\",\"target\":{\"@type\":\"EntryPoint\",\"urlTemplate\":\"https:\/\/gatewaypartners.eu\/hr\/?s={search_term_string}\"},\"query-input\":\"required name=search_term_string\"}],\"inLanguage\":\"hr\"}]}<\/script>\n<!-- \/ Yoast SEO plugin. -->","yoast_head_json":{"title":"Obrada Metala I Strojevi | Gateway & Partners","description":"Na\u0161 svakodnevni \u017eivot: rad s podizvo\u0111a\u010dima u automobilskoj industriji, industriji strojeva, transportu ili gra\u0111evinarstvu. Saznajte \u0161to klijenti govore o nama!","robots":{"index":"index","follow":"follow","max-snippet":"max-snippet:-1","max-image-preview":"max-image-preview:large","max-video-preview":"max-video-preview:-1"},"canonical":"https:\/\/gatewaypartners.eu\/hr\/industrije\/obrada-metala-strojevi\/","og_locale":"hr_HR","og_type":"article","og_title":"Obrada Metala I Strojevi | Gateway & Partners","og_description":"Na\u0161 svakodnevni \u017eivot: rad s podizvo\u0111a\u010dima u automobilskoj industriji, industriji strojeva, transportu ili gra\u0111evinarstvu. Saznajte \u0161to klijenti govore o nama!","og_url":"https:\/\/gatewaypartners.eu\/hr\/industrije\/obrada-metala-strojevi\/","og_site_name":"Gateway &amp; Partners","article_modified_time":"2024-01-27T16:22:00+00:00","og_image":[{"width":2048,"height":1367,"url":"https:\/\/gatewaypartners.eu\/hr\/wp-content\/uploads\/sites\/11\/2016\/11\/Metalworking-drill-444493-2.jpg","type":"image\/jpeg"}],"twitter_card":"summary_large_image","schema":{"@context":"https:\/\/schema.org","@graph":[{"@type":"WebPage","@id":"https:\/\/gatewaypartners.eu\/hr\/industrije\/obrada-metala-strojevi\/","url":"https:\/\/gatewaypartners.eu\/hr\/industrije\/obrada-metala-strojevi\/","name":"Obrada Metala I Strojevi | Gateway & Partners","isPartOf":{"@id":"https:\/\/gatewaypartners.eu\/hr\/#website"},"datePublished":"2017-02-17T22:34:53+00:00","dateModified":"2024-01-27T16:22:00+00:00","description":"Na\u0161 svakodnevni \u017eivot: rad s podizvo\u0111a\u010dima u automobilskoj industriji, industriji strojeva, transportu ili gra\u0111evinarstvu. Saznajte \u0161to klijenti govore o nama!","breadcrumb":{"@id":"https:\/\/gatewaypartners.eu\/hr\/industrije\/obrada-metala-strojevi\/#breadcrumb"},"inLanguage":"hr","potentialAction":[{"@type":"ReadAction","target":["https:\/\/gatewaypartners.eu\/hr\/industrije\/obrada-metala-strojevi\/"]}]},{"@type":"BreadcrumbList","@id":"https:\/\/gatewaypartners.eu\/hr\/industrije\/obrada-metala-strojevi\/#breadcrumb","itemListElement":[{"@type":"ListItem","position":1,"name":"Industrije","item":"https:\/\/gatewaypartners.eu\/hr\/industrije\/"},{"@type":"ListItem","position":2,"name":"Obrada Metala I Strojevi"}]},{"@type":"WebSite","@id":"https:\/\/gatewaypartners.eu\/hr\/#website","url":"https:\/\/gatewaypartners.eu\/hr\/","name":"Gateway &amp; Partners","description":"Your Export Powerhouse","potentialAction":[{"@type":"SearchAction","target":{"@type":"EntryPoint","urlTemplate":"https:\/\/gatewaypartners.eu\/hr\/?s={search_term_string}"},"query-input":"required name=search_term_string"}],"inLanguage":"hr"}]}},"_links":{"self":[{"href":"https:\/\/gatewaypartners.eu\/hr\/wp-json\/wp\/v2\/pages\/647","targetHints":{"allow":["GET"]}}],"collection":[{"href":"https:\/\/gatewaypartners.eu\/hr\/wp-json\/wp\/v2\/pages"}],"about":[{"href":"https:\/\/gatewaypartners.eu\/hr\/wp-json\/wp\/v2\/types\/page"}],"author":[{"embeddable":true,"href":"https:\/\/gatewaypartners.eu\/hr\/wp-json\/wp\/v2\/users\/1"}],"replies":[{"embeddable":true,"href":"https:\/\/gatewaypartners.eu\/hr\/wp-json\/wp\/v2\/comments?post=647"}],"version-history":[{"count":2,"href":"https:\/\/gatewaypartners.eu\/hr\/wp-json\/wp\/v2\/pages\/647\/revisions"}],"predecessor-version":[{"id":2632,"href":"https:\/\/gatewaypartners.eu\/hr\/wp-json\/wp\/v2\/pages\/647\/revisions\/2632"}],"up":[{"embeddable":true,"href":"https:\/\/gatewaypartners.eu\/hr\/wp-json\/wp\/v2\/pages\/69"}],"wp:featuredmedia":[{"embeddable":true,"href":"https:\/\/gatewaypartners.eu\/hr\/wp-json\/wp\/v2\/media\/201"}],"wp:attachment":[{"href":"https:\/\/gatewaypartners.eu\/hr\/wp-json\/wp\/v2\/media?parent=647"}],"curies":[{"name":"wp","href":"https:\/\/api.w.org\/{rel}","templated":true}]}}