{"id":67,"date":"2016-11-25T16:08:17","date_gmt":"2016-11-25T16:08:17","guid":{"rendered":"http:\/\/gatewaypartners.eu\/?page_id=67"},"modified":"2024-01-27T15:55:25","modified_gmt":"2024-01-27T13:55:25","slug":"usluge","status":"publish","type":"page","link":"https:\/\/gatewaypartners.eu\/hr\/usluge\/","title":{"rendered":"Usluge"},"content":{"rendered":"","protected":false},"excerpt":{"rendered":"<p>Kada razmi\u0161ljate o me\u0111unarodnom rastu, \u0161to vam je potrebno? Svje\u017ei uvidi u tr\u017ei\u0161te i relevantni poslovni partneri. Tu na scenu stupamo mi s na\u0161im uslugama. Donosimo rezultate. \u0160tedimo vam vrijeme i novac prilikom ulaska na nova tr\u017ei\u0161ta.<\/p>\n","protected":false},"author":1,"featured_media":309,"parent":0,"menu_order":0,"comment_status":"closed","ping_status":"closed","template":"template-services.php","meta":{"inline_featured_image":false,"footnotes":""},"class_list":["post-67","page","type-page","status-publish","has-post-thumbnail","hentry"],"acf":[],"yoast_head":"<!-- This site is optimized with the Yoast SEO plugin v20.2.1 - https:\/\/yoast.com\/wordpress\/plugins\/seo\/ -->\n<title>Upravljanje Izvozom, B2B I Vi\u0161e | Gateway &amp; Partners<\/title>\n<meta name=\"description\" content=\"Na\u0161e usluge: Export Intelligence\u2122, tr\u017ei\u0161na inteligencija, pretraga dobavlja\u010da, privla\u010denje ulaganja, razvoj izvozne marke, izvozna edukacija. Provjerite vi\u0161e ovdje!\" \/>\n<meta name=\"robots\" content=\"index, follow, max-snippet:-1, max-image-preview:large, max-video-preview:-1\" \/>\n<link rel=\"canonical\" href=\"https:\/\/gatewaypartners.eu\/hr\/usluge\/\" \/>\n<meta property=\"og:locale\" content=\"hr_HR\" \/>\n<meta property=\"og:type\" content=\"article\" \/>\n<meta property=\"og:title\" content=\"Upravljanje Izvozom, B2B I Vi\u0161e | Gateway &amp; Partners\" \/>\n<meta property=\"og:description\" content=\"Na\u0161e usluge: Export Intelligence\u2122, tr\u017ei\u0161na inteligencija, pretraga dobavlja\u010da, privla\u010denje ulaganja, razvoj izvozne marke, izvozna edukacija. Provjerite vi\u0161e ovdje!\" \/>\n<meta property=\"og:url\" content=\"https:\/\/gatewaypartners.eu\/hr\/usluge\/\" \/>\n<meta property=\"og:site_name\" content=\"Gateway &amp; Partners\" \/>\n<meta property=\"article:modified_time\" content=\"2024-01-27T13:55:25+00:00\" \/>\n<meta property=\"og:image\" content=\"https:\/\/gatewaypartners.eu\/hr\/wp-content\/uploads\/sites\/11\/2017\/01\/airport-1853505_1920.jpg\" \/>\n\t<meta property=\"og:image:width\" content=\"1920\" \/>\n\t<meta property=\"og:image:height\" content=\"1280\" \/>\n\t<meta property=\"og:image:type\" content=\"image\/jpeg\" \/>\n<meta name=\"twitter:card\" content=\"summary_large_image\" \/>\n<script type=\"application\/ld+json\" class=\"yoast-schema-graph\">{\"@context\":\"https:\/\/schema.org\",\"@graph\":[{\"@type\":\"WebPage\",\"@id\":\"https:\/\/gatewaypartners.eu\/hr\/usluge\/\",\"url\":\"https:\/\/gatewaypartners.eu\/hr\/usluge\/\",\"name\":\"Upravljanje Izvozom, B2B I Vi\u0161e | Gateway & Partners\",\"isPartOf\":{\"@id\":\"https:\/\/gatewaypartners.eu\/hr\/#website\"},\"datePublished\":\"2016-11-25T16:08:17+00:00\",\"dateModified\":\"2024-01-27T13:55:25+00:00\",\"description\":\"Na\u0161e usluge: Export Intelligence\u2122, tr\u017ei\u0161na inteligencija, pretraga dobavlja\u010da, privla\u010denje ulaganja, razvoj izvozne marke, izvozna edukacija. Provjerite vi\u0161e ovdje!\",\"inLanguage\":\"hr\",\"potentialAction\":[{\"@type\":\"ReadAction\",\"target\":[\"https:\/\/gatewaypartners.eu\/hr\/usluge\/\"]}]},{\"@type\":\"WebSite\",\"@id\":\"https:\/\/gatewaypartners.eu\/hr\/#website\",\"url\":\"https:\/\/gatewaypartners.eu\/hr\/\",\"name\":\"Gateway &amp; Partners\",\"description\":\"Your Export Powerhouse\",\"potentialAction\":[{\"@type\":\"SearchAction\",\"target\":{\"@type\":\"EntryPoint\",\"urlTemplate\":\"https:\/\/gatewaypartners.eu\/hr\/?s={search_term_string}\"},\"query-input\":\"required name=search_term_string\"}],\"inLanguage\":\"hr\"}]}<\/script>\n<!-- \/ Yoast SEO plugin. -->","yoast_head_json":{"title":"Upravljanje Izvozom, B2B I Vi\u0161e | Gateway & Partners","description":"Na\u0161e usluge: Export Intelligence\u2122, tr\u017ei\u0161na inteligencija, pretraga dobavlja\u010da, privla\u010denje ulaganja, razvoj izvozne marke, izvozna edukacija. Provjerite vi\u0161e ovdje!","robots":{"index":"index","follow":"follow","max-snippet":"max-snippet:-1","max-image-preview":"max-image-preview:large","max-video-preview":"max-video-preview:-1"},"canonical":"https:\/\/gatewaypartners.eu\/hr\/usluge\/","og_locale":"hr_HR","og_type":"article","og_title":"Upravljanje Izvozom, B2B I Vi\u0161e | Gateway & Partners","og_description":"Na\u0161e usluge: Export Intelligence\u2122, tr\u017ei\u0161na inteligencija, pretraga dobavlja\u010da, privla\u010denje ulaganja, razvoj izvozne marke, izvozna edukacija. Provjerite vi\u0161e ovdje!","og_url":"https:\/\/gatewaypartners.eu\/hr\/usluge\/","og_site_name":"Gateway &amp; Partners","article_modified_time":"2024-01-27T13:55:25+00:00","og_image":[{"width":1920,"height":1280,"url":"https:\/\/gatewaypartners.eu\/hr\/wp-content\/uploads\/sites\/11\/2017\/01\/airport-1853505_1920.jpg","type":"image\/jpeg"}],"twitter_card":"summary_large_image","schema":{"@context":"https:\/\/schema.org","@graph":[{"@type":"WebPage","@id":"https:\/\/gatewaypartners.eu\/hr\/usluge\/","url":"https:\/\/gatewaypartners.eu\/hr\/usluge\/","name":"Upravljanje Izvozom, B2B I Vi\u0161e | Gateway & Partners","isPartOf":{"@id":"https:\/\/gatewaypartners.eu\/hr\/#website"},"datePublished":"2016-11-25T16:08:17+00:00","dateModified":"2024-01-27T13:55:25+00:00","description":"Na\u0161e usluge: Export Intelligence\u2122, tr\u017ei\u0161na inteligencija, pretraga dobavlja\u010da, privla\u010denje ulaganja, razvoj izvozne marke, izvozna edukacija. Provjerite vi\u0161e ovdje!","inLanguage":"hr","potentialAction":[{"@type":"ReadAction","target":["https:\/\/gatewaypartners.eu\/hr\/usluge\/"]}]},{"@type":"WebSite","@id":"https:\/\/gatewaypartners.eu\/hr\/#website","url":"https:\/\/gatewaypartners.eu\/hr\/","name":"Gateway &amp; Partners","description":"Your Export Powerhouse","potentialAction":[{"@type":"SearchAction","target":{"@type":"EntryPoint","urlTemplate":"https:\/\/gatewaypartners.eu\/hr\/?s={search_term_string}"},"query-input":"required name=search_term_string"}],"inLanguage":"hr"}]}},"_links":{"self":[{"href":"https:\/\/gatewaypartners.eu\/hr\/wp-json\/wp\/v2\/pages\/67","targetHints":{"allow":["GET"]}}],"collection":[{"href":"https:\/\/gatewaypartners.eu\/hr\/wp-json\/wp\/v2\/pages"}],"about":[{"href":"https:\/\/gatewaypartners.eu\/hr\/wp-json\/wp\/v2\/types\/page"}],"author":[{"embeddable":true,"href":"https:\/\/gatewaypartners.eu\/hr\/wp-json\/wp\/v2\/users\/1"}],"replies":[{"embeddable":true,"href":"https:\/\/gatewaypartners.eu\/hr\/wp-json\/wp\/v2\/comments?post=67"}],"version-history":[{"count":14,"href":"https:\/\/gatewaypartners.eu\/hr\/wp-json\/wp\/v2\/pages\/67\/revisions"}],"predecessor-version":[{"id":2600,"href":"https:\/\/gatewaypartners.eu\/hr\/wp-json\/wp\/v2\/pages\/67\/revisions\/2600"}],"wp:featuredmedia":[{"embeddable":true,"href":"https:\/\/gatewaypartners.eu\/hr\/wp-json\/wp\/v2\/media\/309"}],"wp:attachment":[{"href":"https:\/\/gatewaypartners.eu\/hr\/wp-json\/wp\/v2\/media?parent=67"}],"curies":[{"name":"wp","href":"https:\/\/api.w.org\/{rel}","templated":true}]}}