{"id":69,"date":"2016-11-25T16:08:33","date_gmt":"2016-11-25T16:08:33","guid":{"rendered":"http:\/\/gatewaypartners.eu\/?page_id=69"},"modified":"2024-01-27T15:18:15","modified_gmt":"2024-01-27T13:18:15","slug":"industrije","status":"publish","type":"page","link":"https:\/\/gatewaypartners.eu\/hr\/industrije\/","title":{"rendered":"Industrije"},"content":{"rendered":"","protected":false},"excerpt":{"rendered":"<p>Opse\u017eno iskustvo u raznim industrijama, tr\u017ei\u0161no znanje i iskustvo, osobni stav i profesionalni savjeti osna\u017eit \u0107e va\u0161u izvoznu prodaju. Tijekom godina radili smo u razli\u010ditim industrijama i tr\u017ei\u0161tima podr\u017eavaju\u0107i poduze\u0107a i organizacije svih veli\u010dina.<\/p>\n","protected":false},"author":1,"featured_media":202,"parent":0,"menu_order":0,"comment_status":"closed","ping_status":"closed","template":"template-industries.php","meta":{"inline_featured_image":false,"footnotes":""},"class_list":["post-69","page","type-page","status-publish","has-post-thumbnail","hentry"],"acf":[],"yoast_head":"<!-- This site is optimized with the Yoast SEO plugin v20.2.1 - https:\/\/yoast.com\/wordpress\/plugins\/seo\/ -->\n<title>Industrije | Gateway &amp; Partners<\/title>\n<meta name=\"description\" content=\"Extensive experience across various industries, market know-how, a personal attitude and professional advice will empower your export sales.\" \/>\n<meta name=\"robots\" content=\"index, follow, max-snippet:-1, max-image-preview:large, max-video-preview:-1\" \/>\n<link rel=\"canonical\" href=\"https:\/\/gatewaypartners.eu\/hr\/industrije\/\" \/>\n<meta property=\"og:locale\" content=\"hr_HR\" \/>\n<meta property=\"og:type\" content=\"article\" \/>\n<meta property=\"og:title\" content=\"Industrije | Gateway &amp; Partners\" \/>\n<meta property=\"og:description\" content=\"Extensive experience across various industries, market know-how, a personal attitude and professional advice will empower your export sales.\" \/>\n<meta property=\"og:url\" content=\"https:\/\/gatewaypartners.eu\/hr\/industrije\/\" \/>\n<meta property=\"og:site_name\" content=\"Gateway &amp; Partners\" \/>\n<meta property=\"article:modified_time\" content=\"2024-01-27T13:18:15+00:00\" \/>\n<meta property=\"og:image\" content=\"https:\/\/gatewaypartners.eu\/hr\/wp-content\/uploads\/sites\/11\/2016\/11\/Industries-airport-1659008_1920.jpg\" \/>\n\t<meta property=\"og:image:width\" content=\"1920\" \/>\n\t<meta property=\"og:image:height\" content=\"1280\" \/>\n\t<meta property=\"og:image:type\" content=\"image\/jpeg\" \/>\n<meta name=\"twitter:card\" content=\"summary_large_image\" \/>\n<script type=\"application\/ld+json\" class=\"yoast-schema-graph\">{\"@context\":\"https:\/\/schema.org\",\"@graph\":[{\"@type\":\"WebPage\",\"@id\":\"https:\/\/gatewaypartners.eu\/hr\/industrije\/\",\"url\":\"https:\/\/gatewaypartners.eu\/hr\/industrije\/\",\"name\":\"Industrije | Gateway & Partners\",\"isPartOf\":{\"@id\":\"https:\/\/gatewaypartners.eu\/hr\/#website\"},\"datePublished\":\"2016-11-25T16:08:33+00:00\",\"dateModified\":\"2024-01-27T13:18:15+00:00\",\"description\":\"Extensive experience across various industries, market know-how, a personal attitude and professional advice will empower your export sales.\",\"inLanguage\":\"hr\",\"potentialAction\":[{\"@type\":\"ReadAction\",\"target\":[\"https:\/\/gatewaypartners.eu\/hr\/industrije\/\"]}]},{\"@type\":\"WebSite\",\"@id\":\"https:\/\/gatewaypartners.eu\/hr\/#website\",\"url\":\"https:\/\/gatewaypartners.eu\/hr\/\",\"name\":\"Gateway &amp; Partners\",\"description\":\"Your Export Powerhouse\",\"potentialAction\":[{\"@type\":\"SearchAction\",\"target\":{\"@type\":\"EntryPoint\",\"urlTemplate\":\"https:\/\/gatewaypartners.eu\/hr\/?s={search_term_string}\"},\"query-input\":\"required name=search_term_string\"}],\"inLanguage\":\"hr\"}]}<\/script>\n<!-- \/ Yoast SEO plugin. -->","yoast_head_json":{"title":"Industrije | Gateway & Partners","description":"Extensive experience across various industries, market know-how, a personal attitude and professional advice will empower your export sales.","robots":{"index":"index","follow":"follow","max-snippet":"max-snippet:-1","max-image-preview":"max-image-preview:large","max-video-preview":"max-video-preview:-1"},"canonical":"https:\/\/gatewaypartners.eu\/hr\/industrije\/","og_locale":"hr_HR","og_type":"article","og_title":"Industrije | Gateway & Partners","og_description":"Extensive experience across various industries, market know-how, a personal attitude and professional advice will empower your export sales.","og_url":"https:\/\/gatewaypartners.eu\/hr\/industrije\/","og_site_name":"Gateway &amp; Partners","article_modified_time":"2024-01-27T13:18:15+00:00","og_image":[{"width":1920,"height":1280,"url":"https:\/\/gatewaypartners.eu\/hr\/wp-content\/uploads\/sites\/11\/2016\/11\/Industries-airport-1659008_1920.jpg","type":"image\/jpeg"}],"twitter_card":"summary_large_image","schema":{"@context":"https:\/\/schema.org","@graph":[{"@type":"WebPage","@id":"https:\/\/gatewaypartners.eu\/hr\/industrije\/","url":"https:\/\/gatewaypartners.eu\/hr\/industrije\/","name":"Industrije | Gateway & Partners","isPartOf":{"@id":"https:\/\/gatewaypartners.eu\/hr\/#website"},"datePublished":"2016-11-25T16:08:33+00:00","dateModified":"2024-01-27T13:18:15+00:00","description":"Extensive experience across various industries, market know-how, a personal attitude and professional advice will empower your export sales.","inLanguage":"hr","potentialAction":[{"@type":"ReadAction","target":["https:\/\/gatewaypartners.eu\/hr\/industrije\/"]}]},{"@type":"WebSite","@id":"https:\/\/gatewaypartners.eu\/hr\/#website","url":"https:\/\/gatewaypartners.eu\/hr\/","name":"Gateway &amp; Partners","description":"Your Export Powerhouse","potentialAction":[{"@type":"SearchAction","target":{"@type":"EntryPoint","urlTemplate":"https:\/\/gatewaypartners.eu\/hr\/?s={search_term_string}"},"query-input":"required name=search_term_string"}],"inLanguage":"hr"}]}},"_links":{"self":[{"href":"https:\/\/gatewaypartners.eu\/hr\/wp-json\/wp\/v2\/pages\/69","targetHints":{"allow":["GET"]}}],"collection":[{"href":"https:\/\/gatewaypartners.eu\/hr\/wp-json\/wp\/v2\/pages"}],"about":[{"href":"https:\/\/gatewaypartners.eu\/hr\/wp-json\/wp\/v2\/types\/page"}],"author":[{"embeddable":true,"href":"https:\/\/gatewaypartners.eu\/hr\/wp-json\/wp\/v2\/users\/1"}],"replies":[{"embeddable":true,"href":"https:\/\/gatewaypartners.eu\/hr\/wp-json\/wp\/v2\/comments?post=69"}],"version-history":[{"count":5,"href":"https:\/\/gatewaypartners.eu\/hr\/wp-json\/wp\/v2\/pages\/69\/revisions"}],"predecessor-version":[{"id":2608,"href":"https:\/\/gatewaypartners.eu\/hr\/wp-json\/wp\/v2\/pages\/69\/revisions\/2608"}],"wp:featuredmedia":[{"embeddable":true,"href":"https:\/\/gatewaypartners.eu\/hr\/wp-json\/wp\/v2\/media\/202"}],"wp:attachment":[{"href":"https:\/\/gatewaypartners.eu\/hr\/wp-json\/wp\/v2\/media?parent=69"}],"curies":[{"name":"wp","href":"https:\/\/api.w.org\/{rel}","templated":true}]}}