{"id":71,"date":"2016-11-25T16:08:51","date_gmt":"2016-11-25T16:08:51","guid":{"rendered":"http:\/\/gatewaypartners.eu\/?page_id=71"},"modified":"2026-04-08T18:23:37","modified_gmt":"2026-04-08T15:23:37","slug":"o-nama","status":"publish","type":"page","link":"https:\/\/gatewaypartners.eu\/hr\/o-nama\/","title":{"rendered":"O Nama"},"content":{"rendered":"<h2 style=\"text-align: center;\">Na\u0161a Pri\u010da<\/h2>\n<p>Gateway &amp; Partners, biv\u0161i GatewayBaltic, osnovan je 2004. godine i specijaliziran je za razvoj lokalnih izvoznika na me\u0111unarodnoj razini. Na\u0161a misija je pove\u0107ati izvoznu prodaju na\u0161ih kupaca uvode\u0107i ih na nova tr\u017ei\u0161ta i otkrivaju\u0107i vitalne informacije o tr\u017ei\u0161tu. Tijekom godina izveli smo projekte za vi\u0161e od 1000 na\u0161ih kupaca u razli\u010ditim industrijama. Na\u0161i klijenti su pojedina\u010dni lokalni izvoznici, agencije za promicanje trgovine i klasteri. Radimo na svim tr\u017ei\u0161tima na kojima na\u0161i klijenti \u017eele rasti, kako na bli\u017eim Nordijskim zemljama i Europi tako i na dalekim Meksikom i Kinom.<\/p>\n<p>Gateway &amp; Partners u\u017eiva povjerenje nekoliko organizacija za promicanje trgovine, kao \u0161to su Innovation Norway, Enterprise Estonia, Svjetska banka, Latvijska agencija za ulaganja i razvoj, Agencija za promicanje ulaganja i izvoza Moldavije, Enterprise Ireland, Enterprise Litva i Enterprise Georgia, kao i turski klaster kuhinjskog posu\u0111a, tursko tekstilno udru\u017eenje, turski elektri\u010dni klaster, me\u0111u ostalima.<\/p>\n<p>Sada smo mre\u017ea tr\u017ei\u0161nih stru\u010dnjaka diljem zemalja koji vam nude uvid u lokalno tr\u017ei\u0161te i stru\u010dnu pomo\u0107.<\/p>\n<p>Danas se mo\u017eemo nazvati pravom Izvoznom snagom.<\/p>\n","protected":false},"excerpt":{"rendered":"<p>Na\u0161a strast je razvoj me\u0111unarodne prodaje. Svojom stru\u010dno\u0161\u0107u, timom i mre\u017eom osna\u017eujemo va\u0161u me\u0111unarodnu prodaju.<\/p>\n","protected":false},"author":1,"featured_media":311,"parent":0,"menu_order":0,"comment_status":"closed","ping_status":"closed","template":"template-about.php","meta":{"inline_featured_image":false,"footnotes":""},"class_list":["post-71","page","type-page","status-publish","has-post-thumbnail","hentry"],"acf":[],"yoast_head":"<!-- This site is optimized with the Yoast SEO plugin v20.2.1 - https:\/\/yoast.com\/wordpress\/plugins\/seo\/ -->\n<title>O Nama | Gateway &amp; Partners<\/title>\n<meta name=\"description\" content=\"Na\u0161a misija je izvozna strategija koja poti\u010de rast izvozne prodaje. Gradimo dobre odnose s kupcima. Na\u0161u pri\u010du mo\u017eete prona\u0107i ovdje!\" \/>\n<meta name=\"robots\" content=\"index, follow, max-snippet:-1, max-image-preview:large, max-video-preview:-1\" \/>\n<link rel=\"canonical\" href=\"https:\/\/gatewaypartners.eu\/hr\/o-nama\/\" \/>\n<meta property=\"og:locale\" content=\"hr_HR\" \/>\n<meta property=\"og:type\" content=\"article\" \/>\n<meta property=\"og:title\" content=\"O Nama | Gateway &amp; Partners\" \/>\n<meta property=\"og:description\" content=\"Na\u0161a misija je izvozna strategija koja poti\u010de rast izvozne prodaje. Gradimo dobre odnose s kupcima. Na\u0161u pri\u010du mo\u017eete prona\u0107i ovdje!\" \/>\n<meta property=\"og:url\" content=\"https:\/\/gatewaypartners.eu\/hr\/o-nama\/\" \/>\n<meta property=\"og:site_name\" content=\"Gateway &amp; Partners\" \/>\n<meta property=\"article:modified_time\" content=\"2026-04-08T15:23:37+00:00\" \/>\n<meta property=\"og:image\" content=\"https:\/\/gatewaypartners.eu\/hr\/wp-content\/uploads\/sites\/11\/2016\/11\/airport-about.jpg\" \/>\n\t<meta property=\"og:image:width\" content=\"2048\" \/>\n\t<meta property=\"og:image:height\" content=\"1396\" \/>\n\t<meta property=\"og:image:type\" content=\"image\/jpeg\" \/>\n<meta name=\"twitter:card\" content=\"summary_large_image\" \/>\n<script type=\"application\/ld+json\" class=\"yoast-schema-graph\">{\"@context\":\"https:\/\/schema.org\",\"@graph\":[{\"@type\":\"WebPage\",\"@id\":\"https:\/\/gatewaypartners.eu\/hr\/o-nama\/\",\"url\":\"https:\/\/gatewaypartners.eu\/hr\/o-nama\/\",\"name\":\"O Nama | Gateway & Partners\",\"isPartOf\":{\"@id\":\"https:\/\/gatewaypartners.eu\/hr\/#website\"},\"datePublished\":\"2016-11-25T16:08:51+00:00\",\"dateModified\":\"2026-04-08T15:23:37+00:00\",\"description\":\"Na\u0161a misija je izvozna strategija koja poti\u010de rast izvozne prodaje. Gradimo dobre odnose s kupcima. Na\u0161u pri\u010du mo\u017eete prona\u0107i ovdje!\",\"inLanguage\":\"hr\",\"potentialAction\":[{\"@type\":\"ReadAction\",\"target\":[\"https:\/\/gatewaypartners.eu\/hr\/o-nama\/\"]}]},{\"@type\":\"WebSite\",\"@id\":\"https:\/\/gatewaypartners.eu\/hr\/#website\",\"url\":\"https:\/\/gatewaypartners.eu\/hr\/\",\"name\":\"Gateway &amp; Partners\",\"description\":\"Your Export Powerhouse\",\"potentialAction\":[{\"@type\":\"SearchAction\",\"target\":{\"@type\":\"EntryPoint\",\"urlTemplate\":\"https:\/\/gatewaypartners.eu\/hr\/?s={search_term_string}\"},\"query-input\":\"required name=search_term_string\"}],\"inLanguage\":\"hr\"}]}<\/script>\n<!-- \/ Yoast SEO plugin. -->","yoast_head_json":{"title":"O Nama | Gateway & Partners","description":"Na\u0161a misija je izvozna strategija koja poti\u010de rast izvozne prodaje. Gradimo dobre odnose s kupcima. Na\u0161u pri\u010du mo\u017eete prona\u0107i ovdje!","robots":{"index":"index","follow":"follow","max-snippet":"max-snippet:-1","max-image-preview":"max-image-preview:large","max-video-preview":"max-video-preview:-1"},"canonical":"https:\/\/gatewaypartners.eu\/hr\/o-nama\/","og_locale":"hr_HR","og_type":"article","og_title":"O Nama | Gateway & Partners","og_description":"Na\u0161a misija je izvozna strategija koja poti\u010de rast izvozne prodaje. Gradimo dobre odnose s kupcima. Na\u0161u pri\u010du mo\u017eete prona\u0107i ovdje!","og_url":"https:\/\/gatewaypartners.eu\/hr\/o-nama\/","og_site_name":"Gateway &amp; Partners","article_modified_time":"2026-04-08T15:23:37+00:00","og_image":[{"width":2048,"height":1396,"url":"https:\/\/gatewaypartners.eu\/hr\/wp-content\/uploads\/sites\/11\/2016\/11\/airport-about.jpg","type":"image\/jpeg"}],"twitter_card":"summary_large_image","schema":{"@context":"https:\/\/schema.org","@graph":[{"@type":"WebPage","@id":"https:\/\/gatewaypartners.eu\/hr\/o-nama\/","url":"https:\/\/gatewaypartners.eu\/hr\/o-nama\/","name":"O Nama | Gateway & Partners","isPartOf":{"@id":"https:\/\/gatewaypartners.eu\/hr\/#website"},"datePublished":"2016-11-25T16:08:51+00:00","dateModified":"2026-04-08T15:23:37+00:00","description":"Na\u0161a misija je izvozna strategija koja poti\u010de rast izvozne prodaje. Gradimo dobre odnose s kupcima. Na\u0161u pri\u010du mo\u017eete prona\u0107i ovdje!","inLanguage":"hr","potentialAction":[{"@type":"ReadAction","target":["https:\/\/gatewaypartners.eu\/hr\/o-nama\/"]}]},{"@type":"WebSite","@id":"https:\/\/gatewaypartners.eu\/hr\/#website","url":"https:\/\/gatewaypartners.eu\/hr\/","name":"Gateway &amp; Partners","description":"Your Export Powerhouse","potentialAction":[{"@type":"SearchAction","target":{"@type":"EntryPoint","urlTemplate":"https:\/\/gatewaypartners.eu\/hr\/?s={search_term_string}"},"query-input":"required name=search_term_string"}],"inLanguage":"hr"}]}},"_links":{"self":[{"href":"https:\/\/gatewaypartners.eu\/hr\/wp-json\/wp\/v2\/pages\/71","targetHints":{"allow":["GET"]}}],"collection":[{"href":"https:\/\/gatewaypartners.eu\/hr\/wp-json\/wp\/v2\/pages"}],"about":[{"href":"https:\/\/gatewaypartners.eu\/hr\/wp-json\/wp\/v2\/types\/page"}],"author":[{"embeddable":true,"href":"https:\/\/gatewaypartners.eu\/hr\/wp-json\/wp\/v2\/users\/1"}],"replies":[{"embeddable":true,"href":"https:\/\/gatewaypartners.eu\/hr\/wp-json\/wp\/v2\/comments?post=71"}],"version-history":[{"count":107,"href":"https:\/\/gatewaypartners.eu\/hr\/wp-json\/wp\/v2\/pages\/71\/revisions"}],"predecessor-version":[{"id":2739,"href":"https:\/\/gatewaypartners.eu\/hr\/wp-json\/wp\/v2\/pages\/71\/revisions\/2739"}],"wp:featuredmedia":[{"embeddable":true,"href":"https:\/\/gatewaypartners.eu\/hr\/wp-json\/wp\/v2\/media\/311"}],"wp:attachment":[{"href":"https:\/\/gatewaypartners.eu\/hr\/wp-json\/wp\/v2\/media?parent=71"}],"curies":[{"name":"wp","href":"https:\/\/api.w.org\/{rel}","templated":true}]}}