{"id":73,"date":"2016-11-25T16:09:04","date_gmt":"2016-11-25T14:09:04","guid":{"rendered":"http:\/\/gatewaypartners.eu\/?page_id=73"},"modified":"2024-11-15T16:01:49","modified_gmt":"2024-11-15T14:01:49","slug":"karijera","status":"publish","type":"page","link":"https:\/\/gatewaypartners.eu\/hr\/karijera\/","title":{"rendered":"Karijera"},"content":{"rendered":"<p>Gateway &amp; Partners je tim visoko motiviranih, energi\u010dnih i me\u0111unarodno orijentiranih ljudi sa stra\u0161\u0107u za podr\u017eavanjem rasta na\u0161ih klijenata! Pridru\u017eivanjem na\u0161em timu mladi stru\u010dnjaci ne samo da u\u010de i do\u017eivljavaju me\u0111unarodnu trgovinu na djelu, ve\u0107 se tako\u0111er pridru\u017euju dinami\u010dnom i prijateljskom okru\u017eenju.<\/p>\n<h3 style=\"text-align: center;\"><strong>Na\u0161i vrijednosti<\/strong><\/h3>\n<p><img loading=\"lazy\" decoding=\"async\" class=\"aligncenter wp-image-2475\" src=\"http:\/\/gatewaypartners.eu\/hr\/hr\/wp-content\/uploads\/sites\/11\/2022\/10\/International-community-1-1024x683.png\" alt=\"\" width=\"550\" height=\"367\" srcset=\"https:\/\/gatewaypartners.eu\/hr\/wp-content\/uploads\/sites\/11\/2022\/10\/International-community-1-1024x683.png 1024w, https:\/\/gatewaypartners.eu\/hr\/wp-content\/uploads\/sites\/11\/2022\/10\/International-community-1-300x200.png 300w, https:\/\/gatewaypartners.eu\/hr\/wp-content\/uploads\/sites\/11\/2022\/10\/International-community-1-768x512.png 768w, https:\/\/gatewaypartners.eu\/hr\/wp-content\/uploads\/sites\/11\/2022\/10\/International-community-1-1536x1024.png 1536w, https:\/\/gatewaypartners.eu\/hr\/wp-content\/uploads\/sites\/11\/2022\/10\/International-community-1.png 2048w\" sizes=\"auto, (max-width: 550px) 100vw, 550px\" \/><\/p>\n<p>U Gateway&amp;Partners mi nudimo:<\/p>\n<ul>\n<li>Prilika za u\u010denje i rast<\/li>\n<li>Trening poslovne komunikacije<\/li>\n<li>Odli\u010dna kava i interna doga\u0111anja<\/li>\n<li>Razli\u010diti i ljubazni kolege<\/li>\n<li>Dnevna doza izazova<\/li>\n<\/ul>\n<h3 style=\"text-align: center;\"><strong>Za\u0161to na\u0161i zaposlenici voli raditi kod nas<\/strong><\/h3>\n<p><img loading=\"lazy\" decoding=\"async\" class=\"aligncenter wp-image-2479\" src=\"http:\/\/gatewaypartners.eu\/hr\/hr\/wp-content\/uploads\/sites\/11\/2022\/10\/Eng-300x200.png\" alt=\"\" width=\"1000\" height=\"667\" srcset=\"https:\/\/gatewaypartners.eu\/hr\/wp-content\/uploads\/sites\/11\/2022\/10\/Eng-300x200.png 300w, https:\/\/gatewaypartners.eu\/hr\/wp-content\/uploads\/sites\/11\/2022\/10\/Eng-1024x683.png 1024w, https:\/\/gatewaypartners.eu\/hr\/wp-content\/uploads\/sites\/11\/2022\/10\/Eng-768x512.png 768w, https:\/\/gatewaypartners.eu\/hr\/wp-content\/uploads\/sites\/11\/2022\/10\/Eng-1536x1024.png 1536w, https:\/\/gatewaypartners.eu\/hr\/wp-content\/uploads\/sites\/11\/2022\/10\/Eng.png 2048w\" sizes=\"auto, (max-width: 1000px) 100vw, 1000px\" \/><\/p>\n<p>&nbsp;<\/p>\n<p>Ako ste:<\/p>\n<ul>\n<li>Tra\u017eim me\u0111unarodno okru\u017eenje u srcu Rige<\/li>\n<li>Zanima me me\u0111unarodno poslovanje<\/li>\n<li>Dobro poznajem engleski i\/ili drugi strani jezik<\/li>\n<li>Zanima me razne industrije, tr\u017ei\u0161ta, poslovni procesi<\/li>\n<li>Prirodno u komunikaciji sa svakim<\/li>\n<li>Mo\u017eda ste zainteresirani za istra\u017eivanje tr\u017ei\u0161ta<\/li>\n<\/ul>\n<p>Pridru\u017eite se na\u0161em timu na puno radno vrijeme, honorarno ili kao freelancer!<\/p>\n<h3><strong>Prijavite se<\/strong><\/h3>\n<p>Po\u0161aljite svoj CV i motivacijsko pismo na <a href=\"mailto:hr@gatewaypartners.eu\"><strong>hr@gatewaypartners.eu<\/strong><\/a><\/p>\n","protected":false},"excerpt":{"rendered":"<p>Ako ste zainteresirani za me\u0111unarodno poslovanje i spremni ste za strmu krivulju u\u010denja, pridru\u017eite se na\u0161em timu!<\/p>\n","protected":false},"author":1,"featured_media":2462,"parent":0,"menu_order":0,"comment_status":"closed","ping_status":"closed","template":"template-careers.php","meta":{"inline_featured_image":false,"footnotes":""},"class_list":["post-73","page","type-page","status-publish","has-post-thumbnail","hentry"],"acf":[],"yoast_head":"<!-- This site is optimized with the Yoast SEO plugin v20.2.1 - https:\/\/yoast.com\/wordpress\/plugins\/seo\/ -->\n<title>Karijera | Gateway &amp; Partners<\/title>\n<meta name=\"description\" content=\"Pridru\u017eivanjem na\u0161em timu ne samo da nau\u010dite i iskusite me\u0111unarodnu trgovinu na djelu, ve\u0107 se pridru\u017eite i dinami\u010dnom i prijateljskom okru\u017eenju. Jeste li spremni raditi s nama?\" \/>\n<meta name=\"robots\" content=\"index, follow, max-snippet:-1, max-image-preview:large, max-video-preview:-1\" \/>\n<link rel=\"canonical\" href=\"https:\/\/gatewaypartners.eu\/hr\/karijera\/\" \/>\n<meta property=\"og:locale\" content=\"hr_HR\" \/>\n<meta property=\"og:type\" content=\"article\" \/>\n<meta property=\"og:title\" content=\"Karijera | Gateway &amp; Partners\" \/>\n<meta property=\"og:description\" content=\"Pridru\u017eivanjem na\u0161em timu ne samo da nau\u010dite i iskusite me\u0111unarodnu trgovinu na djelu, ve\u0107 se pridru\u017eite i dinami\u010dnom i prijateljskom okru\u017eenju. Jeste li spremni raditi s nama?\" \/>\n<meta property=\"og:url\" content=\"https:\/\/gatewaypartners.eu\/hr\/karijera\/\" \/>\n<meta property=\"og:site_name\" content=\"Gateway &amp; Partners\" \/>\n<meta property=\"article:modified_time\" content=\"2024-11-15T14:01:49+00:00\" \/>\n<meta property=\"og:image\" content=\"https:\/\/gatewaypartners.eu\/hr\/wp-content\/uploads\/sites\/11\/2022\/10\/mailchimp-04X1Yp9hNH8-unsplash.jpg\" \/>\n\t<meta property=\"og:image:width\" content=\"2048\" \/>\n\t<meta property=\"og:image:height\" content=\"1365\" \/>\n\t<meta property=\"og:image:type\" content=\"image\/jpeg\" \/>\n<meta name=\"twitter:card\" content=\"summary_large_image\" \/>\n<script type=\"application\/ld+json\" class=\"yoast-schema-graph\">{\"@context\":\"https:\/\/schema.org\",\"@graph\":[{\"@type\":\"WebPage\",\"@id\":\"https:\/\/gatewaypartners.eu\/hr\/karijera\/\",\"url\":\"https:\/\/gatewaypartners.eu\/hr\/karijera\/\",\"name\":\"Karijera | Gateway & Partners\",\"isPartOf\":{\"@id\":\"https:\/\/gatewaypartners.eu\/hr\/#website\"},\"datePublished\":\"2016-11-25T14:09:04+00:00\",\"dateModified\":\"2024-11-15T14:01:49+00:00\",\"description\":\"Pridru\u017eivanjem na\u0161em timu ne samo da nau\u010dite i iskusite me\u0111unarodnu trgovinu na djelu, ve\u0107 se pridru\u017eite i dinami\u010dnom i prijateljskom okru\u017eenju. Jeste li spremni raditi s nama?\",\"inLanguage\":\"hr\",\"potentialAction\":[{\"@type\":\"ReadAction\",\"target\":[\"https:\/\/gatewaypartners.eu\/hr\/karijera\/\"]}]},{\"@type\":\"WebSite\",\"@id\":\"https:\/\/gatewaypartners.eu\/hr\/#website\",\"url\":\"https:\/\/gatewaypartners.eu\/hr\/\",\"name\":\"Gateway &amp; Partners\",\"description\":\"Your Export Powerhouse\",\"potentialAction\":[{\"@type\":\"SearchAction\",\"target\":{\"@type\":\"EntryPoint\",\"urlTemplate\":\"https:\/\/gatewaypartners.eu\/hr\/?s={search_term_string}\"},\"query-input\":\"required name=search_term_string\"}],\"inLanguage\":\"hr\"}]}<\/script>\n<!-- \/ Yoast SEO plugin. -->","yoast_head_json":{"title":"Karijera | Gateway & Partners","description":"Pridru\u017eivanjem na\u0161em timu ne samo da nau\u010dite i iskusite me\u0111unarodnu trgovinu na djelu, ve\u0107 se pridru\u017eite i dinami\u010dnom i prijateljskom okru\u017eenju. Jeste li spremni raditi s nama?","robots":{"index":"index","follow":"follow","max-snippet":"max-snippet:-1","max-image-preview":"max-image-preview:large","max-video-preview":"max-video-preview:-1"},"canonical":"https:\/\/gatewaypartners.eu\/hr\/karijera\/","og_locale":"hr_HR","og_type":"article","og_title":"Karijera | Gateway & Partners","og_description":"Pridru\u017eivanjem na\u0161em timu ne samo da nau\u010dite i iskusite me\u0111unarodnu trgovinu na djelu, ve\u0107 se pridru\u017eite i dinami\u010dnom i prijateljskom okru\u017eenju. Jeste li spremni raditi s nama?","og_url":"https:\/\/gatewaypartners.eu\/hr\/karijera\/","og_site_name":"Gateway &amp; Partners","article_modified_time":"2024-11-15T14:01:49+00:00","og_image":[{"width":2048,"height":1365,"url":"https:\/\/gatewaypartners.eu\/hr\/wp-content\/uploads\/sites\/11\/2022\/10\/mailchimp-04X1Yp9hNH8-unsplash.jpg","type":"image\/jpeg"}],"twitter_card":"summary_large_image","schema":{"@context":"https:\/\/schema.org","@graph":[{"@type":"WebPage","@id":"https:\/\/gatewaypartners.eu\/hr\/karijera\/","url":"https:\/\/gatewaypartners.eu\/hr\/karijera\/","name":"Karijera | Gateway & Partners","isPartOf":{"@id":"https:\/\/gatewaypartners.eu\/hr\/#website"},"datePublished":"2016-11-25T14:09:04+00:00","dateModified":"2024-11-15T14:01:49+00:00","description":"Pridru\u017eivanjem na\u0161em timu ne samo da nau\u010dite i iskusite me\u0111unarodnu trgovinu na djelu, ve\u0107 se pridru\u017eite i dinami\u010dnom i prijateljskom okru\u017eenju. Jeste li spremni raditi s nama?","inLanguage":"hr","potentialAction":[{"@type":"ReadAction","target":["https:\/\/gatewaypartners.eu\/hr\/karijera\/"]}]},{"@type":"WebSite","@id":"https:\/\/gatewaypartners.eu\/hr\/#website","url":"https:\/\/gatewaypartners.eu\/hr\/","name":"Gateway &amp; Partners","description":"Your Export Powerhouse","potentialAction":[{"@type":"SearchAction","target":{"@type":"EntryPoint","urlTemplate":"https:\/\/gatewaypartners.eu\/hr\/?s={search_term_string}"},"query-input":"required name=search_term_string"}],"inLanguage":"hr"}]}},"_links":{"self":[{"href":"https:\/\/gatewaypartners.eu\/hr\/wp-json\/wp\/v2\/pages\/73","targetHints":{"allow":["GET"]}}],"collection":[{"href":"https:\/\/gatewaypartners.eu\/hr\/wp-json\/wp\/v2\/pages"}],"about":[{"href":"https:\/\/gatewaypartners.eu\/hr\/wp-json\/wp\/v2\/types\/page"}],"author":[{"embeddable":true,"href":"https:\/\/gatewaypartners.eu\/hr\/wp-json\/wp\/v2\/users\/1"}],"replies":[{"embeddable":true,"href":"https:\/\/gatewaypartners.eu\/hr\/wp-json\/wp\/v2\/comments?post=73"}],"version-history":[{"count":38,"href":"https:\/\/gatewaypartners.eu\/hr\/wp-json\/wp\/v2\/pages\/73\/revisions"}],"predecessor-version":[{"id":2727,"href":"https:\/\/gatewaypartners.eu\/hr\/wp-json\/wp\/v2\/pages\/73\/revisions\/2727"}],"wp:featuredmedia":[{"embeddable":true,"href":"https:\/\/gatewaypartners.eu\/hr\/wp-json\/wp\/v2\/media\/2462"}],"wp:attachment":[{"href":"https:\/\/gatewaypartners.eu\/hr\/wp-json\/wp\/v2\/media?parent=73"}],"curies":[{"name":"wp","href":"https:\/\/api.w.org\/{rel}","templated":true}]}}