{"id":1332,"date":"2022-11-22T10:35:48","date_gmt":"2022-11-22T08:35:48","guid":{"rendered":"https:\/\/gatewaypartners.eu\/lt\/?page_id=1332"},"modified":"2023-02-01T14:02:00","modified_gmt":"2023-02-01T12:02:00","slug":"daznai-uzduodami-klausimai-duk","status":"publish","type":"page","link":"https:\/\/gatewaypartners.eu\/lt\/daznai-uzduodami-klausimai-duk\/","title":{"rendered":"Da\u017enai u\u017eduodami klausimai (DUK)"},"content":{"rendered":"<ul style=\"list-style-type:none;>\n<li><input checked=\"checked\" type=\"checkbox\" \/><i><\/i><br \/>\n<h2>Kaip prad\u0117ti eksport\u0105?<br \/>\n<\/h2>\n<p>Prad\u0117ti eksportuoti \u012f u\u017esienio rinkas da\u017eniausiai naudojamos kelios \u012f\u0117jimo \u012f rink\u0105 strategijos \u2013 pardavimas tiesiogiai klientams; naudojant atstov\u0105 tikslin\u0117je rinkoje; strategin\u0117s partneryst\u0117s k\u016brimas su rinkoje jau veikian\u010dia vietos \u012fmone. Nuo j\u016bs\u0173 verslo modelio priklauso, kuri\u0105 strategij\u0105 tinkamiausia taikyti jums.\n<\/li>\n<li><input checked=\"checked\" type=\"checkbox\" \/><i><\/i><br \/>\n<h2>Kaip u\u017esienio rinkoje rasti importuotojus, platintojus, pardav\u0117jus ir pan.?<br \/>\n<\/h2>\n<p>Internete yra daug duomen\u0173 bazi\u0173, kuriose pateikiami \u012fmoni\u0173 s\u0105ra\u0161ai i\u0161 viso pasaulio. Kai kurios i\u0161 j\u0173 yra prieinamos nemokamai, ta\u010diau u\u017e kai kurias reikia mok\u0117ti. Kitas variantas \u2013 ie\u0161koti internete nenaudojant duomen\u0173 bazi\u0173. Tokiai paie\u0161kai gali tekti skirti daug laiko. Daugeliu atvej\u0173 \u012fmon\u0117s susiranda partnerius dalyvaudamos su j\u0173 veikla susijusiose parodose, ta\u010diau tai brangus procesas. (Tur\u0117dama 18 met\u0173 partneri\u0173 paie\u0161kos patirt\u012f ir daugiau nei 70\u00a0000 kontakt\u0173 duomen\u0173 baz\u0119, \u201eGateway&#038;Partners\u201c si\u016blo sprendim\u0105, kaip sutaupyti laiko ir pinig\u0173. Susisiekite su mumis ir su\u017einokite, kaip galime pad\u0117ti.)\n<\/li>\n<li><input checked=\"checked\" type=\"checkbox\" \/><br \/>\n<i><\/i><\/p>\n<h2>Koks yra geriausias b\u016bdas gauti tam tikros \u0161alies rinkos tyrimus?<br \/>\n<\/h2>\n<p>Vienas i\u0161 b\u016bd\u0173 gauti tyrimus apie konkre\u010di\u0105 rink\u0105 ir pramon\u0119 yra tai padaryti patiems. Tyrimas apima pirmini\u0173 ir antrini\u0173 duomen\u0173 rinkim\u0105 ir j\u0173 analiz\u0119, kad b\u016bt\u0173 padarytos i\u0161vados. Antrinis tyrimas susideda i\u0161 bendr\u0173j\u0173 duomen\u0173 arba duomen\u0173, kurie nebuvo renkami konkre\u010diai u\u017eduo\u010diai atlikti. Paprastai tai yra vyriausybi\u0173 ir priva\u010di\u0173 organizacij\u0173 atliekama ir pateikta statistika ir tyrim\u0173 rezultatai. Pirminis tyrimas \u2013 tai duomen\u0173 rinkimas interviu, apklaus\u0173, eksperiment\u0173 ir pan. metu, kai gaunate informacij\u0105, reikaling\u0105 konkre\u010diai u\u017eduo\u010diai atlikti. Ta\u010diau yra \u012fmoni\u0173, kurios kasdien atlieka rinkos tyrim\u0173 u\u017eduotis ir gali pateikti rinkos analiz\u0119, specialiai pritaikyt\u0105 j\u016bs\u0173 interesams ir poreikiams.\n<\/li>\n<li>\n<input checked=\"checked\" type=\"checkbox\" \/><br \/>\n<i><\/i><\/p>\n<h2>Koks yra geriausias b\u016bdas rasti mano produkto potencialias rinkas?<br \/>\n<\/h2>\n<p>Atlikdami rinkos tyrim\u0105 apie pramon\u0117s \u0161ak\u0105, kurioje dirbate. Tai leis suprasti rinkos tendencijas, pramon\u0117s situacij\u0105 \u012fvairiose \u0161alyse ir tai, kur j\u016bs\u0173 produktas gali b\u016bti s\u0117kmingai pritaikytas vietini\u0173 klient\u0173.\n<\/li>\n<li><input checked=\"checked\" type=\"checkbox\" \/><br \/>\n<i><\/i><\/p>\n<h2>Tikiu, kad mano \u012fmon\u0117s produktas b\u016bt\u0173 s\u0117kmingas kitose \u0161alyse, bet ne\u017einau, kur prad\u0117ti eksportuoti. Ar yra kokia pagalba \u012fmon\u0117ms, norin\u010dioms prad\u0117ti eksportuoti?<br \/>\n<\/h2>\n<p>Geriausias b\u016bdas gauti pagalbos \u2014 kreiptis \u012f konsultacines \u012fmones, kurios teikia rinkos analiz\u0117s paslaugas. Tokios \u012fmon\u0117s turi reikiam\u0173 \u017eini\u0173, kad gal\u0117t\u0173 jums patarti.\n<\/li>\n<li><input checked=\"checked\" type=\"checkbox\" \/><br \/>\n<i><\/i><\/p>\n<h2>Kas yra b\u016btina \u017einoti prie\u0161 pradedant eksportuoti?<br \/>\n<\/h2>\n<p>Pirmiausia tur\u0117tum\u0117te prad\u0117ti nuo eksporto strategijos k\u016brimo. Nor\u0117dami tai padaryti, turite suprasti savo verslo model\u012f, \u017einoti savo produkt\u0105, apibr\u0117\u017eti tobul\u0105 klient\u0105, galvoti apie norimas eksporto tikslines rinkas. Jei turite pakankamai \u017emogi\u0161k\u0173j\u0173 ir finansini\u0173 i\u0161tekli\u0173, gamybini\u0173 paj\u0117gum\u0173 ir konkurencing\u0105 produkt\u0105, einate s\u0117kmingo eksporto keliu. Atsi\u017evelgiant \u012f j\u016bs\u0173 gamin\u012f, reik\u0117t\u0173 per\u017ei\u016br\u0117ti vietinius importo reglamentus ir sertifikavimo poreikius, skirtus konkre\u010diam produktui ar paslaugai.\n<\/li>\n<li><input checked=\"checked\" type=\"checkbox\" \/><br \/>\n<i><\/i><\/p>\n<h2>Kokie yra pirmieji \u017eingsniai norint prad\u0117ti eksportuoti?<br \/>\n<\/h2>\n<p>\u012evertinti savo produkt\u0173 ar paslaug\u0173 eksporto potencial\u0105; nustatyti ir i\u0161tirti norimas eksporto tikslines rinkas; apsvarstyti geriausi\u0105 eksporto strategij\u0105 norint patekti \u012f u\u017esienio rink\u0105.\n<\/li>\n<li><input checked=\"checked\" type=\"checkbox\" \/><br \/>\n<i><\/i><\/p>\n<h2>Kod\u0117l svarbus eksportas verslui?<br \/>\n<\/h2>\n<p>Eksportas yra puikus b\u016bdas pl\u0117sti \u012fmon\u0117s pardavimus ir skatinti spartesn\u012f verslo augim\u0105. Tai b\u016bdas pasiekti daugiau nauj\u0173 klient\u0173, pl\u0117sti gamyb\u0105, sukurti daugiau darbo viet\u0173 ir generuoti didesn\u0119 apyvart\u0105 bei pajamas.\n<\/li>\n<\/ul>\n<p><!--\n\n<div class=\"row\">\n\n\n<div class=\"col-md-4\"><\/div>\n\n\n\n\n<div class=\"col-md-4\">\n<a href=\"https:\/\/gatewaypartners.eu\/contacts\/\"><button type=\"button\">If you have more questions contact US<\/button> <\/a>\n<\/div>\n\n\n\n\n<div class=\"col-md-4\"><\/div>\n\n\n<\/div>\n\n--><\/p>\n<div class=\"container page-content\">\n<div class=\"row\">\n<div class=\"col-sm-10 col-sm-offset-1 col-md-8 col-md-offset-2\">\n<button class=\"form-modal btn btn-primary btn-lg\" type=\"button\" data-toggle=\"modal\" data-target=\"#contact-form\">Ask your own question<\/button>\n<\/div>\n<\/div>\n<\/div>\n<style>\nul li {\n  position: relative;\n  padding: 0;\n  margin: 0;\n  padding-bottom: 4px;\n  padding-top: 18px;\n  border-top: 1px dotted #dce7eb;\n}\nul li i {\n  position: absolute;\n  transform: translate(-6px, 0);\n  margin-top: 40px;\n  right: 0;\n}\nul li h2 {\n  margin-right:15px\n}\nul li i:before, ul li i:after {\n  content: \"\";\n  position: absolute;\n  background-color: #899A1B;;\n  width: 3px;\n  height: 9px;\n}\nul li i:before {\n  transform: translate(-2px, 0) rotate(45deg);\n}\nul li i:after {\n  transform: translate(2px, 0) rotate(-45deg);\n}\nul li input[type=checkbox] {\n  position: absolute;\n  cursor: pointer;\n  width: 100%;\n  height: 100%;\n  z-index: 1;\n  opacity: 0;\n}\nul li input[type=checkbox]:checked ~ p {\n  margin-top: 0;\n  max-height: 0;\n  opacity: 0;\n  transform: translate(0, 50%);\n}\nul li input[type=checkbox]:checked ~ i:before {\n  transform: translate(2px, 0) rotate(45deg);\n}\nul li input[type=checkbox]:checked ~ i:after {\n  transform: translate(-2px, 0) rotate(-45deg);\n}<\/p>\n<p>@keyframes flipdown {\n  0% {\n    opacity: 0;\n    transform-origin: top center;\n    transform: rotateX(-90deg);\n  }\n  5% {\n    opacity: 1;\n  }\n  80% {\n    transform: rotateX(8deg);\n  }\n  83% {\n    transform: rotateX(6deg);\n  }\n  92% {\n    transform: rotateX(-3deg);\n  }\n  100% {\n    transform-origin: top center;\n    transform: rotateX(0deg);\n  }\n}\n<\/style>\n<p><script type=\"application\/ld+json\">\n{\n  \"@context\": \"https:\/\/schema.org\",\n  \"@type\": \"FAQPage\",\n  \"mainEntity\": [{\n    \"@type\": \"Question\",\n    \"name\": \"Kaip prad\u0117ti eksport\u0105?\",\n    \"acceptedAnswer\": {\n      \"@type\": \"Answer\",\n      \"text\": \"Prad\u0117ti eksportuoti \u012f u\u017esienio rinkas da\u017eniausiai naudojamos kelios \u012f\u0117jimo \u012f rink\u0105 strategijos \u2013 pardavimas tiesiogiai klientams; naudojant atstov\u0105 tikslin\u0117je rinkoje; strategin\u0117s partneryst\u0117s k\u016brimas su rinkoje jau veikian\u010dia vietos \u012fmone. Nuo j\u016bs\u0173 verslo modelio priklauso, kuri\u0105 strategij\u0105 tinkamiausia taikyti jums.\"\n    }\n  },{\n    \"@type\": \"Question\",\n    \"name\": \"Kaip u\u017esienio rinkoje rasti importuotojus, platintojus, pardav\u0117jus ir pan.?\",\n    \"acceptedAnswer\": {\n      \"@type\": \"Answer\",\n      \"text\": \"Internete yra daug duomen\u0173 bazi\u0173, kuriose pateikiami \u012fmoni\u0173 s\u0105ra\u0161ai i\u0161 viso pasaulio. Kai kurios i\u0161 j\u0173 yra prieinamos nemokamai, ta\u010diau u\u017e kai kurias reikia mok\u0117ti. Kitas variantas \u2013 ie\u0161koti internete nenaudojant duomen\u0173 bazi\u0173. Tokiai paie\u0161kai gali tekti skirti daug laiko. Daugeliu atvej\u0173 \u012fmon\u0117s susiranda partnerius dalyvaudamos su j\u0173 veikla susijusiose parodose, ta\u010diau tai brangus procesas. (Tur\u0117dama 18 met\u0173 partneri\u0173 paie\u0161kos patirt\u012f ir daugiau nei 70 000 kontakt\u0173 duomen\u0173 baz\u0119, \u201eGateway&Partners\u201c si\u016blo sprendim\u0105, kaip sutaupyti laiko ir pinig\u0173. Susisiekite su mumis ir su\u017einokite, kaip galime pad\u0117ti.)\"\n    }\n  },{\n    \"@type\": \"Question\",\n    \"name\": \"Koks yra geriausias b\u016bdas gauti tam tikros \u0161alies rinkos tyrimus?\",\n    \"acceptedAnswer\": {\n      \"@type\": \"Answer\",\n      \"text\": \"Vienas i\u0161 b\u016bd\u0173 gauti tyrimus apie konkre\u010di\u0105 rink\u0105 ir pramon\u0119 yra tai padaryti patiems. Tyrimas apima pirmini\u0173 ir antrini\u0173 duomen\u0173 rinkim\u0105 ir j\u0173 analiz\u0119, kad b\u016bt\u0173 padarytos i\u0161vados. Antrinis tyrimas susideda i\u0161 bendr\u0173j\u0173 duomen\u0173 arba duomen\u0173, kurie nebuvo renkami konkre\u010diai u\u017eduo\u010diai atlikti. Paprastai tai yra vyriausybi\u0173 ir priva\u010di\u0173 organizacij\u0173 atliekama ir pateikta statistika ir tyrim\u0173 rezultatai. Pirminis tyrimas \u2013 tai duomen\u0173 rinkimas interviu, apklaus\u0173, eksperiment\u0173 ir pan. metu, kai gaunate informacij\u0105, reikaling\u0105 konkre\u010diai u\u017eduo\u010diai atlikti. Ta\u010diau yra \u012fmoni\u0173, kurios kasdien atlieka rinkos tyrim\u0173 u\u017eduotis ir gali pateikti rinkos analiz\u0119, specialiai pritaikyt\u0105 j\u016bs\u0173 interesams ir poreikiams.\"\n    }\n  },{\n    \"@type\": \"Question\",\n    \"name\": \"Koks yra geriausias b\u016bdas rasti mano produkto potencialias rinkas?\",\n    \"acceptedAnswer\": {\n      \"@type\": \"Answer\",\n      \"text\": \"Atlikdami rinkos tyrim\u0105 apie pramon\u0117s \u0161ak\u0105, kurioje dirbate. Tai leis suprasti rinkos tendencijas, pramon\u0117s situacij\u0105 \u012fvairiose \u0161alyse ir tai, kur j\u016bs\u0173 produktas gali b\u016bti s\u0117kmingai pritaikytas vietini\u0173 klient\u0173.\"\n    }\n  },{\n    \"@type\": \"Question\",\n    \"name\": \"Tikiu, kad mano \u012fmon\u0117s produktas b\u016bt\u0173 s\u0117kmingas kitose \u0161alyse, bet ne\u017einau, kur prad\u0117ti eksportuoti. Ar yra kokia pagalba \u012fmon\u0117ms, norin\u010dioms prad\u0117ti eksportuoti?\",\n    \"acceptedAnswer\": {\n      \"@type\": \"Answer\",\n      \"text\": \"Geriausias b\u016bdas gauti pagalbos \u2014 kreiptis \u012f konsultacines \u012fmones, kurios teikia rinkos analiz\u0117s paslaugas. Tokios \u012fmon\u0117s turi reikiam\u0173 \u017eini\u0173, kad gal\u0117t\u0173 jums patarti.\"\n    }\n  },{\n    \"@type\": \"Question\",\n    \"name\": \"Kas yra b\u016btina \u017einoti prie\u0161 pradedant eksportuoti?\",\n    \"acceptedAnswer\": {\n      \"@type\": \"Answer\",\n      \"text\": \"Pirmiausia tur\u0117tum\u0117te prad\u0117ti nuo eksporto strategijos k\u016brimo. Nor\u0117dami tai padaryti, turite suprasti savo verslo model\u012f, \u017einoti savo produkt\u0105, apibr\u0117\u017eti tobul\u0105 klient\u0105, galvoti apie norimas eksporto tikslines rinkas. Jei turite pakankamai \u017emogi\u0161k\u0173j\u0173 ir finansini\u0173 i\u0161tekli\u0173, gamybini\u0173 paj\u0117gum\u0173 ir konkurencing\u0105 produkt\u0105, einate s\u0117kmingo eksporto keliu. Atsi\u017evelgiant \u012f j\u016bs\u0173 gamin\u012f, reik\u0117t\u0173 per\u017ei\u016br\u0117ti vietinius importo reglamentus ir sertifikavimo poreikius, skirtus konkre\u010diam produktui ar paslaugai.\"\n    }\n  },{\n    \"@type\": \"Question\",\n    \"name\": \"Kokie yra pirmieji \u017eingsniai norint prad\u0117ti eksportuoti?\",\n    \"acceptedAnswer\": {\n      \"@type\": \"Answer\",\n      \"text\": \"\u012evertinti savo produkt\u0173 ar paslaug\u0173 eksporto potencial\u0105; nustatyti ir i\u0161tirti norimas eksporto tikslines rinkas; apsvarstyti geriausi\u0105 eksporto strategij\u0105 norint patekti \u012f u\u017esienio rink\u0105.\"\n    }\n  },{\n    \"@type\": \"Question\",\n    \"name\": \"Kod\u0117l svarbus eksportas verslui?\",\n    \"acceptedAnswer\": {\n      \"@type\": \"Answer\",\n      \"text\": \"Eksportas yra puikus b\u016bdas pl\u0117sti \u012fmon\u0117s pardavimus ir skatinti spartesn\u012f verslo augim\u0105. Tai b\u016bdas pasiekti daugiau nauj\u0173 klient\u0173, pl\u0117sti gamyb\u0105, sukurti daugiau darbo viet\u0173 ir generuoti didesn\u0119 apyvart\u0105 bei pajamas.\"\n    }\n  }]\n}\n<\/script><\/p>\n","protected":false},"excerpt":{"rendered":"","protected":false},"author":3,"featured_media":0,"parent":0,"menu_order":0,"comment_status":"closed","ping_status":"closed","template":"","meta":{"inline_featured_image":false,"footnotes":""},"class_list":["post-1332","page","type-page","status-publish","hentry"],"acf":[],"yoast_head":"<!-- This site is optimized with the Yoast SEO plugin v20.2.1 - https:\/\/yoast.com\/wordpress\/plugins\/seo\/ -->\n<title>Da\u017enai u\u017eduodami klausimai (DUK) - Gateway &amp; Partners<\/title>\n<meta name=\"robots\" content=\"index, follow, max-snippet:-1, max-image-preview:large, max-video-preview:-1\" \/>\n<link rel=\"canonical\" href=\"https:\/\/gatewaypartners.eu\/lt\/daznai-uzduodami-klausimai-duk\/\" \/>\n<meta property=\"og:locale\" content=\"lt_LT\" \/>\n<meta property=\"og:type\" content=\"article\" \/>\n<meta property=\"og:title\" content=\"Da\u017enai u\u017eduodami klausimai (DUK) - Gateway &amp; Partners\" \/>\n<meta property=\"og:url\" content=\"https:\/\/gatewaypartners.eu\/lt\/daznai-uzduodami-klausimai-duk\/\" \/>\n<meta property=\"og:site_name\" content=\"Gateway &amp; Partners\" \/>\n<meta property=\"article:modified_time\" content=\"2023-02-01T12:02:00+00:00\" \/>\n<meta name=\"twitter:card\" content=\"summary_large_image\" \/>\n<script type=\"application\/ld+json\" class=\"yoast-schema-graph\">{\"@context\":\"https:\/\/schema.org\",\"@graph\":[{\"@type\":\"WebPage\",\"@id\":\"https:\/\/gatewaypartners.eu\/lt\/daznai-uzduodami-klausimai-duk\/\",\"url\":\"https:\/\/gatewaypartners.eu\/lt\/daznai-uzduodami-klausimai-duk\/\",\"name\":\"Da\u017enai u\u017eduodami klausimai (DUK) - Gateway &amp; Partners\",\"isPartOf\":{\"@id\":\"https:\/\/gatewaypartners.eu\/lt\/#website\"},\"datePublished\":\"2022-11-22T08:35:48+00:00\",\"dateModified\":\"2023-02-01T12:02:00+00:00\",\"inLanguage\":\"lt-LT\",\"potentialAction\":[{\"@type\":\"ReadAction\",\"target\":[\"https:\/\/gatewaypartners.eu\/lt\/daznai-uzduodami-klausimai-duk\/\"]}]},{\"@type\":\"WebSite\",\"@id\":\"https:\/\/gatewaypartners.eu\/lt\/#website\",\"url\":\"https:\/\/gatewaypartners.eu\/lt\/\",\"name\":\"Gateway &amp; Partners\",\"description\":\"J\u016bs\u0173 patikimiausias Eksporto Pl\u0117tros Partneris.\",\"potentialAction\":[{\"@type\":\"SearchAction\",\"target\":{\"@type\":\"EntryPoint\",\"urlTemplate\":\"https:\/\/gatewaypartners.eu\/lt\/?s={search_term_string}\"},\"query-input\":\"required name=search_term_string\"}],\"inLanguage\":\"lt-LT\"}]}<\/script>\n<!-- \/ Yoast SEO plugin. -->","yoast_head_json":{"title":"Da\u017enai u\u017eduodami klausimai (DUK) - Gateway &amp; Partners","robots":{"index":"index","follow":"follow","max-snippet":"max-snippet:-1","max-image-preview":"max-image-preview:large","max-video-preview":"max-video-preview:-1"},"canonical":"https:\/\/gatewaypartners.eu\/lt\/daznai-uzduodami-klausimai-duk\/","og_locale":"lt_LT","og_type":"article","og_title":"Da\u017enai u\u017eduodami klausimai (DUK) - Gateway &amp; Partners","og_url":"https:\/\/gatewaypartners.eu\/lt\/daznai-uzduodami-klausimai-duk\/","og_site_name":"Gateway &amp; Partners","article_modified_time":"2023-02-01T12:02:00+00:00","twitter_card":"summary_large_image","schema":{"@context":"https:\/\/schema.org","@graph":[{"@type":"WebPage","@id":"https:\/\/gatewaypartners.eu\/lt\/daznai-uzduodami-klausimai-duk\/","url":"https:\/\/gatewaypartners.eu\/lt\/daznai-uzduodami-klausimai-duk\/","name":"Da\u017enai u\u017eduodami klausimai (DUK) - Gateway &amp; Partners","isPartOf":{"@id":"https:\/\/gatewaypartners.eu\/lt\/#website"},"datePublished":"2022-11-22T08:35:48+00:00","dateModified":"2023-02-01T12:02:00+00:00","inLanguage":"lt-LT","potentialAction":[{"@type":"ReadAction","target":["https:\/\/gatewaypartners.eu\/lt\/daznai-uzduodami-klausimai-duk\/"]}]},{"@type":"WebSite","@id":"https:\/\/gatewaypartners.eu\/lt\/#website","url":"https:\/\/gatewaypartners.eu\/lt\/","name":"Gateway &amp; Partners","description":"J\u016bs\u0173 patikimiausias Eksporto Pl\u0117tros Partneris.","potentialAction":[{"@type":"SearchAction","target":{"@type":"EntryPoint","urlTemplate":"https:\/\/gatewaypartners.eu\/lt\/?s={search_term_string}"},"query-input":"required name=search_term_string"}],"inLanguage":"lt-LT"}]}},"_links":{"self":[{"href":"https:\/\/gatewaypartners.eu\/lt\/wp-json\/wp\/v2\/pages\/1332","targetHints":{"allow":["GET"]}}],"collection":[{"href":"https:\/\/gatewaypartners.eu\/lt\/wp-json\/wp\/v2\/pages"}],"about":[{"href":"https:\/\/gatewaypartners.eu\/lt\/wp-json\/wp\/v2\/types\/page"}],"author":[{"embeddable":true,"href":"https:\/\/gatewaypartners.eu\/lt\/wp-json\/wp\/v2\/users\/3"}],"replies":[{"embeddable":true,"href":"https:\/\/gatewaypartners.eu\/lt\/wp-json\/wp\/v2\/comments?post=1332"}],"version-history":[{"count":4,"href":"https:\/\/gatewaypartners.eu\/lt\/wp-json\/wp\/v2\/pages\/1332\/revisions"}],"predecessor-version":[{"id":1334,"href":"https:\/\/gatewaypartners.eu\/lt\/wp-json\/wp\/v2\/pages\/1332\/revisions\/1334"}],"wp:attachment":[{"href":"https:\/\/gatewaypartners.eu\/lt\/wp-json\/wp\/v2\/media?parent=1332"}],"curies":[{"name":"wp","href":"https:\/\/api.w.org\/{rel}","templated":true}]}}