{"id":27,"date":"2017-07-06T15:17:48","date_gmt":"2017-07-06T12:17:48","guid":{"rendered":"http:\/\/gatewaypartners.eu\/lt\/?page_id=27"},"modified":"2022-03-04T18:02:59","modified_gmt":"2022-03-04T16:02:59","slug":"eksporto-mokymai","status":"publish","type":"page","link":"https:\/\/gatewaypartners.eu\/lt\/paslaugos\/eksporto-mokymai\/","title":{"rendered":"Eksporto mokymai"},"content":{"rendered":"<h3>Eksporto Masterclass<\/h3>\n<p>Verslo pl\u0117tra u\u017esienio rinkose did\u017ei\u0105ja dalimi priklauso nuo geb\u0117jimo i\u0161laikyti ilgalaikius ir tvirtus ry\u0161ius su u\u017esienio partneriais. M\u016bs\u0173 si\u016bloma Eksporto Masterclass suteiks jums vis reikiamus \u012frankius naujiems verslo ry\u0161iams u\u017emegzti ir palaikyti. Eksporto Masterclass yra 1-2 dien\u0173 mokymai skirti j\u016bs\u0173 kompanijos pardavim\u0173 vadybininkams ir vadovams. Eksporto Masterclass gali b\u016bti organizuojama tiek didesniam dalyviui skai\u010diui, tiek individualiai j\u016bs\u0173 \u012fmonei.<\/p>\n<p>Eksporto Masterclass padengia vien\u0105 ar kelet\u0105 i\u0161 \u0161i\u0173 tem\u0173:<\/p>\n<ul>\n<li>Eksporto planavimas ir strategija<\/li>\n<li>Eksportui skirto prek\u0117s \u017eenklo k\u016brimas ir marketingas<\/li>\n<li>Eksporto pardavimai ir ry\u0161iai su klientais<\/li>\n<\/ul>\n<h3>Eksporto Akademija<\/h3>\n<p class=\"p1\">Eksporto Akademija \u2013 tai 5 dienas trunkantys intensyv\u016bs mokymai skirti paruo\u0161ti \u012fmones \u017eengti \u012f tarptautines rinkas. Eksporto Akademijos metu, \u012fmoni\u0173 eksporto vadybininkai ir vadovai mokysis i\u0161 \u0161ios srities ekspert\u0173 ir s\u0117kmingai eksportuojan\u010di\u0173 \u012fmoni\u0173, analizuos atvejus, atliks praktines u\u017eduotis ir tur\u0117s galimyb\u0119 i\u0161kelti klausimus susijusius su eksporto pl\u0117troje kylan\u010diomis problemomis.<\/p>\n<p class=\"p1\">Eksporto Akademijos mokym\u0173 metu yra aptariamos \u0161ios temos:<\/p>\n<ul>\n<li class=\"p2\">S\u0117kmingo plano ir strategijos k\u016brimas<\/li>\n<li class=\"p2\">Rinkos analiz\u0117 ir \u012fmon\u0117s pasi\u016blymo analiz\u0117<\/li>\n<li class=\"p2\">Eksporto prek\u0117s \u017eenklo k\u016brimas ir marketingas<\/li>\n<li class=\"p2\">Potenciali\u0173 prekybos partneri\u0173 pritraukimas ir dalyvavimas prekybos parodose<\/li>\n<li class=\"p2\">Ry\u0161i\u0173 su klientais vystymas ir derybos<\/li>\n<li class=\"p2\">Praktiniai dalykai \u2013 logistika, tarifai, teisiniai aspektai, eksporto finansavimas.<\/li>\n<\/ul>\n<h3>Eksporto vadovas<\/h3>\n<p>Gateway &amp; Partners komanda paruo\u0161\u0117 kelet\u0105 mokom\u0173j\u0173 leidini\u0173. Eksporto vadove aptariamos svarbiausios temos susijusios su \u012fmon\u0117s \u017eengimu ir \u012fsitvirtinimu tarptautin\u0117se rinkose. Tai j\u016bs\u0173 gidas, kuriame rasite i\u0161sam\u0173 \u017eini\u0173 rinkin\u012f kaip \u017eingsnis po \u017eingsnio \u012feiti \u012f tarptautines rinkas.<\/p>\n","protected":false},"excerpt":{"rendered":"<p>Masterclass<br \/>\nAkademija<br \/>\nVadovas<\/p>\n","protected":false},"author":3,"featured_media":284,"parent":42,"menu_order":5,"comment_status":"closed","ping_status":"closed","template":"template-service.php","meta":{"inline_featured_image":false,"footnotes":""},"class_list":["post-27","page","type-page","status-publish","has-post-thumbnail","hentry"],"acf":[],"yoast_head":"<!-- This site is optimized with the Yoast SEO plugin v20.2.1 - https:\/\/yoast.com\/wordpress\/plugins\/seo\/ -->\n<title>Eksporto \u0160vietimas | Gateway &amp; Partners<\/title>\n<meta name=\"description\" content=\"&quot;Si\u016blome eksporto mokymus, kuriuos sudaro Eksporto meistri\u0161kumo klas\u0117, Eksporto akademija ir Eksporto vadovas. Su\u017einokite daugiau apie tai, k\u0105 sudaro \u0161i pamoka!&quot;\" \/>\n<meta name=\"robots\" content=\"index, follow, max-snippet:-1, max-image-preview:large, max-video-preview:-1\" \/>\n<link rel=\"canonical\" href=\"https:\/\/gatewaypartners.eu\/lt\/paslaugos\/eksporto-mokymai\/\" \/>\n<meta property=\"og:locale\" content=\"lt_LT\" \/>\n<meta property=\"og:type\" content=\"article\" \/>\n<meta property=\"og:title\" content=\"Eksporto \u0160vietimas | Gateway &amp; Partners\" \/>\n<meta property=\"og:description\" content=\"&quot;Si\u016blome eksporto mokymus, kuriuos sudaro Eksporto meistri\u0161kumo klas\u0117, Eksporto akademija ir Eksporto vadovas. Su\u017einokite daugiau apie tai, k\u0105 sudaro \u0161i pamoka!&quot;\" \/>\n<meta property=\"og:url\" content=\"https:\/\/gatewaypartners.eu\/lt\/paslaugos\/eksporto-mokymai\/\" \/>\n<meta property=\"og:site_name\" content=\"Gateway &amp; Partners\" \/>\n<meta property=\"article:modified_time\" content=\"2022-03-04T16:02:59+00:00\" \/>\n<meta property=\"og:image\" content=\"https:\/\/gatewaypartners.eu\/lt\/wp-content\/uploads\/sites\/4\/2017\/07\/Export_education-treadmill-1028296.jpg\" \/>\n\t<meta property=\"og:image:width\" content=\"2048\" \/>\n\t<meta property=\"og:image:height\" content=\"1536\" \/>\n\t<meta property=\"og:image:type\" content=\"image\/jpeg\" \/>\n<meta name=\"twitter:card\" content=\"summary_large_image\" \/>\n<script type=\"application\/ld+json\" class=\"yoast-schema-graph\">{\"@context\":\"https:\/\/schema.org\",\"@graph\":[{\"@type\":\"WebPage\",\"@id\":\"https:\/\/gatewaypartners.eu\/lt\/paslaugos\/eksporto-mokymai\/\",\"url\":\"https:\/\/gatewaypartners.eu\/lt\/paslaugos\/eksporto-mokymai\/\",\"name\":\"Eksporto \u0160vietimas | Gateway & Partners\",\"isPartOf\":{\"@id\":\"https:\/\/gatewaypartners.eu\/lt\/#website\"},\"datePublished\":\"2017-07-06T12:17:48+00:00\",\"dateModified\":\"2022-03-04T16:02:59+00:00\",\"description\":\"\\\"Si\u016blome eksporto mokymus, kuriuos sudaro Eksporto meistri\u0161kumo klas\u0117, Eksporto akademija ir Eksporto vadovas. Su\u017einokite daugiau apie tai, k\u0105 sudaro \u0161i pamoka!\\\"\",\"breadcrumb\":{\"@id\":\"https:\/\/gatewaypartners.eu\/lt\/paslaugos\/eksporto-mokymai\/#breadcrumb\"},\"inLanguage\":\"lt-LT\",\"potentialAction\":[{\"@type\":\"ReadAction\",\"target\":[\"https:\/\/gatewaypartners.eu\/lt\/paslaugos\/eksporto-mokymai\/\"]}]},{\"@type\":\"BreadcrumbList\",\"@id\":\"https:\/\/gatewaypartners.eu\/lt\/paslaugos\/eksporto-mokymai\/#breadcrumb\",\"itemListElement\":[{\"@type\":\"ListItem\",\"position\":1,\"name\":\"Paslaugos\",\"item\":\"https:\/\/gatewaypartners.eu\/lt\/paslaugos\/\"},{\"@type\":\"ListItem\",\"position\":2,\"name\":\"Eksporto mokymai\"}]},{\"@type\":\"WebSite\",\"@id\":\"https:\/\/gatewaypartners.eu\/lt\/#website\",\"url\":\"https:\/\/gatewaypartners.eu\/lt\/\",\"name\":\"Gateway &amp; Partners\",\"description\":\"J\u016bs\u0173 patikimiausias Eksporto Pl\u0117tros Partneris.\",\"potentialAction\":[{\"@type\":\"SearchAction\",\"target\":{\"@type\":\"EntryPoint\",\"urlTemplate\":\"https:\/\/gatewaypartners.eu\/lt\/?s={search_term_string}\"},\"query-input\":\"required name=search_term_string\"}],\"inLanguage\":\"lt-LT\"}]}<\/script>\n<!-- \/ Yoast SEO plugin. -->","yoast_head_json":{"title":"Eksporto \u0160vietimas | Gateway & Partners","description":"\"Si\u016blome eksporto mokymus, kuriuos sudaro Eksporto meistri\u0161kumo klas\u0117, Eksporto akademija ir Eksporto vadovas. Su\u017einokite daugiau apie tai, k\u0105 sudaro \u0161i pamoka!\"","robots":{"index":"index","follow":"follow","max-snippet":"max-snippet:-1","max-image-preview":"max-image-preview:large","max-video-preview":"max-video-preview:-1"},"canonical":"https:\/\/gatewaypartners.eu\/lt\/paslaugos\/eksporto-mokymai\/","og_locale":"lt_LT","og_type":"article","og_title":"Eksporto \u0160vietimas | Gateway & Partners","og_description":"\"Si\u016blome eksporto mokymus, kuriuos sudaro Eksporto meistri\u0161kumo klas\u0117, Eksporto akademija ir Eksporto vadovas. Su\u017einokite daugiau apie tai, k\u0105 sudaro \u0161i pamoka!\"","og_url":"https:\/\/gatewaypartners.eu\/lt\/paslaugos\/eksporto-mokymai\/","og_site_name":"Gateway &amp; Partners","article_modified_time":"2022-03-04T16:02:59+00:00","og_image":[{"width":2048,"height":1536,"url":"https:\/\/gatewaypartners.eu\/lt\/wp-content\/uploads\/sites\/4\/2017\/07\/Export_education-treadmill-1028296.jpg","type":"image\/jpeg"}],"twitter_card":"summary_large_image","schema":{"@context":"https:\/\/schema.org","@graph":[{"@type":"WebPage","@id":"https:\/\/gatewaypartners.eu\/lt\/paslaugos\/eksporto-mokymai\/","url":"https:\/\/gatewaypartners.eu\/lt\/paslaugos\/eksporto-mokymai\/","name":"Eksporto \u0160vietimas | Gateway & Partners","isPartOf":{"@id":"https:\/\/gatewaypartners.eu\/lt\/#website"},"datePublished":"2017-07-06T12:17:48+00:00","dateModified":"2022-03-04T16:02:59+00:00","description":"\"Si\u016blome eksporto mokymus, kuriuos sudaro Eksporto meistri\u0161kumo klas\u0117, Eksporto akademija ir Eksporto vadovas. Su\u017einokite daugiau apie tai, k\u0105 sudaro \u0161i pamoka!\"","breadcrumb":{"@id":"https:\/\/gatewaypartners.eu\/lt\/paslaugos\/eksporto-mokymai\/#breadcrumb"},"inLanguage":"lt-LT","potentialAction":[{"@type":"ReadAction","target":["https:\/\/gatewaypartners.eu\/lt\/paslaugos\/eksporto-mokymai\/"]}]},{"@type":"BreadcrumbList","@id":"https:\/\/gatewaypartners.eu\/lt\/paslaugos\/eksporto-mokymai\/#breadcrumb","itemListElement":[{"@type":"ListItem","position":1,"name":"Paslaugos","item":"https:\/\/gatewaypartners.eu\/lt\/paslaugos\/"},{"@type":"ListItem","position":2,"name":"Eksporto mokymai"}]},{"@type":"WebSite","@id":"https:\/\/gatewaypartners.eu\/lt\/#website","url":"https:\/\/gatewaypartners.eu\/lt\/","name":"Gateway &amp; Partners","description":"J\u016bs\u0173 patikimiausias Eksporto Pl\u0117tros Partneris.","potentialAction":[{"@type":"SearchAction","target":{"@type":"EntryPoint","urlTemplate":"https:\/\/gatewaypartners.eu\/lt\/?s={search_term_string}"},"query-input":"required name=search_term_string"}],"inLanguage":"lt-LT"}]}},"_links":{"self":[{"href":"https:\/\/gatewaypartners.eu\/lt\/wp-json\/wp\/v2\/pages\/27","targetHints":{"allow":["GET"]}}],"collection":[{"href":"https:\/\/gatewaypartners.eu\/lt\/wp-json\/wp\/v2\/pages"}],"about":[{"href":"https:\/\/gatewaypartners.eu\/lt\/wp-json\/wp\/v2\/types\/page"}],"author":[{"embeddable":true,"href":"https:\/\/gatewaypartners.eu\/lt\/wp-json\/wp\/v2\/users\/3"}],"replies":[{"embeddable":true,"href":"https:\/\/gatewaypartners.eu\/lt\/wp-json\/wp\/v2\/comments?post=27"}],"version-history":[{"count":1,"href":"https:\/\/gatewaypartners.eu\/lt\/wp-json\/wp\/v2\/pages\/27\/revisions"}],"predecessor-version":[{"id":29,"href":"https:\/\/gatewaypartners.eu\/lt\/wp-json\/wp\/v2\/pages\/27\/revisions\/29"}],"up":[{"embeddable":true,"href":"https:\/\/gatewaypartners.eu\/lt\/wp-json\/wp\/v2\/pages\/42"}],"wp:featuredmedia":[{"embeddable":true,"href":"https:\/\/gatewaypartners.eu\/lt\/wp-json\/wp\/v2\/media\/284"}],"wp:attachment":[{"href":"https:\/\/gatewaypartners.eu\/lt\/wp-json\/wp\/v2\/media?parent=27"}],"curies":[{"name":"wp","href":"https:\/\/api.w.org\/{rel}","templated":true}]}}