{"id":30,"date":"2017-07-06T15:33:31","date_gmt":"2017-07-06T12:33:31","guid":{"rendered":"http:\/\/gatewaypartners.eu\/lt\/?page_id=30"},"modified":"2022-03-04T18:02:19","modified_gmt":"2022-03-04T16:02:19","slug":"eksportui-skirto-prekes-zenklo-vystymas","status":"publish","type":"page","link":"https:\/\/gatewaypartners.eu\/lt\/paslaugos\/eksportui-skirto-prekes-zenklo-vystymas\/","title":{"rendered":"Eksportui skirto prek\u0117s \u017eenklo vystymas"},"content":{"rendered":"<h3>Prek\u0117s \u017eenklo k\u016brimas<\/h3>\n<p class=\"p1\">Pirmasis \u012fsp\u016bdis svarbus ne tik susipa\u017e\u012fstant su naujais \u017emon\u0117mis, ta\u010diau ir \u017eengiant \u012f u\u017esienio rinkas. Kompanijos nusprendusios \u017eengti \u012f u\u017esienio rinkas, da\u017enai turi pergalvoti ir tobulinti esam\u0105 prek\u0117s \u017eenkl\u0105, o kartais neu\u017etenka ir to \u2013 prireikia naujo prek\u0117s \u017eenklo skirto eksportui. M\u016bs\u0173 patyrusi\u0173 ekspert\u0173 komanda bendradarbiaudama su tarptautiniu mastu dirban\u010diais dizaineriais pad\u0117s jums paruo\u0161ti tinkam\u0105 prek\u0117s \u017eenkl\u0105 skirt\u0105 tarptautin\u0117ms rinkoms.<\/p>\n<p>Mes:<\/p>\n<ul>\n<li>\n<p class=\"p2\">Atliksime i\u0161sami\u0105 j\u016bs\u0173 prek\u0117s \u017eenklo analiz\u0119 ir i\u0161gryninsime pagrindin\u0119 id\u0117j\u0105<\/p>\n<\/li>\n<li>\n<p class=\"p2\">Vizualizuosime pagrindin\u0119 j\u016bs\u0173 prek\u0117s \u017eenklo id\u0117j\u0105<\/p>\n<\/li>\n<li>\n<p class=\"p2\">Paruo\u0161ime vis\u0105 marketingui skirt\u0105 med\u017eiag\u0105<\/p>\n<\/li>\n<li>\n<p class=\"p2\">Patarsime ir pad\u0117sime j\u016bs\u0173 komandai dirbant su kompanijos identiteto i\u0161laikymu<\/p>\n<\/li>\n<\/ul>\n<h3>Marketingui skirtos med\u017eiagos dizaino k\u016brimas<\/h3>\n<p class=\"p1\">Nesvarbu ar tai b\u016bt\u0173 pardavim\u0173 prezentacijai skirtos med\u017eiagos pristatymas, internetinis puslapis, katalogas, lankstinukas ar produkt\u0173 portfolio \u2013 mes paruo\u0161ime vis\u0105 marketingo med\u017eiag\u0105, kurios jums gali prireikti pl\u0117tojant versl\u0105 u\u017esienio rinkose. M\u016bs\u0173 komanda ne tik paruo\u0161 marketingui skirt\u0105 med\u017eiag\u0105, ta\u010diau ir nuolatos dirbs ir tobulins j\u0105.<\/p>\n<p class=\"p1\">Mes:<\/p>\n<ul>\n<li class=\"p1\">Pasitelkdami naujausias dizaino tendencijas ir surink\u0119 tikslin\u0119 informacij\u0105 &#8211; sukursime j\u016bs\u0173 interneto puslap\u012f, skirt\u0105 eksporto rinkoms<\/li>\n<li class=\"p1\">Sukursime marketingui skirt\u0105 med\u017eiag\u0105 \u2013 nuo profilio, prek\u0117s prezentacijos iki preki\u0173 katalogo ir daugiau<\/li>\n<li class=\"p1\">R\u016bpinsim\u0117s ir nuolatos atnaujinsime marketingui skirt\u0105 med\u017eiag\u0105<\/li>\n<\/ul>\n<h3>Asistavimas Prekybos Parodose<\/h3>\n<p class=\"p1\">Tarptautin\u0117s parodos vis dar i\u0161lieka viena pagrindini\u0173 platform\u0173 sutikti potencialius partnerius u\u017esienio rinkose. M\u016bs\u0173 rinkos ekspert\u0173 komanda yra pasiruo\u0161usi jums pad\u0117ti rengiantis tarptautin\u0117ms prekybos parodoms. Suprojektuosime j\u016bs\u0173 stend\u0105, marketingui skirt\u0105 vizualin\u0119 med\u017eiag\u0105, b\u016bsime kartu tiek ruo\u0161iantis parodai tiek jos metu.<\/p>\n<p class=\"p1\">Mes:<\/p>\n<ul>\n<li class=\"p1\">Suprojektuosime j\u016bs\u0173 stend\u0105 ir paruo\u0161ime visa reikaling\u0105 vizualin\u0119 med\u017eiag\u0105 \u2013 prezentacijas, lankstinukus, preki\u0173 pavyzd\u017eius<\/li>\n<li class=\"p1\">I\u0161si\u0173sime kvietimus \u012f parod\u0105 tiek esamiems tiek naujiems klientams ir suorganizuosime B2B susitikimus<\/li>\n<li class=\"p1\">Asistuosime parodos metu \u2013 pasir\u016bpinsime kvalifikuotu personalu, kuris dirbt\u0173 j\u016bs\u0173 stende<\/li>\n<li class=\"p1\">Asistuosime pasibaigus parodai \u2013 pasir\u016bpinsime komunikacija ir u\u017emegzt\u0173 ry\u0161i\u0173 su potencialiais partneriais palaikymu<\/li>\n<\/ul>\n","protected":false},"excerpt":{"rendered":"<p>Prek\u0117s \u017eenklo k\u016brimas<br \/>\nMarketingui skirtos med\u017eiagos dizaino k\u016brimas<br \/>\nAsistavimas Prekybos Parodose<\/p>\n","protected":false},"author":3,"featured_media":402,"parent":42,"menu_order":4,"comment_status":"closed","ping_status":"closed","template":"template-service.php","meta":{"inline_featured_image":false,"footnotes":""},"class_list":["post-30","page","type-page","status-publish","has-post-thumbnail","hentry"],"acf":[],"yoast_head":"<!-- This site is optimized with the Yoast SEO plugin v20.2.1 - https:\/\/yoast.com\/wordpress\/plugins\/seo\/ -->\n<title>Eksporto Prek\u0117s \u017denklo K\u016brimas | Gateway &amp; Partners<\/title>\n<meta name=\"description\" content=\"Si\u016blome eksporto prek\u0117s \u017eenklo k\u016brimas paslaugas, \u012fskaitant prek\u0117s \u017eenklo k\u016brim\u0105, rinkodaros med\u017eiagos dizain\u0105 ir pagalb\u0105 prekybos mug\u0117se!\" \/>\n<meta name=\"robots\" content=\"index, follow, max-snippet:-1, max-image-preview:large, max-video-preview:-1\" \/>\n<link rel=\"canonical\" href=\"https:\/\/gatewaypartners.eu\/lt\/paslaugos\/eksportui-skirto-prekes-zenklo-vystymas\/\" \/>\n<meta property=\"og:locale\" content=\"lt_LT\" \/>\n<meta property=\"og:type\" content=\"article\" \/>\n<meta property=\"og:title\" content=\"Eksporto Prek\u0117s \u017denklo K\u016brimas | Gateway &amp; Partners\" \/>\n<meta property=\"og:description\" content=\"Si\u016blome eksporto prek\u0117s \u017eenklo k\u016brimas paslaugas, \u012fskaitant prek\u0117s \u017eenklo k\u016brim\u0105, rinkodaros med\u017eiagos dizain\u0105 ir pagalb\u0105 prekybos mug\u0117se!\" \/>\n<meta property=\"og:url\" content=\"https:\/\/gatewaypartners.eu\/lt\/paslaugos\/eksportui-skirto-prekes-zenklo-vystymas\/\" \/>\n<meta property=\"og:site_name\" content=\"Gateway &amp; Partners\" \/>\n<meta property=\"article:modified_time\" content=\"2022-03-04T16:02:19+00:00\" \/>\n<meta property=\"og:image\" content=\"https:\/\/gatewaypartners.eu\/lt\/wp-content\/uploads\/sites\/4\/2017\/07\/Market_service-paris-1265956.jpg\" \/>\n\t<meta property=\"og:image:width\" content=\"2048\" \/>\n\t<meta property=\"og:image:height\" content=\"1365\" \/>\n\t<meta property=\"og:image:type\" content=\"image\/jpeg\" \/>\n<meta name=\"twitter:card\" content=\"summary_large_image\" \/>\n<script type=\"application\/ld+json\" class=\"yoast-schema-graph\">{\"@context\":\"https:\/\/schema.org\",\"@graph\":[{\"@type\":\"WebPage\",\"@id\":\"https:\/\/gatewaypartners.eu\/lt\/paslaugos\/eksportui-skirto-prekes-zenklo-vystymas\/\",\"url\":\"https:\/\/gatewaypartners.eu\/lt\/paslaugos\/eksportui-skirto-prekes-zenklo-vystymas\/\",\"name\":\"Eksporto Prek\u0117s \u017denklo K\u016brimas | Gateway & Partners\",\"isPartOf\":{\"@id\":\"https:\/\/gatewaypartners.eu\/lt\/#website\"},\"datePublished\":\"2017-07-06T12:33:31+00:00\",\"dateModified\":\"2022-03-04T16:02:19+00:00\",\"description\":\"Si\u016blome eksporto prek\u0117s \u017eenklo k\u016brimas paslaugas, \u012fskaitant prek\u0117s \u017eenklo k\u016brim\u0105, rinkodaros med\u017eiagos dizain\u0105 ir pagalb\u0105 prekybos mug\u0117se!\",\"breadcrumb\":{\"@id\":\"https:\/\/gatewaypartners.eu\/lt\/paslaugos\/eksportui-skirto-prekes-zenklo-vystymas\/#breadcrumb\"},\"inLanguage\":\"lt-LT\",\"potentialAction\":[{\"@type\":\"ReadAction\",\"target\":[\"https:\/\/gatewaypartners.eu\/lt\/paslaugos\/eksportui-skirto-prekes-zenklo-vystymas\/\"]}]},{\"@type\":\"BreadcrumbList\",\"@id\":\"https:\/\/gatewaypartners.eu\/lt\/paslaugos\/eksportui-skirto-prekes-zenklo-vystymas\/#breadcrumb\",\"itemListElement\":[{\"@type\":\"ListItem\",\"position\":1,\"name\":\"Paslaugos\",\"item\":\"https:\/\/gatewaypartners.eu\/lt\/paslaugos\/\"},{\"@type\":\"ListItem\",\"position\":2,\"name\":\"Eksportui skirto prek\u0117s \u017eenklo vystymas\"}]},{\"@type\":\"WebSite\",\"@id\":\"https:\/\/gatewaypartners.eu\/lt\/#website\",\"url\":\"https:\/\/gatewaypartners.eu\/lt\/\",\"name\":\"Gateway &amp; Partners\",\"description\":\"J\u016bs\u0173 patikimiausias Eksporto Pl\u0117tros Partneris.\",\"potentialAction\":[{\"@type\":\"SearchAction\",\"target\":{\"@type\":\"EntryPoint\",\"urlTemplate\":\"https:\/\/gatewaypartners.eu\/lt\/?s={search_term_string}\"},\"query-input\":\"required name=search_term_string\"}],\"inLanguage\":\"lt-LT\"}]}<\/script>\n<!-- \/ Yoast SEO plugin. -->","yoast_head_json":{"title":"Eksporto Prek\u0117s \u017denklo K\u016brimas | Gateway & Partners","description":"Si\u016blome eksporto prek\u0117s \u017eenklo k\u016brimas paslaugas, \u012fskaitant prek\u0117s \u017eenklo k\u016brim\u0105, rinkodaros med\u017eiagos dizain\u0105 ir pagalb\u0105 prekybos mug\u0117se!","robots":{"index":"index","follow":"follow","max-snippet":"max-snippet:-1","max-image-preview":"max-image-preview:large","max-video-preview":"max-video-preview:-1"},"canonical":"https:\/\/gatewaypartners.eu\/lt\/paslaugos\/eksportui-skirto-prekes-zenklo-vystymas\/","og_locale":"lt_LT","og_type":"article","og_title":"Eksporto Prek\u0117s \u017denklo K\u016brimas | Gateway & Partners","og_description":"Si\u016blome eksporto prek\u0117s \u017eenklo k\u016brimas paslaugas, \u012fskaitant prek\u0117s \u017eenklo k\u016brim\u0105, rinkodaros med\u017eiagos dizain\u0105 ir pagalb\u0105 prekybos mug\u0117se!","og_url":"https:\/\/gatewaypartners.eu\/lt\/paslaugos\/eksportui-skirto-prekes-zenklo-vystymas\/","og_site_name":"Gateway &amp; Partners","article_modified_time":"2022-03-04T16:02:19+00:00","og_image":[{"width":2048,"height":1365,"url":"https:\/\/gatewaypartners.eu\/lt\/wp-content\/uploads\/sites\/4\/2017\/07\/Market_service-paris-1265956.jpg","type":"image\/jpeg"}],"twitter_card":"summary_large_image","schema":{"@context":"https:\/\/schema.org","@graph":[{"@type":"WebPage","@id":"https:\/\/gatewaypartners.eu\/lt\/paslaugos\/eksportui-skirto-prekes-zenklo-vystymas\/","url":"https:\/\/gatewaypartners.eu\/lt\/paslaugos\/eksportui-skirto-prekes-zenklo-vystymas\/","name":"Eksporto Prek\u0117s \u017denklo K\u016brimas | Gateway & Partners","isPartOf":{"@id":"https:\/\/gatewaypartners.eu\/lt\/#website"},"datePublished":"2017-07-06T12:33:31+00:00","dateModified":"2022-03-04T16:02:19+00:00","description":"Si\u016blome eksporto prek\u0117s \u017eenklo k\u016brimas paslaugas, \u012fskaitant prek\u0117s \u017eenklo k\u016brim\u0105, rinkodaros med\u017eiagos dizain\u0105 ir pagalb\u0105 prekybos mug\u0117se!","breadcrumb":{"@id":"https:\/\/gatewaypartners.eu\/lt\/paslaugos\/eksportui-skirto-prekes-zenklo-vystymas\/#breadcrumb"},"inLanguage":"lt-LT","potentialAction":[{"@type":"ReadAction","target":["https:\/\/gatewaypartners.eu\/lt\/paslaugos\/eksportui-skirto-prekes-zenklo-vystymas\/"]}]},{"@type":"BreadcrumbList","@id":"https:\/\/gatewaypartners.eu\/lt\/paslaugos\/eksportui-skirto-prekes-zenklo-vystymas\/#breadcrumb","itemListElement":[{"@type":"ListItem","position":1,"name":"Paslaugos","item":"https:\/\/gatewaypartners.eu\/lt\/paslaugos\/"},{"@type":"ListItem","position":2,"name":"Eksportui skirto prek\u0117s \u017eenklo vystymas"}]},{"@type":"WebSite","@id":"https:\/\/gatewaypartners.eu\/lt\/#website","url":"https:\/\/gatewaypartners.eu\/lt\/","name":"Gateway &amp; Partners","description":"J\u016bs\u0173 patikimiausias Eksporto Pl\u0117tros Partneris.","potentialAction":[{"@type":"SearchAction","target":{"@type":"EntryPoint","urlTemplate":"https:\/\/gatewaypartners.eu\/lt\/?s={search_term_string}"},"query-input":"required name=search_term_string"}],"inLanguage":"lt-LT"}]}},"_links":{"self":[{"href":"https:\/\/gatewaypartners.eu\/lt\/wp-json\/wp\/v2\/pages\/30","targetHints":{"allow":["GET"]}}],"collection":[{"href":"https:\/\/gatewaypartners.eu\/lt\/wp-json\/wp\/v2\/pages"}],"about":[{"href":"https:\/\/gatewaypartners.eu\/lt\/wp-json\/wp\/v2\/types\/page"}],"author":[{"embeddable":true,"href":"https:\/\/gatewaypartners.eu\/lt\/wp-json\/wp\/v2\/users\/3"}],"replies":[{"embeddable":true,"href":"https:\/\/gatewaypartners.eu\/lt\/wp-json\/wp\/v2\/comments?post=30"}],"version-history":[{"count":3,"href":"https:\/\/gatewaypartners.eu\/lt\/wp-json\/wp\/v2\/pages\/30\/revisions"}],"predecessor-version":[{"id":46,"href":"https:\/\/gatewaypartners.eu\/lt\/wp-json\/wp\/v2\/pages\/30\/revisions\/46"}],"up":[{"embeddable":true,"href":"https:\/\/gatewaypartners.eu\/lt\/wp-json\/wp\/v2\/pages\/42"}],"wp:featuredmedia":[{"embeddable":true,"href":"https:\/\/gatewaypartners.eu\/lt\/wp-json\/wp\/v2\/media\/402"}],"wp:attachment":[{"href":"https:\/\/gatewaypartners.eu\/lt\/wp-json\/wp\/v2\/media?parent=30"}],"curies":[{"name":"wp","href":"https:\/\/api.w.org\/{rel}","templated":true}]}}