{"id":33,"date":"2017-07-06T15:43:03","date_gmt":"2017-07-06T12:43:03","guid":{"rendered":"http:\/\/gatewaypartners.eu\/lt\/?page_id=33"},"modified":"2022-03-04T18:00:53","modified_gmt":"2022-03-04T16:00:53","slug":"investiciju-pritraukimas","status":"publish","type":"page","link":"https:\/\/gatewaypartners.eu\/lt\/paslaugos\/investiciju-pritraukimas\/","title":{"rendered":"Investicij\u0173 pritraukimas"},"content":{"rendered":"<h3>Galimybi\u0173 analiz\u0117<\/h3>\n<p class=\"p1\"><span class=\"s1\">Investuotoj\u0173 pritraukimo procesas susideda i\u0161 keli\u0173 pagrindini\u0173 dali\u0173. Pirmajame etape atliekama i\u0161sami srities, \u012f kuri\u0105 norima pritraukti investicijas analiz\u0117, identifikuojami konkurenciniai prana\u0161umai, ekonomin\u0117 investicij\u0173 nauda. Identifikuojama koki\u0173 region\u0173 ir industrij\u0173 investuotojams b\u016bt\u0173 aktualus investicinis pasi\u016blymas. Atlikus pirmojo etapo analiz\u0119 yra ruo\u0161iamas investicinis pasi\u016blymas, kuris tampa pagrindu tolimesniam investicij\u0173 pritraukimo procesui.<\/span><\/p>\n<p>Mes:<\/p>\n<ul>\n<li>\n<p class=\"p1\">Surinksime reikiamus duomenis ir informacij\u0105 apie investicij\u0105, siekdami pabr\u0117\u017eti konkurencin\u012f prana\u0161um\u0105<\/p>\n<\/li>\n<li>\n<p class=\"p1\">Paruo\u0161ime investicijos i\u0161laid\u0173 ir atsipirkimo analiz\u0119, pateiksime ateties prognozes<\/p>\n<\/li>\n<li>\n<p class=\"p1\">I\u0161tirsime ir pateiksime potenciali\u0173 investuotoj\u0173 profilius \u2013 industrij\u0105, region\u0105, dyd\u012f, verslo segment\u0105<\/p>\n<\/li>\n<li>\n<p class=\"p1\">Paruo\u0161iame Investicinio pasi\u016blymo turin\u012f<\/p>\n<\/li>\n<\/ul>\n<h3>Investicinio pasi\u016blymo rengimas<\/h3>\n<p class=\"p1\">Norint pritraukti potencialius investuotojus, svarbu parengti auk\u0161tos kokyb\u0117s pasi\u016blym\u0105, kuriame ai\u0161kiai atsispind\u0117t\u0173 pasi\u016blymo investicinis potencialas.<\/p>\n<p class=\"p1\">Mes:<\/p>\n<ul>\n<li class=\"p2\">Surinksime vis\u0105 reikiam\u0105 informacij\u0105<\/li>\n<li class=\"p2\">Suskai\u010diuosime visa, kas susij\u0119 su finansais<\/li>\n<li class=\"p2\">Paruo\u0161ime galutin\u012f investicin\u012f pasi\u016blym\u0105<\/li>\n<\/ul>\n<h3>Investicij\u0173 pritraukimas<\/h3>\n<p class=\"p1\">Investicij\u0173 pritraukimas yra vienas svarbiausi\u0173 punkt\u0173 valstybini\u0173 organizacij\u0173, savivaldybi\u0173 ir priva\u010di\u0173 \u012fstaig\u0173 planuose. \u012e investicij\u0173 pritraukimo paslaug\u0105 \u012feina i\u0161sami investicinio pasi\u016blymo analiz\u0117, potencialaus investuotojo profilio ir \u0161alies identifikavimas, j\u016bs\u0173 investicinio pasi\u016blymo pristatymas ir komunikavimas potencialiems investuotojams, deryb\u0173 vedimas.<\/p>\n<p class=\"p1\">Mes:<\/p>\n<ul>\n<li class=\"p2\">I\u0161analizuosime investicin\u012f pasi\u016blym\u0105, atliksime galimybi\u0173 analiz\u0119 ir i\u0161vystysime galutin\u012f investicinio pasi\u016blymo variant\u0105<\/li>\n<li class=\"p2\">Identifikuosime potencialius investuotojus \u2013 industrijas, dyd\u012f, profil\u012f, \u0161al\u012f<\/li>\n<li class=\"p2\">Pristatysime ir i\u0161komunikuosime j\u016bs\u0173 pasi\u016blym\u0105 potencialiems investuotojams<\/li>\n<li class=\"p2\">Suorganizuosime susitikimus su potencialiais investuotojais<\/li>\n<li class=\"p2\">Suorganizuosime investuotoj\u0173 vizitus \u012f j\u016bs\u0173 \u012fmon\u0119<\/li>\n<li class=\"p2\">Palaikysime ir t\u0119sime komunikacij\u0105 su potencialiais investuotojais<\/li>\n<\/ul>\n","protected":false},"excerpt":{"rendered":"<p>Galimybi\u0173 analiz\u0117<br \/>\nInvesticinio pasi\u016blymo rengimas<br \/>\nInvesticij\u0173 pritraukimas<\/p>\n","protected":false},"author":3,"featured_media":357,"parent":42,"menu_order":3,"comment_status":"closed","ping_status":"closed","template":"template-service.php","meta":{"inline_featured_image":false,"footnotes":""},"class_list":["post-33","page","type-page","status-publish","has-post-thumbnail","hentry"],"acf":[],"yoast_head":"<!-- This site is optimized with the Yoast SEO plugin v20.2.1 - https:\/\/yoast.com\/wordpress\/plugins\/seo\/ -->\n<title>Investicij\u0173 Pritraukimas | Gateway &amp; Partners<\/title>\n<meta name=\"description\" content=\"Si\u016blome investicij\u0173 pritraukimo paslaugas, \u012fskaitant galimybi\u0173 studij\u0105, investicini\u0173 pasi\u016blym\u0173 rengim\u0105 ir investuotojo paie\u0161ka!\" \/>\n<meta name=\"robots\" content=\"index, follow, max-snippet:-1, max-image-preview:large, max-video-preview:-1\" \/>\n<link rel=\"canonical\" href=\"https:\/\/gatewaypartners.eu\/lt\/paslaugos\/investiciju-pritraukimas\/\" \/>\n<meta property=\"og:locale\" content=\"lt_LT\" \/>\n<meta property=\"og:type\" content=\"article\" \/>\n<meta property=\"og:title\" content=\"Investicij\u0173 Pritraukimas | Gateway &amp; Partners\" \/>\n<meta property=\"og:description\" content=\"Si\u016blome investicij\u0173 pritraukimo paslaugas, \u012fskaitant galimybi\u0173 studij\u0105, investicini\u0173 pasi\u016blym\u0173 rengim\u0105 ir investuotojo paie\u0161ka!\" \/>\n<meta property=\"og:url\" content=\"https:\/\/gatewaypartners.eu\/lt\/paslaugos\/investiciju-pritraukimas\/\" \/>\n<meta property=\"og:site_name\" content=\"Gateway &amp; Partners\" \/>\n<meta property=\"article:modified_time\" content=\"2022-03-04T16:00:53+00:00\" \/>\n<meta property=\"og:image\" content=\"https:\/\/gatewaypartners.eu\/lt\/wp-content\/uploads\/sites\/4\/2017\/07\/Investment_attraction-train-1747216.jpg\" \/>\n\t<meta property=\"og:image:width\" content=\"2048\" \/>\n\t<meta property=\"og:image:height\" content=\"1153\" \/>\n\t<meta property=\"og:image:type\" content=\"image\/jpeg\" \/>\n<meta name=\"twitter:card\" content=\"summary_large_image\" \/>\n<script type=\"application\/ld+json\" class=\"yoast-schema-graph\">{\"@context\":\"https:\/\/schema.org\",\"@graph\":[{\"@type\":\"WebPage\",\"@id\":\"https:\/\/gatewaypartners.eu\/lt\/paslaugos\/investiciju-pritraukimas\/\",\"url\":\"https:\/\/gatewaypartners.eu\/lt\/paslaugos\/investiciju-pritraukimas\/\",\"name\":\"Investicij\u0173 Pritraukimas | Gateway & Partners\",\"isPartOf\":{\"@id\":\"https:\/\/gatewaypartners.eu\/lt\/#website\"},\"datePublished\":\"2017-07-06T12:43:03+00:00\",\"dateModified\":\"2022-03-04T16:00:53+00:00\",\"description\":\"Si\u016blome investicij\u0173 pritraukimo paslaugas, \u012fskaitant galimybi\u0173 studij\u0105, investicini\u0173 pasi\u016blym\u0173 rengim\u0105 ir investuotojo paie\u0161ka!\",\"breadcrumb\":{\"@id\":\"https:\/\/gatewaypartners.eu\/lt\/paslaugos\/investiciju-pritraukimas\/#breadcrumb\"},\"inLanguage\":\"lt-LT\",\"potentialAction\":[{\"@type\":\"ReadAction\",\"target\":[\"https:\/\/gatewaypartners.eu\/lt\/paslaugos\/investiciju-pritraukimas\/\"]}]},{\"@type\":\"BreadcrumbList\",\"@id\":\"https:\/\/gatewaypartners.eu\/lt\/paslaugos\/investiciju-pritraukimas\/#breadcrumb\",\"itemListElement\":[{\"@type\":\"ListItem\",\"position\":1,\"name\":\"Paslaugos\",\"item\":\"https:\/\/gatewaypartners.eu\/lt\/paslaugos\/\"},{\"@type\":\"ListItem\",\"position\":2,\"name\":\"Investicij\u0173 pritraukimas\"}]},{\"@type\":\"WebSite\",\"@id\":\"https:\/\/gatewaypartners.eu\/lt\/#website\",\"url\":\"https:\/\/gatewaypartners.eu\/lt\/\",\"name\":\"Gateway &amp; Partners\",\"description\":\"J\u016bs\u0173 patikimiausias Eksporto Pl\u0117tros Partneris.\",\"potentialAction\":[{\"@type\":\"SearchAction\",\"target\":{\"@type\":\"EntryPoint\",\"urlTemplate\":\"https:\/\/gatewaypartners.eu\/lt\/?s={search_term_string}\"},\"query-input\":\"required name=search_term_string\"}],\"inLanguage\":\"lt-LT\"}]}<\/script>\n<!-- \/ Yoast SEO plugin. -->","yoast_head_json":{"title":"Investicij\u0173 Pritraukimas | Gateway & Partners","description":"Si\u016blome investicij\u0173 pritraukimo paslaugas, \u012fskaitant galimybi\u0173 studij\u0105, investicini\u0173 pasi\u016blym\u0173 rengim\u0105 ir investuotojo paie\u0161ka!","robots":{"index":"index","follow":"follow","max-snippet":"max-snippet:-1","max-image-preview":"max-image-preview:large","max-video-preview":"max-video-preview:-1"},"canonical":"https:\/\/gatewaypartners.eu\/lt\/paslaugos\/investiciju-pritraukimas\/","og_locale":"lt_LT","og_type":"article","og_title":"Investicij\u0173 Pritraukimas | Gateway & Partners","og_description":"Si\u016blome investicij\u0173 pritraukimo paslaugas, \u012fskaitant galimybi\u0173 studij\u0105, investicini\u0173 pasi\u016blym\u0173 rengim\u0105 ir investuotojo paie\u0161ka!","og_url":"https:\/\/gatewaypartners.eu\/lt\/paslaugos\/investiciju-pritraukimas\/","og_site_name":"Gateway &amp; Partners","article_modified_time":"2022-03-04T16:00:53+00:00","og_image":[{"width":2048,"height":1153,"url":"https:\/\/gatewaypartners.eu\/lt\/wp-content\/uploads\/sites\/4\/2017\/07\/Investment_attraction-train-1747216.jpg","type":"image\/jpeg"}],"twitter_card":"summary_large_image","schema":{"@context":"https:\/\/schema.org","@graph":[{"@type":"WebPage","@id":"https:\/\/gatewaypartners.eu\/lt\/paslaugos\/investiciju-pritraukimas\/","url":"https:\/\/gatewaypartners.eu\/lt\/paslaugos\/investiciju-pritraukimas\/","name":"Investicij\u0173 Pritraukimas | Gateway & Partners","isPartOf":{"@id":"https:\/\/gatewaypartners.eu\/lt\/#website"},"datePublished":"2017-07-06T12:43:03+00:00","dateModified":"2022-03-04T16:00:53+00:00","description":"Si\u016blome investicij\u0173 pritraukimo paslaugas, \u012fskaitant galimybi\u0173 studij\u0105, investicini\u0173 pasi\u016blym\u0173 rengim\u0105 ir investuotojo paie\u0161ka!","breadcrumb":{"@id":"https:\/\/gatewaypartners.eu\/lt\/paslaugos\/investiciju-pritraukimas\/#breadcrumb"},"inLanguage":"lt-LT","potentialAction":[{"@type":"ReadAction","target":["https:\/\/gatewaypartners.eu\/lt\/paslaugos\/investiciju-pritraukimas\/"]}]},{"@type":"BreadcrumbList","@id":"https:\/\/gatewaypartners.eu\/lt\/paslaugos\/investiciju-pritraukimas\/#breadcrumb","itemListElement":[{"@type":"ListItem","position":1,"name":"Paslaugos","item":"https:\/\/gatewaypartners.eu\/lt\/paslaugos\/"},{"@type":"ListItem","position":2,"name":"Investicij\u0173 pritraukimas"}]},{"@type":"WebSite","@id":"https:\/\/gatewaypartners.eu\/lt\/#website","url":"https:\/\/gatewaypartners.eu\/lt\/","name":"Gateway &amp; Partners","description":"J\u016bs\u0173 patikimiausias Eksporto Pl\u0117tros Partneris.","potentialAction":[{"@type":"SearchAction","target":{"@type":"EntryPoint","urlTemplate":"https:\/\/gatewaypartners.eu\/lt\/?s={search_term_string}"},"query-input":"required name=search_term_string"}],"inLanguage":"lt-LT"}]}},"_links":{"self":[{"href":"https:\/\/gatewaypartners.eu\/lt\/wp-json\/wp\/v2\/pages\/33","targetHints":{"allow":["GET"]}}],"collection":[{"href":"https:\/\/gatewaypartners.eu\/lt\/wp-json\/wp\/v2\/pages"}],"about":[{"href":"https:\/\/gatewaypartners.eu\/lt\/wp-json\/wp\/v2\/types\/page"}],"author":[{"embeddable":true,"href":"https:\/\/gatewaypartners.eu\/lt\/wp-json\/wp\/v2\/users\/3"}],"replies":[{"embeddable":true,"href":"https:\/\/gatewaypartners.eu\/lt\/wp-json\/wp\/v2\/comments?post=33"}],"version-history":[{"count":1,"href":"https:\/\/gatewaypartners.eu\/lt\/wp-json\/wp\/v2\/pages\/33\/revisions"}],"predecessor-version":[{"id":35,"href":"https:\/\/gatewaypartners.eu\/lt\/wp-json\/wp\/v2\/pages\/33\/revisions\/35"}],"up":[{"embeddable":true,"href":"https:\/\/gatewaypartners.eu\/lt\/wp-json\/wp\/v2\/pages\/42"}],"wp:featuredmedia":[{"embeddable":true,"href":"https:\/\/gatewaypartners.eu\/lt\/wp-json\/wp\/v2\/media\/357"}],"wp:attachment":[{"href":"https:\/\/gatewaypartners.eu\/lt\/wp-json\/wp\/v2\/media?parent=33"}],"curies":[{"name":"wp","href":"https:\/\/api.w.org\/{rel}","templated":true}]}}