{"id":36,"date":"2017-07-06T15:54:46","date_gmt":"2017-07-06T12:54:46","guid":{"rendered":"http:\/\/gatewaypartners.eu\/lt\/?page_id=36"},"modified":"2022-03-04T18:00:08","modified_gmt":"2022-03-04T16:00:08","slug":"rinkos-analitika","status":"publish","type":"page","link":"https:\/\/gatewaypartners.eu\/lt\/paslaugos\/rinkos-analitika\/","title":{"rendered":"Rinkos Analitika"},"content":{"rendered":"<h3>Rinkos tyrimai<\/h3>\n<p>Rinkos tyrim\u0173 projektai leid\u017eia i\u0161analizuoti ir pateikti tikslin\u0117s rinkos ypatybes, kurios yra vienas svarbiausi\u0173 element\u0173 kuriant strategij\u0105 ir priimant su ja susijusius sprendimus.<\/p>\n<p>Mes:<\/p>\n<ul>\n<li>\n<p class=\"p1\">Paruo\u0161ime rinkos ap\u017evalg\u0105, i\u0161analizuosime pagrindines rinkos tendencijas<\/p>\n<\/li>\n<li>\n<p class=\"p1\">Nustatysime rinkos dyd\u012f, rinkos \u017eaid\u0117j\u0173 dalis, i\u0161analizuosime santyk\u012f tarp importo ir vietin\u0117s produkcijos<\/p>\n<\/li>\n<li>\n<p class=\"p1\">I\u0161analizuosime tikslinei rinkai b\u016bdingas tendencijas ir konkurencingum\u0105<\/p>\n<\/li>\n<li>\n<p class=\"p1\">I\u0161analizuosime ir pateiksime geriausias segmentavimo ir pozicionavimo galimybes<\/p>\n<\/li>\n<li>\n<p class=\"p1\">Identifikuosime efektyviausius pardavimo kanalus, kuriais pasieksite tikslin\u012f vartotoj\u0105<\/p>\n<\/li>\n<li>\n<p class=\"p1\">Atliksime interviu su tikslin\u0117s rinkos ekspertais, i\u0161analizuosime statistinius duomenis ir surinksime vis\u0105 \u012fmanom\u0105 informacij\u0105, kad gal\u0117tume jums pateikti visapusi\u0161k\u0105 tikslin\u0117s rinkos analiz\u0119<\/p>\n<\/li>\n<li>\n<p class=\"p1\">Palyginsime kelet\u0105 rink\u0173, kad gal\u0117tume jums pasi\u016blyti geriausi\u0105 alternatyv\u0105<\/p>\n<\/li>\n<li>\n<p class=\"p1\">Paruo\u0161ime vizualizuotas rinkos tyrim\u0173 ataskaitas, o pagrindines i\u0161vadas pateisime prezentacijoje<\/p>\n<\/li>\n<\/ul>\n<h3>Kiekybin\u0117s ir kokybin\u0117s klient\u0173 apklausos. Konkurent\u0173 analiz\u0117.<\/h3>\n<p class=\"p1\">\u0160i paslauga pad\u0117s jums suprasti kaip klientai vertina j\u016bs\u0173 produkt\u0105\/paslaug\u0105, palyginti j\u016bs\u0173 si\u016blom\u0105 asortiment\u0105 su rinkos konkurentais ir identifikuoti potenciali\u0173 klient\u0173 l\u016bkes\u010dius bei poreikius.<\/p>\n<p class=\"p1\">Mes:<\/p>\n<ul>\n<li class=\"p1\">Atliksime apklausas su j\u016bs\u0173 potencialiais klientais, tam kad suprastume rinkos poreikius ir j\u016bs\u0173 produkto\/paslaugos tinkamum\u0105 rinkai. Apklausas atliksime pasitelkdami Focus grupes, individualius interviu ar CATI\/CAPI metodologijas.<\/li>\n<li class=\"p1\">Apklausime j\u016bs\u0173 jau esamus klientus tam, kad gal\u0117tume identifikuoti j\u016bs\u0173 stipri\u0105sias puses ir sritis, kurias galima stiprinti<\/li>\n<li class=\"p1\">Palyginsime j\u016bs\u0173 si\u016blomus produktus\/paslaugas su rinkos konkurent\u0173 produktais\/paslaugomis<\/li>\n<li class=\"p1\">Parengsime rekomendacijas tolimesniam produkt\u0173\/paslaug\u0173 vystymui, tam, kad b\u016bt\u0173 patenkinti tiek esami tiek nauji klient\u0173 poreikiai<\/li>\n<\/ul>\n<h3>Nuolatinis rinkos ir pardavim\u0173 potencialio steb\u0117jimas<\/h3>\n<p class=\"p1\">Mes nuolatos stebime j\u016bs\u0173 tikslines rinkas, tam, kad gal\u0117tume jums pateikti naujausi\u0105 informacij\u0105 apie rinkos tendencijas, poky\u010dius, klient\u0173 poreikius, konkurent\u0173 veiksmus. Tai leid\u017eia jums visuomet \u017einoti naujausi\u0105 informacij\u0105 apie poky\u010dius tikslin\u0117je rinkoje ir atitinkamai priimti reikalingus strateginius sprendimus.<\/p>\n<p class=\"p1\">Mes:<\/p>\n<ul>\n<li class=\"p1\">Identifikuosime, koki\u0105 tikslin\u0119 informacij\u0105 jums reikia sekti &#8211; kas m\u0117nes\u012f, kas ketvirt\u012f ar re\u010diau<\/li>\n<li class=\"p1\">Surinksime reikiam\u0105 informacij\u0105 j\u016bs\u0173 tikslin\u0117se rinkose i\u0161 patikimiausi\u0173 vietini\u0173 \u0161altini\u0173<\/li>\n<li class=\"p1\">Apibendrinsime ir pateiksime jums vis\u0105 reikaling\u0105 informacij\u0105 susijusi\u0105 su j\u016bs\u0173 verslu tikslin\u0117se rinkose<\/li>\n<\/ul>\n<p><!--more--><\/p>\n<p>Rinkos tyrimai yra svari pagalba kiekvienam verslui. Aktualios informacijos gavimas ir surinkimas apie svarbias rinkas, leid\u017eia \u012fmonei toliau dirbti ties pl\u0117tros strategija ir priimti teisingus sprendimus jos \u012fgyvendinimui. Pastov\u016bs ir sistemi\u0161ki rinkos tyrimai leid\u017eia gauti i\u0161sami\u0105 ap\u017evalg\u0105 apie besivystan\u010dias rinkas konkre\u010diose verslo ni\u0161ose, pasteb\u0117ti galimus konkurent\u0173 veiksmus ir laiku pasiruo\u0161ti esant \u012fvairiems poky\u010diams rinkoje.<\/p>\n<p>Vienas svarbiausi\u0173 rinkos tyrim\u0173 metod\u0173 yra rinkos analiz\u0117. \u0160is analiz\u0117s b\u016bdas padeda \u012fmon\u0117ms \u012fgyti daugiau \u017eini\u0173 apie rinkos faktorius, galimybes, potencialius pavojus, rinkos segmentus, produkt\u0173 ar paslaug\u0173 poreik\u012f bei kliento l\u016bkes\u010dius ir t.t. Tinkamas informacijos naudojimas ir \u017evelgimas \u012f esamus duomenis i\u0161 ateities perspektyvos, padidins j\u016bs\u0173 \u012fmon\u0117s konkurencingum\u0105 ir pad\u0117s \u012feiti \u012f naujas rinkas.<\/p>\n<p>Rinkos tyrimai ir analiz\u0117 yra paslauga, kuri\u0105 turi atlikti profesionalai, kuriems tai yra kiekvienos dienos u\u017eduotis. Tai u\u017etikrina informacijos saugum\u0105 bei patikimus rezultatus. Negana to, gausite informacij\u0105 ir praktinius patarimus, kaip pagerinti \u012fmon\u0117s pl\u0117tros strategij\u0105.<\/p>\n<p><strong>Rinkos tyrim\u0173 ir analiz\u0117s paslaugos apima:<\/strong><\/p>\n<ul>\n<li>rinkos\u00a0 ap\u017evalgos paruo\u0161imas, svarbiausi\u0173 ekonomini\u0173 veiksni\u0173 ir rinkos tendencij\u0173 ypatybi\u0173 nustatymas;<\/li>\n<li>rinkos dyd\u017eio nustatymas, rinkos analiz\u0117 palyginant importo ir vietin\u0117s rinkos gamybos apimtis bei rinkos dalis;<\/li>\n<li>konkre\u010di\u0173 pramon\u0117s \u0161ak\u0173 pl\u0117tros galimybi\u0173 ir konkurencingumo analiz\u0117;<\/li>\n<li>rinkos segmentavimas ir pozicionavimas;<\/li>\n<li>rinkos tyrimai, identifikuojant efektyviausius pardavimo kanalus ir prioritetinius klientus;<\/li>\n<li>ekspert\u0173 apklausos, statistini\u0173 duomen\u0173 analiz\u0117 ir informacijos i\u0161 \u012fvairi\u0173 \u0161altini\u0173 gavimas;<\/li>\n<li>skirting\u0173 rink\u0173 analiz\u0117 bei palyginimas ie\u0161kant tinkamiausios rinkos kliento poreikiams;<\/li>\n<li>rinkos ataskait\u0173 rengimas vizualiu pristatymo formatu.<\/li>\n<\/ul>\n<p>&nbsp;<\/p>\n<p>Siekdami suprasti, kaip klientai vertina j\u016bs\u0173 paslaugas ir kokie b\u016bt\u0173 potenciali\u0173 klient\u0173 poreikiai, si\u016blome kokybines ir kiekybines klient\u0173 apklausas ir konkurent\u0173 palyginim\u0105. Tai yra papildom\u0173 rinkos tyrim\u0173 atveju.<\/p>\n<p><strong>Kokybini\u0173 ir kiekybini\u0173 klient\u0173 apklaus\u0173 ir konkurent\u0173 palyginimo paslauga apima:<\/strong><\/p>\n<ul>\n<li>Potenciali\u0173 klient\u0173 apklausa, siekant nustatyti j\u0173 poreikius bei j\u016bs\u0173 produkto ar paslaugos tinkamum\u0105, naudojant skirtingus apklausos metodus (tikslin\u0117 grup\u0117, asmeniniai pokalbiai, CATI arba CAPI);<\/li>\n<li>Apklausos su j\u016bs\u0173 esamais klientais, siekiant nustatyti stipri\u0105sias ir silpn\u0105sias puses;<\/li>\n<li>J\u016bs\u0173 ir konkurent\u0173 si\u016blan\u010di\u0173 analogi\u0161kas paslaugas pasi\u016blym\u0173 palyginimas;<\/li>\n<li>Profesionalios ataskaitos parengimas.<\/li>\n<\/ul>\n<p><strong>\u00a0<\/strong><\/p>\n<p>Rinkos tyrimai ir rinkos analiz\u0117 yra nenutr\u016bkstamas procesas, tod\u0117l mes si\u016blome reguliari\u0105 rink\u0173 ir pardavimo galimybi\u0173 steb\u0117sen\u0105. Esant poreikiui, galime teikti ataskaitas kasdien, kas m\u0117nes\u012f, kas ketvirt\u012f arba kasmet. Nauda jums &#8211; naujausia rinkos informacija apie klientus, konkurentus ir rinkos tendencijas. Tai pad\u0117s jums priimti strategi\u0161kai geriausius sprendimus tiek trumpuoju, tiek ilguoju laikotarpiu.<\/p>\n","protected":false},"excerpt":{"rendered":"<p>Rinkos tyrimai<br \/>\nKiekybin\u0117s ir kokybin\u0117s klient\u0173 apklausos. Konkurent\u0173 analiz\u0117.<br \/>\nNuolatinis rinkos ir pardavim\u0173 potencialio steb\u0117jimas<\/p>\n","protected":false},"author":3,"featured_media":401,"parent":42,"menu_order":2,"comment_status":"closed","ping_status":"closed","template":"template-service.php","meta":{"inline_featured_image":false,"footnotes":""},"class_list":["post-36","page","type-page","status-publish","has-post-thumbnail","hentry"],"acf":[],"yoast_head":"<!-- This site is optimized with the Yoast SEO plugin v20.2.1 - https:\/\/yoast.com\/wordpress\/plugins\/seo\/ -->\n<title>Rinkos Tyrimai ir Rinkos Analiz\u0117 | Gateway &amp; Partners<\/title>\n<meta name=\"description\" content=\"Si\u016blome rinkos \u017evalgybos paslaugas, \u012fskaitant rinkos tyrimus ir rinkos analiz\u0119, kokybines ir kiekybines klient\u0173 apklausas, konkurent\u0173 lyginam\u0105j\u0105 analiz\u0119 ir dar daugiau!\" \/>\n<meta name=\"robots\" content=\"index, follow, max-snippet:-1, max-image-preview:large, max-video-preview:-1\" \/>\n<link rel=\"canonical\" href=\"https:\/\/gatewaypartners.eu\/lt\/paslaugos\/rinkos-analitika\/\" \/>\n<meta property=\"og:locale\" content=\"lt_LT\" \/>\n<meta property=\"og:type\" content=\"article\" \/>\n<meta property=\"og:title\" content=\"Rinkos Tyrimai ir Rinkos Analiz\u0117 | Gateway &amp; Partners\" \/>\n<meta property=\"og:description\" content=\"Si\u016blome rinkos \u017evalgybos paslaugas, \u012fskaitant rinkos tyrimus ir rinkos analiz\u0119, kokybines ir kiekybines klient\u0173 apklausas, konkurent\u0173 lyginam\u0105j\u0105 analiz\u0119 ir dar daugiau!\" \/>\n<meta property=\"og:url\" content=\"https:\/\/gatewaypartners.eu\/lt\/paslaugos\/rinkos-analitika\/\" \/>\n<meta property=\"og:site_name\" content=\"Gateway &amp; Partners\" \/>\n<meta property=\"article:modified_time\" content=\"2022-03-04T16:00:08+00:00\" \/>\n<meta property=\"og:image\" content=\"https:\/\/gatewaypartners.eu\/lt\/wp-content\/uploads\/sites\/4\/2017\/07\/Market_intelligence-airport-1640407.jpg\" \/>\n\t<meta property=\"og:image:width\" content=\"2048\" \/>\n\t<meta property=\"og:image:height\" content=\"1536\" \/>\n\t<meta property=\"og:image:type\" content=\"image\/jpeg\" \/>\n<meta name=\"twitter:card\" content=\"summary_large_image\" \/>\n<script type=\"application\/ld+json\" class=\"yoast-schema-graph\">{\"@context\":\"https:\/\/schema.org\",\"@graph\":[{\"@type\":\"WebPage\",\"@id\":\"https:\/\/gatewaypartners.eu\/lt\/paslaugos\/rinkos-analitika\/\",\"url\":\"https:\/\/gatewaypartners.eu\/lt\/paslaugos\/rinkos-analitika\/\",\"name\":\"Rinkos Tyrimai ir Rinkos Analiz\u0117 | Gateway & Partners\",\"isPartOf\":{\"@id\":\"https:\/\/gatewaypartners.eu\/lt\/#website\"},\"datePublished\":\"2017-07-06T12:54:46+00:00\",\"dateModified\":\"2022-03-04T16:00:08+00:00\",\"description\":\"Si\u016blome rinkos \u017evalgybos paslaugas, \u012fskaitant rinkos tyrimus ir rinkos analiz\u0119, kokybines ir kiekybines klient\u0173 apklausas, konkurent\u0173 lyginam\u0105j\u0105 analiz\u0119 ir dar daugiau!\",\"breadcrumb\":{\"@id\":\"https:\/\/gatewaypartners.eu\/lt\/paslaugos\/rinkos-analitika\/#breadcrumb\"},\"inLanguage\":\"lt-LT\",\"potentialAction\":[{\"@type\":\"ReadAction\",\"target\":[\"https:\/\/gatewaypartners.eu\/lt\/paslaugos\/rinkos-analitika\/\"]}]},{\"@type\":\"BreadcrumbList\",\"@id\":\"https:\/\/gatewaypartners.eu\/lt\/paslaugos\/rinkos-analitika\/#breadcrumb\",\"itemListElement\":[{\"@type\":\"ListItem\",\"position\":1,\"name\":\"Paslaugos\",\"item\":\"https:\/\/gatewaypartners.eu\/lt\/paslaugos\/\"},{\"@type\":\"ListItem\",\"position\":2,\"name\":\"Rinkos Analitika\"}]},{\"@type\":\"WebSite\",\"@id\":\"https:\/\/gatewaypartners.eu\/lt\/#website\",\"url\":\"https:\/\/gatewaypartners.eu\/lt\/\",\"name\":\"Gateway &amp; Partners\",\"description\":\"J\u016bs\u0173 patikimiausias Eksporto Pl\u0117tros Partneris.\",\"potentialAction\":[{\"@type\":\"SearchAction\",\"target\":{\"@type\":\"EntryPoint\",\"urlTemplate\":\"https:\/\/gatewaypartners.eu\/lt\/?s={search_term_string}\"},\"query-input\":\"required name=search_term_string\"}],\"inLanguage\":\"lt-LT\"}]}<\/script>\n<!-- \/ Yoast SEO plugin. -->","yoast_head_json":{"title":"Rinkos Tyrimai ir Rinkos Analiz\u0117 | Gateway & Partners","description":"Si\u016blome rinkos \u017evalgybos paslaugas, \u012fskaitant rinkos tyrimus ir rinkos analiz\u0119, kokybines ir kiekybines klient\u0173 apklausas, konkurent\u0173 lyginam\u0105j\u0105 analiz\u0119 ir dar daugiau!","robots":{"index":"index","follow":"follow","max-snippet":"max-snippet:-1","max-image-preview":"max-image-preview:large","max-video-preview":"max-video-preview:-1"},"canonical":"https:\/\/gatewaypartners.eu\/lt\/paslaugos\/rinkos-analitika\/","og_locale":"lt_LT","og_type":"article","og_title":"Rinkos Tyrimai ir Rinkos Analiz\u0117 | Gateway & Partners","og_description":"Si\u016blome rinkos \u017evalgybos paslaugas, \u012fskaitant rinkos tyrimus ir rinkos analiz\u0119, kokybines ir kiekybines klient\u0173 apklausas, konkurent\u0173 lyginam\u0105j\u0105 analiz\u0119 ir dar daugiau!","og_url":"https:\/\/gatewaypartners.eu\/lt\/paslaugos\/rinkos-analitika\/","og_site_name":"Gateway &amp; Partners","article_modified_time":"2022-03-04T16:00:08+00:00","og_image":[{"width":2048,"height":1536,"url":"https:\/\/gatewaypartners.eu\/lt\/wp-content\/uploads\/sites\/4\/2017\/07\/Market_intelligence-airport-1640407.jpg","type":"image\/jpeg"}],"twitter_card":"summary_large_image","schema":{"@context":"https:\/\/schema.org","@graph":[{"@type":"WebPage","@id":"https:\/\/gatewaypartners.eu\/lt\/paslaugos\/rinkos-analitika\/","url":"https:\/\/gatewaypartners.eu\/lt\/paslaugos\/rinkos-analitika\/","name":"Rinkos Tyrimai ir Rinkos Analiz\u0117 | Gateway & Partners","isPartOf":{"@id":"https:\/\/gatewaypartners.eu\/lt\/#website"},"datePublished":"2017-07-06T12:54:46+00:00","dateModified":"2022-03-04T16:00:08+00:00","description":"Si\u016blome rinkos \u017evalgybos paslaugas, \u012fskaitant rinkos tyrimus ir rinkos analiz\u0119, kokybines ir kiekybines klient\u0173 apklausas, konkurent\u0173 lyginam\u0105j\u0105 analiz\u0119 ir dar daugiau!","breadcrumb":{"@id":"https:\/\/gatewaypartners.eu\/lt\/paslaugos\/rinkos-analitika\/#breadcrumb"},"inLanguage":"lt-LT","potentialAction":[{"@type":"ReadAction","target":["https:\/\/gatewaypartners.eu\/lt\/paslaugos\/rinkos-analitika\/"]}]},{"@type":"BreadcrumbList","@id":"https:\/\/gatewaypartners.eu\/lt\/paslaugos\/rinkos-analitika\/#breadcrumb","itemListElement":[{"@type":"ListItem","position":1,"name":"Paslaugos","item":"https:\/\/gatewaypartners.eu\/lt\/paslaugos\/"},{"@type":"ListItem","position":2,"name":"Rinkos Analitika"}]},{"@type":"WebSite","@id":"https:\/\/gatewaypartners.eu\/lt\/#website","url":"https:\/\/gatewaypartners.eu\/lt\/","name":"Gateway &amp; Partners","description":"J\u016bs\u0173 patikimiausias Eksporto Pl\u0117tros Partneris.","potentialAction":[{"@type":"SearchAction","target":{"@type":"EntryPoint","urlTemplate":"https:\/\/gatewaypartners.eu\/lt\/?s={search_term_string}"},"query-input":"required name=search_term_string"}],"inLanguage":"lt-LT"}]}},"_links":{"self":[{"href":"https:\/\/gatewaypartners.eu\/lt\/wp-json\/wp\/v2\/pages\/36","targetHints":{"allow":["GET"]}}],"collection":[{"href":"https:\/\/gatewaypartners.eu\/lt\/wp-json\/wp\/v2\/pages"}],"about":[{"href":"https:\/\/gatewaypartners.eu\/lt\/wp-json\/wp\/v2\/types\/page"}],"author":[{"embeddable":true,"href":"https:\/\/gatewaypartners.eu\/lt\/wp-json\/wp\/v2\/users\/3"}],"replies":[{"embeddable":true,"href":"https:\/\/gatewaypartners.eu\/lt\/wp-json\/wp\/v2\/comments?post=36"}],"version-history":[{"count":3,"href":"https:\/\/gatewaypartners.eu\/lt\/wp-json\/wp\/v2\/pages\/36\/revisions"}],"predecessor-version":[{"id":1140,"href":"https:\/\/gatewaypartners.eu\/lt\/wp-json\/wp\/v2\/pages\/36\/revisions\/1140"}],"up":[{"embeddable":true,"href":"https:\/\/gatewaypartners.eu\/lt\/wp-json\/wp\/v2\/pages\/42"}],"wp:featuredmedia":[{"embeddable":true,"href":"https:\/\/gatewaypartners.eu\/lt\/wp-json\/wp\/v2\/media\/401"}],"wp:attachment":[{"href":"https:\/\/gatewaypartners.eu\/lt\/wp-json\/wp\/v2\/media?parent=36"}],"curies":[{"name":"wp","href":"https:\/\/api.w.org\/{rel}","templated":true}]}}